{"id":10087,"date":"2024-08-18T13:49:04","date_gmt":"2025-02-18T14:45:59","guid":{"rendered":"https:\/\/dalia.dk\/product\/blaues-leinenkleid-lang-05-05-1\/"},"modified":"2025-02-18T14:45:59","modified_gmt":"2025-02-18T14:45:59","slug":"blaues-leinenkleid-lang-05-05-1","status":"publish","type":"product","link":"https:\/\/dalia.dk\/de\/product\/blaues-leinenkleid-lang-05-05-1\/","title":{"rendered":"Blaues Leinenkleid lang (05-05\/1)"},"content":{"rendered":"<p>&nbsp;<\/p>\n<p><strong>Farbcode<\/strong>:<\/p>\n<p>4A<\/p>\n<p>Erh\u00e4ltlich in verschiedenen Farben.<\/p>\n<p>&nbsp;<\/p>\n<p><strong>Qualit\u00e4t<\/strong>:<\/p>\n<p>100 % Leinen<\/p>\n<p>&nbsp;<\/p>\n<p><strong>Gr\u00f6\u00dfen<\/strong>:<\/p>\n<p>34-48<\/p>\n","protected":false},"excerpt":{"rendered":"<p>&nbsp;<\/p>\n<p>Langes Sommerkleid aus Leinen.<\/p>\n<p>Das Kleid ist aus 100% Leinen gefertigt, hat eine bequeme Passform und ist lang und luftig. <\/p>\n","protected":false},"featured_media":10089,"template":"","meta":{"_acf_changed":false},"product_cat":[949],"product_tag":[],"class_list":{"0":"post-10087","1":"product","2":"type-product","3":"status-publish","4":"has-post-thumbnail","6":"product_cat-kollektion-kleider","8":"first","9":"instock","10":"shipping-taxable","11":"product-type-simple"},"acf":[],"yoast_head":"<!-- This site is optimized with the Yoast SEO plugin v25.2 - https:\/\/yoast.com\/wordpress\/plugins\/seo\/ -->\n<title>Langes Leinenkleid in verschiedenen Farben | Leinen | Damenmode | Dalia<\/title>\n<meta name=\"description\" content=\"Lassen Sie sich von unserem Katalog mit Leinenkleidern inspirieren, die sowohl f\u00fcr Partys als auch f\u00fcr den Strandurlaub geeignet sind. Leinenkleid, hergestellt in Litauen, EU. Sehen Sie hier mehr.\" \/>\n<meta name=\"robots\" content=\"index, follow, max-snippet:-1, max-image-preview:large, max-video-preview:-1\" \/>\n<link rel=\"canonical\" href=\"https:\/\/dalia.dk\/de\/product\/blaues-leinenkleid-lang-05-05-1\/\" \/>\n<meta property=\"og:locale\" content=\"de_DE\" \/>\n<meta property=\"og:type\" content=\"article\" \/>\n<meta property=\"og:title\" content=\"Langes Leinenkleid in verschiedenen Farben | Leinen | Damenmode | Dalia\" \/>\n<meta property=\"og:description\" content=\"Lassen Sie sich von unserem Katalog mit Leinenkleidern inspirieren, die sowohl f\u00fcr Partys als auch f\u00fcr den Strandurlaub geeignet sind. Leinenkleid, hergestellt in Litauen, EU. Sehen Sie hier mehr.\" \/>\n<meta property=\"og:url\" content=\"https:\/\/dalia.dk\/de\/product\/blaues-leinenkleid-lang-05-05-1\/\" \/>\n<meta property=\"og:site_name\" content=\"Dalia\" \/>\n<meta property=\"article:publisher\" content=\"https:\/\/www.facebook.com\/www.dalia.nu\" \/>\n<meta property=\"og:image\" content=\"https:\/\/dalia.dk\/wp-content\/uploads\/2024\/08\/IMG_0095.jpg\" \/>\n\t<meta property=\"og:image:width\" content=\"1280\" \/>\n\t<meta property=\"og:image:height\" content=\"1920\" \/>\n\t<meta property=\"og:image:type\" content=\"image\/jpeg\" \/>\n<meta name=\"twitter:card\" content=\"summary_large_image\" \/>\n<script type=\"application\/ld+json\" class=\"yoast-schema-graph\">{\"@context\":\"https:\/\/schema.org\",\"@graph\":[{\"@type\":\"WebPage\",\"@id\":\"https:\/\/dalia.dk\/de\/product\/blaues-leinenkleid-lang-05-05-1\/\",\"url\":\"https:\/\/dalia.dk\/de\/product\/blaues-leinenkleid-lang-05-05-1\/\",\"name\":\"Langes Leinenkleid in verschiedenen Farben | Leinen | Damenmode | Dalia\",\"isPartOf\":{\"@id\":\"https:\/\/dalia.dk\/de\/#website\"},\"primaryImageOfPage\":{\"@id\":\"https:\/\/dalia.dk\/de\/product\/blaues-leinenkleid-lang-05-05-1\/#primaryimage\"},\"image\":{\"@id\":\"https:\/\/dalia.dk\/de\/product\/blaues-leinenkleid-lang-05-05-1\/#primaryimage\"},\"thumbnailUrl\":\"https:\/\/dalia.dk\/wp-content\/uploads\/2024\/08\/IMG_0095.jpg\",\"datePublished\":\"2025-02-18T14:45:59+00:00\",\"description\":\"Lassen Sie sich von unserem Katalog mit Leinenkleidern inspirieren, die sowohl f\u00fcr Partys als auch f\u00fcr den Strandurlaub geeignet sind. Leinenkleid, hergestellt in Litauen, EU. Sehen Sie hier mehr.\",\"breadcrumb\":{\"@id\":\"https:\/\/dalia.dk\/de\/product\/blaues-leinenkleid-lang-05-05-1\/#breadcrumb\"},\"inLanguage\":\"de-DE\",\"potentialAction\":[{\"@type\":\"ReadAction\",\"target\":[\"https:\/\/dalia.dk\/de\/product\/blaues-leinenkleid-lang-05-05-1\/\"]}]},{\"@type\":\"ImageObject\",\"inLanguage\":\"de-DE\",\"@id\":\"https:\/\/dalia.dk\/de\/product\/blaues-leinenkleid-lang-05-05-1\/#primaryimage\",\"url\":\"https:\/\/dalia.dk\/wp-content\/uploads\/2024\/08\/IMG_0095.jpg\",\"contentUrl\":\"https:\/\/dalia.dk\/wp-content\/uploads\/2024\/08\/IMG_0095.jpg\",\"width\":1280,\"height\":1920},{\"@type\":\"BreadcrumbList\",\"@id\":\"https:\/\/dalia.dk\/de\/product\/blaues-leinenkleid-lang-05-05-1\/#breadcrumb\",\"itemListElement\":[{\"@type\":\"ListItem\",\"position\":1,\"name\":\"Home\",\"item\":\"https:\/\/dalia.dk\/de\/\"},{\"@type\":\"ListItem\",\"position\":2,\"name\":\"Webshop\",\"item\":\"https:\/\/dalia.dk\/de\/webshop\/\"},{\"@type\":\"ListItem\",\"position\":3,\"name\":\"Blaues Leinenkleid lang (05-05\/1)\"}]},{\"@type\":\"WebSite\",\"@id\":\"https:\/\/dalia.dk\/de\/#website\",\"url\":\"https:\/\/dalia.dk\/de\/\",\"name\":\"Dalia\",\"description\":\"Tidsl\u00f8s og klassisk h\u00f8rt\u00f8j\",\"publisher\":{\"@id\":\"https:\/\/dalia.dk\/de\/#organization\"},\"potentialAction\":[{\"@type\":\"SearchAction\",\"target\":{\"@type\":\"EntryPoint\",\"urlTemplate\":\"https:\/\/dalia.dk\/de\/?s={search_term_string}\"},\"query-input\":{\"@type\":\"PropertyValueSpecification\",\"valueRequired\":true,\"valueName\":\"search_term_string\"}}],\"inLanguage\":\"de-DE\"},{\"@type\":\"Organization\",\"@id\":\"https:\/\/dalia.dk\/de\/#organization\",\"name\":\"Dalia\",\"url\":\"https:\/\/dalia.dk\/de\/\",\"logo\":{\"@type\":\"ImageObject\",\"inLanguage\":\"de-DE\",\"@id\":\"https:\/\/dalia.dk\/de\/#\/schema\/logo\/image\/\",\"url\":\"https:\/\/dalia.dk\/wp-content\/uploads\/2020\/02\/dalia_logo_from_maria.png\",\"contentUrl\":\"https:\/\/dalia.dk\/wp-content\/uploads\/2020\/02\/dalia_logo_from_maria.png\",\"width\":1034,\"height\":320,\"caption\":\"Dalia\"},\"image\":{\"@id\":\"https:\/\/dalia.dk\/de\/#\/schema\/logo\/image\/\"},\"sameAs\":[\"https:\/\/www.facebook.com\/www.dalia.nu\"]}]}<\/script>\n<!-- \/ Yoast SEO plugin. -->","yoast_head_json":{"title":"Langes Leinenkleid in verschiedenen Farben | Leinen | Damenmode | Dalia","description":"Lassen Sie sich von unserem Katalog mit Leinenkleidern inspirieren, die sowohl f\u00fcr Partys als auch f\u00fcr den Strandurlaub geeignet sind. Leinenkleid, hergestellt in Litauen, EU. Sehen Sie hier mehr.","robots":{"index":"index","follow":"follow","max-snippet":"max-snippet:-1","max-image-preview":"max-image-preview:large","max-video-preview":"max-video-preview:-1"},"canonical":"https:\/\/dalia.dk\/de\/product\/blaues-leinenkleid-lang-05-05-1\/","og_locale":"de_DE","og_type":"article","og_title":"Langes Leinenkleid in verschiedenen Farben | Leinen | Damenmode | Dalia","og_description":"Lassen Sie sich von unserem Katalog mit Leinenkleidern inspirieren, die sowohl f\u00fcr Partys als auch f\u00fcr den Strandurlaub geeignet sind. Leinenkleid, hergestellt in Litauen, EU. Sehen Sie hier mehr.","og_url":"https:\/\/dalia.dk\/de\/product\/blaues-leinenkleid-lang-05-05-1\/","og_site_name":"Dalia","article_publisher":"https:\/\/www.facebook.com\/www.dalia.nu","og_image":[{"width":1280,"height":1920,"url":"https:\/\/dalia.dk\/wp-content\/uploads\/2024\/08\/IMG_0095.jpg","type":"image\/jpeg"}],"twitter_card":"summary_large_image","schema":{"@context":"https:\/\/schema.org","@graph":[{"@type":"WebPage","@id":"https:\/\/dalia.dk\/de\/product\/blaues-leinenkleid-lang-05-05-1\/","url":"https:\/\/dalia.dk\/de\/product\/blaues-leinenkleid-lang-05-05-1\/","name":"Langes Leinenkleid in verschiedenen Farben | Leinen | Damenmode | Dalia","isPartOf":{"@id":"https:\/\/dalia.dk\/de\/#website"},"primaryImageOfPage":{"@id":"https:\/\/dalia.dk\/de\/product\/blaues-leinenkleid-lang-05-05-1\/#primaryimage"},"image":{"@id":"https:\/\/dalia.dk\/de\/product\/blaues-leinenkleid-lang-05-05-1\/#primaryimage"},"thumbnailUrl":"https:\/\/dalia.dk\/wp-content\/uploads\/2024\/08\/IMG_0095.jpg","datePublished":"2025-02-18T14:45:59+00:00","description":"Lassen Sie sich von unserem Katalog mit Leinenkleidern inspirieren, die sowohl f\u00fcr Partys als auch f\u00fcr den Strandurlaub geeignet sind. Leinenkleid, hergestellt in Litauen, EU. Sehen Sie hier mehr.","breadcrumb":{"@id":"https:\/\/dalia.dk\/de\/product\/blaues-leinenkleid-lang-05-05-1\/#breadcrumb"},"inLanguage":"de-DE","potentialAction":[{"@type":"ReadAction","target":["https:\/\/dalia.dk\/de\/product\/blaues-leinenkleid-lang-05-05-1\/"]}]},{"@type":"ImageObject","inLanguage":"de-DE","@id":"https:\/\/dalia.dk\/de\/product\/blaues-leinenkleid-lang-05-05-1\/#primaryimage","url":"https:\/\/dalia.dk\/wp-content\/uploads\/2024\/08\/IMG_0095.jpg","contentUrl":"https:\/\/dalia.dk\/wp-content\/uploads\/2024\/08\/IMG_0095.jpg","width":1280,"height":1920},{"@type":"BreadcrumbList","@id":"https:\/\/dalia.dk\/de\/product\/blaues-leinenkleid-lang-05-05-1\/#breadcrumb","itemListElement":[{"@type":"ListItem","position":1,"name":"Home","item":"https:\/\/dalia.dk\/de\/"},{"@type":"ListItem","position":2,"name":"Webshop","item":"https:\/\/dalia.dk\/de\/webshop\/"},{"@type":"ListItem","position":3,"name":"Blaues Leinenkleid lang (05-05\/1)"}]},{"@type":"WebSite","@id":"https:\/\/dalia.dk\/de\/#website","url":"https:\/\/dalia.dk\/de\/","name":"Dalia","description":"Tidsl\u00f8s og klassisk h\u00f8rt\u00f8j","publisher":{"@id":"https:\/\/dalia.dk\/de\/#organization"},"potentialAction":[{"@type":"SearchAction","target":{"@type":"EntryPoint","urlTemplate":"https:\/\/dalia.dk\/de\/?s={search_term_string}"},"query-input":{"@type":"PropertyValueSpecification","valueRequired":true,"valueName":"search_term_string"}}],"inLanguage":"de-DE"},{"@type":"Organization","@id":"https:\/\/dalia.dk\/de\/#organization","name":"Dalia","url":"https:\/\/dalia.dk\/de\/","logo":{"@type":"ImageObject","inLanguage":"de-DE","@id":"https:\/\/dalia.dk\/de\/#\/schema\/logo\/image\/","url":"https:\/\/dalia.dk\/wp-content\/uploads\/2020\/02\/dalia_logo_from_maria.png","contentUrl":"https:\/\/dalia.dk\/wp-content\/uploads\/2020\/02\/dalia_logo_from_maria.png","width":1034,"height":320,"caption":"Dalia"},"image":{"@id":"https:\/\/dalia.dk\/de\/#\/schema\/logo\/image\/"},"sameAs":["https:\/\/www.facebook.com\/www.dalia.nu"]}]}},"_links":{"self":[{"href":"https:\/\/dalia.dk\/de\/wp-json\/wp\/v2\/product\/10087","targetHints":{"allow":["GET"]}}],"collection":[{"href":"https:\/\/dalia.dk\/de\/wp-json\/wp\/v2\/product"}],"about":[{"href":"https:\/\/dalia.dk\/de\/wp-json\/wp\/v2\/types\/product"}],"wp:featuredmedia":[{"embeddable":true,"href":"https:\/\/dalia.dk\/de\/wp-json\/wp\/v2\/media\/10089"}],"wp:attachment":[{"href":"https:\/\/dalia.dk\/de\/wp-json\/wp\/v2\/media?parent=10087"}],"wp:term":[{"taxonomy":"product_cat","embeddable":true,"href":"https:\/\/dalia.dk\/de\/wp-json\/wp\/v2\/product_cat?post=10087"},{"taxonomy":"product_tag","embeddable":true,"href":"https:\/\/dalia.dk\/de\/wp-json\/wp\/v2\/product_tag?post=10087"}],"curies":[{"name":"wp","href":"https:\/\/api.w.org\/{rel}","templated":true}]}}