{"id":10104,"date":"2024-08-04T10:06:41","date_gmt":"2025-02-18T14:46:01","guid":{"rendered":"https:\/\/dalia.dk\/product\/leinenjacke-in-sand-02-03\/"},"modified":"2025-02-18T14:46:01","modified_gmt":"2025-02-18T14:46:01","slug":"leinenjacke-in-sand-02-03","status":"publish","type":"product","link":"https:\/\/dalia.dk\/de\/product\/leinenjacke-in-sand-02-03\/","title":{"rendered":"Leinenjacke in Sand (02-03)"},"content":{"rendered":"<p>&nbsp;<\/p>\n<p>&nbsp;<\/p>\n<p><strong>Farbcode:<\/strong><\/p>\n<p>103<\/p>\n<p>Erh\u00e4ltlich in verschiedenen Farben.<\/p>\n<p>&nbsp;<\/p>\n<p><strong>Qualit\u00e4t:<\/strong><\/p>\n<p>100% Leinen<\/p>\n<p><strong><br \/>\nGr\u00f6\u00dfen:<\/strong><\/p>\n<p>34 &#8211; 48<\/p>\n","protected":false},"excerpt":{"rendered":"<p>&nbsp;<\/p>\n<p>&nbsp;<\/p>\n<p>Eine Leinenjacke, die jeden Look aufpeppen kann. Die Jacke hat feine N\u00e4hte auf der Vorderseite, die f\u00fcr einen einzigartigen Look sorgen.<br \/>\nDie Leinenjacke ist aus 100% Leinen gefertigt, einem sch\u00f6nen und atmungsaktiven Material. <\/p>\n","protected":false},"featured_media":10108,"template":"","meta":{"_acf_changed":false},"product_cat":[946],"product_tag":[1146],"class_list":{"0":"post-10104","1":"product","2":"type-product","3":"status-publish","4":"has-post-thumbnail","6":"product_cat-kollektion-jacken","7":"product_tag-titelseite","9":"first","10":"instock","11":"shipping-taxable","12":"product-type-simple"},"acf":[],"yoast_head":"<!-- This site is optimized with the Yoast SEO plugin v25.2 - https:\/\/yoast.com\/wordpress\/plugins\/seo\/ -->\n<title>Klassische Leinenjacke in Sand | Leinen | Jacke | Slow Fashion | Dalia<\/title>\n<meta name=\"description\" content=\"Eine klassische Leinenjacke. 100% Leinen. Produziert in Litauen, EU. Die Leinenjacke ist in verschiedenen Farben erh\u00e4ltlich. Klicken Sie hier f\u00fcr mehr Inspiration.\" \/>\n<meta name=\"robots\" content=\"index, follow, max-snippet:-1, max-image-preview:large, max-video-preview:-1\" \/>\n<link rel=\"canonical\" href=\"https:\/\/dalia.dk\/de\/product\/leinenjacke-in-sand-02-03\/\" \/>\n<meta property=\"og:locale\" content=\"de_DE\" \/>\n<meta property=\"og:type\" content=\"article\" \/>\n<meta property=\"og:title\" content=\"Klassische Leinenjacke in Sand | Leinen | Jacke | Slow Fashion | Dalia\" \/>\n<meta property=\"og:description\" content=\"Eine klassische Leinenjacke. 100% Leinen. Produziert in Litauen, EU. Die Leinenjacke ist in verschiedenen Farben erh\u00e4ltlich. Klicken Sie hier f\u00fcr mehr Inspiration.\" \/>\n<meta property=\"og:url\" content=\"https:\/\/dalia.dk\/de\/product\/leinenjacke-in-sand-02-03\/\" \/>\n<meta property=\"og:site_name\" content=\"Dalia\" \/>\n<meta property=\"article:publisher\" content=\"https:\/\/www.facebook.com\/www.dalia.nu\" \/>\n<meta property=\"og:image\" content=\"https:\/\/dalia.dk\/wp-content\/uploads\/2024\/08\/IMG_0981.jpg\" \/>\n\t<meta property=\"og:image:width\" content=\"1920\" \/>\n\t<meta property=\"og:image:height\" content=\"1280\" \/>\n\t<meta property=\"og:image:type\" content=\"image\/jpeg\" \/>\n<meta name=\"twitter:card\" content=\"summary_large_image\" \/>\n<script type=\"application\/ld+json\" class=\"yoast-schema-graph\">{\"@context\":\"https:\/\/schema.org\",\"@graph\":[{\"@type\":\"WebPage\",\"@id\":\"https:\/\/dalia.dk\/de\/product\/leinenjacke-in-sand-02-03\/\",\"url\":\"https:\/\/dalia.dk\/de\/product\/leinenjacke-in-sand-02-03\/\",\"name\":\"Klassische Leinenjacke in Sand | Leinen | Jacke | Slow Fashion | Dalia\",\"isPartOf\":{\"@id\":\"https:\/\/dalia.dk\/de\/#website\"},\"primaryImageOfPage\":{\"@id\":\"https:\/\/dalia.dk\/de\/product\/leinenjacke-in-sand-02-03\/#primaryimage\"},\"image\":{\"@id\":\"https:\/\/dalia.dk\/de\/product\/leinenjacke-in-sand-02-03\/#primaryimage\"},\"thumbnailUrl\":\"https:\/\/dalia.dk\/wp-content\/uploads\/2024\/08\/IMG_0981.jpg\",\"datePublished\":\"2025-02-18T14:46:01+00:00\",\"description\":\"Eine klassische Leinenjacke. 100% Leinen. Produziert in Litauen, EU. Die Leinenjacke ist in verschiedenen Farben erh\u00e4ltlich. Klicken Sie hier f\u00fcr mehr Inspiration.\",\"breadcrumb\":{\"@id\":\"https:\/\/dalia.dk\/de\/product\/leinenjacke-in-sand-02-03\/#breadcrumb\"},\"inLanguage\":\"de-DE\",\"potentialAction\":[{\"@type\":\"ReadAction\",\"target\":[\"https:\/\/dalia.dk\/de\/product\/leinenjacke-in-sand-02-03\/\"]}]},{\"@type\":\"ImageObject\",\"inLanguage\":\"de-DE\",\"@id\":\"https:\/\/dalia.dk\/de\/product\/leinenjacke-in-sand-02-03\/#primaryimage\",\"url\":\"https:\/\/dalia.dk\/wp-content\/uploads\/2024\/08\/IMG_0981.jpg\",\"contentUrl\":\"https:\/\/dalia.dk\/wp-content\/uploads\/2024\/08\/IMG_0981.jpg\",\"width\":1920,\"height\":1280},{\"@type\":\"BreadcrumbList\",\"@id\":\"https:\/\/dalia.dk\/de\/product\/leinenjacke-in-sand-02-03\/#breadcrumb\",\"itemListElement\":[{\"@type\":\"ListItem\",\"position\":1,\"name\":\"Home\",\"item\":\"https:\/\/dalia.dk\/de\/\"},{\"@type\":\"ListItem\",\"position\":2,\"name\":\"Webshop\",\"item\":\"https:\/\/dalia.dk\/de\/webshop\/\"},{\"@type\":\"ListItem\",\"position\":3,\"name\":\"Leinenjacke in Sand (02-03)\"}]},{\"@type\":\"WebSite\",\"@id\":\"https:\/\/dalia.dk\/de\/#website\",\"url\":\"https:\/\/dalia.dk\/de\/\",\"name\":\"Dalia\",\"description\":\"Tidsl\u00f8s og klassisk h\u00f8rt\u00f8j\",\"publisher\":{\"@id\":\"https:\/\/dalia.dk\/de\/#organization\"},\"potentialAction\":[{\"@type\":\"SearchAction\",\"target\":{\"@type\":\"EntryPoint\",\"urlTemplate\":\"https:\/\/dalia.dk\/de\/?s={search_term_string}\"},\"query-input\":{\"@type\":\"PropertyValueSpecification\",\"valueRequired\":true,\"valueName\":\"search_term_string\"}}],\"inLanguage\":\"de-DE\"},{\"@type\":\"Organization\",\"@id\":\"https:\/\/dalia.dk\/de\/#organization\",\"name\":\"Dalia\",\"url\":\"https:\/\/dalia.dk\/de\/\",\"logo\":{\"@type\":\"ImageObject\",\"inLanguage\":\"de-DE\",\"@id\":\"https:\/\/dalia.dk\/de\/#\/schema\/logo\/image\/\",\"url\":\"https:\/\/dalia.dk\/wp-content\/uploads\/2020\/02\/dalia_logo_from_maria.png\",\"contentUrl\":\"https:\/\/dalia.dk\/wp-content\/uploads\/2020\/02\/dalia_logo_from_maria.png\",\"width\":1034,\"height\":320,\"caption\":\"Dalia\"},\"image\":{\"@id\":\"https:\/\/dalia.dk\/de\/#\/schema\/logo\/image\/\"},\"sameAs\":[\"https:\/\/www.facebook.com\/www.dalia.nu\"]}]}<\/script>\n<!-- \/ Yoast SEO plugin. -->","yoast_head_json":{"title":"Klassische Leinenjacke in Sand | Leinen | Jacke | Slow Fashion | Dalia","description":"Eine klassische Leinenjacke. 100% Leinen. Produziert in Litauen, EU. Die Leinenjacke ist in verschiedenen Farben erh\u00e4ltlich. Klicken Sie hier f\u00fcr mehr Inspiration.","robots":{"index":"index","follow":"follow","max-snippet":"max-snippet:-1","max-image-preview":"max-image-preview:large","max-video-preview":"max-video-preview:-1"},"canonical":"https:\/\/dalia.dk\/de\/product\/leinenjacke-in-sand-02-03\/","og_locale":"de_DE","og_type":"article","og_title":"Klassische Leinenjacke in Sand | Leinen | Jacke | Slow Fashion | Dalia","og_description":"Eine klassische Leinenjacke. 100% Leinen. Produziert in Litauen, EU. Die Leinenjacke ist in verschiedenen Farben erh\u00e4ltlich. Klicken Sie hier f\u00fcr mehr Inspiration.","og_url":"https:\/\/dalia.dk\/de\/product\/leinenjacke-in-sand-02-03\/","og_site_name":"Dalia","article_publisher":"https:\/\/www.facebook.com\/www.dalia.nu","og_image":[{"width":1920,"height":1280,"url":"https:\/\/dalia.dk\/wp-content\/uploads\/2024\/08\/IMG_0981.jpg","type":"image\/jpeg"}],"twitter_card":"summary_large_image","schema":{"@context":"https:\/\/schema.org","@graph":[{"@type":"WebPage","@id":"https:\/\/dalia.dk\/de\/product\/leinenjacke-in-sand-02-03\/","url":"https:\/\/dalia.dk\/de\/product\/leinenjacke-in-sand-02-03\/","name":"Klassische Leinenjacke in Sand | Leinen | Jacke | Slow Fashion | Dalia","isPartOf":{"@id":"https:\/\/dalia.dk\/de\/#website"},"primaryImageOfPage":{"@id":"https:\/\/dalia.dk\/de\/product\/leinenjacke-in-sand-02-03\/#primaryimage"},"image":{"@id":"https:\/\/dalia.dk\/de\/product\/leinenjacke-in-sand-02-03\/#primaryimage"},"thumbnailUrl":"https:\/\/dalia.dk\/wp-content\/uploads\/2024\/08\/IMG_0981.jpg","datePublished":"2025-02-18T14:46:01+00:00","description":"Eine klassische Leinenjacke. 100% Leinen. Produziert in Litauen, EU. Die Leinenjacke ist in verschiedenen Farben erh\u00e4ltlich. Klicken Sie hier f\u00fcr mehr Inspiration.","breadcrumb":{"@id":"https:\/\/dalia.dk\/de\/product\/leinenjacke-in-sand-02-03\/#breadcrumb"},"inLanguage":"de-DE","potentialAction":[{"@type":"ReadAction","target":["https:\/\/dalia.dk\/de\/product\/leinenjacke-in-sand-02-03\/"]}]},{"@type":"ImageObject","inLanguage":"de-DE","@id":"https:\/\/dalia.dk\/de\/product\/leinenjacke-in-sand-02-03\/#primaryimage","url":"https:\/\/dalia.dk\/wp-content\/uploads\/2024\/08\/IMG_0981.jpg","contentUrl":"https:\/\/dalia.dk\/wp-content\/uploads\/2024\/08\/IMG_0981.jpg","width":1920,"height":1280},{"@type":"BreadcrumbList","@id":"https:\/\/dalia.dk\/de\/product\/leinenjacke-in-sand-02-03\/#breadcrumb","itemListElement":[{"@type":"ListItem","position":1,"name":"Home","item":"https:\/\/dalia.dk\/de\/"},{"@type":"ListItem","position":2,"name":"Webshop","item":"https:\/\/dalia.dk\/de\/webshop\/"},{"@type":"ListItem","position":3,"name":"Leinenjacke in Sand (02-03)"}]},{"@type":"WebSite","@id":"https:\/\/dalia.dk\/de\/#website","url":"https:\/\/dalia.dk\/de\/","name":"Dalia","description":"Tidsl\u00f8s og klassisk h\u00f8rt\u00f8j","publisher":{"@id":"https:\/\/dalia.dk\/de\/#organization"},"potentialAction":[{"@type":"SearchAction","target":{"@type":"EntryPoint","urlTemplate":"https:\/\/dalia.dk\/de\/?s={search_term_string}"},"query-input":{"@type":"PropertyValueSpecification","valueRequired":true,"valueName":"search_term_string"}}],"inLanguage":"de-DE"},{"@type":"Organization","@id":"https:\/\/dalia.dk\/de\/#organization","name":"Dalia","url":"https:\/\/dalia.dk\/de\/","logo":{"@type":"ImageObject","inLanguage":"de-DE","@id":"https:\/\/dalia.dk\/de\/#\/schema\/logo\/image\/","url":"https:\/\/dalia.dk\/wp-content\/uploads\/2020\/02\/dalia_logo_from_maria.png","contentUrl":"https:\/\/dalia.dk\/wp-content\/uploads\/2020\/02\/dalia_logo_from_maria.png","width":1034,"height":320,"caption":"Dalia"},"image":{"@id":"https:\/\/dalia.dk\/de\/#\/schema\/logo\/image\/"},"sameAs":["https:\/\/www.facebook.com\/www.dalia.nu"]}]}},"_links":{"self":[{"href":"https:\/\/dalia.dk\/de\/wp-json\/wp\/v2\/product\/10104","targetHints":{"allow":["GET"]}}],"collection":[{"href":"https:\/\/dalia.dk\/de\/wp-json\/wp\/v2\/product"}],"about":[{"href":"https:\/\/dalia.dk\/de\/wp-json\/wp\/v2\/types\/product"}],"wp:featuredmedia":[{"embeddable":true,"href":"https:\/\/dalia.dk\/de\/wp-json\/wp\/v2\/media\/10108"}],"wp:attachment":[{"href":"https:\/\/dalia.dk\/de\/wp-json\/wp\/v2\/media?parent=10104"}],"wp:term":[{"taxonomy":"product_cat","embeddable":true,"href":"https:\/\/dalia.dk\/de\/wp-json\/wp\/v2\/product_cat?post=10104"},{"taxonomy":"product_tag","embeddable":true,"href":"https:\/\/dalia.dk\/de\/wp-json\/wp\/v2\/product_tag?post=10104"}],"curies":[{"name":"wp","href":"https:\/\/api.w.org\/{rel}","templated":true}]}}