{"id":10219,"date":"2024-05-20T21:01:39","date_gmt":"2025-02-18T14:46:33","guid":{"rendered":"https:\/\/dalia.dk\/product\/alma-kleid-aus-leinen-in-melange-blau\/"},"modified":"2025-02-18T14:46:33","modified_gmt":"2025-02-18T14:46:33","slug":"alma-kleid-aus-leinen-in-melange-blau","status":"publish","type":"product","link":"https:\/\/dalia.dk\/de\/product\/alma-kleid-aus-leinen-in-melange-blau\/","title":{"rendered":"Alma Kleid aus Leinen in melange blau"},"content":{"rendered":"<p>&nbsp;<\/p>\n<p>&nbsp;<\/p>\n<p>Das Model tr\u00e4gt das Alma Leinenkleid in Gr\u00f6\u00dfe 36.<\/p>\n<p>&nbsp;<\/p>\n<p><strong>Qualit\u00e4t:<\/strong><\/p>\n<p>Dieses Leinenkleid ist aus 100% Leinen gefertigt.<br \/>\nLeinen ist ein nat\u00fcrliches Material mit vielen gro\u00dfartigen Eigenschaften. Leinen wird immer weicher, je \u00f6fter Sie es verwenden, und mit der richtigen Pflege sieht es wundersch\u00f6n aus und h\u00e4lt viele Jahre lang. <\/p>\n<p>&nbsp;<\/p>\n<p><strong>H\u00f6ren Sie sich die Vorteile an:<\/strong><\/p>\n<p>&#8211; 30% st\u00e4rker als Baumwolle &#8211; Temperaturregulierend und atmungsaktiv &#8211; Eine starke Faser, die daf\u00fcr sorgt, dass Leinenprodukte ihre Form behalten &#8211; Umweltfreundlich, da f\u00fcr das Wachstum von Leinen nur geringe Mengen an Wasser ben\u00f6tigt werden &#8211; Hat eine glatte und fusselfreie Oberfl\u00e4che, die nie fusselt<\/p>\n","protected":false},"excerpt":{"rendered":"<p>&nbsp;<\/p>\n<p>Ein einfaches und sch\u00f6nes Kleid aus 100% Leinen.<\/p>\n<p>Das Kleid ist schick f\u00fcr jeden Tag mit einem Turnschuh und gleichzeitig perfekt f\u00fcr eine Party mit einem Paar Abs\u00e4tze. <\/p>\n<p>&nbsp;<\/p>\n","protected":false},"featured_media":10220,"template":"","meta":{"_acf_changed":false},"product_cat":[988],"product_tag":[1020],"class_list":{"0":"post-10219","1":"product","2":"type-product","3":"status-publish","4":"has-post-thumbnail","6":"product_cat-dresses-de","7":"product_tag-webshop-frontpage-de","9":"first","10":"instock","11":"shipping-taxable","12":"purchasable","13":"product-type-variable"},"acf":[],"yoast_head":"<!-- This site is optimized with the Yoast SEO plugin v25.2 - https:\/\/yoast.com\/wordpress\/plugins\/seo\/ -->\n<title>Melange blau | Leinenkleider | Leinenbekleidung | Slow Fashion | Dalia<\/title>\n<meta name=\"description\" content=\"Finden Sie hier Ihr n\u00e4chstes Leinenkleid! Sch\u00f6ne und schlichte Designs, die Jahr f\u00fcr Jahr in Mode bleiben. Zeitlose Kollektionen. Klicken Sie hier, um mehr zu sehen.\" \/>\n<meta name=\"robots\" content=\"index, follow, max-snippet:-1, max-image-preview:large, max-video-preview:-1\" \/>\n<link rel=\"canonical\" href=\"https:\/\/dalia.dk\/de\/product\/alma-kleid-aus-leinen-in-melange-blau\/\" \/>\n<meta property=\"og:locale\" content=\"de_DE\" \/>\n<meta property=\"og:type\" content=\"article\" \/>\n<meta property=\"og:title\" content=\"Melange blau | Leinenkleider | Leinenbekleidung | Slow Fashion | Dalia\" \/>\n<meta property=\"og:description\" content=\"Finden Sie hier Ihr n\u00e4chstes Leinenkleid! Sch\u00f6ne und schlichte Designs, die Jahr f\u00fcr Jahr in Mode bleiben. Zeitlose Kollektionen. Klicken Sie hier, um mehr zu sehen.\" \/>\n<meta property=\"og:url\" content=\"https:\/\/dalia.dk\/de\/product\/alma-kleid-aus-leinen-in-melange-blau\/\" \/>\n<meta property=\"og:site_name\" content=\"Dalia\" \/>\n<meta property=\"article:publisher\" content=\"https:\/\/www.facebook.com\/www.dalia.nu\" \/>\n<meta property=\"og:image\" content=\"https:\/\/dalia.dk\/wp-content\/uploads\/2024\/05\/IMG_0857.jpg\" \/>\n\t<meta property=\"og:image:width\" content=\"1280\" \/>\n\t<meta property=\"og:image:height\" content=\"1920\" \/>\n\t<meta property=\"og:image:type\" content=\"image\/jpeg\" \/>\n<meta name=\"twitter:card\" content=\"summary_large_image\" \/>\n<meta name=\"twitter:label1\" content=\"Est. reading time\" \/>\n\t<meta name=\"twitter:data1\" content=\"1 minute\" \/>\n<script type=\"application\/ld+json\" class=\"yoast-schema-graph\">{\"@context\":\"https:\/\/schema.org\",\"@graph\":[{\"@type\":\"WebPage\",\"@id\":\"https:\/\/dalia.dk\/de\/product\/alma-kleid-aus-leinen-in-melange-blau\/\",\"url\":\"https:\/\/dalia.dk\/de\/product\/alma-kleid-aus-leinen-in-melange-blau\/\",\"name\":\"Melange blau | Leinenkleider | Leinenbekleidung | Slow Fashion | Dalia\",\"isPartOf\":{\"@id\":\"https:\/\/dalia.dk\/de\/#website\"},\"primaryImageOfPage\":{\"@id\":\"https:\/\/dalia.dk\/de\/product\/alma-kleid-aus-leinen-in-melange-blau\/#primaryimage\"},\"image\":{\"@id\":\"https:\/\/dalia.dk\/de\/product\/alma-kleid-aus-leinen-in-melange-blau\/#primaryimage\"},\"thumbnailUrl\":\"https:\/\/dalia.dk\/wp-content\/uploads\/2024\/05\/IMG_0857.jpg\",\"datePublished\":\"2025-02-18T14:46:33+00:00\",\"description\":\"Finden Sie hier Ihr n\u00e4chstes Leinenkleid! Sch\u00f6ne und schlichte Designs, die Jahr f\u00fcr Jahr in Mode bleiben. Zeitlose Kollektionen. Klicken Sie hier, um mehr zu sehen.\",\"breadcrumb\":{\"@id\":\"https:\/\/dalia.dk\/de\/product\/alma-kleid-aus-leinen-in-melange-blau\/#breadcrumb\"},\"inLanguage\":\"de-DE\",\"potentialAction\":[{\"@type\":\"ReadAction\",\"target\":[\"https:\/\/dalia.dk\/de\/product\/alma-kleid-aus-leinen-in-melange-blau\/\"]}]},{\"@type\":\"ImageObject\",\"inLanguage\":\"de-DE\",\"@id\":\"https:\/\/dalia.dk\/de\/product\/alma-kleid-aus-leinen-in-melange-blau\/#primaryimage\",\"url\":\"https:\/\/dalia.dk\/wp-content\/uploads\/2024\/05\/IMG_0857.jpg\",\"contentUrl\":\"https:\/\/dalia.dk\/wp-content\/uploads\/2024\/05\/IMG_0857.jpg\",\"width\":1280,\"height\":1920},{\"@type\":\"BreadcrumbList\",\"@id\":\"https:\/\/dalia.dk\/de\/product\/alma-kleid-aus-leinen-in-melange-blau\/#breadcrumb\",\"itemListElement\":[{\"@type\":\"ListItem\",\"position\":1,\"name\":\"Home\",\"item\":\"https:\/\/dalia.dk\/de\/\"},{\"@type\":\"ListItem\",\"position\":2,\"name\":\"Webshop\",\"item\":\"https:\/\/dalia.dk\/de\/webshop\/\"},{\"@type\":\"ListItem\",\"position\":3,\"name\":\"Alma Kleid aus Leinen in melange blau\"}]},{\"@type\":\"WebSite\",\"@id\":\"https:\/\/dalia.dk\/de\/#website\",\"url\":\"https:\/\/dalia.dk\/de\/\",\"name\":\"Dalia\",\"description\":\"Tidsl\u00f8s og klassisk h\u00f8rt\u00f8j\",\"publisher\":{\"@id\":\"https:\/\/dalia.dk\/de\/#organization\"},\"potentialAction\":[{\"@type\":\"SearchAction\",\"target\":{\"@type\":\"EntryPoint\",\"urlTemplate\":\"https:\/\/dalia.dk\/de\/?s={search_term_string}\"},\"query-input\":{\"@type\":\"PropertyValueSpecification\",\"valueRequired\":true,\"valueName\":\"search_term_string\"}}],\"inLanguage\":\"de-DE\"},{\"@type\":\"Organization\",\"@id\":\"https:\/\/dalia.dk\/de\/#organization\",\"name\":\"Dalia\",\"url\":\"https:\/\/dalia.dk\/de\/\",\"logo\":{\"@type\":\"ImageObject\",\"inLanguage\":\"de-DE\",\"@id\":\"https:\/\/dalia.dk\/de\/#\/schema\/logo\/image\/\",\"url\":\"https:\/\/dalia.dk\/wp-content\/uploads\/2020\/02\/dalia_logo_from_maria.png\",\"contentUrl\":\"https:\/\/dalia.dk\/wp-content\/uploads\/2020\/02\/dalia_logo_from_maria.png\",\"width\":1034,\"height\":320,\"caption\":\"Dalia\"},\"image\":{\"@id\":\"https:\/\/dalia.dk\/de\/#\/schema\/logo\/image\/\"},\"sameAs\":[\"https:\/\/www.facebook.com\/www.dalia.nu\"]}]}<\/script>\n<!-- \/ Yoast SEO plugin. -->","yoast_head_json":{"title":"Melange blau | Leinenkleider | Leinenbekleidung | Slow Fashion | Dalia","description":"Finden Sie hier Ihr n\u00e4chstes Leinenkleid! Sch\u00f6ne und schlichte Designs, die Jahr f\u00fcr Jahr in Mode bleiben. Zeitlose Kollektionen. Klicken Sie hier, um mehr zu sehen.","robots":{"index":"index","follow":"follow","max-snippet":"max-snippet:-1","max-image-preview":"max-image-preview:large","max-video-preview":"max-video-preview:-1"},"canonical":"https:\/\/dalia.dk\/de\/product\/alma-kleid-aus-leinen-in-melange-blau\/","og_locale":"de_DE","og_type":"article","og_title":"Melange blau | Leinenkleider | Leinenbekleidung | Slow Fashion | Dalia","og_description":"Finden Sie hier Ihr n\u00e4chstes Leinenkleid! Sch\u00f6ne und schlichte Designs, die Jahr f\u00fcr Jahr in Mode bleiben. Zeitlose Kollektionen. Klicken Sie hier, um mehr zu sehen.","og_url":"https:\/\/dalia.dk\/de\/product\/alma-kleid-aus-leinen-in-melange-blau\/","og_site_name":"Dalia","article_publisher":"https:\/\/www.facebook.com\/www.dalia.nu","og_image":[{"width":1280,"height":1920,"url":"https:\/\/dalia.dk\/wp-content\/uploads\/2024\/05\/IMG_0857.jpg","type":"image\/jpeg"}],"twitter_card":"summary_large_image","twitter_misc":{"Est. reading time":"1 minute"},"schema":{"@context":"https:\/\/schema.org","@graph":[{"@type":"WebPage","@id":"https:\/\/dalia.dk\/de\/product\/alma-kleid-aus-leinen-in-melange-blau\/","url":"https:\/\/dalia.dk\/de\/product\/alma-kleid-aus-leinen-in-melange-blau\/","name":"Melange blau | Leinenkleider | Leinenbekleidung | Slow Fashion | Dalia","isPartOf":{"@id":"https:\/\/dalia.dk\/de\/#website"},"primaryImageOfPage":{"@id":"https:\/\/dalia.dk\/de\/product\/alma-kleid-aus-leinen-in-melange-blau\/#primaryimage"},"image":{"@id":"https:\/\/dalia.dk\/de\/product\/alma-kleid-aus-leinen-in-melange-blau\/#primaryimage"},"thumbnailUrl":"https:\/\/dalia.dk\/wp-content\/uploads\/2024\/05\/IMG_0857.jpg","datePublished":"2025-02-18T14:46:33+00:00","description":"Finden Sie hier Ihr n\u00e4chstes Leinenkleid! Sch\u00f6ne und schlichte Designs, die Jahr f\u00fcr Jahr in Mode bleiben. Zeitlose Kollektionen. Klicken Sie hier, um mehr zu sehen.","breadcrumb":{"@id":"https:\/\/dalia.dk\/de\/product\/alma-kleid-aus-leinen-in-melange-blau\/#breadcrumb"},"inLanguage":"de-DE","potentialAction":[{"@type":"ReadAction","target":["https:\/\/dalia.dk\/de\/product\/alma-kleid-aus-leinen-in-melange-blau\/"]}]},{"@type":"ImageObject","inLanguage":"de-DE","@id":"https:\/\/dalia.dk\/de\/product\/alma-kleid-aus-leinen-in-melange-blau\/#primaryimage","url":"https:\/\/dalia.dk\/wp-content\/uploads\/2024\/05\/IMG_0857.jpg","contentUrl":"https:\/\/dalia.dk\/wp-content\/uploads\/2024\/05\/IMG_0857.jpg","width":1280,"height":1920},{"@type":"BreadcrumbList","@id":"https:\/\/dalia.dk\/de\/product\/alma-kleid-aus-leinen-in-melange-blau\/#breadcrumb","itemListElement":[{"@type":"ListItem","position":1,"name":"Home","item":"https:\/\/dalia.dk\/de\/"},{"@type":"ListItem","position":2,"name":"Webshop","item":"https:\/\/dalia.dk\/de\/webshop\/"},{"@type":"ListItem","position":3,"name":"Alma Kleid aus Leinen in melange blau"}]},{"@type":"WebSite","@id":"https:\/\/dalia.dk\/de\/#website","url":"https:\/\/dalia.dk\/de\/","name":"Dalia","description":"Tidsl\u00f8s og klassisk h\u00f8rt\u00f8j","publisher":{"@id":"https:\/\/dalia.dk\/de\/#organization"},"potentialAction":[{"@type":"SearchAction","target":{"@type":"EntryPoint","urlTemplate":"https:\/\/dalia.dk\/de\/?s={search_term_string}"},"query-input":{"@type":"PropertyValueSpecification","valueRequired":true,"valueName":"search_term_string"}}],"inLanguage":"de-DE"},{"@type":"Organization","@id":"https:\/\/dalia.dk\/de\/#organization","name":"Dalia","url":"https:\/\/dalia.dk\/de\/","logo":{"@type":"ImageObject","inLanguage":"de-DE","@id":"https:\/\/dalia.dk\/de\/#\/schema\/logo\/image\/","url":"https:\/\/dalia.dk\/wp-content\/uploads\/2020\/02\/dalia_logo_from_maria.png","contentUrl":"https:\/\/dalia.dk\/wp-content\/uploads\/2020\/02\/dalia_logo_from_maria.png","width":1034,"height":320,"caption":"Dalia"},"image":{"@id":"https:\/\/dalia.dk\/de\/#\/schema\/logo\/image\/"},"sameAs":["https:\/\/www.facebook.com\/www.dalia.nu"]}]}},"_links":{"self":[{"href":"https:\/\/dalia.dk\/de\/wp-json\/wp\/v2\/product\/10219","targetHints":{"allow":["GET"]}}],"collection":[{"href":"https:\/\/dalia.dk\/de\/wp-json\/wp\/v2\/product"}],"about":[{"href":"https:\/\/dalia.dk\/de\/wp-json\/wp\/v2\/types\/product"}],"wp:featuredmedia":[{"embeddable":true,"href":"https:\/\/dalia.dk\/de\/wp-json\/wp\/v2\/media\/10220"}],"wp:attachment":[{"href":"https:\/\/dalia.dk\/de\/wp-json\/wp\/v2\/media?parent=10219"}],"wp:term":[{"taxonomy":"product_cat","embeddable":true,"href":"https:\/\/dalia.dk\/de\/wp-json\/wp\/v2\/product_cat?post=10219"},{"taxonomy":"product_tag","embeddable":true,"href":"https:\/\/dalia.dk\/de\/wp-json\/wp\/v2\/product_tag?post=10219"}],"curies":[{"name":"wp","href":"https:\/\/api.w.org\/{rel}","templated":true}]}}