{"id":7151,"date":"2021-04-11T12:06:28","date_gmt":"2025-02-18T14:28:35","guid":{"rendered":"https:\/\/dalia.dk\/product\/lange-jacke-in-verschiedenen-farben\/"},"modified":"2025-02-18T14:28:35","modified_gmt":"2025-02-18T14:28:35","slug":"lange-jacke-in-verschiedenen-farben","status":"publish","type":"product","link":"https:\/\/dalia.dk\/de\/product\/lange-jacke-in-verschiedenen-farben\/","title":{"rendered":"Lange Jacke in verschiedenen Farben"},"content":{"rendered":"<p>&nbsp;<\/p>\n<p>&nbsp;<\/p>\n<p>Das Model tr\u00e4gt diese Leinenjacke in Gr\u00f6\u00dfe 40.<\/p>\n<p>&nbsp;<\/p>\n<p>Q<strong>ualit\u00e4t:<\/strong> Diese Leinenjacke ist aus 100% Leinen gefertigt.<br \/>\nLeinen ist ein nat\u00fcrliches Material mit vielen gro\u00dfartigen Eigenschaften. Leinen wird immer weicher, je \u00f6fter Sie es verwenden, und mit der richtigen Pflege sieht es sch\u00f6n aus und h\u00e4lt viele Jahre lang. <\/p>\n<p>&nbsp;<\/p>\n<p><strong>H\u00f6ren Sie sich die Vorteile an:<\/strong><\/p>\n<p>&#8211; 30% st\u00e4rker als Baumwolle &#8211; Temperaturregulierend und atmungsaktiv &#8211; Eine starke Faser, die daf\u00fcr sorgt, dass Leinenprodukte ihre Form behalten &#8211; Hat eine glatte und fusselfreie Oberfl\u00e4che, die nie fusselt<\/p>\n<p>&nbsp;<\/p>\n","protected":false},"excerpt":{"rendered":"<p>&nbsp;<\/p>\n<p>&nbsp;<\/p>\n<p>Mit dieser Jacke sind Sie f\u00fcr die k\u00fchlen Sommertage ger\u00fcstet.<\/p>\n<p>Der nat\u00fcrliche Look l\u00e4sst sich mit der farbenfrohen Garderobe kombinieren und die Qualit\u00e4t ist stark. <\/p>\n<p>&nbsp;<\/p>\n","protected":false},"featured_media":7152,"template":"","meta":{"_acf_changed":false},"product_cat":[985],"product_tag":[],"class_list":{"0":"post-7151","1":"product","2":"type-product","3":"status-publish","4":"has-post-thumbnail","6":"product_cat-jacken","8":"first","9":"instock","10":"shipping-taxable","11":"purchasable","12":"product-type-variable"},"acf":[],"yoast_head":"<!-- This site is optimized with the Yoast SEO plugin v25.2 - https:\/\/yoast.com\/wordpress\/plugins\/seo\/ -->\n<title>Leinenjacke | Weitere Farben | Leinenbekleidung | Slow Fashion | Dalia<\/title>\n<meta name=\"description\" content=\"Eine leichte Jacke mit einfachen Details. Eine Leinenjacke, die sich hervorragend f\u00fcr den Sommer eignet. Kann auch als Strandkleid verwendet werden. Erh\u00e4ltlich in verschiedenen Farben. Sehen Sie hier mehr.\" \/>\n<meta name=\"robots\" content=\"index, follow, max-snippet:-1, max-image-preview:large, max-video-preview:-1\" \/>\n<link rel=\"canonical\" href=\"https:\/\/dalia.dk\/de\/product\/lange-jacke-in-verschiedenen-farben\/\" \/>\n<meta property=\"og:locale\" content=\"de_DE\" \/>\n<meta property=\"og:type\" content=\"article\" \/>\n<meta property=\"og:title\" content=\"Leinenjacke | Weitere Farben | Leinenbekleidung | Slow Fashion | Dalia\" \/>\n<meta property=\"og:description\" content=\"Eine leichte Jacke mit einfachen Details. Eine Leinenjacke, die sich hervorragend f\u00fcr den Sommer eignet. Kann auch als Strandkleid verwendet werden. Erh\u00e4ltlich in verschiedenen Farben. Sehen Sie hier mehr.\" \/>\n<meta property=\"og:url\" content=\"https:\/\/dalia.dk\/de\/product\/lange-jacke-in-verschiedenen-farben\/\" \/>\n<meta property=\"og:site_name\" content=\"Dalia\" \/>\n<meta property=\"article:publisher\" content=\"https:\/\/www.facebook.com\/www.dalia.nu\" \/>\n<meta property=\"og:image\" content=\"https:\/\/dalia.dk\/wp-content\/uploads\/2021\/04\/IMG_0279.jpg\" \/>\n\t<meta property=\"og:image:width\" content=\"1280\" \/>\n\t<meta property=\"og:image:height\" content=\"1920\" \/>\n\t<meta property=\"og:image:type\" content=\"image\/jpeg\" \/>\n<meta name=\"twitter:card\" content=\"summary_large_image\" \/>\n<script type=\"application\/ld+json\" class=\"yoast-schema-graph\">{\"@context\":\"https:\/\/schema.org\",\"@graph\":[{\"@type\":\"WebPage\",\"@id\":\"https:\/\/dalia.dk\/de\/product\/lange-jacke-in-verschiedenen-farben\/\",\"url\":\"https:\/\/dalia.dk\/de\/product\/lange-jacke-in-verschiedenen-farben\/\",\"name\":\"Leinenjacke | Weitere Farben | Leinenbekleidung | Slow Fashion | Dalia\",\"isPartOf\":{\"@id\":\"https:\/\/dalia.dk\/de\/#website\"},\"primaryImageOfPage\":{\"@id\":\"https:\/\/dalia.dk\/de\/product\/lange-jacke-in-verschiedenen-farben\/#primaryimage\"},\"image\":{\"@id\":\"https:\/\/dalia.dk\/de\/product\/lange-jacke-in-verschiedenen-farben\/#primaryimage\"},\"thumbnailUrl\":\"https:\/\/dalia.dk\/wp-content\/uploads\/2021\/04\/IMG_0279.jpg\",\"datePublished\":\"2025-02-18T14:28:35+00:00\",\"description\":\"Eine leichte Jacke mit einfachen Details. Eine Leinenjacke, die sich hervorragend f\u00fcr den Sommer eignet. Kann auch als Strandkleid verwendet werden. Erh\u00e4ltlich in verschiedenen Farben. Sehen Sie hier mehr.\",\"breadcrumb\":{\"@id\":\"https:\/\/dalia.dk\/de\/product\/lange-jacke-in-verschiedenen-farben\/#breadcrumb\"},\"inLanguage\":\"de-DE\",\"potentialAction\":[{\"@type\":\"ReadAction\",\"target\":[\"https:\/\/dalia.dk\/de\/product\/lange-jacke-in-verschiedenen-farben\/\"]}]},{\"@type\":\"ImageObject\",\"inLanguage\":\"de-DE\",\"@id\":\"https:\/\/dalia.dk\/de\/product\/lange-jacke-in-verschiedenen-farben\/#primaryimage\",\"url\":\"https:\/\/dalia.dk\/wp-content\/uploads\/2021\/04\/IMG_0279.jpg\",\"contentUrl\":\"https:\/\/dalia.dk\/wp-content\/uploads\/2021\/04\/IMG_0279.jpg\",\"width\":1280,\"height\":1920},{\"@type\":\"BreadcrumbList\",\"@id\":\"https:\/\/dalia.dk\/de\/product\/lange-jacke-in-verschiedenen-farben\/#breadcrumb\",\"itemListElement\":[{\"@type\":\"ListItem\",\"position\":1,\"name\":\"Home\",\"item\":\"https:\/\/dalia.dk\/de\/\"},{\"@type\":\"ListItem\",\"position\":2,\"name\":\"Webshop\",\"item\":\"https:\/\/dalia.dk\/de\/webshop\/\"},{\"@type\":\"ListItem\",\"position\":3,\"name\":\"Lange Jacke in verschiedenen Farben\"}]},{\"@type\":\"WebSite\",\"@id\":\"https:\/\/dalia.dk\/de\/#website\",\"url\":\"https:\/\/dalia.dk\/de\/\",\"name\":\"Dalia\",\"description\":\"Tidsl\u00f8s og klassisk h\u00f8rt\u00f8j\",\"publisher\":{\"@id\":\"https:\/\/dalia.dk\/de\/#organization\"},\"potentialAction\":[{\"@type\":\"SearchAction\",\"target\":{\"@type\":\"EntryPoint\",\"urlTemplate\":\"https:\/\/dalia.dk\/de\/?s={search_term_string}\"},\"query-input\":{\"@type\":\"PropertyValueSpecification\",\"valueRequired\":true,\"valueName\":\"search_term_string\"}}],\"inLanguage\":\"de-DE\"},{\"@type\":\"Organization\",\"@id\":\"https:\/\/dalia.dk\/de\/#organization\",\"name\":\"Dalia\",\"url\":\"https:\/\/dalia.dk\/de\/\",\"logo\":{\"@type\":\"ImageObject\",\"inLanguage\":\"de-DE\",\"@id\":\"https:\/\/dalia.dk\/de\/#\/schema\/logo\/image\/\",\"url\":\"https:\/\/dalia.dk\/wp-content\/uploads\/2020\/02\/dalia_logo_from_maria.png\",\"contentUrl\":\"https:\/\/dalia.dk\/wp-content\/uploads\/2020\/02\/dalia_logo_from_maria.png\",\"width\":1034,\"height\":320,\"caption\":\"Dalia\"},\"image\":{\"@id\":\"https:\/\/dalia.dk\/de\/#\/schema\/logo\/image\/\"},\"sameAs\":[\"https:\/\/www.facebook.com\/www.dalia.nu\"]}]}<\/script>\n<!-- \/ Yoast SEO plugin. -->","yoast_head_json":{"title":"Leinenjacke | Weitere Farben | Leinenbekleidung | Slow Fashion | Dalia","description":"Eine leichte Jacke mit einfachen Details. Eine Leinenjacke, die sich hervorragend f\u00fcr den Sommer eignet. Kann auch als Strandkleid verwendet werden. Erh\u00e4ltlich in verschiedenen Farben. Sehen Sie hier mehr.","robots":{"index":"index","follow":"follow","max-snippet":"max-snippet:-1","max-image-preview":"max-image-preview:large","max-video-preview":"max-video-preview:-1"},"canonical":"https:\/\/dalia.dk\/de\/product\/lange-jacke-in-verschiedenen-farben\/","og_locale":"de_DE","og_type":"article","og_title":"Leinenjacke | Weitere Farben | Leinenbekleidung | Slow Fashion | Dalia","og_description":"Eine leichte Jacke mit einfachen Details. Eine Leinenjacke, die sich hervorragend f\u00fcr den Sommer eignet. Kann auch als Strandkleid verwendet werden. Erh\u00e4ltlich in verschiedenen Farben. Sehen Sie hier mehr.","og_url":"https:\/\/dalia.dk\/de\/product\/lange-jacke-in-verschiedenen-farben\/","og_site_name":"Dalia","article_publisher":"https:\/\/www.facebook.com\/www.dalia.nu","og_image":[{"width":1280,"height":1920,"url":"https:\/\/dalia.dk\/wp-content\/uploads\/2021\/04\/IMG_0279.jpg","type":"image\/jpeg"}],"twitter_card":"summary_large_image","schema":{"@context":"https:\/\/schema.org","@graph":[{"@type":"WebPage","@id":"https:\/\/dalia.dk\/de\/product\/lange-jacke-in-verschiedenen-farben\/","url":"https:\/\/dalia.dk\/de\/product\/lange-jacke-in-verschiedenen-farben\/","name":"Leinenjacke | Weitere Farben | Leinenbekleidung | Slow Fashion | Dalia","isPartOf":{"@id":"https:\/\/dalia.dk\/de\/#website"},"primaryImageOfPage":{"@id":"https:\/\/dalia.dk\/de\/product\/lange-jacke-in-verschiedenen-farben\/#primaryimage"},"image":{"@id":"https:\/\/dalia.dk\/de\/product\/lange-jacke-in-verschiedenen-farben\/#primaryimage"},"thumbnailUrl":"https:\/\/dalia.dk\/wp-content\/uploads\/2021\/04\/IMG_0279.jpg","datePublished":"2025-02-18T14:28:35+00:00","description":"Eine leichte Jacke mit einfachen Details. Eine Leinenjacke, die sich hervorragend f\u00fcr den Sommer eignet. Kann auch als Strandkleid verwendet werden. Erh\u00e4ltlich in verschiedenen Farben. Sehen Sie hier mehr.","breadcrumb":{"@id":"https:\/\/dalia.dk\/de\/product\/lange-jacke-in-verschiedenen-farben\/#breadcrumb"},"inLanguage":"de-DE","potentialAction":[{"@type":"ReadAction","target":["https:\/\/dalia.dk\/de\/product\/lange-jacke-in-verschiedenen-farben\/"]}]},{"@type":"ImageObject","inLanguage":"de-DE","@id":"https:\/\/dalia.dk\/de\/product\/lange-jacke-in-verschiedenen-farben\/#primaryimage","url":"https:\/\/dalia.dk\/wp-content\/uploads\/2021\/04\/IMG_0279.jpg","contentUrl":"https:\/\/dalia.dk\/wp-content\/uploads\/2021\/04\/IMG_0279.jpg","width":1280,"height":1920},{"@type":"BreadcrumbList","@id":"https:\/\/dalia.dk\/de\/product\/lange-jacke-in-verschiedenen-farben\/#breadcrumb","itemListElement":[{"@type":"ListItem","position":1,"name":"Home","item":"https:\/\/dalia.dk\/de\/"},{"@type":"ListItem","position":2,"name":"Webshop","item":"https:\/\/dalia.dk\/de\/webshop\/"},{"@type":"ListItem","position":3,"name":"Lange Jacke in verschiedenen Farben"}]},{"@type":"WebSite","@id":"https:\/\/dalia.dk\/de\/#website","url":"https:\/\/dalia.dk\/de\/","name":"Dalia","description":"Tidsl\u00f8s og klassisk h\u00f8rt\u00f8j","publisher":{"@id":"https:\/\/dalia.dk\/de\/#organization"},"potentialAction":[{"@type":"SearchAction","target":{"@type":"EntryPoint","urlTemplate":"https:\/\/dalia.dk\/de\/?s={search_term_string}"},"query-input":{"@type":"PropertyValueSpecification","valueRequired":true,"valueName":"search_term_string"}}],"inLanguage":"de-DE"},{"@type":"Organization","@id":"https:\/\/dalia.dk\/de\/#organization","name":"Dalia","url":"https:\/\/dalia.dk\/de\/","logo":{"@type":"ImageObject","inLanguage":"de-DE","@id":"https:\/\/dalia.dk\/de\/#\/schema\/logo\/image\/","url":"https:\/\/dalia.dk\/wp-content\/uploads\/2020\/02\/dalia_logo_from_maria.png","contentUrl":"https:\/\/dalia.dk\/wp-content\/uploads\/2020\/02\/dalia_logo_from_maria.png","width":1034,"height":320,"caption":"Dalia"},"image":{"@id":"https:\/\/dalia.dk\/de\/#\/schema\/logo\/image\/"},"sameAs":["https:\/\/www.facebook.com\/www.dalia.nu"]}]}},"_links":{"self":[{"href":"https:\/\/dalia.dk\/de\/wp-json\/wp\/v2\/product\/7151","targetHints":{"allow":["GET"]}}],"collection":[{"href":"https:\/\/dalia.dk\/de\/wp-json\/wp\/v2\/product"}],"about":[{"href":"https:\/\/dalia.dk\/de\/wp-json\/wp\/v2\/types\/product"}],"wp:featuredmedia":[{"embeddable":true,"href":"https:\/\/dalia.dk\/de\/wp-json\/wp\/v2\/media\/7152"}],"wp:attachment":[{"href":"https:\/\/dalia.dk\/de\/wp-json\/wp\/v2\/media?parent=7151"}],"wp:term":[{"taxonomy":"product_cat","embeddable":true,"href":"https:\/\/dalia.dk\/de\/wp-json\/wp\/v2\/product_cat?post=7151"},{"taxonomy":"product_tag","embeddable":true,"href":"https:\/\/dalia.dk\/de\/wp-json\/wp\/v2\/product_tag?post=7151"}],"curies":[{"name":"wp","href":"https:\/\/api.w.org\/{rel}","templated":true}]}}