{"id":7163,"date":"2021-04-11T12:54:08","date_gmt":"2025-02-18T14:28:38","guid":{"rendered":"https:\/\/dalia.dk\/product\/camilla-kleid-aus-leinen-mit-laengeren-aermeln\/"},"modified":"2025-02-18T14:28:38","modified_gmt":"2025-02-18T14:28:38","slug":"camilla-kleid-aus-leinen-mit-laengeren-aermeln","status":"publish","type":"product","link":"https:\/\/dalia.dk\/de\/product\/camilla-kleid-aus-leinen-mit-laengeren-aermeln\/","title":{"rendered":"Camilla Kleid aus Leinen mit l\u00e4ngeren \u00c4rmeln"},"content":{"rendered":"<p>&nbsp;<\/p>\n<p>&nbsp;<\/p>\n<p>Das Model tr\u00e4gt ein Leinenkleid in Natur in Gr\u00f6\u00dfe 42.<\/p>\n<p>&nbsp;<\/p>\n<p><strong>Qualit\u00e4t:<\/strong><\/p>\n<p>Dieses Leinenkleid ist aus 100% Leinen gefertigt.<br \/>\nLeinen ist ein nat\u00fcrliches Material mit vielen gro\u00dfartigen Eigenschaften. Leinen wird immer weicher, je \u00f6fter Sie es verwenden, und mit der richtigen Pflege sieht es wundersch\u00f6n aus und h\u00e4lt viele Jahre lang. <\/p>\n<p>&nbsp;<\/p>\n<p><strong>H\u00f6ren Sie sich die Vorteile an:<\/strong><\/p>\n<p>&#8211; 30% st\u00e4rker als Baumwolle &#8211; Temperaturregulierend und atmungsaktiv &#8211; Eine starke Faser, die daf\u00fcr sorgt, dass Leinenprodukte ihre Form behalten &#8211; Umweltfreundlich, da f\u00fcr das Wachstum von Leinen nur geringe Mengen an Wasser ben\u00f6tigt werden &#8211; Hat eine glatte und fusselfreie Oberfl\u00e4che, die nie fusselt<\/p>\n<p>&nbsp;<\/p>\n","protected":false},"excerpt":{"rendered":"<p>&nbsp;<\/p>\n<p>&nbsp;<\/p>\n<p>Ein feines und klassisches Leinenkleid, das sowohl bequem als auch in einer starken Qualit\u00e4t ist.<\/p>\n<p>Das gestrickte Mieder sorgt f\u00fcr eine gute Passform und verleiht dem Kleid einen einzigartigen Look.<br \/>\nDas Kleid ist sowohl f\u00fcr den Alltag als auch f\u00fcr Partys geeignet.  <\/p>\n<p>&nbsp;<\/p>\n","protected":false},"featured_media":7168,"template":"","meta":{"_acf_changed":false},"product_cat":[988],"product_tag":[],"class_list":{"0":"post-7163","1":"product","2":"type-product","3":"status-publish","4":"has-post-thumbnail","6":"product_cat-dresses-de","8":"first","9":"instock","10":"shipping-taxable","11":"purchasable","12":"product-type-variable"},"acf":[],"yoast_head":"<!-- This site is optimized with the Yoast SEO plugin v25.2 - https:\/\/yoast.com\/wordpress\/plugins\/seo\/ -->\n<title>Strickkleid | Leinen | Damenbekleidung in nat\u00fcrlichen Qualit\u00e4ten | Leinen | Dalia<\/title>\n<meta name=\"description\" content=\"Ein Kleid mit einem gestrickten Oberteil und einem gewebten Unterteil. Ein einzigartiges und doch klassisches Design in einer starken und nat\u00fcrlichen Qualit\u00e4t. 100% Leinen. Sehen Sie hier mehr.\" \/>\n<meta name=\"robots\" content=\"index, follow, max-snippet:-1, max-image-preview:large, max-video-preview:-1\" \/>\n<link rel=\"canonical\" href=\"https:\/\/dalia.dk\/de\/product\/camilla-kleid-aus-leinen-mit-laengeren-aermeln\/\" \/>\n<meta property=\"og:locale\" content=\"de_DE\" \/>\n<meta property=\"og:type\" content=\"article\" \/>\n<meta property=\"og:title\" content=\"Strickkleid | Leinen | Damenbekleidung in nat\u00fcrlichen Qualit\u00e4ten | Leinen | Dalia\" \/>\n<meta property=\"og:description\" content=\"Ein Kleid mit einem gestrickten Oberteil und einem gewebten Unterteil. Ein einzigartiges und doch klassisches Design in einer starken und nat\u00fcrlichen Qualit\u00e4t. 100% Leinen. Sehen Sie hier mehr.\" \/>\n<meta property=\"og:url\" content=\"https:\/\/dalia.dk\/de\/product\/camilla-kleid-aus-leinen-mit-laengeren-aermeln\/\" \/>\n<meta property=\"og:site_name\" content=\"Dalia\" \/>\n<meta property=\"article:publisher\" content=\"https:\/\/www.facebook.com\/www.dalia.nu\" \/>\n<meta property=\"og:image\" content=\"https:\/\/dalia.dk\/wp-content\/uploads\/2021\/04\/IMG_7680-scaled.jpg\" \/>\n\t<meta property=\"og:image:width\" content=\"1707\" \/>\n\t<meta property=\"og:image:height\" content=\"2560\" \/>\n\t<meta property=\"og:image:type\" content=\"image\/jpeg\" \/>\n<meta name=\"twitter:card\" content=\"summary_large_image\" \/>\n<meta name=\"twitter:label1\" content=\"Est. reading time\" \/>\n\t<meta name=\"twitter:data1\" content=\"1 minute\" \/>\n<script type=\"application\/ld+json\" class=\"yoast-schema-graph\">{\"@context\":\"https:\/\/schema.org\",\"@graph\":[{\"@type\":\"WebPage\",\"@id\":\"https:\/\/dalia.dk\/de\/product\/camilla-kleid-aus-leinen-mit-laengeren-aermeln\/\",\"url\":\"https:\/\/dalia.dk\/de\/product\/camilla-kleid-aus-leinen-mit-laengeren-aermeln\/\",\"name\":\"Strickkleid | Leinen | Damenbekleidung in nat\u00fcrlichen Qualit\u00e4ten | Leinen | Dalia\",\"isPartOf\":{\"@id\":\"https:\/\/dalia.dk\/de\/#website\"},\"primaryImageOfPage\":{\"@id\":\"https:\/\/dalia.dk\/de\/product\/camilla-kleid-aus-leinen-mit-laengeren-aermeln\/#primaryimage\"},\"image\":{\"@id\":\"https:\/\/dalia.dk\/de\/product\/camilla-kleid-aus-leinen-mit-laengeren-aermeln\/#primaryimage\"},\"thumbnailUrl\":\"https:\/\/dalia.dk\/wp-content\/uploads\/2021\/04\/IMG_7680-scaled.jpg\",\"datePublished\":\"2025-02-18T14:28:38+00:00\",\"description\":\"Ein Kleid mit einem gestrickten Oberteil und einem gewebten Unterteil. Ein einzigartiges und doch klassisches Design in einer starken und nat\u00fcrlichen Qualit\u00e4t. 100% Leinen. Sehen Sie hier mehr.\",\"breadcrumb\":{\"@id\":\"https:\/\/dalia.dk\/de\/product\/camilla-kleid-aus-leinen-mit-laengeren-aermeln\/#breadcrumb\"},\"inLanguage\":\"de-DE\",\"potentialAction\":[{\"@type\":\"ReadAction\",\"target\":[\"https:\/\/dalia.dk\/de\/product\/camilla-kleid-aus-leinen-mit-laengeren-aermeln\/\"]}]},{\"@type\":\"ImageObject\",\"inLanguage\":\"de-DE\",\"@id\":\"https:\/\/dalia.dk\/de\/product\/camilla-kleid-aus-leinen-mit-laengeren-aermeln\/#primaryimage\",\"url\":\"https:\/\/dalia.dk\/wp-content\/uploads\/2021\/04\/IMG_7680-scaled.jpg\",\"contentUrl\":\"https:\/\/dalia.dk\/wp-content\/uploads\/2021\/04\/IMG_7680-scaled.jpg\",\"width\":1707,\"height\":2560},{\"@type\":\"BreadcrumbList\",\"@id\":\"https:\/\/dalia.dk\/de\/product\/camilla-kleid-aus-leinen-mit-laengeren-aermeln\/#breadcrumb\",\"itemListElement\":[{\"@type\":\"ListItem\",\"position\":1,\"name\":\"Home\",\"item\":\"https:\/\/dalia.dk\/de\/\"},{\"@type\":\"ListItem\",\"position\":2,\"name\":\"Webshop\",\"item\":\"https:\/\/dalia.dk\/de\/webshop\/\"},{\"@type\":\"ListItem\",\"position\":3,\"name\":\"Camilla Kleid aus Leinen mit l\u00e4ngeren \u00c4rmeln\"}]},{\"@type\":\"WebSite\",\"@id\":\"https:\/\/dalia.dk\/de\/#website\",\"url\":\"https:\/\/dalia.dk\/de\/\",\"name\":\"Dalia\",\"description\":\"Tidsl\u00f8s og klassisk h\u00f8rt\u00f8j\",\"publisher\":{\"@id\":\"https:\/\/dalia.dk\/de\/#organization\"},\"potentialAction\":[{\"@type\":\"SearchAction\",\"target\":{\"@type\":\"EntryPoint\",\"urlTemplate\":\"https:\/\/dalia.dk\/de\/?s={search_term_string}\"},\"query-input\":{\"@type\":\"PropertyValueSpecification\",\"valueRequired\":true,\"valueName\":\"search_term_string\"}}],\"inLanguage\":\"de-DE\"},{\"@type\":\"Organization\",\"@id\":\"https:\/\/dalia.dk\/de\/#organization\",\"name\":\"Dalia\",\"url\":\"https:\/\/dalia.dk\/de\/\",\"logo\":{\"@type\":\"ImageObject\",\"inLanguage\":\"de-DE\",\"@id\":\"https:\/\/dalia.dk\/de\/#\/schema\/logo\/image\/\",\"url\":\"https:\/\/dalia.dk\/wp-content\/uploads\/2020\/02\/dalia_logo_from_maria.png\",\"contentUrl\":\"https:\/\/dalia.dk\/wp-content\/uploads\/2020\/02\/dalia_logo_from_maria.png\",\"width\":1034,\"height\":320,\"caption\":\"Dalia\"},\"image\":{\"@id\":\"https:\/\/dalia.dk\/de\/#\/schema\/logo\/image\/\"},\"sameAs\":[\"https:\/\/www.facebook.com\/www.dalia.nu\"]}]}<\/script>\n<!-- \/ Yoast SEO plugin. -->","yoast_head_json":{"title":"Strickkleid | Leinen | Damenbekleidung in nat\u00fcrlichen Qualit\u00e4ten | Leinen | Dalia","description":"Ein Kleid mit einem gestrickten Oberteil und einem gewebten Unterteil. Ein einzigartiges und doch klassisches Design in einer starken und nat\u00fcrlichen Qualit\u00e4t. 100% Leinen. Sehen Sie hier mehr.","robots":{"index":"index","follow":"follow","max-snippet":"max-snippet:-1","max-image-preview":"max-image-preview:large","max-video-preview":"max-video-preview:-1"},"canonical":"https:\/\/dalia.dk\/de\/product\/camilla-kleid-aus-leinen-mit-laengeren-aermeln\/","og_locale":"de_DE","og_type":"article","og_title":"Strickkleid | Leinen | Damenbekleidung in nat\u00fcrlichen Qualit\u00e4ten | Leinen | Dalia","og_description":"Ein Kleid mit einem gestrickten Oberteil und einem gewebten Unterteil. Ein einzigartiges und doch klassisches Design in einer starken und nat\u00fcrlichen Qualit\u00e4t. 100% Leinen. Sehen Sie hier mehr.","og_url":"https:\/\/dalia.dk\/de\/product\/camilla-kleid-aus-leinen-mit-laengeren-aermeln\/","og_site_name":"Dalia","article_publisher":"https:\/\/www.facebook.com\/www.dalia.nu","og_image":[{"width":1707,"height":2560,"url":"https:\/\/dalia.dk\/wp-content\/uploads\/2021\/04\/IMG_7680-scaled.jpg","type":"image\/jpeg"}],"twitter_card":"summary_large_image","twitter_misc":{"Est. reading time":"1 minute"},"schema":{"@context":"https:\/\/schema.org","@graph":[{"@type":"WebPage","@id":"https:\/\/dalia.dk\/de\/product\/camilla-kleid-aus-leinen-mit-laengeren-aermeln\/","url":"https:\/\/dalia.dk\/de\/product\/camilla-kleid-aus-leinen-mit-laengeren-aermeln\/","name":"Strickkleid | Leinen | Damenbekleidung in nat\u00fcrlichen Qualit\u00e4ten | Leinen | Dalia","isPartOf":{"@id":"https:\/\/dalia.dk\/de\/#website"},"primaryImageOfPage":{"@id":"https:\/\/dalia.dk\/de\/product\/camilla-kleid-aus-leinen-mit-laengeren-aermeln\/#primaryimage"},"image":{"@id":"https:\/\/dalia.dk\/de\/product\/camilla-kleid-aus-leinen-mit-laengeren-aermeln\/#primaryimage"},"thumbnailUrl":"https:\/\/dalia.dk\/wp-content\/uploads\/2021\/04\/IMG_7680-scaled.jpg","datePublished":"2025-02-18T14:28:38+00:00","description":"Ein Kleid mit einem gestrickten Oberteil und einem gewebten Unterteil. Ein einzigartiges und doch klassisches Design in einer starken und nat\u00fcrlichen Qualit\u00e4t. 100% Leinen. Sehen Sie hier mehr.","breadcrumb":{"@id":"https:\/\/dalia.dk\/de\/product\/camilla-kleid-aus-leinen-mit-laengeren-aermeln\/#breadcrumb"},"inLanguage":"de-DE","potentialAction":[{"@type":"ReadAction","target":["https:\/\/dalia.dk\/de\/product\/camilla-kleid-aus-leinen-mit-laengeren-aermeln\/"]}]},{"@type":"ImageObject","inLanguage":"de-DE","@id":"https:\/\/dalia.dk\/de\/product\/camilla-kleid-aus-leinen-mit-laengeren-aermeln\/#primaryimage","url":"https:\/\/dalia.dk\/wp-content\/uploads\/2021\/04\/IMG_7680-scaled.jpg","contentUrl":"https:\/\/dalia.dk\/wp-content\/uploads\/2021\/04\/IMG_7680-scaled.jpg","width":1707,"height":2560},{"@type":"BreadcrumbList","@id":"https:\/\/dalia.dk\/de\/product\/camilla-kleid-aus-leinen-mit-laengeren-aermeln\/#breadcrumb","itemListElement":[{"@type":"ListItem","position":1,"name":"Home","item":"https:\/\/dalia.dk\/de\/"},{"@type":"ListItem","position":2,"name":"Webshop","item":"https:\/\/dalia.dk\/de\/webshop\/"},{"@type":"ListItem","position":3,"name":"Camilla Kleid aus Leinen mit l\u00e4ngeren \u00c4rmeln"}]},{"@type":"WebSite","@id":"https:\/\/dalia.dk\/de\/#website","url":"https:\/\/dalia.dk\/de\/","name":"Dalia","description":"Tidsl\u00f8s og klassisk h\u00f8rt\u00f8j","publisher":{"@id":"https:\/\/dalia.dk\/de\/#organization"},"potentialAction":[{"@type":"SearchAction","target":{"@type":"EntryPoint","urlTemplate":"https:\/\/dalia.dk\/de\/?s={search_term_string}"},"query-input":{"@type":"PropertyValueSpecification","valueRequired":true,"valueName":"search_term_string"}}],"inLanguage":"de-DE"},{"@type":"Organization","@id":"https:\/\/dalia.dk\/de\/#organization","name":"Dalia","url":"https:\/\/dalia.dk\/de\/","logo":{"@type":"ImageObject","inLanguage":"de-DE","@id":"https:\/\/dalia.dk\/de\/#\/schema\/logo\/image\/","url":"https:\/\/dalia.dk\/wp-content\/uploads\/2020\/02\/dalia_logo_from_maria.png","contentUrl":"https:\/\/dalia.dk\/wp-content\/uploads\/2020\/02\/dalia_logo_from_maria.png","width":1034,"height":320,"caption":"Dalia"},"image":{"@id":"https:\/\/dalia.dk\/de\/#\/schema\/logo\/image\/"},"sameAs":["https:\/\/www.facebook.com\/www.dalia.nu"]}]}},"_links":{"self":[{"href":"https:\/\/dalia.dk\/de\/wp-json\/wp\/v2\/product\/7163","targetHints":{"allow":["GET"]}}],"collection":[{"href":"https:\/\/dalia.dk\/de\/wp-json\/wp\/v2\/product"}],"about":[{"href":"https:\/\/dalia.dk\/de\/wp-json\/wp\/v2\/types\/product"}],"wp:featuredmedia":[{"embeddable":true,"href":"https:\/\/dalia.dk\/de\/wp-json\/wp\/v2\/media\/7168"}],"wp:attachment":[{"href":"https:\/\/dalia.dk\/de\/wp-json\/wp\/v2\/media?parent=7163"}],"wp:term":[{"taxonomy":"product_cat","embeddable":true,"href":"https:\/\/dalia.dk\/de\/wp-json\/wp\/v2\/product_cat?post=7163"},{"taxonomy":"product_tag","embeddable":true,"href":"https:\/\/dalia.dk\/de\/wp-json\/wp\/v2\/product_tag?post=7163"}],"curies":[{"name":"wp","href":"https:\/\/api.w.org\/{rel}","templated":true}]}}