{"id":7472,"date":"2021-02-28T15:52:52","date_gmt":"2025-02-18T14:29:37","guid":{"rendered":"https:\/\/dalia.dk\/product\/emma-strickjacke-aus-leinen\/"},"modified":"2025-02-18T14:29:37","modified_gmt":"2025-02-18T14:29:37","slug":"emma-strickjacke-aus-leinen","status":"publish","type":"product","link":"https:\/\/dalia.dk\/de\/product\/emma-strickjacke-aus-leinen\/","title":{"rendered":"Emma Strickjacke aus Leinen"},"content":{"rendered":"<p>&nbsp;<\/p>\n<p>&nbsp;<\/p>\n<p>Das Model tr\u00e4gt die Strickjacke Emma aus Leinen in Gr\u00f6\u00dfe M.<\/p>\n<p>&nbsp;<\/p>\n<p><strong>Qualit\u00e4t:<\/strong><\/p>\n<p>Diese Strickjacke aus Leinen ist aus 100% gestricktem Leinen hergestellt.<br \/>\nLeinen ist ein nat\u00fcrliches Material mit vielen gro\u00dfartigen Eigenschaften. Leinen wird immer weicher, je \u00f6fter Sie es verwenden, und mit der richtigen Pflege sieht es sch\u00f6n aus und h\u00e4lt viele Jahre lang. <\/p>\n<p>&nbsp;<\/p>\n<p><strong>H\u00f6ren Sie sich die Vorteile an:<\/strong><\/p>\n<p>&#8211; 30% st\u00e4rker als Baumwolle &#8211; Temperaturregulierend und atmungsaktiv &#8211; Eine starke Faser, die daf\u00fcr sorgt, dass Leinenprodukte ihre Form behalten &#8211; Umweltfreundlich, da f\u00fcr das Wachstum von Leinen nur geringe Mengen an Wasser ben\u00f6tigt werden &#8211; Hat eine glatte und fusselfreie Oberfl\u00e4che, die nie fusselt<\/p>\n","protected":false},"excerpt":{"rendered":"<p>&nbsp;<\/p>\n<p>&nbsp;<\/p>\n<p>Gestrickte Leinenstrickjacke aus 100% Leinen und mit benachbarten Hornkn\u00f6pfen.<\/p>\n<p>Ein Design, das sich mit vielen Looks kombinieren l\u00e4sst &#8211; toll zu Kleidern, Hosen und R\u00f6cken. <\/p>\n<p>&nbsp;<\/p>\n","protected":false},"featured_media":7473,"template":"","meta":{"_acf_changed":false},"product_cat":[994],"product_tag":[1060],"class_list":{"0":"post-7472","1":"product","2":"type-product","3":"status-publish","4":"has-post-thumbnail","6":"product_cat-strickwaren","7":"product_tag-webshop-de","9":"first","10":"instock","11":"shipping-taxable","12":"purchasable","13":"product-type-variable"},"acf":[],"yoast_head":"<!-- This site is optimized with the Yoast SEO plugin v25.2 - https:\/\/yoast.com\/wordpress\/plugins\/seo\/ -->\n<title>Strickjacke aus Leinen | Leinen | Nachhaltige Kleidung | Dalia<\/title>\n<meta name=\"description\" content=\"Gestrickte Strickjacke aus 100% Leinen. Wassergr\u00fcne Farbe. Leinenstrickjacke mit Hornkn\u00f6pfen und Schlitz auf der R\u00fcckseite. Vielseitig und bequem. Sehen Sie hier mehr.\" \/>\n<meta name=\"robots\" content=\"index, follow, max-snippet:-1, max-image-preview:large, max-video-preview:-1\" \/>\n<link rel=\"canonical\" href=\"https:\/\/dalia.dk\/de\/product\/emma-strickjacke-aus-leinen\/\" \/>\n<meta property=\"og:locale\" content=\"de_DE\" \/>\n<meta property=\"og:type\" content=\"article\" \/>\n<meta property=\"og:title\" content=\"Strickjacke aus Leinen | Leinen | Nachhaltige Kleidung | Dalia\" \/>\n<meta property=\"og:description\" content=\"Gestrickte Strickjacke aus 100% Leinen. Wassergr\u00fcne Farbe. Leinenstrickjacke mit Hornkn\u00f6pfen und Schlitz auf der R\u00fcckseite. Vielseitig und bequem. Sehen Sie hier mehr.\" \/>\n<meta property=\"og:url\" content=\"https:\/\/dalia.dk\/de\/product\/emma-strickjacke-aus-leinen\/\" \/>\n<meta property=\"og:site_name\" content=\"Dalia\" \/>\n<meta property=\"article:publisher\" content=\"https:\/\/www.facebook.com\/www.dalia.nu\" \/>\n<meta property=\"og:image\" content=\"https:\/\/dalia.dk\/wp-content\/uploads\/2021\/02\/IMG_7477-scaled.jpg\" \/>\n\t<meta property=\"og:image:width\" content=\"1707\" \/>\n\t<meta property=\"og:image:height\" content=\"2560\" \/>\n\t<meta property=\"og:image:type\" content=\"image\/jpeg\" \/>\n<meta name=\"twitter:card\" content=\"summary_large_image\" \/>\n<meta name=\"twitter:label1\" content=\"Est. reading time\" \/>\n\t<meta name=\"twitter:data1\" content=\"1 minute\" \/>\n<script type=\"application\/ld+json\" class=\"yoast-schema-graph\">{\"@context\":\"https:\/\/schema.org\",\"@graph\":[{\"@type\":\"WebPage\",\"@id\":\"https:\/\/dalia.dk\/de\/product\/emma-strickjacke-aus-leinen\/\",\"url\":\"https:\/\/dalia.dk\/de\/product\/emma-strickjacke-aus-leinen\/\",\"name\":\"Strickjacke aus Leinen | Leinen | Nachhaltige Kleidung | Dalia\",\"isPartOf\":{\"@id\":\"https:\/\/dalia.dk\/de\/#website\"},\"primaryImageOfPage\":{\"@id\":\"https:\/\/dalia.dk\/de\/product\/emma-strickjacke-aus-leinen\/#primaryimage\"},\"image\":{\"@id\":\"https:\/\/dalia.dk\/de\/product\/emma-strickjacke-aus-leinen\/#primaryimage\"},\"thumbnailUrl\":\"https:\/\/dalia.dk\/wp-content\/uploads\/2021\/02\/IMG_7477-scaled.jpg\",\"datePublished\":\"2025-02-18T14:29:37+00:00\",\"description\":\"Gestrickte Strickjacke aus 100% Leinen. Wassergr\u00fcne Farbe. Leinenstrickjacke mit Hornkn\u00f6pfen und Schlitz auf der R\u00fcckseite. Vielseitig und bequem. Sehen Sie hier mehr.\",\"breadcrumb\":{\"@id\":\"https:\/\/dalia.dk\/de\/product\/emma-strickjacke-aus-leinen\/#breadcrumb\"},\"inLanguage\":\"de-DE\",\"potentialAction\":[{\"@type\":\"ReadAction\",\"target\":[\"https:\/\/dalia.dk\/de\/product\/emma-strickjacke-aus-leinen\/\"]}]},{\"@type\":\"ImageObject\",\"inLanguage\":\"de-DE\",\"@id\":\"https:\/\/dalia.dk\/de\/product\/emma-strickjacke-aus-leinen\/#primaryimage\",\"url\":\"https:\/\/dalia.dk\/wp-content\/uploads\/2021\/02\/IMG_7477-scaled.jpg\",\"contentUrl\":\"https:\/\/dalia.dk\/wp-content\/uploads\/2021\/02\/IMG_7477-scaled.jpg\",\"width\":1707,\"height\":2560},{\"@type\":\"BreadcrumbList\",\"@id\":\"https:\/\/dalia.dk\/de\/product\/emma-strickjacke-aus-leinen\/#breadcrumb\",\"itemListElement\":[{\"@type\":\"ListItem\",\"position\":1,\"name\":\"Home\",\"item\":\"https:\/\/dalia.dk\/de\/\"},{\"@type\":\"ListItem\",\"position\":2,\"name\":\"Webshop\",\"item\":\"https:\/\/dalia.dk\/de\/webshop\/\"},{\"@type\":\"ListItem\",\"position\":3,\"name\":\"Emma Strickjacke aus Leinen\"}]},{\"@type\":\"WebSite\",\"@id\":\"https:\/\/dalia.dk\/de\/#website\",\"url\":\"https:\/\/dalia.dk\/de\/\",\"name\":\"Dalia\",\"description\":\"Tidsl\u00f8s og klassisk h\u00f8rt\u00f8j\",\"publisher\":{\"@id\":\"https:\/\/dalia.dk\/de\/#organization\"},\"potentialAction\":[{\"@type\":\"SearchAction\",\"target\":{\"@type\":\"EntryPoint\",\"urlTemplate\":\"https:\/\/dalia.dk\/de\/?s={search_term_string}\"},\"query-input\":{\"@type\":\"PropertyValueSpecification\",\"valueRequired\":true,\"valueName\":\"search_term_string\"}}],\"inLanguage\":\"de-DE\"},{\"@type\":\"Organization\",\"@id\":\"https:\/\/dalia.dk\/de\/#organization\",\"name\":\"Dalia\",\"url\":\"https:\/\/dalia.dk\/de\/\",\"logo\":{\"@type\":\"ImageObject\",\"inLanguage\":\"de-DE\",\"@id\":\"https:\/\/dalia.dk\/de\/#\/schema\/logo\/image\/\",\"url\":\"https:\/\/dalia.dk\/wp-content\/uploads\/2020\/02\/dalia_logo_from_maria.png\",\"contentUrl\":\"https:\/\/dalia.dk\/wp-content\/uploads\/2020\/02\/dalia_logo_from_maria.png\",\"width\":1034,\"height\":320,\"caption\":\"Dalia\"},\"image\":{\"@id\":\"https:\/\/dalia.dk\/de\/#\/schema\/logo\/image\/\"},\"sameAs\":[\"https:\/\/www.facebook.com\/www.dalia.nu\"]}]}<\/script>\n<!-- \/ Yoast SEO plugin. -->","yoast_head_json":{"title":"Strickjacke aus Leinen | Leinen | Nachhaltige Kleidung | Dalia","description":"Gestrickte Strickjacke aus 100% Leinen. Wassergr\u00fcne Farbe. Leinenstrickjacke mit Hornkn\u00f6pfen und Schlitz auf der R\u00fcckseite. Vielseitig und bequem. Sehen Sie hier mehr.","robots":{"index":"index","follow":"follow","max-snippet":"max-snippet:-1","max-image-preview":"max-image-preview:large","max-video-preview":"max-video-preview:-1"},"canonical":"https:\/\/dalia.dk\/de\/product\/emma-strickjacke-aus-leinen\/","og_locale":"de_DE","og_type":"article","og_title":"Strickjacke aus Leinen | Leinen | Nachhaltige Kleidung | Dalia","og_description":"Gestrickte Strickjacke aus 100% Leinen. Wassergr\u00fcne Farbe. Leinenstrickjacke mit Hornkn\u00f6pfen und Schlitz auf der R\u00fcckseite. Vielseitig und bequem. Sehen Sie hier mehr.","og_url":"https:\/\/dalia.dk\/de\/product\/emma-strickjacke-aus-leinen\/","og_site_name":"Dalia","article_publisher":"https:\/\/www.facebook.com\/www.dalia.nu","og_image":[{"width":1707,"height":2560,"url":"https:\/\/dalia.dk\/wp-content\/uploads\/2021\/02\/IMG_7477-scaled.jpg","type":"image\/jpeg"}],"twitter_card":"summary_large_image","twitter_misc":{"Est. reading time":"1 minute"},"schema":{"@context":"https:\/\/schema.org","@graph":[{"@type":"WebPage","@id":"https:\/\/dalia.dk\/de\/product\/emma-strickjacke-aus-leinen\/","url":"https:\/\/dalia.dk\/de\/product\/emma-strickjacke-aus-leinen\/","name":"Strickjacke aus Leinen | Leinen | Nachhaltige Kleidung | Dalia","isPartOf":{"@id":"https:\/\/dalia.dk\/de\/#website"},"primaryImageOfPage":{"@id":"https:\/\/dalia.dk\/de\/product\/emma-strickjacke-aus-leinen\/#primaryimage"},"image":{"@id":"https:\/\/dalia.dk\/de\/product\/emma-strickjacke-aus-leinen\/#primaryimage"},"thumbnailUrl":"https:\/\/dalia.dk\/wp-content\/uploads\/2021\/02\/IMG_7477-scaled.jpg","datePublished":"2025-02-18T14:29:37+00:00","description":"Gestrickte Strickjacke aus 100% Leinen. Wassergr\u00fcne Farbe. Leinenstrickjacke mit Hornkn\u00f6pfen und Schlitz auf der R\u00fcckseite. Vielseitig und bequem. Sehen Sie hier mehr.","breadcrumb":{"@id":"https:\/\/dalia.dk\/de\/product\/emma-strickjacke-aus-leinen\/#breadcrumb"},"inLanguage":"de-DE","potentialAction":[{"@type":"ReadAction","target":["https:\/\/dalia.dk\/de\/product\/emma-strickjacke-aus-leinen\/"]}]},{"@type":"ImageObject","inLanguage":"de-DE","@id":"https:\/\/dalia.dk\/de\/product\/emma-strickjacke-aus-leinen\/#primaryimage","url":"https:\/\/dalia.dk\/wp-content\/uploads\/2021\/02\/IMG_7477-scaled.jpg","contentUrl":"https:\/\/dalia.dk\/wp-content\/uploads\/2021\/02\/IMG_7477-scaled.jpg","width":1707,"height":2560},{"@type":"BreadcrumbList","@id":"https:\/\/dalia.dk\/de\/product\/emma-strickjacke-aus-leinen\/#breadcrumb","itemListElement":[{"@type":"ListItem","position":1,"name":"Home","item":"https:\/\/dalia.dk\/de\/"},{"@type":"ListItem","position":2,"name":"Webshop","item":"https:\/\/dalia.dk\/de\/webshop\/"},{"@type":"ListItem","position":3,"name":"Emma Strickjacke aus Leinen"}]},{"@type":"WebSite","@id":"https:\/\/dalia.dk\/de\/#website","url":"https:\/\/dalia.dk\/de\/","name":"Dalia","description":"Tidsl\u00f8s og klassisk h\u00f8rt\u00f8j","publisher":{"@id":"https:\/\/dalia.dk\/de\/#organization"},"potentialAction":[{"@type":"SearchAction","target":{"@type":"EntryPoint","urlTemplate":"https:\/\/dalia.dk\/de\/?s={search_term_string}"},"query-input":{"@type":"PropertyValueSpecification","valueRequired":true,"valueName":"search_term_string"}}],"inLanguage":"de-DE"},{"@type":"Organization","@id":"https:\/\/dalia.dk\/de\/#organization","name":"Dalia","url":"https:\/\/dalia.dk\/de\/","logo":{"@type":"ImageObject","inLanguage":"de-DE","@id":"https:\/\/dalia.dk\/de\/#\/schema\/logo\/image\/","url":"https:\/\/dalia.dk\/wp-content\/uploads\/2020\/02\/dalia_logo_from_maria.png","contentUrl":"https:\/\/dalia.dk\/wp-content\/uploads\/2020\/02\/dalia_logo_from_maria.png","width":1034,"height":320,"caption":"Dalia"},"image":{"@id":"https:\/\/dalia.dk\/de\/#\/schema\/logo\/image\/"},"sameAs":["https:\/\/www.facebook.com\/www.dalia.nu"]}]}},"_links":{"self":[{"href":"https:\/\/dalia.dk\/de\/wp-json\/wp\/v2\/product\/7472","targetHints":{"allow":["GET"]}}],"collection":[{"href":"https:\/\/dalia.dk\/de\/wp-json\/wp\/v2\/product"}],"about":[{"href":"https:\/\/dalia.dk\/de\/wp-json\/wp\/v2\/types\/product"}],"wp:featuredmedia":[{"embeddable":true,"href":"https:\/\/dalia.dk\/de\/wp-json\/wp\/v2\/media\/7473"}],"wp:attachment":[{"href":"https:\/\/dalia.dk\/de\/wp-json\/wp\/v2\/media?parent=7472"}],"wp:term":[{"taxonomy":"product_cat","embeddable":true,"href":"https:\/\/dalia.dk\/de\/wp-json\/wp\/v2\/product_cat?post=7472"},{"taxonomy":"product_tag","embeddable":true,"href":"https:\/\/dalia.dk\/de\/wp-json\/wp\/v2\/product_tag?post=7472"}],"curies":[{"name":"wp","href":"https:\/\/api.w.org\/{rel}","templated":true}]}}