{"id":8058,"date":"2020-07-02T07:30:11","date_gmt":"2025-02-18T14:33:55","guid":{"rendered":"https:\/\/dalia.dk\/product\/leichte-leinenjacke-02-34\/"},"modified":"2025-02-18T14:33:55","modified_gmt":"2025-02-18T14:33:55","slug":"leichte-leinenjacke-02-34","status":"publish","type":"product","link":"https:\/\/dalia.dk\/de\/product\/leichte-leinenjacke-02-34\/","title":{"rendered":"Leichte Leinenjacke (02-34)"},"content":{"rendered":"<p>&nbsp;<\/p>\n<p>&nbsp;<\/p>\n<p><strong>Farbcode:<\/strong><\/p>\n<p>1227 (rosa) \/ 576 (cherise)<\/p>\n<p>Erh\u00e4ltlich in verschiedenen Farben.<\/p>\n<p>&nbsp;<\/p>\n<p><strong>Qualit\u00e4t:<\/strong><\/p>\n<p>Diese Leinenjacke besteht aus 100% Leinen und wird in Litauen, EU, hergestellt.<\/p>\n<p><strong><br \/>\nGr\u00f6\u00dfen:<\/strong><\/p>\n<p>34 &#8211; 46<\/p>\n","protected":false},"excerpt":{"rendered":"<p>&nbsp;<\/p>\n<p>&nbsp;<\/p>\n<p>Eine Leinenjacke in mehreren sch\u00f6nen Farbt\u00f6nen.<br \/>\nDas Design der Leinenjacke kann sowohl zu Hosen als auch zu Kleidern getragen werden.<br \/>\nDie Jacke ist aus 100% Leinen gefertigt &#8211; ein haltbares und nat\u00fcrliches Material.  <\/p>\n","protected":false},"featured_media":8059,"template":"","meta":{"_acf_changed":false},"product_cat":[946],"product_tag":[],"class_list":{"0":"post-8058","1":"product","2":"type-product","3":"status-publish","4":"has-post-thumbnail","6":"product_cat-kollektion-jacken","8":"first","9":"instock","10":"shipping-taxable","11":"product-type-simple"},"acf":[],"yoast_head":"<!-- This site is optimized with the Yoast SEO plugin v25.2 - https:\/\/yoast.com\/wordpress\/plugins\/seo\/ -->\n<title>Leichte und feine Leinenjacke | Weitere Farben | Leinen | Zeitlose Mode f\u00fcr Damen | Dalia<\/title>\n<meta name=\"description\" content=\"Leichte und elegante Leinenjacke zu Hosen, R\u00f6cken und Kleidern. Dalia Leinenbekleidung f\u00fcr Damen - handgefertigt in Litauen.\" \/>\n<meta name=\"robots\" content=\"index, follow, max-snippet:-1, max-image-preview:large, max-video-preview:-1\" \/>\n<link rel=\"canonical\" href=\"https:\/\/dalia.dk\/de\/product\/leichte-leinenjacke-02-34\/\" \/>\n<meta property=\"og:locale\" content=\"de_DE\" \/>\n<meta property=\"og:type\" content=\"article\" \/>\n<meta property=\"og:title\" content=\"Leichte und feine Leinenjacke | Weitere Farben | Leinen | Zeitlose Mode f\u00fcr Damen | Dalia\" \/>\n<meta property=\"og:description\" content=\"Leichte und elegante Leinenjacke zu Hosen, R\u00f6cken und Kleidern. Dalia Leinenbekleidung f\u00fcr Damen - handgefertigt in Litauen.\" \/>\n<meta property=\"og:url\" content=\"https:\/\/dalia.dk\/de\/product\/leichte-leinenjacke-02-34\/\" \/>\n<meta property=\"og:site_name\" content=\"Dalia\" \/>\n<meta property=\"article:publisher\" content=\"https:\/\/www.facebook.com\/www.dalia.nu\" \/>\n<meta property=\"og:image\" content=\"https:\/\/dalia.dk\/wp-content\/uploads\/2020\/07\/IMG_0219.jpg\" \/>\n\t<meta property=\"og:image:width\" content=\"1280\" \/>\n\t<meta property=\"og:image:height\" content=\"1920\" \/>\n\t<meta property=\"og:image:type\" content=\"image\/jpeg\" \/>\n<meta name=\"twitter:card\" content=\"summary_large_image\" \/>\n<script type=\"application\/ld+json\" class=\"yoast-schema-graph\">{\"@context\":\"https:\/\/schema.org\",\"@graph\":[{\"@type\":\"WebPage\",\"@id\":\"https:\/\/dalia.dk\/de\/product\/leichte-leinenjacke-02-34\/\",\"url\":\"https:\/\/dalia.dk\/de\/product\/leichte-leinenjacke-02-34\/\",\"name\":\"Leichte und feine Leinenjacke | Weitere Farben | Leinen | Zeitlose Mode f\u00fcr Damen | Dalia\",\"isPartOf\":{\"@id\":\"https:\/\/dalia.dk\/de\/#website\"},\"primaryImageOfPage\":{\"@id\":\"https:\/\/dalia.dk\/de\/product\/leichte-leinenjacke-02-34\/#primaryimage\"},\"image\":{\"@id\":\"https:\/\/dalia.dk\/de\/product\/leichte-leinenjacke-02-34\/#primaryimage\"},\"thumbnailUrl\":\"https:\/\/dalia.dk\/wp-content\/uploads\/2020\/07\/IMG_0219.jpg\",\"datePublished\":\"2025-02-18T14:33:55+00:00\",\"description\":\"Leichte und elegante Leinenjacke zu Hosen, R\u00f6cken und Kleidern. Dalia Leinenbekleidung f\u00fcr Damen - handgefertigt in Litauen.\",\"breadcrumb\":{\"@id\":\"https:\/\/dalia.dk\/de\/product\/leichte-leinenjacke-02-34\/#breadcrumb\"},\"inLanguage\":\"de-DE\",\"potentialAction\":[{\"@type\":\"ReadAction\",\"target\":[\"https:\/\/dalia.dk\/de\/product\/leichte-leinenjacke-02-34\/\"]}]},{\"@type\":\"ImageObject\",\"inLanguage\":\"de-DE\",\"@id\":\"https:\/\/dalia.dk\/de\/product\/leichte-leinenjacke-02-34\/#primaryimage\",\"url\":\"https:\/\/dalia.dk\/wp-content\/uploads\/2020\/07\/IMG_0219.jpg\",\"contentUrl\":\"https:\/\/dalia.dk\/wp-content\/uploads\/2020\/07\/IMG_0219.jpg\",\"width\":1280,\"height\":1920},{\"@type\":\"BreadcrumbList\",\"@id\":\"https:\/\/dalia.dk\/de\/product\/leichte-leinenjacke-02-34\/#breadcrumb\",\"itemListElement\":[{\"@type\":\"ListItem\",\"position\":1,\"name\":\"Home\",\"item\":\"https:\/\/dalia.dk\/de\/\"},{\"@type\":\"ListItem\",\"position\":2,\"name\":\"Webshop\",\"item\":\"https:\/\/dalia.dk\/de\/webshop\/\"},{\"@type\":\"ListItem\",\"position\":3,\"name\":\"Leichte Leinenjacke (02-34)\"}]},{\"@type\":\"WebSite\",\"@id\":\"https:\/\/dalia.dk\/de\/#website\",\"url\":\"https:\/\/dalia.dk\/de\/\",\"name\":\"Dalia\",\"description\":\"Tidsl\u00f8s og klassisk h\u00f8rt\u00f8j\",\"publisher\":{\"@id\":\"https:\/\/dalia.dk\/de\/#organization\"},\"potentialAction\":[{\"@type\":\"SearchAction\",\"target\":{\"@type\":\"EntryPoint\",\"urlTemplate\":\"https:\/\/dalia.dk\/de\/?s={search_term_string}\"},\"query-input\":{\"@type\":\"PropertyValueSpecification\",\"valueRequired\":true,\"valueName\":\"search_term_string\"}}],\"inLanguage\":\"de-DE\"},{\"@type\":\"Organization\",\"@id\":\"https:\/\/dalia.dk\/de\/#organization\",\"name\":\"Dalia\",\"url\":\"https:\/\/dalia.dk\/de\/\",\"logo\":{\"@type\":\"ImageObject\",\"inLanguage\":\"de-DE\",\"@id\":\"https:\/\/dalia.dk\/de\/#\/schema\/logo\/image\/\",\"url\":\"https:\/\/dalia.dk\/wp-content\/uploads\/2020\/02\/dalia_logo_from_maria.png\",\"contentUrl\":\"https:\/\/dalia.dk\/wp-content\/uploads\/2020\/02\/dalia_logo_from_maria.png\",\"width\":1034,\"height\":320,\"caption\":\"Dalia\"},\"image\":{\"@id\":\"https:\/\/dalia.dk\/de\/#\/schema\/logo\/image\/\"},\"sameAs\":[\"https:\/\/www.facebook.com\/www.dalia.nu\"]}]}<\/script>\n<!-- \/ Yoast SEO plugin. -->","yoast_head_json":{"title":"Leichte und feine Leinenjacke | Weitere Farben | Leinen | Zeitlose Mode f\u00fcr Damen | Dalia","description":"Leichte und elegante Leinenjacke zu Hosen, R\u00f6cken und Kleidern. Dalia Leinenbekleidung f\u00fcr Damen - handgefertigt in Litauen.","robots":{"index":"index","follow":"follow","max-snippet":"max-snippet:-1","max-image-preview":"max-image-preview:large","max-video-preview":"max-video-preview:-1"},"canonical":"https:\/\/dalia.dk\/de\/product\/leichte-leinenjacke-02-34\/","og_locale":"de_DE","og_type":"article","og_title":"Leichte und feine Leinenjacke | Weitere Farben | Leinen | Zeitlose Mode f\u00fcr Damen | Dalia","og_description":"Leichte und elegante Leinenjacke zu Hosen, R\u00f6cken und Kleidern. Dalia Leinenbekleidung f\u00fcr Damen - handgefertigt in Litauen.","og_url":"https:\/\/dalia.dk\/de\/product\/leichte-leinenjacke-02-34\/","og_site_name":"Dalia","article_publisher":"https:\/\/www.facebook.com\/www.dalia.nu","og_image":[{"width":1280,"height":1920,"url":"https:\/\/dalia.dk\/wp-content\/uploads\/2020\/07\/IMG_0219.jpg","type":"image\/jpeg"}],"twitter_card":"summary_large_image","schema":{"@context":"https:\/\/schema.org","@graph":[{"@type":"WebPage","@id":"https:\/\/dalia.dk\/de\/product\/leichte-leinenjacke-02-34\/","url":"https:\/\/dalia.dk\/de\/product\/leichte-leinenjacke-02-34\/","name":"Leichte und feine Leinenjacke | Weitere Farben | Leinen | Zeitlose Mode f\u00fcr Damen | Dalia","isPartOf":{"@id":"https:\/\/dalia.dk\/de\/#website"},"primaryImageOfPage":{"@id":"https:\/\/dalia.dk\/de\/product\/leichte-leinenjacke-02-34\/#primaryimage"},"image":{"@id":"https:\/\/dalia.dk\/de\/product\/leichte-leinenjacke-02-34\/#primaryimage"},"thumbnailUrl":"https:\/\/dalia.dk\/wp-content\/uploads\/2020\/07\/IMG_0219.jpg","datePublished":"2025-02-18T14:33:55+00:00","description":"Leichte und elegante Leinenjacke zu Hosen, R\u00f6cken und Kleidern. Dalia Leinenbekleidung f\u00fcr Damen - handgefertigt in Litauen.","breadcrumb":{"@id":"https:\/\/dalia.dk\/de\/product\/leichte-leinenjacke-02-34\/#breadcrumb"},"inLanguage":"de-DE","potentialAction":[{"@type":"ReadAction","target":["https:\/\/dalia.dk\/de\/product\/leichte-leinenjacke-02-34\/"]}]},{"@type":"ImageObject","inLanguage":"de-DE","@id":"https:\/\/dalia.dk\/de\/product\/leichte-leinenjacke-02-34\/#primaryimage","url":"https:\/\/dalia.dk\/wp-content\/uploads\/2020\/07\/IMG_0219.jpg","contentUrl":"https:\/\/dalia.dk\/wp-content\/uploads\/2020\/07\/IMG_0219.jpg","width":1280,"height":1920},{"@type":"BreadcrumbList","@id":"https:\/\/dalia.dk\/de\/product\/leichte-leinenjacke-02-34\/#breadcrumb","itemListElement":[{"@type":"ListItem","position":1,"name":"Home","item":"https:\/\/dalia.dk\/de\/"},{"@type":"ListItem","position":2,"name":"Webshop","item":"https:\/\/dalia.dk\/de\/webshop\/"},{"@type":"ListItem","position":3,"name":"Leichte Leinenjacke (02-34)"}]},{"@type":"WebSite","@id":"https:\/\/dalia.dk\/de\/#website","url":"https:\/\/dalia.dk\/de\/","name":"Dalia","description":"Tidsl\u00f8s og klassisk h\u00f8rt\u00f8j","publisher":{"@id":"https:\/\/dalia.dk\/de\/#organization"},"potentialAction":[{"@type":"SearchAction","target":{"@type":"EntryPoint","urlTemplate":"https:\/\/dalia.dk\/de\/?s={search_term_string}"},"query-input":{"@type":"PropertyValueSpecification","valueRequired":true,"valueName":"search_term_string"}}],"inLanguage":"de-DE"},{"@type":"Organization","@id":"https:\/\/dalia.dk\/de\/#organization","name":"Dalia","url":"https:\/\/dalia.dk\/de\/","logo":{"@type":"ImageObject","inLanguage":"de-DE","@id":"https:\/\/dalia.dk\/de\/#\/schema\/logo\/image\/","url":"https:\/\/dalia.dk\/wp-content\/uploads\/2020\/02\/dalia_logo_from_maria.png","contentUrl":"https:\/\/dalia.dk\/wp-content\/uploads\/2020\/02\/dalia_logo_from_maria.png","width":1034,"height":320,"caption":"Dalia"},"image":{"@id":"https:\/\/dalia.dk\/de\/#\/schema\/logo\/image\/"},"sameAs":["https:\/\/www.facebook.com\/www.dalia.nu"]}]}},"_links":{"self":[{"href":"https:\/\/dalia.dk\/de\/wp-json\/wp\/v2\/product\/8058","targetHints":{"allow":["GET"]}}],"collection":[{"href":"https:\/\/dalia.dk\/de\/wp-json\/wp\/v2\/product"}],"about":[{"href":"https:\/\/dalia.dk\/de\/wp-json\/wp\/v2\/types\/product"}],"wp:featuredmedia":[{"embeddable":true,"href":"https:\/\/dalia.dk\/de\/wp-json\/wp\/v2\/media\/8059"}],"wp:attachment":[{"href":"https:\/\/dalia.dk\/de\/wp-json\/wp\/v2\/media?parent=8058"}],"wp:term":[{"taxonomy":"product_cat","embeddable":true,"href":"https:\/\/dalia.dk\/de\/wp-json\/wp\/v2\/product_cat?post=8058"},{"taxonomy":"product_tag","embeddable":true,"href":"https:\/\/dalia.dk\/de\/wp-json\/wp\/v2\/product_tag?post=8058"}],"curies":[{"name":"wp","href":"https:\/\/api.w.org\/{rel}","templated":true}]}}