{"id":8141,"date":"2020-07-01T14:08:06","date_gmt":"2025-02-18T14:34:54","guid":{"rendered":"https:\/\/dalia.dk\/product\/gestreiftes-leinenoberteil-mit-laengerem-ruecken-01-63\/"},"modified":"2025-02-18T14:34:54","modified_gmt":"2025-02-18T14:34:54","slug":"gestreiftes-leinenoberteil-mit-laengerem-ruecken-01-63","status":"publish","type":"product","link":"https:\/\/dalia.dk\/de\/product\/gestreiftes-leinenoberteil-mit-laengerem-ruecken-01-63\/","title":{"rendered":"Gestreiftes Leinenoberteil mit l\u00e4ngerem R\u00fccken (01-63)"},"content":{"rendered":"<p>&nbsp;<\/p>\n<p>&nbsp;<\/p>\n<p><strong>Farbcode:<\/strong><\/p>\n<p>283<\/p>\n<p>Erh\u00e4ltlich in verschiedenen Farben.<\/p>\n<p>&nbsp;<\/p>\n<p><strong>Qualit\u00e4t:<\/strong><\/p>\n<p>Dieses gestreifte Leinenoberteil besteht aus 100% Leinen und wurde in Litauen, EU, hergestellt.<\/p>\n<p><strong><br \/>\nGr\u00f6\u00dfen:<\/strong><\/p>\n<p>36 &#8211; 46<\/p>\n","protected":false},"excerpt":{"rendered":"<p>&nbsp;<\/p>\n<p>&nbsp;<\/p>\n<p>Ein gestreiftes Leinenoberteil in einer leichten Leinenqualit\u00e4t, die sich hervorragend f\u00fcr warme Tage eignet. Passt hervorragend zu Jeans, R\u00f6cken und Shorts.<\/p>\n<p>Der Vorteil von Leinen ist, dass das Material temperaturregulierend ist und daher atmungsaktiver als andere Materialien.  <\/p>\n","protected":false},"featured_media":8143,"template":"","meta":{"_acf_changed":false},"product_cat":[958],"product_tag":[1099,1204,1209],"class_list":{"0":"post-8141","1":"product","2":"type-product","3":"status-publish","4":"has-post-thumbnail","6":"product_cat-kollektion-tops","7":"product_tag-damenbekleidung-de","8":"product_tag-leinenbluse-de","9":"product_tag-leinenoberteil","11":"first","12":"instock","13":"shipping-taxable","14":"product-type-simple"},"acf":[],"yoast_head":"<!-- This site is optimized with the Yoast SEO plugin v25.2 - https:\/\/yoast.com\/wordpress\/plugins\/seo\/ -->\n<title>Gestreiftes Leinenoberteil | 100% Leinen | Oberteile | Nachhaltige Mode | Dalia<\/title>\n<meta name=\"description\" content=\"Ein gestreiftes Leinenoberteil, das perfekt f\u00fcr die Sommerhitze ist. 100% Leinen. Hergestellt in Litauen, EU. Erh\u00e4ltlich in verschiedenen Farben. Klicken Sie hier, um mehr zu sehen.\" \/>\n<meta name=\"robots\" content=\"index, follow, max-snippet:-1, max-image-preview:large, max-video-preview:-1\" \/>\n<link rel=\"canonical\" href=\"https:\/\/dalia.dk\/de\/product\/gestreiftes-leinenoberteil-mit-laengerem-ruecken-01-63\/\" \/>\n<meta property=\"og:locale\" content=\"de_DE\" \/>\n<meta property=\"og:type\" content=\"article\" \/>\n<meta property=\"og:title\" content=\"Gestreiftes Leinenoberteil | 100% Leinen | Oberteile | Nachhaltige Mode | Dalia\" \/>\n<meta property=\"og:description\" content=\"Ein gestreiftes Leinenoberteil, das perfekt f\u00fcr die Sommerhitze ist. 100% Leinen. Hergestellt in Litauen, EU. Erh\u00e4ltlich in verschiedenen Farben. Klicken Sie hier, um mehr zu sehen.\" \/>\n<meta property=\"og:url\" content=\"https:\/\/dalia.dk\/de\/product\/gestreiftes-leinenoberteil-mit-laengerem-ruecken-01-63\/\" \/>\n<meta property=\"og:site_name\" content=\"Dalia\" \/>\n<meta property=\"article:publisher\" content=\"https:\/\/www.facebook.com\/www.dalia.nu\" \/>\n<meta property=\"og:image\" content=\"https:\/\/dalia.dk\/wp-content\/uploads\/2020\/07\/IMG_5074-1-scaled.jpg\" \/>\n\t<meta property=\"og:image:width\" content=\"1707\" \/>\n\t<meta property=\"og:image:height\" content=\"2560\" \/>\n\t<meta property=\"og:image:type\" content=\"image\/jpeg\" \/>\n<meta name=\"twitter:card\" content=\"summary_large_image\" \/>\n<script type=\"application\/ld+json\" class=\"yoast-schema-graph\">{\"@context\":\"https:\/\/schema.org\",\"@graph\":[{\"@type\":\"WebPage\",\"@id\":\"https:\/\/dalia.dk\/de\/product\/gestreiftes-leinenoberteil-mit-laengerem-ruecken-01-63\/\",\"url\":\"https:\/\/dalia.dk\/de\/product\/gestreiftes-leinenoberteil-mit-laengerem-ruecken-01-63\/\",\"name\":\"Gestreiftes Leinenoberteil | 100% Leinen | Oberteile | Nachhaltige Mode | Dalia\",\"isPartOf\":{\"@id\":\"https:\/\/dalia.dk\/de\/#website\"},\"primaryImageOfPage\":{\"@id\":\"https:\/\/dalia.dk\/de\/product\/gestreiftes-leinenoberteil-mit-laengerem-ruecken-01-63\/#primaryimage\"},\"image\":{\"@id\":\"https:\/\/dalia.dk\/de\/product\/gestreiftes-leinenoberteil-mit-laengerem-ruecken-01-63\/#primaryimage\"},\"thumbnailUrl\":\"https:\/\/dalia.dk\/wp-content\/uploads\/2020\/07\/IMG_5074-1-scaled.jpg\",\"datePublished\":\"2025-02-18T14:34:54+00:00\",\"description\":\"Ein gestreiftes Leinenoberteil, das perfekt f\u00fcr die Sommerhitze ist. 100% Leinen. Hergestellt in Litauen, EU. Erh\u00e4ltlich in verschiedenen Farben. Klicken Sie hier, um mehr zu sehen.\",\"breadcrumb\":{\"@id\":\"https:\/\/dalia.dk\/de\/product\/gestreiftes-leinenoberteil-mit-laengerem-ruecken-01-63\/#breadcrumb\"},\"inLanguage\":\"de-DE\",\"potentialAction\":[{\"@type\":\"ReadAction\",\"target\":[\"https:\/\/dalia.dk\/de\/product\/gestreiftes-leinenoberteil-mit-laengerem-ruecken-01-63\/\"]}]},{\"@type\":\"ImageObject\",\"inLanguage\":\"de-DE\",\"@id\":\"https:\/\/dalia.dk\/de\/product\/gestreiftes-leinenoberteil-mit-laengerem-ruecken-01-63\/#primaryimage\",\"url\":\"https:\/\/dalia.dk\/wp-content\/uploads\/2020\/07\/IMG_5074-1-scaled.jpg\",\"contentUrl\":\"https:\/\/dalia.dk\/wp-content\/uploads\/2020\/07\/IMG_5074-1-scaled.jpg\",\"width\":1707,\"height\":2560},{\"@type\":\"BreadcrumbList\",\"@id\":\"https:\/\/dalia.dk\/de\/product\/gestreiftes-leinenoberteil-mit-laengerem-ruecken-01-63\/#breadcrumb\",\"itemListElement\":[{\"@type\":\"ListItem\",\"position\":1,\"name\":\"Home\",\"item\":\"https:\/\/dalia.dk\/de\/\"},{\"@type\":\"ListItem\",\"position\":2,\"name\":\"Webshop\",\"item\":\"https:\/\/dalia.dk\/de\/webshop\/\"},{\"@type\":\"ListItem\",\"position\":3,\"name\":\"Gestreiftes Leinenoberteil mit l\u00e4ngerem R\u00fccken (01-63)\"}]},{\"@type\":\"WebSite\",\"@id\":\"https:\/\/dalia.dk\/de\/#website\",\"url\":\"https:\/\/dalia.dk\/de\/\",\"name\":\"Dalia\",\"description\":\"Tidsl\u00f8s og klassisk h\u00f8rt\u00f8j\",\"publisher\":{\"@id\":\"https:\/\/dalia.dk\/de\/#organization\"},\"potentialAction\":[{\"@type\":\"SearchAction\",\"target\":{\"@type\":\"EntryPoint\",\"urlTemplate\":\"https:\/\/dalia.dk\/de\/?s={search_term_string}\"},\"query-input\":{\"@type\":\"PropertyValueSpecification\",\"valueRequired\":true,\"valueName\":\"search_term_string\"}}],\"inLanguage\":\"de-DE\"},{\"@type\":\"Organization\",\"@id\":\"https:\/\/dalia.dk\/de\/#organization\",\"name\":\"Dalia\",\"url\":\"https:\/\/dalia.dk\/de\/\",\"logo\":{\"@type\":\"ImageObject\",\"inLanguage\":\"de-DE\",\"@id\":\"https:\/\/dalia.dk\/de\/#\/schema\/logo\/image\/\",\"url\":\"https:\/\/dalia.dk\/wp-content\/uploads\/2020\/02\/dalia_logo_from_maria.png\",\"contentUrl\":\"https:\/\/dalia.dk\/wp-content\/uploads\/2020\/02\/dalia_logo_from_maria.png\",\"width\":1034,\"height\":320,\"caption\":\"Dalia\"},\"image\":{\"@id\":\"https:\/\/dalia.dk\/de\/#\/schema\/logo\/image\/\"},\"sameAs\":[\"https:\/\/www.facebook.com\/www.dalia.nu\"]}]}<\/script>\n<!-- \/ Yoast SEO plugin. -->","yoast_head_json":{"title":"Gestreiftes Leinenoberteil | 100% Leinen | Oberteile | Nachhaltige Mode | Dalia","description":"Ein gestreiftes Leinenoberteil, das perfekt f\u00fcr die Sommerhitze ist. 100% Leinen. Hergestellt in Litauen, EU. Erh\u00e4ltlich in verschiedenen Farben. Klicken Sie hier, um mehr zu sehen.","robots":{"index":"index","follow":"follow","max-snippet":"max-snippet:-1","max-image-preview":"max-image-preview:large","max-video-preview":"max-video-preview:-1"},"canonical":"https:\/\/dalia.dk\/de\/product\/gestreiftes-leinenoberteil-mit-laengerem-ruecken-01-63\/","og_locale":"de_DE","og_type":"article","og_title":"Gestreiftes Leinenoberteil | 100% Leinen | Oberteile | Nachhaltige Mode | Dalia","og_description":"Ein gestreiftes Leinenoberteil, das perfekt f\u00fcr die Sommerhitze ist. 100% Leinen. Hergestellt in Litauen, EU. Erh\u00e4ltlich in verschiedenen Farben. Klicken Sie hier, um mehr zu sehen.","og_url":"https:\/\/dalia.dk\/de\/product\/gestreiftes-leinenoberteil-mit-laengerem-ruecken-01-63\/","og_site_name":"Dalia","article_publisher":"https:\/\/www.facebook.com\/www.dalia.nu","og_image":[{"width":1707,"height":2560,"url":"https:\/\/dalia.dk\/wp-content\/uploads\/2020\/07\/IMG_5074-1-scaled.jpg","type":"image\/jpeg"}],"twitter_card":"summary_large_image","schema":{"@context":"https:\/\/schema.org","@graph":[{"@type":"WebPage","@id":"https:\/\/dalia.dk\/de\/product\/gestreiftes-leinenoberteil-mit-laengerem-ruecken-01-63\/","url":"https:\/\/dalia.dk\/de\/product\/gestreiftes-leinenoberteil-mit-laengerem-ruecken-01-63\/","name":"Gestreiftes Leinenoberteil | 100% Leinen | Oberteile | Nachhaltige Mode | Dalia","isPartOf":{"@id":"https:\/\/dalia.dk\/de\/#website"},"primaryImageOfPage":{"@id":"https:\/\/dalia.dk\/de\/product\/gestreiftes-leinenoberteil-mit-laengerem-ruecken-01-63\/#primaryimage"},"image":{"@id":"https:\/\/dalia.dk\/de\/product\/gestreiftes-leinenoberteil-mit-laengerem-ruecken-01-63\/#primaryimage"},"thumbnailUrl":"https:\/\/dalia.dk\/wp-content\/uploads\/2020\/07\/IMG_5074-1-scaled.jpg","datePublished":"2025-02-18T14:34:54+00:00","description":"Ein gestreiftes Leinenoberteil, das perfekt f\u00fcr die Sommerhitze ist. 100% Leinen. Hergestellt in Litauen, EU. Erh\u00e4ltlich in verschiedenen Farben. Klicken Sie hier, um mehr zu sehen.","breadcrumb":{"@id":"https:\/\/dalia.dk\/de\/product\/gestreiftes-leinenoberteil-mit-laengerem-ruecken-01-63\/#breadcrumb"},"inLanguage":"de-DE","potentialAction":[{"@type":"ReadAction","target":["https:\/\/dalia.dk\/de\/product\/gestreiftes-leinenoberteil-mit-laengerem-ruecken-01-63\/"]}]},{"@type":"ImageObject","inLanguage":"de-DE","@id":"https:\/\/dalia.dk\/de\/product\/gestreiftes-leinenoberteil-mit-laengerem-ruecken-01-63\/#primaryimage","url":"https:\/\/dalia.dk\/wp-content\/uploads\/2020\/07\/IMG_5074-1-scaled.jpg","contentUrl":"https:\/\/dalia.dk\/wp-content\/uploads\/2020\/07\/IMG_5074-1-scaled.jpg","width":1707,"height":2560},{"@type":"BreadcrumbList","@id":"https:\/\/dalia.dk\/de\/product\/gestreiftes-leinenoberteil-mit-laengerem-ruecken-01-63\/#breadcrumb","itemListElement":[{"@type":"ListItem","position":1,"name":"Home","item":"https:\/\/dalia.dk\/de\/"},{"@type":"ListItem","position":2,"name":"Webshop","item":"https:\/\/dalia.dk\/de\/webshop\/"},{"@type":"ListItem","position":3,"name":"Gestreiftes Leinenoberteil mit l\u00e4ngerem R\u00fccken (01-63)"}]},{"@type":"WebSite","@id":"https:\/\/dalia.dk\/de\/#website","url":"https:\/\/dalia.dk\/de\/","name":"Dalia","description":"Tidsl\u00f8s og klassisk h\u00f8rt\u00f8j","publisher":{"@id":"https:\/\/dalia.dk\/de\/#organization"},"potentialAction":[{"@type":"SearchAction","target":{"@type":"EntryPoint","urlTemplate":"https:\/\/dalia.dk\/de\/?s={search_term_string}"},"query-input":{"@type":"PropertyValueSpecification","valueRequired":true,"valueName":"search_term_string"}}],"inLanguage":"de-DE"},{"@type":"Organization","@id":"https:\/\/dalia.dk\/de\/#organization","name":"Dalia","url":"https:\/\/dalia.dk\/de\/","logo":{"@type":"ImageObject","inLanguage":"de-DE","@id":"https:\/\/dalia.dk\/de\/#\/schema\/logo\/image\/","url":"https:\/\/dalia.dk\/wp-content\/uploads\/2020\/02\/dalia_logo_from_maria.png","contentUrl":"https:\/\/dalia.dk\/wp-content\/uploads\/2020\/02\/dalia_logo_from_maria.png","width":1034,"height":320,"caption":"Dalia"},"image":{"@id":"https:\/\/dalia.dk\/de\/#\/schema\/logo\/image\/"},"sameAs":["https:\/\/www.facebook.com\/www.dalia.nu"]}]}},"_links":{"self":[{"href":"https:\/\/dalia.dk\/de\/wp-json\/wp\/v2\/product\/8141","targetHints":{"allow":["GET"]}}],"collection":[{"href":"https:\/\/dalia.dk\/de\/wp-json\/wp\/v2\/product"}],"about":[{"href":"https:\/\/dalia.dk\/de\/wp-json\/wp\/v2\/types\/product"}],"wp:featuredmedia":[{"embeddable":true,"href":"https:\/\/dalia.dk\/de\/wp-json\/wp\/v2\/media\/8143"}],"wp:attachment":[{"href":"https:\/\/dalia.dk\/de\/wp-json\/wp\/v2\/media?parent=8141"}],"wp:term":[{"taxonomy":"product_cat","embeddable":true,"href":"https:\/\/dalia.dk\/de\/wp-json\/wp\/v2\/product_cat?post=8141"},{"taxonomy":"product_tag","embeddable":true,"href":"https:\/\/dalia.dk\/de\/wp-json\/wp\/v2\/product_tag?post=8141"}],"curies":[{"name":"wp","href":"https:\/\/api.w.org\/{rel}","templated":true}]}}