{"id":8186,"date":"2020-07-01T13:44:35","date_gmt":"2025-02-18T14:35:46","guid":{"rendered":"https:\/\/dalia.dk\/product\/gestricktes-leinenoberteil-in-rosa-58l\/"},"modified":"2025-02-18T14:35:46","modified_gmt":"2025-02-18T14:35:46","slug":"gestricktes-leinenoberteil-in-rosa-58l","status":"publish","type":"product","link":"https:\/\/dalia.dk\/de\/product\/gestricktes-leinenoberteil-in-rosa-58l\/","title":{"rendered":"Gestricktes Leinenoberteil in Rosa (58L)"},"content":{"rendered":"<p>&nbsp;<\/p>\n<p>&nbsp;<\/p>\n<p><strong>Farbcode:<\/strong><\/p>\n<p>227<\/p>\n<p>Erh\u00e4ltlich in verschiedenen Farben.<\/p>\n<p>&nbsp;<\/p>\n<p><strong>Qualit\u00e4t:<\/strong><\/p>\n<p>Dieses gestrickte rosa Leinenoberteil besteht aus 100% Leinen und wurde in Litauen, EU, hergestellt.<\/p>\n<p><strong><br \/>\nGr\u00f6\u00dfen:<\/strong><\/p>\n<p>S &#8211; XXL<\/p>\n","protected":false},"excerpt":{"rendered":"<p>&nbsp;<\/p>\n<p>&nbsp;<\/p>\n<p>Ein exklusives und wundersch\u00f6nes Leinenoberteil f\u00fcr den Sommer. Kombiniert mit einem sch\u00f6nen Rock oder einer kurzen Hose sieht es einfach toll aus. Es ist aus 100% Leinen gestrickt, das nur noch sch\u00f6ner und weicher wird, je \u00f6fter Sie es tragen.<\/p>\n<p>&nbsp;<\/p>\n","protected":false},"featured_media":8188,"template":"","meta":{"_acf_changed":false},"product_cat":[955,958],"product_tag":[],"class_list":{"0":"post-8186","1":"product","2":"type-product","3":"status-publish","4":"has-post-thumbnail","6":"product_cat-kollektion-strickwaren","7":"product_cat-kollektion-tops","9":"first","10":"instock","11":"shipping-taxable","12":"product-type-simple"},"acf":[],"yoast_head":"<!-- This site is optimized with the Yoast SEO plugin v25.2 - https:\/\/yoast.com\/wordpress\/plugins\/seo\/ -->\n<title>Gestricktes rosa Leinenoberteil | 100% nachhaltiges Leinen | Slow Fashion | Dalia<\/title>\n<meta name=\"description\" content=\"Gestricktes Leinenoberteil in Rosa, das atmungsaktiv und temperaturregulierend ist. Ein Material, das sich immer gut f\u00fcr die Sommerhitze eignet. 100% Leinen. Sehen Sie hier mehr.\" \/>\n<meta name=\"robots\" content=\"index, follow, max-snippet:-1, max-image-preview:large, max-video-preview:-1\" \/>\n<link rel=\"canonical\" href=\"https:\/\/dalia.dk\/de\/product\/gestricktes-leinenoberteil-in-rosa-58l\/\" \/>\n<meta property=\"og:locale\" content=\"de_DE\" \/>\n<meta property=\"og:type\" content=\"article\" \/>\n<meta property=\"og:title\" content=\"Gestricktes rosa Leinenoberteil | 100% nachhaltiges Leinen | Slow Fashion | Dalia\" \/>\n<meta property=\"og:description\" content=\"Gestricktes Leinenoberteil in Rosa, das atmungsaktiv und temperaturregulierend ist. Ein Material, das sich immer gut f\u00fcr die Sommerhitze eignet. 100% Leinen. Sehen Sie hier mehr.\" \/>\n<meta property=\"og:url\" content=\"https:\/\/dalia.dk\/de\/product\/gestricktes-leinenoberteil-in-rosa-58l\/\" \/>\n<meta property=\"og:site_name\" content=\"Dalia\" \/>\n<meta property=\"article:publisher\" content=\"https:\/\/www.facebook.com\/www.dalia.nu\" \/>\n<meta property=\"og:image\" content=\"https:\/\/dalia.dk\/wp-content\/uploads\/2020\/07\/IMG_1103-scaled.jpg\" \/>\n\t<meta property=\"og:image:width\" content=\"1707\" \/>\n\t<meta property=\"og:image:height\" content=\"2560\" \/>\n\t<meta property=\"og:image:type\" content=\"image\/jpeg\" \/>\n<meta name=\"twitter:card\" content=\"summary_large_image\" \/>\n<script type=\"application\/ld+json\" class=\"yoast-schema-graph\">{\"@context\":\"https:\/\/schema.org\",\"@graph\":[{\"@type\":\"WebPage\",\"@id\":\"https:\/\/dalia.dk\/de\/product\/gestricktes-leinenoberteil-in-rosa-58l\/\",\"url\":\"https:\/\/dalia.dk\/de\/product\/gestricktes-leinenoberteil-in-rosa-58l\/\",\"name\":\"Gestricktes rosa Leinenoberteil | 100% nachhaltiges Leinen | Slow Fashion | Dalia\",\"isPartOf\":{\"@id\":\"https:\/\/dalia.dk\/de\/#website\"},\"primaryImageOfPage\":{\"@id\":\"https:\/\/dalia.dk\/de\/product\/gestricktes-leinenoberteil-in-rosa-58l\/#primaryimage\"},\"image\":{\"@id\":\"https:\/\/dalia.dk\/de\/product\/gestricktes-leinenoberteil-in-rosa-58l\/#primaryimage\"},\"thumbnailUrl\":\"https:\/\/dalia.dk\/wp-content\/uploads\/2020\/07\/IMG_1103-scaled.jpg\",\"datePublished\":\"2025-02-18T14:35:46+00:00\",\"description\":\"Gestricktes Leinenoberteil in Rosa, das atmungsaktiv und temperaturregulierend ist. Ein Material, das sich immer gut f\u00fcr die Sommerhitze eignet. 100% Leinen. Sehen Sie hier mehr.\",\"breadcrumb\":{\"@id\":\"https:\/\/dalia.dk\/de\/product\/gestricktes-leinenoberteil-in-rosa-58l\/#breadcrumb\"},\"inLanguage\":\"de-DE\",\"potentialAction\":[{\"@type\":\"ReadAction\",\"target\":[\"https:\/\/dalia.dk\/de\/product\/gestricktes-leinenoberteil-in-rosa-58l\/\"]}]},{\"@type\":\"ImageObject\",\"inLanguage\":\"de-DE\",\"@id\":\"https:\/\/dalia.dk\/de\/product\/gestricktes-leinenoberteil-in-rosa-58l\/#primaryimage\",\"url\":\"https:\/\/dalia.dk\/wp-content\/uploads\/2020\/07\/IMG_1103-scaled.jpg\",\"contentUrl\":\"https:\/\/dalia.dk\/wp-content\/uploads\/2020\/07\/IMG_1103-scaled.jpg\",\"width\":1707,\"height\":2560},{\"@type\":\"BreadcrumbList\",\"@id\":\"https:\/\/dalia.dk\/de\/product\/gestricktes-leinenoberteil-in-rosa-58l\/#breadcrumb\",\"itemListElement\":[{\"@type\":\"ListItem\",\"position\":1,\"name\":\"Home\",\"item\":\"https:\/\/dalia.dk\/de\/\"},{\"@type\":\"ListItem\",\"position\":2,\"name\":\"Webshop\",\"item\":\"https:\/\/dalia.dk\/de\/webshop\/\"},{\"@type\":\"ListItem\",\"position\":3,\"name\":\"Gestricktes Leinenoberteil in Rosa (58L)\"}]},{\"@type\":\"WebSite\",\"@id\":\"https:\/\/dalia.dk\/de\/#website\",\"url\":\"https:\/\/dalia.dk\/de\/\",\"name\":\"Dalia\",\"description\":\"Tidsl\u00f8s og klassisk h\u00f8rt\u00f8j\",\"publisher\":{\"@id\":\"https:\/\/dalia.dk\/de\/#organization\"},\"potentialAction\":[{\"@type\":\"SearchAction\",\"target\":{\"@type\":\"EntryPoint\",\"urlTemplate\":\"https:\/\/dalia.dk\/de\/?s={search_term_string}\"},\"query-input\":{\"@type\":\"PropertyValueSpecification\",\"valueRequired\":true,\"valueName\":\"search_term_string\"}}],\"inLanguage\":\"de-DE\"},{\"@type\":\"Organization\",\"@id\":\"https:\/\/dalia.dk\/de\/#organization\",\"name\":\"Dalia\",\"url\":\"https:\/\/dalia.dk\/de\/\",\"logo\":{\"@type\":\"ImageObject\",\"inLanguage\":\"de-DE\",\"@id\":\"https:\/\/dalia.dk\/de\/#\/schema\/logo\/image\/\",\"url\":\"https:\/\/dalia.dk\/wp-content\/uploads\/2020\/02\/dalia_logo_from_maria.png\",\"contentUrl\":\"https:\/\/dalia.dk\/wp-content\/uploads\/2020\/02\/dalia_logo_from_maria.png\",\"width\":1034,\"height\":320,\"caption\":\"Dalia\"},\"image\":{\"@id\":\"https:\/\/dalia.dk\/de\/#\/schema\/logo\/image\/\"},\"sameAs\":[\"https:\/\/www.facebook.com\/www.dalia.nu\"]}]}<\/script>\n<!-- \/ Yoast SEO plugin. -->","yoast_head_json":{"title":"Gestricktes rosa Leinenoberteil | 100% nachhaltiges Leinen | Slow Fashion | Dalia","description":"Gestricktes Leinenoberteil in Rosa, das atmungsaktiv und temperaturregulierend ist. Ein Material, das sich immer gut f\u00fcr die Sommerhitze eignet. 100% Leinen. Sehen Sie hier mehr.","robots":{"index":"index","follow":"follow","max-snippet":"max-snippet:-1","max-image-preview":"max-image-preview:large","max-video-preview":"max-video-preview:-1"},"canonical":"https:\/\/dalia.dk\/de\/product\/gestricktes-leinenoberteil-in-rosa-58l\/","og_locale":"de_DE","og_type":"article","og_title":"Gestricktes rosa Leinenoberteil | 100% nachhaltiges Leinen | Slow Fashion | Dalia","og_description":"Gestricktes Leinenoberteil in Rosa, das atmungsaktiv und temperaturregulierend ist. Ein Material, das sich immer gut f\u00fcr die Sommerhitze eignet. 100% Leinen. Sehen Sie hier mehr.","og_url":"https:\/\/dalia.dk\/de\/product\/gestricktes-leinenoberteil-in-rosa-58l\/","og_site_name":"Dalia","article_publisher":"https:\/\/www.facebook.com\/www.dalia.nu","og_image":[{"width":1707,"height":2560,"url":"https:\/\/dalia.dk\/wp-content\/uploads\/2020\/07\/IMG_1103-scaled.jpg","type":"image\/jpeg"}],"twitter_card":"summary_large_image","schema":{"@context":"https:\/\/schema.org","@graph":[{"@type":"WebPage","@id":"https:\/\/dalia.dk\/de\/product\/gestricktes-leinenoberteil-in-rosa-58l\/","url":"https:\/\/dalia.dk\/de\/product\/gestricktes-leinenoberteil-in-rosa-58l\/","name":"Gestricktes rosa Leinenoberteil | 100% nachhaltiges Leinen | Slow Fashion | Dalia","isPartOf":{"@id":"https:\/\/dalia.dk\/de\/#website"},"primaryImageOfPage":{"@id":"https:\/\/dalia.dk\/de\/product\/gestricktes-leinenoberteil-in-rosa-58l\/#primaryimage"},"image":{"@id":"https:\/\/dalia.dk\/de\/product\/gestricktes-leinenoberteil-in-rosa-58l\/#primaryimage"},"thumbnailUrl":"https:\/\/dalia.dk\/wp-content\/uploads\/2020\/07\/IMG_1103-scaled.jpg","datePublished":"2025-02-18T14:35:46+00:00","description":"Gestricktes Leinenoberteil in Rosa, das atmungsaktiv und temperaturregulierend ist. Ein Material, das sich immer gut f\u00fcr die Sommerhitze eignet. 100% Leinen. Sehen Sie hier mehr.","breadcrumb":{"@id":"https:\/\/dalia.dk\/de\/product\/gestricktes-leinenoberteil-in-rosa-58l\/#breadcrumb"},"inLanguage":"de-DE","potentialAction":[{"@type":"ReadAction","target":["https:\/\/dalia.dk\/de\/product\/gestricktes-leinenoberteil-in-rosa-58l\/"]}]},{"@type":"ImageObject","inLanguage":"de-DE","@id":"https:\/\/dalia.dk\/de\/product\/gestricktes-leinenoberteil-in-rosa-58l\/#primaryimage","url":"https:\/\/dalia.dk\/wp-content\/uploads\/2020\/07\/IMG_1103-scaled.jpg","contentUrl":"https:\/\/dalia.dk\/wp-content\/uploads\/2020\/07\/IMG_1103-scaled.jpg","width":1707,"height":2560},{"@type":"BreadcrumbList","@id":"https:\/\/dalia.dk\/de\/product\/gestricktes-leinenoberteil-in-rosa-58l\/#breadcrumb","itemListElement":[{"@type":"ListItem","position":1,"name":"Home","item":"https:\/\/dalia.dk\/de\/"},{"@type":"ListItem","position":2,"name":"Webshop","item":"https:\/\/dalia.dk\/de\/webshop\/"},{"@type":"ListItem","position":3,"name":"Gestricktes Leinenoberteil in Rosa (58L)"}]},{"@type":"WebSite","@id":"https:\/\/dalia.dk\/de\/#website","url":"https:\/\/dalia.dk\/de\/","name":"Dalia","description":"Tidsl\u00f8s og klassisk h\u00f8rt\u00f8j","publisher":{"@id":"https:\/\/dalia.dk\/de\/#organization"},"potentialAction":[{"@type":"SearchAction","target":{"@type":"EntryPoint","urlTemplate":"https:\/\/dalia.dk\/de\/?s={search_term_string}"},"query-input":{"@type":"PropertyValueSpecification","valueRequired":true,"valueName":"search_term_string"}}],"inLanguage":"de-DE"},{"@type":"Organization","@id":"https:\/\/dalia.dk\/de\/#organization","name":"Dalia","url":"https:\/\/dalia.dk\/de\/","logo":{"@type":"ImageObject","inLanguage":"de-DE","@id":"https:\/\/dalia.dk\/de\/#\/schema\/logo\/image\/","url":"https:\/\/dalia.dk\/wp-content\/uploads\/2020\/02\/dalia_logo_from_maria.png","contentUrl":"https:\/\/dalia.dk\/wp-content\/uploads\/2020\/02\/dalia_logo_from_maria.png","width":1034,"height":320,"caption":"Dalia"},"image":{"@id":"https:\/\/dalia.dk\/de\/#\/schema\/logo\/image\/"},"sameAs":["https:\/\/www.facebook.com\/www.dalia.nu"]}]}},"_links":{"self":[{"href":"https:\/\/dalia.dk\/de\/wp-json\/wp\/v2\/product\/8186","targetHints":{"allow":["GET"]}}],"collection":[{"href":"https:\/\/dalia.dk\/de\/wp-json\/wp\/v2\/product"}],"about":[{"href":"https:\/\/dalia.dk\/de\/wp-json\/wp\/v2\/types\/product"}],"wp:featuredmedia":[{"embeddable":true,"href":"https:\/\/dalia.dk\/de\/wp-json\/wp\/v2\/media\/8188"}],"wp:attachment":[{"href":"https:\/\/dalia.dk\/de\/wp-json\/wp\/v2\/media?parent=8186"}],"wp:term":[{"taxonomy":"product_cat","embeddable":true,"href":"https:\/\/dalia.dk\/de\/wp-json\/wp\/v2\/product_cat?post=8186"},{"taxonomy":"product_tag","embeddable":true,"href":"https:\/\/dalia.dk\/de\/wp-json\/wp\/v2\/product_tag?post=8186"}],"curies":[{"name":"wp","href":"https:\/\/api.w.org\/{rel}","templated":true}]}}