{"id":8590,"date":"2022-03-06T21:23:21","date_gmt":"2025-02-18T14:38:00","guid":{"rendered":"https:\/\/dalia.dk\/product\/sommerkleid-aus-gelbem-leinen-05-801\/"},"modified":"2025-02-18T14:38:00","modified_gmt":"2025-02-18T14:38:00","slug":"sommerkleid-aus-gelbem-leinen-05-801","status":"publish","type":"product","link":"https:\/\/dalia.dk\/de\/product\/sommerkleid-aus-gelbem-leinen-05-801\/","title":{"rendered":"Sommerkleid aus gelbem Leinen (05-801)"},"content":{"rendered":"<p>&nbsp;<\/p>\n<p>&nbsp;<\/p>\n<p><strong>Farbcode:<\/strong><\/p>\n<p>2720<\/p>\n<p>Erh\u00e4ltlich in verschiedenen Farben.<\/p>\n<p>&nbsp;<\/p>\n<p><strong>Qualit\u00e4t:<\/strong><\/p>\n<p>Dieses gelbe Leinenkleid besteht aus 100% Leinen und wurde in Litauen, EU, hergestellt.<\/p>\n<p><strong><br \/>\nGr\u00f6\u00dfen:<\/strong><\/p>\n<p>36 &#8211; 46<\/p>\n","protected":false},"excerpt":{"rendered":"<p>&nbsp;<\/p>\n<p>Dieses Sommerkleid mit kurzen \u00c4rmeln ist aus 100% Leinen gefertigt.<br \/>\nEs hat eine lockere Passform, die ideal f\u00fcr den Sommer ist.<br \/>\nIn Gelb mit wei\u00dfen Punkten wirkt das Leinenkleid verspielt und frisch.  <\/p>\n<p>&nbsp;<\/p>\n","protected":false},"featured_media":8592,"template":"","meta":{"_acf_changed":false},"product_cat":[949],"product_tag":[],"class_list":{"0":"post-8590","1":"product","2":"type-product","3":"status-publish","4":"has-post-thumbnail","6":"product_cat-kollektion-kleider","8":"first","9":"instock","10":"shipping-taxable","11":"product-type-simple"},"acf":[],"yoast_head":"<!-- This site is optimized with the Yoast SEO plugin v25.2 - https:\/\/yoast.com\/wordpress\/plugins\/seo\/ -->\n<title>Gelbes Sommerkleid mit Punkten | 100 % Leinen | Leinenkleider | Dalia<\/title>\n<meta name=\"description\" content=\"Ein sch\u00f6nes Sommerkleid aus 100% Leinen von Dalia. Gelbes Kleid mit wei\u00dfen Tupfen und kurzen \u00c4rmeln. Angenehme und atmungsaktive Qualit\u00e4t.\" \/>\n<meta name=\"robots\" content=\"index, follow, max-snippet:-1, max-image-preview:large, max-video-preview:-1\" \/>\n<link rel=\"canonical\" href=\"https:\/\/dalia.dk\/de\/product\/sommerkleid-aus-gelbem-leinen-05-801\/\" \/>\n<meta property=\"og:locale\" content=\"de_DE\" \/>\n<meta property=\"og:type\" content=\"article\" \/>\n<meta property=\"og:title\" content=\"Gelbes Sommerkleid mit Punkten | 100 % Leinen | Leinenkleider | Dalia\" \/>\n<meta property=\"og:description\" content=\"Ein sch\u00f6nes Sommerkleid aus 100% Leinen von Dalia. Gelbes Kleid mit wei\u00dfen Tupfen und kurzen \u00c4rmeln. Angenehme und atmungsaktive Qualit\u00e4t.\" \/>\n<meta property=\"og:url\" content=\"https:\/\/dalia.dk\/de\/product\/sommerkleid-aus-gelbem-leinen-05-801\/\" \/>\n<meta property=\"og:site_name\" content=\"Dalia\" \/>\n<meta property=\"article:publisher\" content=\"https:\/\/www.facebook.com\/www.dalia.nu\" \/>\n<meta property=\"og:image\" content=\"https:\/\/dalia.dk\/wp-content\/uploads\/2021\/12\/IMG_8956-rotated.jpg\" \/>\n\t<meta property=\"og:image:width\" content=\"1280\" \/>\n\t<meta property=\"og:image:height\" content=\"1920\" \/>\n\t<meta property=\"og:image:type\" content=\"image\/jpeg\" \/>\n<meta name=\"twitter:card\" content=\"summary_large_image\" \/>\n<script type=\"application\/ld+json\" class=\"yoast-schema-graph\">{\"@context\":\"https:\/\/schema.org\",\"@graph\":[{\"@type\":\"WebPage\",\"@id\":\"https:\/\/dalia.dk\/de\/product\/sommerkleid-aus-gelbem-leinen-05-801\/\",\"url\":\"https:\/\/dalia.dk\/de\/product\/sommerkleid-aus-gelbem-leinen-05-801\/\",\"name\":\"Gelbes Sommerkleid mit Punkten | 100 % Leinen | Leinenkleider | Dalia\",\"isPartOf\":{\"@id\":\"https:\/\/dalia.dk\/de\/#website\"},\"primaryImageOfPage\":{\"@id\":\"https:\/\/dalia.dk\/de\/product\/sommerkleid-aus-gelbem-leinen-05-801\/#primaryimage\"},\"image\":{\"@id\":\"https:\/\/dalia.dk\/de\/product\/sommerkleid-aus-gelbem-leinen-05-801\/#primaryimage\"},\"thumbnailUrl\":\"https:\/\/dalia.dk\/wp-content\/uploads\/2021\/12\/IMG_8956-rotated.jpg\",\"datePublished\":\"2025-02-18T14:38:00+00:00\",\"description\":\"Ein sch\u00f6nes Sommerkleid aus 100% Leinen von Dalia. Gelbes Kleid mit wei\u00dfen Tupfen und kurzen \u00c4rmeln. Angenehme und atmungsaktive Qualit\u00e4t.\",\"breadcrumb\":{\"@id\":\"https:\/\/dalia.dk\/de\/product\/sommerkleid-aus-gelbem-leinen-05-801\/#breadcrumb\"},\"inLanguage\":\"de-DE\",\"potentialAction\":[{\"@type\":\"ReadAction\",\"target\":[\"https:\/\/dalia.dk\/de\/product\/sommerkleid-aus-gelbem-leinen-05-801\/\"]}]},{\"@type\":\"ImageObject\",\"inLanguage\":\"de-DE\",\"@id\":\"https:\/\/dalia.dk\/de\/product\/sommerkleid-aus-gelbem-leinen-05-801\/#primaryimage\",\"url\":\"https:\/\/dalia.dk\/wp-content\/uploads\/2021\/12\/IMG_8956-rotated.jpg\",\"contentUrl\":\"https:\/\/dalia.dk\/wp-content\/uploads\/2021\/12\/IMG_8956-rotated.jpg\",\"width\":1280,\"height\":1920},{\"@type\":\"BreadcrumbList\",\"@id\":\"https:\/\/dalia.dk\/de\/product\/sommerkleid-aus-gelbem-leinen-05-801\/#breadcrumb\",\"itemListElement\":[{\"@type\":\"ListItem\",\"position\":1,\"name\":\"Home\",\"item\":\"https:\/\/dalia.dk\/de\/\"},{\"@type\":\"ListItem\",\"position\":2,\"name\":\"Webshop\",\"item\":\"https:\/\/dalia.dk\/de\/webshop\/\"},{\"@type\":\"ListItem\",\"position\":3,\"name\":\"Sommerkleid aus gelbem Leinen (05-801)\"}]},{\"@type\":\"WebSite\",\"@id\":\"https:\/\/dalia.dk\/de\/#website\",\"url\":\"https:\/\/dalia.dk\/de\/\",\"name\":\"Dalia\",\"description\":\"Tidsl\u00f8s og klassisk h\u00f8rt\u00f8j\",\"publisher\":{\"@id\":\"https:\/\/dalia.dk\/de\/#organization\"},\"potentialAction\":[{\"@type\":\"SearchAction\",\"target\":{\"@type\":\"EntryPoint\",\"urlTemplate\":\"https:\/\/dalia.dk\/de\/?s={search_term_string}\"},\"query-input\":{\"@type\":\"PropertyValueSpecification\",\"valueRequired\":true,\"valueName\":\"search_term_string\"}}],\"inLanguage\":\"de-DE\"},{\"@type\":\"Organization\",\"@id\":\"https:\/\/dalia.dk\/de\/#organization\",\"name\":\"Dalia\",\"url\":\"https:\/\/dalia.dk\/de\/\",\"logo\":{\"@type\":\"ImageObject\",\"inLanguage\":\"de-DE\",\"@id\":\"https:\/\/dalia.dk\/de\/#\/schema\/logo\/image\/\",\"url\":\"https:\/\/dalia.dk\/wp-content\/uploads\/2020\/02\/dalia_logo_from_maria.png\",\"contentUrl\":\"https:\/\/dalia.dk\/wp-content\/uploads\/2020\/02\/dalia_logo_from_maria.png\",\"width\":1034,\"height\":320,\"caption\":\"Dalia\"},\"image\":{\"@id\":\"https:\/\/dalia.dk\/de\/#\/schema\/logo\/image\/\"},\"sameAs\":[\"https:\/\/www.facebook.com\/www.dalia.nu\"]}]}<\/script>\n<!-- \/ Yoast SEO plugin. -->","yoast_head_json":{"title":"Gelbes Sommerkleid mit Punkten | 100 % Leinen | Leinenkleider | Dalia","description":"Ein sch\u00f6nes Sommerkleid aus 100% Leinen von Dalia. Gelbes Kleid mit wei\u00dfen Tupfen und kurzen \u00c4rmeln. Angenehme und atmungsaktive Qualit\u00e4t.","robots":{"index":"index","follow":"follow","max-snippet":"max-snippet:-1","max-image-preview":"max-image-preview:large","max-video-preview":"max-video-preview:-1"},"canonical":"https:\/\/dalia.dk\/de\/product\/sommerkleid-aus-gelbem-leinen-05-801\/","og_locale":"de_DE","og_type":"article","og_title":"Gelbes Sommerkleid mit Punkten | 100 % Leinen | Leinenkleider | Dalia","og_description":"Ein sch\u00f6nes Sommerkleid aus 100% Leinen von Dalia. Gelbes Kleid mit wei\u00dfen Tupfen und kurzen \u00c4rmeln. Angenehme und atmungsaktive Qualit\u00e4t.","og_url":"https:\/\/dalia.dk\/de\/product\/sommerkleid-aus-gelbem-leinen-05-801\/","og_site_name":"Dalia","article_publisher":"https:\/\/www.facebook.com\/www.dalia.nu","og_image":[{"width":1280,"height":1920,"url":"https:\/\/dalia.dk\/wp-content\/uploads\/2021\/12\/IMG_8956-rotated.jpg","type":"image\/jpeg"}],"twitter_card":"summary_large_image","schema":{"@context":"https:\/\/schema.org","@graph":[{"@type":"WebPage","@id":"https:\/\/dalia.dk\/de\/product\/sommerkleid-aus-gelbem-leinen-05-801\/","url":"https:\/\/dalia.dk\/de\/product\/sommerkleid-aus-gelbem-leinen-05-801\/","name":"Gelbes Sommerkleid mit Punkten | 100 % Leinen | Leinenkleider | Dalia","isPartOf":{"@id":"https:\/\/dalia.dk\/de\/#website"},"primaryImageOfPage":{"@id":"https:\/\/dalia.dk\/de\/product\/sommerkleid-aus-gelbem-leinen-05-801\/#primaryimage"},"image":{"@id":"https:\/\/dalia.dk\/de\/product\/sommerkleid-aus-gelbem-leinen-05-801\/#primaryimage"},"thumbnailUrl":"https:\/\/dalia.dk\/wp-content\/uploads\/2021\/12\/IMG_8956-rotated.jpg","datePublished":"2025-02-18T14:38:00+00:00","description":"Ein sch\u00f6nes Sommerkleid aus 100% Leinen von Dalia. Gelbes Kleid mit wei\u00dfen Tupfen und kurzen \u00c4rmeln. Angenehme und atmungsaktive Qualit\u00e4t.","breadcrumb":{"@id":"https:\/\/dalia.dk\/de\/product\/sommerkleid-aus-gelbem-leinen-05-801\/#breadcrumb"},"inLanguage":"de-DE","potentialAction":[{"@type":"ReadAction","target":["https:\/\/dalia.dk\/de\/product\/sommerkleid-aus-gelbem-leinen-05-801\/"]}]},{"@type":"ImageObject","inLanguage":"de-DE","@id":"https:\/\/dalia.dk\/de\/product\/sommerkleid-aus-gelbem-leinen-05-801\/#primaryimage","url":"https:\/\/dalia.dk\/wp-content\/uploads\/2021\/12\/IMG_8956-rotated.jpg","contentUrl":"https:\/\/dalia.dk\/wp-content\/uploads\/2021\/12\/IMG_8956-rotated.jpg","width":1280,"height":1920},{"@type":"BreadcrumbList","@id":"https:\/\/dalia.dk\/de\/product\/sommerkleid-aus-gelbem-leinen-05-801\/#breadcrumb","itemListElement":[{"@type":"ListItem","position":1,"name":"Home","item":"https:\/\/dalia.dk\/de\/"},{"@type":"ListItem","position":2,"name":"Webshop","item":"https:\/\/dalia.dk\/de\/webshop\/"},{"@type":"ListItem","position":3,"name":"Sommerkleid aus gelbem Leinen (05-801)"}]},{"@type":"WebSite","@id":"https:\/\/dalia.dk\/de\/#website","url":"https:\/\/dalia.dk\/de\/","name":"Dalia","description":"Tidsl\u00f8s og klassisk h\u00f8rt\u00f8j","publisher":{"@id":"https:\/\/dalia.dk\/de\/#organization"},"potentialAction":[{"@type":"SearchAction","target":{"@type":"EntryPoint","urlTemplate":"https:\/\/dalia.dk\/de\/?s={search_term_string}"},"query-input":{"@type":"PropertyValueSpecification","valueRequired":true,"valueName":"search_term_string"}}],"inLanguage":"de-DE"},{"@type":"Organization","@id":"https:\/\/dalia.dk\/de\/#organization","name":"Dalia","url":"https:\/\/dalia.dk\/de\/","logo":{"@type":"ImageObject","inLanguage":"de-DE","@id":"https:\/\/dalia.dk\/de\/#\/schema\/logo\/image\/","url":"https:\/\/dalia.dk\/wp-content\/uploads\/2020\/02\/dalia_logo_from_maria.png","contentUrl":"https:\/\/dalia.dk\/wp-content\/uploads\/2020\/02\/dalia_logo_from_maria.png","width":1034,"height":320,"caption":"Dalia"},"image":{"@id":"https:\/\/dalia.dk\/de\/#\/schema\/logo\/image\/"},"sameAs":["https:\/\/www.facebook.com\/www.dalia.nu"]}]}},"_links":{"self":[{"href":"https:\/\/dalia.dk\/de\/wp-json\/wp\/v2\/product\/8590","targetHints":{"allow":["GET"]}}],"collection":[{"href":"https:\/\/dalia.dk\/de\/wp-json\/wp\/v2\/product"}],"about":[{"href":"https:\/\/dalia.dk\/de\/wp-json\/wp\/v2\/types\/product"}],"wp:featuredmedia":[{"embeddable":true,"href":"https:\/\/dalia.dk\/de\/wp-json\/wp\/v2\/media\/8592"}],"wp:attachment":[{"href":"https:\/\/dalia.dk\/de\/wp-json\/wp\/v2\/media?parent=8590"}],"wp:term":[{"taxonomy":"product_cat","embeddable":true,"href":"https:\/\/dalia.dk\/de\/wp-json\/wp\/v2\/product_cat?post=8590"},{"taxonomy":"product_tag","embeddable":true,"href":"https:\/\/dalia.dk\/de\/wp-json\/wp\/v2\/product_tag?post=8590"}],"curies":[{"name":"wp","href":"https:\/\/api.w.org\/{rel}","templated":true}]}}