{"id":8626,"date":"2021-10-10T14:04:44","date_gmt":"2025-02-18T14:38:08","guid":{"rendered":"https:\/\/dalia.dk\/product\/luna-kleid-aus-blauer-merinowolle\/"},"modified":"2025-02-18T14:38:08","modified_gmt":"2025-02-18T14:38:08","slug":"luna-kleid-aus-blauer-merinowolle","status":"publish","type":"product","link":"https:\/\/dalia.dk\/de\/product\/luna-kleid-aus-blauer-merinowolle\/","title":{"rendered":"Luna Kleid aus blauer Merinowolle"},"content":{"rendered":"<p>&nbsp;<\/p>\n<p>&nbsp;<\/p>\n<p>Das Model tr\u00e4gt das Wollkleid in Gr\u00f6\u00dfe 36.<\/p>\n<p>&nbsp;<\/p>\n<p><strong>Qualit\u00e4t:<\/strong><\/p>\n<p>Dieses Wollkleid ist aus 100% Merinowolle gefertigt.<br \/>\nMerinowolle ist ein nat\u00fcrliches Material mit vielen gro\u00dfartigen Eigenschaften. Sie ist im Vergleich zu herk\u00f6mmlicher Wolle wunderbar weich und f\u00fchlt sich bei wechselnden Temperaturen wohl. <\/p>\n<p>&nbsp;<\/p>\n<p><strong>Die Vorteile von Merinowolle:<\/strong><\/p>\n<p>&#8211; Temperaturregulierend und atmungsaktiv &#8211; Eine starke Faser, die daf\u00fcr sorgt, dass Produkte aus Merinowolle ihre Form behalten &#8211; Aufgrund ihrer Struktur und ihrer F\u00e4higkeit, Fl\u00fcssigkeit zu binden, f\u00fchlen Sie sich warm und trocken, wenn Sie schwitzen<\/p>\n<p>&nbsp;<\/p>\n","protected":false},"excerpt":{"rendered":"<p>&nbsp;<\/p>\n<p>&nbsp;<\/p>\n<p>Blaues Kleid aus weicher Merinowolle mit langen \u00c4rmeln. Das Kleid hat einen Rundhalsausschnitt mit einem Detail auf der Vorderseite und feine Details an den \u00c4rmeln.<\/p>\n<p>Ein Design, das perfekt f\u00fcr Herbst und Winter mit einem Paar cooler Stiefel ist. <\/p>\n<p>&nbsp;<\/p>\n","protected":false},"featured_media":8628,"template":"","meta":{"_acf_changed":false},"product_cat":[988],"product_tag":[],"class_list":{"0":"post-8626","1":"product","2":"type-product","3":"status-publish","4":"has-post-thumbnail","6":"product_cat-dresses-de","8":"first","9":"instock","10":"shipping-taxable","11":"purchasable","12":"product-type-variable"},"acf":[],"yoast_head":"<!-- This site is optimized with the Yoast SEO plugin v25.2 - https:\/\/yoast.com\/wordpress\/plugins\/seo\/ -->\n<title>Blaues Wollkleid | Weiche Merinowolle | Kleider | Damenmode | Dalia<\/title>\n<meta name=\"description\" content=\"Kaufen Sie Ihr n\u00e4chstes Wollkleid hier! Nachhaltige und weiche Qualit\u00e4ten, die Farbe und Form beibehalten. Einfache und feine Details sorgen f\u00fcr einen klassischen Look.\" \/>\n<meta name=\"robots\" content=\"index, follow, max-snippet:-1, max-image-preview:large, max-video-preview:-1\" \/>\n<link rel=\"canonical\" href=\"https:\/\/dalia.dk\/de\/product\/luna-kleid-aus-blauer-merinowolle\/\" \/>\n<meta property=\"og:locale\" content=\"de_DE\" \/>\n<meta property=\"og:type\" content=\"article\" \/>\n<meta property=\"og:title\" content=\"Blaues Wollkleid | Weiche Merinowolle | Kleider | Damenmode | Dalia\" \/>\n<meta property=\"og:description\" content=\"Kaufen Sie Ihr n\u00e4chstes Wollkleid hier! Nachhaltige und weiche Qualit\u00e4ten, die Farbe und Form beibehalten. Einfache und feine Details sorgen f\u00fcr einen klassischen Look.\" \/>\n<meta property=\"og:url\" content=\"https:\/\/dalia.dk\/de\/product\/luna-kleid-aus-blauer-merinowolle\/\" \/>\n<meta property=\"og:site_name\" content=\"Dalia\" \/>\n<meta property=\"article:publisher\" content=\"https:\/\/www.facebook.com\/www.dalia.nu\" \/>\n<meta property=\"og:image\" content=\"https:\/\/dalia.dk\/wp-content\/uploads\/2021\/10\/IMG_9149-rotated.jpg\" \/>\n\t<meta property=\"og:image:width\" content=\"1280\" \/>\n\t<meta property=\"og:image:height\" content=\"1920\" \/>\n\t<meta property=\"og:image:type\" content=\"image\/jpeg\" \/>\n<meta name=\"twitter:card\" content=\"summary_large_image\" \/>\n<script type=\"application\/ld+json\" class=\"yoast-schema-graph\">{\"@context\":\"https:\/\/schema.org\",\"@graph\":[{\"@type\":\"WebPage\",\"@id\":\"https:\/\/dalia.dk\/de\/product\/luna-kleid-aus-blauer-merinowolle\/\",\"url\":\"https:\/\/dalia.dk\/de\/product\/luna-kleid-aus-blauer-merinowolle\/\",\"name\":\"Blaues Wollkleid | Weiche Merinowolle | Kleider | Damenmode | Dalia\",\"isPartOf\":{\"@id\":\"https:\/\/dalia.dk\/de\/#website\"},\"primaryImageOfPage\":{\"@id\":\"https:\/\/dalia.dk\/de\/product\/luna-kleid-aus-blauer-merinowolle\/#primaryimage\"},\"image\":{\"@id\":\"https:\/\/dalia.dk\/de\/product\/luna-kleid-aus-blauer-merinowolle\/#primaryimage\"},\"thumbnailUrl\":\"https:\/\/dalia.dk\/wp-content\/uploads\/2021\/10\/IMG_9149-rotated.jpg\",\"datePublished\":\"2025-02-18T14:38:08+00:00\",\"description\":\"Kaufen Sie Ihr n\u00e4chstes Wollkleid hier! Nachhaltige und weiche Qualit\u00e4ten, die Farbe und Form beibehalten. Einfache und feine Details sorgen f\u00fcr einen klassischen Look.\",\"breadcrumb\":{\"@id\":\"https:\/\/dalia.dk\/de\/product\/luna-kleid-aus-blauer-merinowolle\/#breadcrumb\"},\"inLanguage\":\"de-DE\",\"potentialAction\":[{\"@type\":\"ReadAction\",\"target\":[\"https:\/\/dalia.dk\/de\/product\/luna-kleid-aus-blauer-merinowolle\/\"]}]},{\"@type\":\"ImageObject\",\"inLanguage\":\"de-DE\",\"@id\":\"https:\/\/dalia.dk\/de\/product\/luna-kleid-aus-blauer-merinowolle\/#primaryimage\",\"url\":\"https:\/\/dalia.dk\/wp-content\/uploads\/2021\/10\/IMG_9149-rotated.jpg\",\"contentUrl\":\"https:\/\/dalia.dk\/wp-content\/uploads\/2021\/10\/IMG_9149-rotated.jpg\",\"width\":1280,\"height\":1920},{\"@type\":\"BreadcrumbList\",\"@id\":\"https:\/\/dalia.dk\/de\/product\/luna-kleid-aus-blauer-merinowolle\/#breadcrumb\",\"itemListElement\":[{\"@type\":\"ListItem\",\"position\":1,\"name\":\"Home\",\"item\":\"https:\/\/dalia.dk\/de\/\"},{\"@type\":\"ListItem\",\"position\":2,\"name\":\"Webshop\",\"item\":\"https:\/\/dalia.dk\/de\/webshop\/\"},{\"@type\":\"ListItem\",\"position\":3,\"name\":\"Luna Kleid aus blauer Merinowolle\"}]},{\"@type\":\"WebSite\",\"@id\":\"https:\/\/dalia.dk\/de\/#website\",\"url\":\"https:\/\/dalia.dk\/de\/\",\"name\":\"Dalia\",\"description\":\"Tidsl\u00f8s og klassisk h\u00f8rt\u00f8j\",\"publisher\":{\"@id\":\"https:\/\/dalia.dk\/de\/#organization\"},\"potentialAction\":[{\"@type\":\"SearchAction\",\"target\":{\"@type\":\"EntryPoint\",\"urlTemplate\":\"https:\/\/dalia.dk\/de\/?s={search_term_string}\"},\"query-input\":{\"@type\":\"PropertyValueSpecification\",\"valueRequired\":true,\"valueName\":\"search_term_string\"}}],\"inLanguage\":\"de-DE\"},{\"@type\":\"Organization\",\"@id\":\"https:\/\/dalia.dk\/de\/#organization\",\"name\":\"Dalia\",\"url\":\"https:\/\/dalia.dk\/de\/\",\"logo\":{\"@type\":\"ImageObject\",\"inLanguage\":\"de-DE\",\"@id\":\"https:\/\/dalia.dk\/de\/#\/schema\/logo\/image\/\",\"url\":\"https:\/\/dalia.dk\/wp-content\/uploads\/2020\/02\/dalia_logo_from_maria.png\",\"contentUrl\":\"https:\/\/dalia.dk\/wp-content\/uploads\/2020\/02\/dalia_logo_from_maria.png\",\"width\":1034,\"height\":320,\"caption\":\"Dalia\"},\"image\":{\"@id\":\"https:\/\/dalia.dk\/de\/#\/schema\/logo\/image\/\"},\"sameAs\":[\"https:\/\/www.facebook.com\/www.dalia.nu\"]}]}<\/script>\n<!-- \/ Yoast SEO plugin. -->","yoast_head_json":{"title":"Blaues Wollkleid | Weiche Merinowolle | Kleider | Damenmode | Dalia","description":"Kaufen Sie Ihr n\u00e4chstes Wollkleid hier! Nachhaltige und weiche Qualit\u00e4ten, die Farbe und Form beibehalten. Einfache und feine Details sorgen f\u00fcr einen klassischen Look.","robots":{"index":"index","follow":"follow","max-snippet":"max-snippet:-1","max-image-preview":"max-image-preview:large","max-video-preview":"max-video-preview:-1"},"canonical":"https:\/\/dalia.dk\/de\/product\/luna-kleid-aus-blauer-merinowolle\/","og_locale":"de_DE","og_type":"article","og_title":"Blaues Wollkleid | Weiche Merinowolle | Kleider | Damenmode | Dalia","og_description":"Kaufen Sie Ihr n\u00e4chstes Wollkleid hier! Nachhaltige und weiche Qualit\u00e4ten, die Farbe und Form beibehalten. Einfache und feine Details sorgen f\u00fcr einen klassischen Look.","og_url":"https:\/\/dalia.dk\/de\/product\/luna-kleid-aus-blauer-merinowolle\/","og_site_name":"Dalia","article_publisher":"https:\/\/www.facebook.com\/www.dalia.nu","og_image":[{"width":1280,"height":1920,"url":"https:\/\/dalia.dk\/wp-content\/uploads\/2021\/10\/IMG_9149-rotated.jpg","type":"image\/jpeg"}],"twitter_card":"summary_large_image","schema":{"@context":"https:\/\/schema.org","@graph":[{"@type":"WebPage","@id":"https:\/\/dalia.dk\/de\/product\/luna-kleid-aus-blauer-merinowolle\/","url":"https:\/\/dalia.dk\/de\/product\/luna-kleid-aus-blauer-merinowolle\/","name":"Blaues Wollkleid | Weiche Merinowolle | Kleider | Damenmode | Dalia","isPartOf":{"@id":"https:\/\/dalia.dk\/de\/#website"},"primaryImageOfPage":{"@id":"https:\/\/dalia.dk\/de\/product\/luna-kleid-aus-blauer-merinowolle\/#primaryimage"},"image":{"@id":"https:\/\/dalia.dk\/de\/product\/luna-kleid-aus-blauer-merinowolle\/#primaryimage"},"thumbnailUrl":"https:\/\/dalia.dk\/wp-content\/uploads\/2021\/10\/IMG_9149-rotated.jpg","datePublished":"2025-02-18T14:38:08+00:00","description":"Kaufen Sie Ihr n\u00e4chstes Wollkleid hier! Nachhaltige und weiche Qualit\u00e4ten, die Farbe und Form beibehalten. Einfache und feine Details sorgen f\u00fcr einen klassischen Look.","breadcrumb":{"@id":"https:\/\/dalia.dk\/de\/product\/luna-kleid-aus-blauer-merinowolle\/#breadcrumb"},"inLanguage":"de-DE","potentialAction":[{"@type":"ReadAction","target":["https:\/\/dalia.dk\/de\/product\/luna-kleid-aus-blauer-merinowolle\/"]}]},{"@type":"ImageObject","inLanguage":"de-DE","@id":"https:\/\/dalia.dk\/de\/product\/luna-kleid-aus-blauer-merinowolle\/#primaryimage","url":"https:\/\/dalia.dk\/wp-content\/uploads\/2021\/10\/IMG_9149-rotated.jpg","contentUrl":"https:\/\/dalia.dk\/wp-content\/uploads\/2021\/10\/IMG_9149-rotated.jpg","width":1280,"height":1920},{"@type":"BreadcrumbList","@id":"https:\/\/dalia.dk\/de\/product\/luna-kleid-aus-blauer-merinowolle\/#breadcrumb","itemListElement":[{"@type":"ListItem","position":1,"name":"Home","item":"https:\/\/dalia.dk\/de\/"},{"@type":"ListItem","position":2,"name":"Webshop","item":"https:\/\/dalia.dk\/de\/webshop\/"},{"@type":"ListItem","position":3,"name":"Luna Kleid aus blauer Merinowolle"}]},{"@type":"WebSite","@id":"https:\/\/dalia.dk\/de\/#website","url":"https:\/\/dalia.dk\/de\/","name":"Dalia","description":"Tidsl\u00f8s og klassisk h\u00f8rt\u00f8j","publisher":{"@id":"https:\/\/dalia.dk\/de\/#organization"},"potentialAction":[{"@type":"SearchAction","target":{"@type":"EntryPoint","urlTemplate":"https:\/\/dalia.dk\/de\/?s={search_term_string}"},"query-input":{"@type":"PropertyValueSpecification","valueRequired":true,"valueName":"search_term_string"}}],"inLanguage":"de-DE"},{"@type":"Organization","@id":"https:\/\/dalia.dk\/de\/#organization","name":"Dalia","url":"https:\/\/dalia.dk\/de\/","logo":{"@type":"ImageObject","inLanguage":"de-DE","@id":"https:\/\/dalia.dk\/de\/#\/schema\/logo\/image\/","url":"https:\/\/dalia.dk\/wp-content\/uploads\/2020\/02\/dalia_logo_from_maria.png","contentUrl":"https:\/\/dalia.dk\/wp-content\/uploads\/2020\/02\/dalia_logo_from_maria.png","width":1034,"height":320,"caption":"Dalia"},"image":{"@id":"https:\/\/dalia.dk\/de\/#\/schema\/logo\/image\/"},"sameAs":["https:\/\/www.facebook.com\/www.dalia.nu"]}]}},"_links":{"self":[{"href":"https:\/\/dalia.dk\/de\/wp-json\/wp\/v2\/product\/8626","targetHints":{"allow":["GET"]}}],"collection":[{"href":"https:\/\/dalia.dk\/de\/wp-json\/wp\/v2\/product"}],"about":[{"href":"https:\/\/dalia.dk\/de\/wp-json\/wp\/v2\/types\/product"}],"wp:featuredmedia":[{"embeddable":true,"href":"https:\/\/dalia.dk\/de\/wp-json\/wp\/v2\/media\/8628"}],"wp:attachment":[{"href":"https:\/\/dalia.dk\/de\/wp-json\/wp\/v2\/media?parent=8626"}],"wp:term":[{"taxonomy":"product_cat","embeddable":true,"href":"https:\/\/dalia.dk\/de\/wp-json\/wp\/v2\/product_cat?post=8626"},{"taxonomy":"product_tag","embeddable":true,"href":"https:\/\/dalia.dk\/de\/wp-json\/wp\/v2\/product_tag?post=8626"}],"curies":[{"name":"wp","href":"https:\/\/api.w.org\/{rel}","templated":true}]}}