{"id":8627,"date":"2023-01-22T15:02:17","date_gmt":"2025-02-18T14:38:09","guid":{"rendered":"https:\/\/dalia.dk\/product\/leichtes-sommerkleid-05-113\/"},"modified":"2025-02-18T14:38:09","modified_gmt":"2025-02-18T14:38:09","slug":"leichtes-sommerkleid-05-113","status":"publish","type":"product","link":"https:\/\/dalia.dk\/de\/product\/leichtes-sommerkleid-05-113\/","title":{"rendered":"Leichtes Sommerkleid (05-113)"},"content":{"rendered":"<div class=\"woocommerce-tabs wc-tabs-wrapper\">\n<div id=\"tab-description\" class=\"woocommerce-Tabs-panel woocommerce-Tabs-panel--description panel entry-content wc-tab\" role=\"tabpanel\" aria-labelledby=\"tab-title-description\">\n<p>&nbsp;<\/p>\n<p><strong>Farbcode:<\/strong><\/p>\n<p>979<\/p>\n<p>Erh\u00e4ltlich in verschiedenen Farben.<\/p>\n<p>&nbsp;<\/p>\n<p><strong>Qualit\u00e4t:<\/strong><\/p>\n<p>Dieses graue Leinenkleid besteht aus 100% Leinen und wurde in Litauen, EU, hergestellt.<\/p>\n<p><strong><br \/>\nGr\u00f6\u00dfen:<\/strong><\/p>\n<p>36 &#8211; 46<\/p>\n<\/div>\n<\/div>\n<section class=\"related products\"><\/section>\n","protected":false},"excerpt":{"rendered":"<p>&nbsp;<\/p>\n<p>Dieses Sommerkleid mit kleinen \u00c4rmeln ist aus 100% Leinen gefertigt.<br \/>\nEs ist luftig und hat feine Kn\u00f6pfe auf der Vorderseite.<br \/>\nDie Leinenqualit\u00e4t ist robust und sorgf\u00e4ltig auf Langlebigkeit ausgelegt.  <\/p>\n<p>Ein gekn\u00f6pftes Kleid aus gewebtem Leinen.<\/p>\n<p>Die N\u00e4hte entlang der Kn\u00f6pfe sorgen f\u00fcr eine besonders bequeme Passform und ein h\u00fcbsches Detail. Das Kleid ist aus 100% Leinen gefertigt und eignet sich hervorragend zum Tragen bei Hitze, da das Material atmungsaktiv ist. <\/p>\n<p>Das Leinenkleid wird von guten N\u00e4hereien in Litauen hergestellt, wo auf gute Arbeitsbedingungen und Qualit\u00e4t geachtet wird. Die Leinenstoffe werden bei litauischen Herstellern eingekauft, die gute Qualit\u00e4ten und Farben anbieten und bei den Produktions- und Arbeitsbedingungen keine Kompromisse eingehen.<\/p>\n<p>Auf beiden Seiten befinden sich Eingrifftaschen &#8211; tragen Sie es das ganze Jahr \u00fcber. Im Sommer allein und in den k\u00e4lteren Monaten mit einem Paar Leggings und einem lang\u00e4rmeligen Pullover oder Hemd darunter und\/oder einer schicken Strickjacke oder einem Strickteil.<\/p>\n<p>Waschanleitung: 30-40 Grad Feinw\u00e4sche In Form ziehen und zum Trocknen aufh\u00e4ngen. D\u00e4mpfen Sie lieber als zu b\u00fcgeln.<br \/>\nWenn Sie Ihre W\u00e4sche zu hei\u00df b\u00fcgeln, knittert der Stoff eher. Nicht bleichen oder chemisch reinigen. <\/p>\n<p>&nbsp;<\/p>\n","protected":false},"featured_media":8631,"template":"","meta":{"_acf_changed":false},"product_cat":[949],"product_tag":[],"class_list":{"0":"post-8627","1":"product","2":"type-product","3":"status-publish","4":"has-post-thumbnail","6":"product_cat-kollektion-kleider","8":"first","9":"instock","10":"shipping-taxable","11":"product-type-simple"},"acf":[],"yoast_head":"<!-- This site is optimized with the Yoast SEO plugin v25.2 - https:\/\/yoast.com\/wordpress\/plugins\/seo\/ -->\n<title>Leichtes Leinenkleid f\u00fcr den Sommer | Starke Leinenqualit\u00e4t | Leinenbekleidung | Dalia<\/title>\n<meta name=\"description\" content=\"Lassen Sie sich von unserem Katalog mit Leinenkleidern inspirieren, die sowohl f\u00fcr Partys als auch f\u00fcr den Strandurlaub geeignet sind. Kleid aus Leinen, hergestellt in Litauen. Sehen Sie hier mehr.\" \/>\n<meta name=\"robots\" content=\"index, follow, max-snippet:-1, max-image-preview:large, max-video-preview:-1\" \/>\n<link rel=\"canonical\" href=\"https:\/\/dalia.dk\/de\/product\/leichtes-sommerkleid-05-113\/\" \/>\n<meta property=\"og:locale\" content=\"de_DE\" \/>\n<meta property=\"og:type\" content=\"article\" \/>\n<meta property=\"og:title\" content=\"Leichtes Leinenkleid f\u00fcr den Sommer | Starke Leinenqualit\u00e4t | Leinenbekleidung | Dalia\" \/>\n<meta property=\"og:description\" content=\"Lassen Sie sich von unserem Katalog mit Leinenkleidern inspirieren, die sowohl f\u00fcr Partys als auch f\u00fcr den Strandurlaub geeignet sind. Kleid aus Leinen, hergestellt in Litauen. Sehen Sie hier mehr.\" \/>\n<meta property=\"og:url\" content=\"https:\/\/dalia.dk\/de\/product\/leichtes-sommerkleid-05-113\/\" \/>\n<meta property=\"og:site_name\" content=\"Dalia\" \/>\n<meta property=\"article:publisher\" content=\"https:\/\/www.facebook.com\/www.dalia.nu\" \/>\n<meta property=\"og:image\" content=\"https:\/\/dalia.dk\/wp-content\/uploads\/2021\/12\/IMG_8975-rotated.jpg\" \/>\n\t<meta property=\"og:image:width\" content=\"1280\" \/>\n\t<meta property=\"og:image:height\" content=\"1920\" \/>\n\t<meta property=\"og:image:type\" content=\"image\/jpeg\" \/>\n<meta name=\"twitter:card\" content=\"summary_large_image\" \/>\n<script type=\"application\/ld+json\" class=\"yoast-schema-graph\">{\"@context\":\"https:\/\/schema.org\",\"@graph\":[{\"@type\":\"WebPage\",\"@id\":\"https:\/\/dalia.dk\/de\/product\/leichtes-sommerkleid-05-113\/\",\"url\":\"https:\/\/dalia.dk\/de\/product\/leichtes-sommerkleid-05-113\/\",\"name\":\"Leichtes Leinenkleid f\u00fcr den Sommer | Starke Leinenqualit\u00e4t | Leinenbekleidung | Dalia\",\"isPartOf\":{\"@id\":\"https:\/\/dalia.dk\/de\/#website\"},\"primaryImageOfPage\":{\"@id\":\"https:\/\/dalia.dk\/de\/product\/leichtes-sommerkleid-05-113\/#primaryimage\"},\"image\":{\"@id\":\"https:\/\/dalia.dk\/de\/product\/leichtes-sommerkleid-05-113\/#primaryimage\"},\"thumbnailUrl\":\"https:\/\/dalia.dk\/wp-content\/uploads\/2021\/12\/IMG_8975-rotated.jpg\",\"datePublished\":\"2025-02-18T14:38:09+00:00\",\"description\":\"Lassen Sie sich von unserem Katalog mit Leinenkleidern inspirieren, die sowohl f\u00fcr Partys als auch f\u00fcr den Strandurlaub geeignet sind. Kleid aus Leinen, hergestellt in Litauen. Sehen Sie hier mehr.\",\"breadcrumb\":{\"@id\":\"https:\/\/dalia.dk\/de\/product\/leichtes-sommerkleid-05-113\/#breadcrumb\"},\"inLanguage\":\"de-DE\",\"potentialAction\":[{\"@type\":\"ReadAction\",\"target\":[\"https:\/\/dalia.dk\/de\/product\/leichtes-sommerkleid-05-113\/\"]}]},{\"@type\":\"ImageObject\",\"inLanguage\":\"de-DE\",\"@id\":\"https:\/\/dalia.dk\/de\/product\/leichtes-sommerkleid-05-113\/#primaryimage\",\"url\":\"https:\/\/dalia.dk\/wp-content\/uploads\/2021\/12\/IMG_8975-rotated.jpg\",\"contentUrl\":\"https:\/\/dalia.dk\/wp-content\/uploads\/2021\/12\/IMG_8975-rotated.jpg\",\"width\":1280,\"height\":1920},{\"@type\":\"BreadcrumbList\",\"@id\":\"https:\/\/dalia.dk\/de\/product\/leichtes-sommerkleid-05-113\/#breadcrumb\",\"itemListElement\":[{\"@type\":\"ListItem\",\"position\":1,\"name\":\"Home\",\"item\":\"https:\/\/dalia.dk\/de\/\"},{\"@type\":\"ListItem\",\"position\":2,\"name\":\"Webshop\",\"item\":\"https:\/\/dalia.dk\/de\/webshop\/\"},{\"@type\":\"ListItem\",\"position\":3,\"name\":\"Leichtes Sommerkleid (05-113)\"}]},{\"@type\":\"WebSite\",\"@id\":\"https:\/\/dalia.dk\/de\/#website\",\"url\":\"https:\/\/dalia.dk\/de\/\",\"name\":\"Dalia\",\"description\":\"Tidsl\u00f8s og klassisk h\u00f8rt\u00f8j\",\"publisher\":{\"@id\":\"https:\/\/dalia.dk\/de\/#organization\"},\"potentialAction\":[{\"@type\":\"SearchAction\",\"target\":{\"@type\":\"EntryPoint\",\"urlTemplate\":\"https:\/\/dalia.dk\/de\/?s={search_term_string}\"},\"query-input\":{\"@type\":\"PropertyValueSpecification\",\"valueRequired\":true,\"valueName\":\"search_term_string\"}}],\"inLanguage\":\"de-DE\"},{\"@type\":\"Organization\",\"@id\":\"https:\/\/dalia.dk\/de\/#organization\",\"name\":\"Dalia\",\"url\":\"https:\/\/dalia.dk\/de\/\",\"logo\":{\"@type\":\"ImageObject\",\"inLanguage\":\"de-DE\",\"@id\":\"https:\/\/dalia.dk\/de\/#\/schema\/logo\/image\/\",\"url\":\"https:\/\/dalia.dk\/wp-content\/uploads\/2020\/02\/dalia_logo_from_maria.png\",\"contentUrl\":\"https:\/\/dalia.dk\/wp-content\/uploads\/2020\/02\/dalia_logo_from_maria.png\",\"width\":1034,\"height\":320,\"caption\":\"Dalia\"},\"image\":{\"@id\":\"https:\/\/dalia.dk\/de\/#\/schema\/logo\/image\/\"},\"sameAs\":[\"https:\/\/www.facebook.com\/www.dalia.nu\"]}]}<\/script>\n<!-- \/ Yoast SEO plugin. -->","yoast_head_json":{"title":"Leichtes Leinenkleid f\u00fcr den Sommer | Starke Leinenqualit\u00e4t | Leinenbekleidung | Dalia","description":"Lassen Sie sich von unserem Katalog mit Leinenkleidern inspirieren, die sowohl f\u00fcr Partys als auch f\u00fcr den Strandurlaub geeignet sind. Kleid aus Leinen, hergestellt in Litauen. Sehen Sie hier mehr.","robots":{"index":"index","follow":"follow","max-snippet":"max-snippet:-1","max-image-preview":"max-image-preview:large","max-video-preview":"max-video-preview:-1"},"canonical":"https:\/\/dalia.dk\/de\/product\/leichtes-sommerkleid-05-113\/","og_locale":"de_DE","og_type":"article","og_title":"Leichtes Leinenkleid f\u00fcr den Sommer | Starke Leinenqualit\u00e4t | Leinenbekleidung | Dalia","og_description":"Lassen Sie sich von unserem Katalog mit Leinenkleidern inspirieren, die sowohl f\u00fcr Partys als auch f\u00fcr den Strandurlaub geeignet sind. Kleid aus Leinen, hergestellt in Litauen. Sehen Sie hier mehr.","og_url":"https:\/\/dalia.dk\/de\/product\/leichtes-sommerkleid-05-113\/","og_site_name":"Dalia","article_publisher":"https:\/\/www.facebook.com\/www.dalia.nu","og_image":[{"width":1280,"height":1920,"url":"https:\/\/dalia.dk\/wp-content\/uploads\/2021\/12\/IMG_8975-rotated.jpg","type":"image\/jpeg"}],"twitter_card":"summary_large_image","schema":{"@context":"https:\/\/schema.org","@graph":[{"@type":"WebPage","@id":"https:\/\/dalia.dk\/de\/product\/leichtes-sommerkleid-05-113\/","url":"https:\/\/dalia.dk\/de\/product\/leichtes-sommerkleid-05-113\/","name":"Leichtes Leinenkleid f\u00fcr den Sommer | Starke Leinenqualit\u00e4t | Leinenbekleidung | Dalia","isPartOf":{"@id":"https:\/\/dalia.dk\/de\/#website"},"primaryImageOfPage":{"@id":"https:\/\/dalia.dk\/de\/product\/leichtes-sommerkleid-05-113\/#primaryimage"},"image":{"@id":"https:\/\/dalia.dk\/de\/product\/leichtes-sommerkleid-05-113\/#primaryimage"},"thumbnailUrl":"https:\/\/dalia.dk\/wp-content\/uploads\/2021\/12\/IMG_8975-rotated.jpg","datePublished":"2025-02-18T14:38:09+00:00","description":"Lassen Sie sich von unserem Katalog mit Leinenkleidern inspirieren, die sowohl f\u00fcr Partys als auch f\u00fcr den Strandurlaub geeignet sind. Kleid aus Leinen, hergestellt in Litauen. Sehen Sie hier mehr.","breadcrumb":{"@id":"https:\/\/dalia.dk\/de\/product\/leichtes-sommerkleid-05-113\/#breadcrumb"},"inLanguage":"de-DE","potentialAction":[{"@type":"ReadAction","target":["https:\/\/dalia.dk\/de\/product\/leichtes-sommerkleid-05-113\/"]}]},{"@type":"ImageObject","inLanguage":"de-DE","@id":"https:\/\/dalia.dk\/de\/product\/leichtes-sommerkleid-05-113\/#primaryimage","url":"https:\/\/dalia.dk\/wp-content\/uploads\/2021\/12\/IMG_8975-rotated.jpg","contentUrl":"https:\/\/dalia.dk\/wp-content\/uploads\/2021\/12\/IMG_8975-rotated.jpg","width":1280,"height":1920},{"@type":"BreadcrumbList","@id":"https:\/\/dalia.dk\/de\/product\/leichtes-sommerkleid-05-113\/#breadcrumb","itemListElement":[{"@type":"ListItem","position":1,"name":"Home","item":"https:\/\/dalia.dk\/de\/"},{"@type":"ListItem","position":2,"name":"Webshop","item":"https:\/\/dalia.dk\/de\/webshop\/"},{"@type":"ListItem","position":3,"name":"Leichtes Sommerkleid (05-113)"}]},{"@type":"WebSite","@id":"https:\/\/dalia.dk\/de\/#website","url":"https:\/\/dalia.dk\/de\/","name":"Dalia","description":"Tidsl\u00f8s og klassisk h\u00f8rt\u00f8j","publisher":{"@id":"https:\/\/dalia.dk\/de\/#organization"},"potentialAction":[{"@type":"SearchAction","target":{"@type":"EntryPoint","urlTemplate":"https:\/\/dalia.dk\/de\/?s={search_term_string}"},"query-input":{"@type":"PropertyValueSpecification","valueRequired":true,"valueName":"search_term_string"}}],"inLanguage":"de-DE"},{"@type":"Organization","@id":"https:\/\/dalia.dk\/de\/#organization","name":"Dalia","url":"https:\/\/dalia.dk\/de\/","logo":{"@type":"ImageObject","inLanguage":"de-DE","@id":"https:\/\/dalia.dk\/de\/#\/schema\/logo\/image\/","url":"https:\/\/dalia.dk\/wp-content\/uploads\/2020\/02\/dalia_logo_from_maria.png","contentUrl":"https:\/\/dalia.dk\/wp-content\/uploads\/2020\/02\/dalia_logo_from_maria.png","width":1034,"height":320,"caption":"Dalia"},"image":{"@id":"https:\/\/dalia.dk\/de\/#\/schema\/logo\/image\/"},"sameAs":["https:\/\/www.facebook.com\/www.dalia.nu"]}]}},"_links":{"self":[{"href":"https:\/\/dalia.dk\/de\/wp-json\/wp\/v2\/product\/8627","targetHints":{"allow":["GET"]}}],"collection":[{"href":"https:\/\/dalia.dk\/de\/wp-json\/wp\/v2\/product"}],"about":[{"href":"https:\/\/dalia.dk\/de\/wp-json\/wp\/v2\/types\/product"}],"wp:featuredmedia":[{"embeddable":true,"href":"https:\/\/dalia.dk\/de\/wp-json\/wp\/v2\/media\/8631"}],"wp:attachment":[{"href":"https:\/\/dalia.dk\/de\/wp-json\/wp\/v2\/media?parent=8627"}],"wp:term":[{"taxonomy":"product_cat","embeddable":true,"href":"https:\/\/dalia.dk\/de\/wp-json\/wp\/v2\/product_cat?post=8627"},{"taxonomy":"product_tag","embeddable":true,"href":"https:\/\/dalia.dk\/de\/wp-json\/wp\/v2\/product_tag?post=8627"}],"curies":[{"name":"wp","href":"https:\/\/api.w.org\/{rel}","templated":true}]}}