{"id":8722,"date":"2021-06-30T10:09:34","date_gmt":"2025-02-18T14:38:43","guid":{"rendered":"https:\/\/dalia.dk\/product\/lisa-leinenkleid-in-petrol\/"},"modified":"2025-02-18T14:38:43","modified_gmt":"2025-02-18T14:38:43","slug":"lisa-leinenkleid-in-petrol","status":"publish","type":"product","link":"https:\/\/dalia.dk\/de\/product\/lisa-leinenkleid-in-petrol\/","title":{"rendered":"Lisa Leinenkleid in Petrol"},"content":{"rendered":"<p>&nbsp;<\/p>\n<p>&nbsp;<\/p>\n<p>Das Model tr\u00e4gt das Leinenkleid in Gr\u00f6\u00dfe 42.<\/p>\n<p>&nbsp;<\/p>\n<p><strong>Qualit\u00e4t:<\/strong><\/p>\n<p>Dieses Leinenkleid ist aus 100% Leinen gefertigt.<br \/>\nLeinen ist ein nat\u00fcrliches Material mit vielen gro\u00dfartigen Eigenschaften. Leinen wird immer weicher, je \u00f6fter Sie es verwenden, und mit der richtigen Pflege sieht es wundersch\u00f6n aus und h\u00e4lt viele Jahre lang. <\/p>\n<p>&nbsp;<\/p>\n<p><strong>H\u00f6ren Sie sich die Vorteile an:<\/strong><\/p>\n<p>&#8211; 30% st\u00e4rker als Baumwolle &#8211; Temperaturregulierend und atmungsaktiv &#8211; Eine starke Faser, die daf\u00fcr sorgt, dass Leinenprodukte ihre Form behalten &#8211; Umweltfreundlich, da f\u00fcr das Wachstum von Leinen nur geringe Mengen an Wasser ben\u00f6tigt werden &#8211; Hat eine glatte und fusselfreie Oberfl\u00e4che, die nie fusselt<\/p>\n<p>&nbsp;<\/p>\n","protected":false},"excerpt":{"rendered":"<p>&nbsp;<\/p>\n<p>Ein sch\u00f6nes Kleid f\u00fcr den Sommer und festliche Anl\u00e4sse. Das Kleid ist in einem Petrolton gehalten, der sich leicht mit vielen verschiedenen dunklen und hellen Farben kombinieren l\u00e4sst. Das Kleid besteht zu 100% aus Leinen, in einer weichen und sch\u00f6nen Qualit\u00e4t. Als praktisches Detail hat das Kleid verdeckte Taschen an beiden Seiten.<\/p>\n<p>&nbsp;<\/p>\n","protected":false},"featured_media":8726,"template":"","meta":{"_acf_changed":false},"product_cat":[988],"product_tag":[],"class_list":{"0":"post-8722","1":"product","2":"type-product","3":"status-publish","4":"has-post-thumbnail","6":"product_cat-dresses-de","8":"first","9":"instock","10":"shipping-taxable","11":"purchasable","12":"product-type-variable"},"acf":[],"yoast_head":"<!-- This site is optimized with the Yoast SEO plugin v25.2 - https:\/\/yoast.com\/wordpress\/plugins\/seo\/ -->\n<title>Lisa Leinenkleid in petrol | Leinenkleider | 100% Leinen | Sommerkleider | Dalia<\/title>\n<meta name=\"description\" content=\"Leinenkleid, das perfekt f\u00fcr die Sommerhitze ist. Das Kleid ist aus 100% Leinen gefertigt, f\u00e4llt sch\u00f6n und hat eine gute Passform. Weiches Leinen in einer starken Qualit\u00e4t.\" \/>\n<meta name=\"robots\" content=\"index, follow, max-snippet:-1, max-image-preview:large, max-video-preview:-1\" \/>\n<link rel=\"canonical\" href=\"https:\/\/dalia.dk\/de\/product\/lisa-leinenkleid-in-petrol\/\" \/>\n<meta property=\"og:locale\" content=\"de_DE\" \/>\n<meta property=\"og:type\" content=\"article\" \/>\n<meta property=\"og:title\" content=\"Lisa Leinenkleid in petrol | Leinenkleider | 100% Leinen | Sommerkleider | Dalia\" \/>\n<meta property=\"og:description\" content=\"Leinenkleid, das perfekt f\u00fcr die Sommerhitze ist. Das Kleid ist aus 100% Leinen gefertigt, f\u00e4llt sch\u00f6n und hat eine gute Passform. Weiches Leinen in einer starken Qualit\u00e4t.\" \/>\n<meta property=\"og:url\" content=\"https:\/\/dalia.dk\/de\/product\/lisa-leinenkleid-in-petrol\/\" \/>\n<meta property=\"og:site_name\" content=\"Dalia\" \/>\n<meta property=\"article:publisher\" content=\"https:\/\/www.facebook.com\/www.dalia.nu\" \/>\n<meta property=\"og:image\" content=\"https:\/\/dalia.dk\/wp-content\/uploads\/2021\/06\/IMG_7985-scaled.jpg\" \/>\n\t<meta property=\"og:image:width\" content=\"1707\" \/>\n\t<meta property=\"og:image:height\" content=\"2560\" \/>\n\t<meta property=\"og:image:type\" content=\"image\/jpeg\" \/>\n<meta name=\"twitter:card\" content=\"summary_large_image\" \/>\n<meta name=\"twitter:label1\" content=\"Est. reading time\" \/>\n\t<meta name=\"twitter:data1\" content=\"1 minute\" \/>\n<script type=\"application\/ld+json\" class=\"yoast-schema-graph\">{\"@context\":\"https:\/\/schema.org\",\"@graph\":[{\"@type\":\"WebPage\",\"@id\":\"https:\/\/dalia.dk\/de\/product\/lisa-leinenkleid-in-petrol\/\",\"url\":\"https:\/\/dalia.dk\/de\/product\/lisa-leinenkleid-in-petrol\/\",\"name\":\"Lisa Leinenkleid in petrol | Leinenkleider | 100% Leinen | Sommerkleider | Dalia\",\"isPartOf\":{\"@id\":\"https:\/\/dalia.dk\/de\/#website\"},\"primaryImageOfPage\":{\"@id\":\"https:\/\/dalia.dk\/de\/product\/lisa-leinenkleid-in-petrol\/#primaryimage\"},\"image\":{\"@id\":\"https:\/\/dalia.dk\/de\/product\/lisa-leinenkleid-in-petrol\/#primaryimage\"},\"thumbnailUrl\":\"https:\/\/dalia.dk\/wp-content\/uploads\/2021\/06\/IMG_7985-scaled.jpg\",\"datePublished\":\"2025-02-18T14:38:43+00:00\",\"description\":\"Leinenkleid, das perfekt f\u00fcr die Sommerhitze ist. Das Kleid ist aus 100% Leinen gefertigt, f\u00e4llt sch\u00f6n und hat eine gute Passform. Weiches Leinen in einer starken Qualit\u00e4t.\",\"breadcrumb\":{\"@id\":\"https:\/\/dalia.dk\/de\/product\/lisa-leinenkleid-in-petrol\/#breadcrumb\"},\"inLanguage\":\"de-DE\",\"potentialAction\":[{\"@type\":\"ReadAction\",\"target\":[\"https:\/\/dalia.dk\/de\/product\/lisa-leinenkleid-in-petrol\/\"]}]},{\"@type\":\"ImageObject\",\"inLanguage\":\"de-DE\",\"@id\":\"https:\/\/dalia.dk\/de\/product\/lisa-leinenkleid-in-petrol\/#primaryimage\",\"url\":\"https:\/\/dalia.dk\/wp-content\/uploads\/2021\/06\/IMG_7985-scaled.jpg\",\"contentUrl\":\"https:\/\/dalia.dk\/wp-content\/uploads\/2021\/06\/IMG_7985-scaled.jpg\",\"width\":1707,\"height\":2560},{\"@type\":\"BreadcrumbList\",\"@id\":\"https:\/\/dalia.dk\/de\/product\/lisa-leinenkleid-in-petrol\/#breadcrumb\",\"itemListElement\":[{\"@type\":\"ListItem\",\"position\":1,\"name\":\"Home\",\"item\":\"https:\/\/dalia.dk\/de\/\"},{\"@type\":\"ListItem\",\"position\":2,\"name\":\"Webshop\",\"item\":\"https:\/\/dalia.dk\/de\/webshop\/\"},{\"@type\":\"ListItem\",\"position\":3,\"name\":\"Lisa Leinenkleid in Petrol\"}]},{\"@type\":\"WebSite\",\"@id\":\"https:\/\/dalia.dk\/de\/#website\",\"url\":\"https:\/\/dalia.dk\/de\/\",\"name\":\"Dalia\",\"description\":\"Tidsl\u00f8s og klassisk h\u00f8rt\u00f8j\",\"publisher\":{\"@id\":\"https:\/\/dalia.dk\/de\/#organization\"},\"potentialAction\":[{\"@type\":\"SearchAction\",\"target\":{\"@type\":\"EntryPoint\",\"urlTemplate\":\"https:\/\/dalia.dk\/de\/?s={search_term_string}\"},\"query-input\":{\"@type\":\"PropertyValueSpecification\",\"valueRequired\":true,\"valueName\":\"search_term_string\"}}],\"inLanguage\":\"de-DE\"},{\"@type\":\"Organization\",\"@id\":\"https:\/\/dalia.dk\/de\/#organization\",\"name\":\"Dalia\",\"url\":\"https:\/\/dalia.dk\/de\/\",\"logo\":{\"@type\":\"ImageObject\",\"inLanguage\":\"de-DE\",\"@id\":\"https:\/\/dalia.dk\/de\/#\/schema\/logo\/image\/\",\"url\":\"https:\/\/dalia.dk\/wp-content\/uploads\/2020\/02\/dalia_logo_from_maria.png\",\"contentUrl\":\"https:\/\/dalia.dk\/wp-content\/uploads\/2020\/02\/dalia_logo_from_maria.png\",\"width\":1034,\"height\":320,\"caption\":\"Dalia\"},\"image\":{\"@id\":\"https:\/\/dalia.dk\/de\/#\/schema\/logo\/image\/\"},\"sameAs\":[\"https:\/\/www.facebook.com\/www.dalia.nu\"]}]}<\/script>\n<!-- \/ Yoast SEO plugin. -->","yoast_head_json":{"title":"Lisa Leinenkleid in petrol | Leinenkleider | 100% Leinen | Sommerkleider | Dalia","description":"Leinenkleid, das perfekt f\u00fcr die Sommerhitze ist. Das Kleid ist aus 100% Leinen gefertigt, f\u00e4llt sch\u00f6n und hat eine gute Passform. Weiches Leinen in einer starken Qualit\u00e4t.","robots":{"index":"index","follow":"follow","max-snippet":"max-snippet:-1","max-image-preview":"max-image-preview:large","max-video-preview":"max-video-preview:-1"},"canonical":"https:\/\/dalia.dk\/de\/product\/lisa-leinenkleid-in-petrol\/","og_locale":"de_DE","og_type":"article","og_title":"Lisa Leinenkleid in petrol | Leinenkleider | 100% Leinen | Sommerkleider | Dalia","og_description":"Leinenkleid, das perfekt f\u00fcr die Sommerhitze ist. Das Kleid ist aus 100% Leinen gefertigt, f\u00e4llt sch\u00f6n und hat eine gute Passform. Weiches Leinen in einer starken Qualit\u00e4t.","og_url":"https:\/\/dalia.dk\/de\/product\/lisa-leinenkleid-in-petrol\/","og_site_name":"Dalia","article_publisher":"https:\/\/www.facebook.com\/www.dalia.nu","og_image":[{"width":1707,"height":2560,"url":"https:\/\/dalia.dk\/wp-content\/uploads\/2021\/06\/IMG_7985-scaled.jpg","type":"image\/jpeg"}],"twitter_card":"summary_large_image","twitter_misc":{"Est. reading time":"1 minute"},"schema":{"@context":"https:\/\/schema.org","@graph":[{"@type":"WebPage","@id":"https:\/\/dalia.dk\/de\/product\/lisa-leinenkleid-in-petrol\/","url":"https:\/\/dalia.dk\/de\/product\/lisa-leinenkleid-in-petrol\/","name":"Lisa Leinenkleid in petrol | Leinenkleider | 100% Leinen | Sommerkleider | Dalia","isPartOf":{"@id":"https:\/\/dalia.dk\/de\/#website"},"primaryImageOfPage":{"@id":"https:\/\/dalia.dk\/de\/product\/lisa-leinenkleid-in-petrol\/#primaryimage"},"image":{"@id":"https:\/\/dalia.dk\/de\/product\/lisa-leinenkleid-in-petrol\/#primaryimage"},"thumbnailUrl":"https:\/\/dalia.dk\/wp-content\/uploads\/2021\/06\/IMG_7985-scaled.jpg","datePublished":"2025-02-18T14:38:43+00:00","description":"Leinenkleid, das perfekt f\u00fcr die Sommerhitze ist. Das Kleid ist aus 100% Leinen gefertigt, f\u00e4llt sch\u00f6n und hat eine gute Passform. Weiches Leinen in einer starken Qualit\u00e4t.","breadcrumb":{"@id":"https:\/\/dalia.dk\/de\/product\/lisa-leinenkleid-in-petrol\/#breadcrumb"},"inLanguage":"de-DE","potentialAction":[{"@type":"ReadAction","target":["https:\/\/dalia.dk\/de\/product\/lisa-leinenkleid-in-petrol\/"]}]},{"@type":"ImageObject","inLanguage":"de-DE","@id":"https:\/\/dalia.dk\/de\/product\/lisa-leinenkleid-in-petrol\/#primaryimage","url":"https:\/\/dalia.dk\/wp-content\/uploads\/2021\/06\/IMG_7985-scaled.jpg","contentUrl":"https:\/\/dalia.dk\/wp-content\/uploads\/2021\/06\/IMG_7985-scaled.jpg","width":1707,"height":2560},{"@type":"BreadcrumbList","@id":"https:\/\/dalia.dk\/de\/product\/lisa-leinenkleid-in-petrol\/#breadcrumb","itemListElement":[{"@type":"ListItem","position":1,"name":"Home","item":"https:\/\/dalia.dk\/de\/"},{"@type":"ListItem","position":2,"name":"Webshop","item":"https:\/\/dalia.dk\/de\/webshop\/"},{"@type":"ListItem","position":3,"name":"Lisa Leinenkleid in Petrol"}]},{"@type":"WebSite","@id":"https:\/\/dalia.dk\/de\/#website","url":"https:\/\/dalia.dk\/de\/","name":"Dalia","description":"Tidsl\u00f8s og klassisk h\u00f8rt\u00f8j","publisher":{"@id":"https:\/\/dalia.dk\/de\/#organization"},"potentialAction":[{"@type":"SearchAction","target":{"@type":"EntryPoint","urlTemplate":"https:\/\/dalia.dk\/de\/?s={search_term_string}"},"query-input":{"@type":"PropertyValueSpecification","valueRequired":true,"valueName":"search_term_string"}}],"inLanguage":"de-DE"},{"@type":"Organization","@id":"https:\/\/dalia.dk\/de\/#organization","name":"Dalia","url":"https:\/\/dalia.dk\/de\/","logo":{"@type":"ImageObject","inLanguage":"de-DE","@id":"https:\/\/dalia.dk\/de\/#\/schema\/logo\/image\/","url":"https:\/\/dalia.dk\/wp-content\/uploads\/2020\/02\/dalia_logo_from_maria.png","contentUrl":"https:\/\/dalia.dk\/wp-content\/uploads\/2020\/02\/dalia_logo_from_maria.png","width":1034,"height":320,"caption":"Dalia"},"image":{"@id":"https:\/\/dalia.dk\/de\/#\/schema\/logo\/image\/"},"sameAs":["https:\/\/www.facebook.com\/www.dalia.nu"]}]}},"_links":{"self":[{"href":"https:\/\/dalia.dk\/de\/wp-json\/wp\/v2\/product\/8722","targetHints":{"allow":["GET"]}}],"collection":[{"href":"https:\/\/dalia.dk\/de\/wp-json\/wp\/v2\/product"}],"about":[{"href":"https:\/\/dalia.dk\/de\/wp-json\/wp\/v2\/types\/product"}],"wp:featuredmedia":[{"embeddable":true,"href":"https:\/\/dalia.dk\/de\/wp-json\/wp\/v2\/media\/8726"}],"wp:attachment":[{"href":"https:\/\/dalia.dk\/de\/wp-json\/wp\/v2\/media?parent=8722"}],"wp:term":[{"taxonomy":"product_cat","embeddable":true,"href":"https:\/\/dalia.dk\/de\/wp-json\/wp\/v2\/product_cat?post=8722"},{"taxonomy":"product_tag","embeddable":true,"href":"https:\/\/dalia.dk\/de\/wp-json\/wp\/v2\/product_tag?post=8722"}],"curies":[{"name":"wp","href":"https:\/\/api.w.org\/{rel}","templated":true}]}}