{"id":10252,"date":"2025-02-25T09:36:10","date_gmt":"2025-02-25T09:36:10","guid":{"rendered":"https:\/\/dalia.dk\/why-we-love-linen\/"},"modified":"2026-03-09T08:40:20","modified_gmt":"2026-03-09T08:40:20","slug":"why-we-love-linen","status":"publish","type":"page","link":"https:\/\/dalia.dk\/en\/why-we-love-linen\/","title":{"rendered":"Why we love linen"},"content":{"rendered":"<figure class=\"wp-block-image size-full\"><img decoding=\"async\" width=\"2560\" height=\"1707\" src=\"https:\/\/dalia.dk\/wp-content\/uploads\/2020\/07\/flax-3608487-scaled.jpg\" alt=\"Flax plants\" class=\"wp-image-1007\" style=\"aspect-ratio:16\/9;object-fit:cover\" srcset=\"https:\/\/dalia.dk\/wp-content\/uploads\/2020\/07\/flax-3608487-scaled.jpg 2560w, https:\/\/dalia.dk\/wp-content\/uploads\/2020\/07\/flax-3608487-scaled-300x200.jpg 300w, https:\/\/dalia.dk\/wp-content\/uploads\/2020\/07\/flax-3608487-scaled-1024x683.jpg 1024w, https:\/\/dalia.dk\/wp-content\/uploads\/2020\/07\/flax-3608487-scaled-768x512.jpg 768w, https:\/\/dalia.dk\/wp-content\/uploads\/2020\/07\/flax-3608487-scaled-1536x1024.jpg 1536w, https:\/\/dalia.dk\/wp-content\/uploads\/2020\/07\/flax-3608487-scaled-2048x1366.jpg 2048w, https:\/\/dalia.dk\/wp-content\/uploads\/2020\/07\/flax-3608487-scaled-990x660.jpg 990w, https:\/\/dalia.dk\/wp-content\/uploads\/2020\/07\/flax-3608487-scaled-441x294.jpg 441w, https:\/\/dalia.dk\/wp-content\/uploads\/2020\/07\/flax-3608487-scaled-800x533.jpg 800w, https:\/\/dalia.dk\/wp-content\/uploads\/2020\/07\/flax-3608487-scaled-150x100.jpg 150w, https:\/\/dalia.dk\/wp-content\/uploads\/2020\/07\/flax-3608487-16x12.jpg 16w\" sizes=\"(max-width: 2560px) 100vw, 2560px\" \/><\/figure><hr class=\"wp-block-separator has-alpha-channel-opacity\"\/><h2 class=\"wp-block-heading has-text-align-center about-paragraph aligncenter has-medium-font-size\">Hvis du ikke allerede kender til h\u00f8rs sk\u00f8nne egenskaber, s\u00e5 deler vi dem gl\u00e6deligt med dig.<\/h2><hr class=\"wp-block-separator has-alpha-channel-opacity\"\/><h2 class=\"wp-block-heading has-text-align-left max-content\" id=\"h-h-r-er-en-naturlig-gl-de\">Flax is a natural joy<\/h2><p class=\"has-text-align-left\">Linen fabric is made from the flax plant and is 100% natural. The production is both demanding and long, but the result is strong and fine fibers that are spun into yarn. The yarn is then either woven or knitted, turning both dresses and blouses into finished designs.  <\/p><p class=\"has-very-dark-gray-color has-text-color\">Flax has a long tradition and has been cultivated for thousands of years. It is one of the oldest plants that has been used to make clothes and textiles. <\/p><div class=\"wp-block-columns is-layout-flex wp-container-core-columns-is-layout-28f84493 wp-block-columns-is-layout-flex\"><div class=\"wp-block-column is-layout-flow wp-block-column-is-layout-flow\"><figure class=\"wp-block-image size-large collage-image\"><img decoding=\"async\" width=\"1707\" height=\"2560\" src=\"https:\/\/dalia.dk\/wp-content\/uploads\/2020\/09\/IMG_5022-3-scaled.jpg\" alt=\"Woman in pink linen blouse and gray linen skirt\" class=\"wp-image-1648\" style=\"aspect-ratio:3\/4;object-fit:cover\" srcset=\"https:\/\/dalia.dk\/wp-content\/uploads\/2020\/09\/IMG_5022-3-scaled.jpg 1707w, https:\/\/dalia.dk\/wp-content\/uploads\/2020\/09\/IMG_5022-3-scaled-200x300.jpg 200w, https:\/\/dalia.dk\/wp-content\/uploads\/2020\/09\/IMG_5022-3-scaled-683x1024.jpg 683w, https:\/\/dalia.dk\/wp-content\/uploads\/2020\/09\/IMG_5022-3-scaled-768x1152.jpg 768w, https:\/\/dalia.dk\/wp-content\/uploads\/2020\/09\/IMG_5022-3-scaled-1024x1536.jpg 1024w, https:\/\/dalia.dk\/wp-content\/uploads\/2020\/09\/IMG_5022-3-scaled-1366x2048.jpg 1366w, https:\/\/dalia.dk\/wp-content\/uploads\/2020\/09\/IMG_5022-3-scaled-990x1485.jpg 990w, https:\/\/dalia.dk\/wp-content\/uploads\/2020\/09\/IMG_5022-3-scaled-441x661.jpg 441w, https:\/\/dalia.dk\/wp-content\/uploads\/2020\/09\/IMG_5022-3-scaled-800x1200.jpg 800w, https:\/\/dalia.dk\/wp-content\/uploads\/2020\/09\/IMG_5022-3-scaled-150x225.jpg 150w, https:\/\/dalia.dk\/wp-content\/uploads\/2020\/09\/IMG_5022-3-8x12.jpg 8w\" sizes=\"(max-width: 1707px) 100vw, 1707px\" \/><\/figure><\/div>\n\n<div class=\"wp-block-column is-layout-flow wp-block-column-is-layout-flow\"><figure class=\"wp-block-image size-large offset-collage-img\"><img decoding=\"async\" src=\"https:\/\/dalia.dk\/wp-content\/uploads\/2020\/07\/IMG_3976-scaled-e1593675587451-792x1024.jpg\" alt=\"Woman in striped linen dress\" class=\"wp-image-879\" style=\"aspect-ratio:3\/4;object-fit:cover\"\/><\/figure><\/div><\/div><hr class=\"wp-block-separator has-alpha-channel-opacity\"\/><div class=\"wp-block-columns is-layout-flex wp-container-core-columns-is-layout-28f84493 wp-block-columns-is-layout-flex\"><div class=\"wp-block-column is-layout-flow wp-block-column-is-layout-flow\"><h2 class=\"wp-block-heading\" id=\"h-uundv-rligt-i-sommervarme\">Indispensable in summer heat<\/h2>\n\n<p>When the summer rays hit, there&#8217;s nothing better than linen clothing. Unlike synthetic fabrics, linen gives you a cooling sensation. With its unique fiber structure, it regulates temperature. This means your body can breathe and you stay comfortable in your favorite dress.   <\/p><\/div>\n\n<div class=\"wp-block-column is-layout-flow wp-block-column-is-layout-flow\"><h2 class=\"wp-block-heading\" id=\"h-kl-dt-p-til-enhver-lejlighed\">Dressed for every occasion<\/h2>\n\n<p>Linen can be both casual and elegant at the same time. We create linen garments in modern cuts that can be styled in many different ways. For everyday wear, our clothes can be styled with flats and jeans, and for Friday night, you can match linen clothes with heels and earrings. That way, the linen dress is versatile and dresses you up for any occasion.<\/p><\/div><\/div><hr class=\"wp-block-separator has-alpha-channel-opacity\"\/><div class=\"wp-block-columns is-layout-flex wp-container-core-columns-is-layout-28f84493 wp-block-columns-is-layout-flex\"><div class=\"wp-block-column is-layout-flow wp-block-column-is-layout-flow\"><figure class=\"wp-block-image size-large collage-image scale70\"><img decoding=\"async\" src=\"https:\/\/dalia.dk\/wp-content\/uploads\/2020\/07\/IMG_4894-1024x683.jpg\" alt=\"linen scarf\" class=\"wp-image-1017\"\/><\/figure><\/div>\n\n<div class=\"wp-block-column is-layout-flow wp-block-column-is-layout-flow\"><figure class=\"wp-block-image size-large test-image\"><img decoding=\"async\" src=\"https:\/\/dalia.dk\/wp-content\/uploads\/2020\/06\/IMG_4901-2-min-1024x683.jpg\" alt=\"linen\" class=\"wp-image-725\"\/><\/figure><\/div><\/div><hr class=\"wp-block-separator has-alpha-channel-opacity\"\/><h2 class=\"wp-block-heading\" id=\"h-kl-dt-p-til-enhver-lejlighed-1\">Dressed for every occasion<\/h2><p>Linen clothing can be both casual and elegant at the same time. We create linen for women&#8217;s linen dresses, linen jackets in modern cuts that can be styled in many different ways. In everyday life, our clothes can be styled with flats and jeans, and for the Friday party, you can match the linen dress with high heels and earrings. In this way, linen is versatile and dresses you up for any occasion.   <\/p>","protected":false},"excerpt":{"rendered":"<p>Hvis du ikke allerede kender til h\u00f8rs sk\u00f8nne egenskaber, s\u00e5 deler vi dem gl\u00e6deligt med dig. Flax is a natural joy Linen fabric is made from the flax plant and is 100% natural. The production is both demanding and long, but the result is strong and fine fibers that are spun into yarn. The yarn [&hellip;]<\/p>\n","protected":false},"author":1,"featured_media":0,"parent":0,"menu_order":0,"comment_status":"closed","ping_status":"closed","template":"","meta":{"_acf_changed":false,"footnotes":""},"class_list":["post-10252","page","type-page","status-publish","hentry"],"acf":[],"yoast_head":"<!-- This site is optimized with the Yoast SEO plugin v25.2 - https:\/\/yoast.com\/wordpress\/plugins\/seo\/ -->\n<title>Flax - why you need flax | Learn more about the properties of flax | Dalia<\/title>\n<meta name=\"description\" content=\"Looking for new classics for your wardrobe? Click here to find out why natural and sustainable linen clothing is the perfect choice.\" \/>\n<meta name=\"robots\" content=\"index, follow, max-snippet:-1, max-image-preview:large, max-video-preview:-1\" \/>\n<link rel=\"canonical\" href=\"https:\/\/dalia.dk\/en\/why-we-love-linen\/\" \/>\n<meta property=\"og:locale\" content=\"en_US\" \/>\n<meta property=\"og:type\" content=\"article\" \/>\n<meta property=\"og:title\" content=\"Flax - why you need flax | Learn more about the properties of flax | Dalia\" \/>\n<meta property=\"og:description\" content=\"Looking for new classics for your wardrobe? Click here to find out why natural and sustainable linen clothing is the perfect choice.\" \/>\n<meta property=\"og:url\" content=\"https:\/\/dalia.dk\/en\/why-we-love-linen\/\" \/>\n<meta property=\"og:site_name\" content=\"Dalia\" \/>\n<meta property=\"article:publisher\" content=\"https:\/\/www.facebook.com\/www.dalia.nu\" \/>\n<meta property=\"article:modified_time\" content=\"2026-03-09T08:40:20+00:00\" \/>\n<meta property=\"og:image\" content=\"https:\/\/dalia.dk\/wp-content\/uploads\/2020\/07\/flax-3608487-scaled.jpg\" \/>\n\t<meta property=\"og:image:width\" content=\"2560\" \/>\n\t<meta property=\"og:image:height\" content=\"1707\" \/>\n\t<meta property=\"og:image:type\" content=\"image\/jpeg\" \/>\n<meta name=\"twitter:card\" content=\"summary_large_image\" \/>\n<meta name=\"twitter:label1\" content=\"Est. reading time\" \/>\n\t<meta name=\"twitter:data1\" content=\"1 minute\" \/>\n<script type=\"application\/ld+json\" class=\"yoast-schema-graph\">{\"@context\":\"https:\/\/schema.org\",\"@graph\":[{\"@type\":\"WebPage\",\"@id\":\"https:\/\/dalia.dk\/en\/why-we-love-linen\/\",\"url\":\"https:\/\/dalia.dk\/en\/why-we-love-linen\/\",\"name\":\"Flax - why you need flax | Learn more about the properties of flax | Dalia\",\"isPartOf\":{\"@id\":\"https:\/\/dalia.dk\/en\/#website\"},\"primaryImageOfPage\":{\"@id\":\"https:\/\/dalia.dk\/en\/why-we-love-linen\/#primaryimage\"},\"image\":{\"@id\":\"https:\/\/dalia.dk\/en\/why-we-love-linen\/#primaryimage\"},\"thumbnailUrl\":\"https:\/\/dalia.dk\/wp-content\/uploads\/2020\/07\/flax-3608487-scaled.jpg\",\"datePublished\":\"2025-02-25T09:36:10+00:00\",\"dateModified\":\"2026-03-09T08:40:20+00:00\",\"description\":\"Looking for new classics for your wardrobe? Click here to find out why natural and sustainable linen clothing is the perfect choice.\",\"breadcrumb\":{\"@id\":\"https:\/\/dalia.dk\/en\/why-we-love-linen\/#breadcrumb\"},\"inLanguage\":\"en-US\",\"potentialAction\":[{\"@type\":\"ReadAction\",\"target\":[\"https:\/\/dalia.dk\/en\/why-we-love-linen\/\"]}]},{\"@type\":\"ImageObject\",\"inLanguage\":\"en-US\",\"@id\":\"https:\/\/dalia.dk\/en\/why-we-love-linen\/#primaryimage\",\"url\":\"https:\/\/dalia.dk\/wp-content\/uploads\/2020\/07\/flax-3608487-scaled.jpg\",\"contentUrl\":\"https:\/\/dalia.dk\/wp-content\/uploads\/2020\/07\/flax-3608487-scaled.jpg\"},{\"@type\":\"BreadcrumbList\",\"@id\":\"https:\/\/dalia.dk\/en\/why-we-love-linen\/#breadcrumb\",\"itemListElement\":[{\"@type\":\"ListItem\",\"position\":1,\"name\":\"Home\",\"item\":\"https:\/\/dalia.dk\/en\/\"},{\"@type\":\"ListItem\",\"position\":2,\"name\":\"Why we love linen\"}]},{\"@type\":\"WebSite\",\"@id\":\"https:\/\/dalia.dk\/en\/#website\",\"url\":\"https:\/\/dalia.dk\/en\/\",\"name\":\"Dalia\",\"description\":\"Tidsl\u00f8s og klassisk h\u00f8rt\u00f8j\",\"publisher\":{\"@id\":\"https:\/\/dalia.dk\/en\/#organization\"},\"potentialAction\":[{\"@type\":\"SearchAction\",\"target\":{\"@type\":\"EntryPoint\",\"urlTemplate\":\"https:\/\/dalia.dk\/en\/?s={search_term_string}\"},\"query-input\":{\"@type\":\"PropertyValueSpecification\",\"valueRequired\":true,\"valueName\":\"search_term_string\"}}],\"inLanguage\":\"en-US\"},{\"@type\":\"Organization\",\"@id\":\"https:\/\/dalia.dk\/en\/#organization\",\"name\":\"Dalia\",\"url\":\"https:\/\/dalia.dk\/en\/\",\"logo\":{\"@type\":\"ImageObject\",\"inLanguage\":\"en-US\",\"@id\":\"https:\/\/dalia.dk\/en\/#\/schema\/logo\/image\/\",\"url\":\"https:\/\/dalia.dk\/wp-content\/uploads\/2020\/02\/dalia_logo_from_maria.png\",\"contentUrl\":\"https:\/\/dalia.dk\/wp-content\/uploads\/2020\/02\/dalia_logo_from_maria.png\",\"width\":1034,\"height\":320,\"caption\":\"Dalia\"},\"image\":{\"@id\":\"https:\/\/dalia.dk\/en\/#\/schema\/logo\/image\/\"},\"sameAs\":[\"https:\/\/www.facebook.com\/www.dalia.nu\"]}]}<\/script>\n<!-- \/ Yoast SEO plugin. -->","yoast_head_json":{"title":"Flax - why you need flax | Learn more about the properties of flax | Dalia","description":"Looking for new classics for your wardrobe? Click here to find out why natural and sustainable linen clothing is the perfect choice.","robots":{"index":"index","follow":"follow","max-snippet":"max-snippet:-1","max-image-preview":"max-image-preview:large","max-video-preview":"max-video-preview:-1"},"canonical":"https:\/\/dalia.dk\/en\/why-we-love-linen\/","og_locale":"en_US","og_type":"article","og_title":"Flax - why you need flax | Learn more about the properties of flax | Dalia","og_description":"Looking for new classics for your wardrobe? Click here to find out why natural and sustainable linen clothing is the perfect choice.","og_url":"https:\/\/dalia.dk\/en\/why-we-love-linen\/","og_site_name":"Dalia","article_publisher":"https:\/\/www.facebook.com\/www.dalia.nu","article_modified_time":"2026-03-09T08:40:20+00:00","og_image":[{"width":2560,"height":1707,"url":"https:\/\/dalia.dk\/wp-content\/uploads\/2020\/07\/flax-3608487-scaled.jpg","type":"image\/jpeg"}],"twitter_card":"summary_large_image","twitter_misc":{"Est. reading time":"1 minute"},"schema":{"@context":"https:\/\/schema.org","@graph":[{"@type":"WebPage","@id":"https:\/\/dalia.dk\/en\/why-we-love-linen\/","url":"https:\/\/dalia.dk\/en\/why-we-love-linen\/","name":"Flax - why you need flax | Learn more about the properties of flax | Dalia","isPartOf":{"@id":"https:\/\/dalia.dk\/en\/#website"},"primaryImageOfPage":{"@id":"https:\/\/dalia.dk\/en\/why-we-love-linen\/#primaryimage"},"image":{"@id":"https:\/\/dalia.dk\/en\/why-we-love-linen\/#primaryimage"},"thumbnailUrl":"https:\/\/dalia.dk\/wp-content\/uploads\/2020\/07\/flax-3608487-scaled.jpg","datePublished":"2025-02-25T09:36:10+00:00","dateModified":"2026-03-09T08:40:20+00:00","description":"Looking for new classics for your wardrobe? Click here to find out why natural and sustainable linen clothing is the perfect choice.","breadcrumb":{"@id":"https:\/\/dalia.dk\/en\/why-we-love-linen\/#breadcrumb"},"inLanguage":"en-US","potentialAction":[{"@type":"ReadAction","target":["https:\/\/dalia.dk\/en\/why-we-love-linen\/"]}]},{"@type":"ImageObject","inLanguage":"en-US","@id":"https:\/\/dalia.dk\/en\/why-we-love-linen\/#primaryimage","url":"https:\/\/dalia.dk\/wp-content\/uploads\/2020\/07\/flax-3608487-scaled.jpg","contentUrl":"https:\/\/dalia.dk\/wp-content\/uploads\/2020\/07\/flax-3608487-scaled.jpg"},{"@type":"BreadcrumbList","@id":"https:\/\/dalia.dk\/en\/why-we-love-linen\/#breadcrumb","itemListElement":[{"@type":"ListItem","position":1,"name":"Home","item":"https:\/\/dalia.dk\/en\/"},{"@type":"ListItem","position":2,"name":"Why we love linen"}]},{"@type":"WebSite","@id":"https:\/\/dalia.dk\/en\/#website","url":"https:\/\/dalia.dk\/en\/","name":"Dalia","description":"Tidsl\u00f8s og klassisk h\u00f8rt\u00f8j","publisher":{"@id":"https:\/\/dalia.dk\/en\/#organization"},"potentialAction":[{"@type":"SearchAction","target":{"@type":"EntryPoint","urlTemplate":"https:\/\/dalia.dk\/en\/?s={search_term_string}"},"query-input":{"@type":"PropertyValueSpecification","valueRequired":true,"valueName":"search_term_string"}}],"inLanguage":"en-US"},{"@type":"Organization","@id":"https:\/\/dalia.dk\/en\/#organization","name":"Dalia","url":"https:\/\/dalia.dk\/en\/","logo":{"@type":"ImageObject","inLanguage":"en-US","@id":"https:\/\/dalia.dk\/en\/#\/schema\/logo\/image\/","url":"https:\/\/dalia.dk\/wp-content\/uploads\/2020\/02\/dalia_logo_from_maria.png","contentUrl":"https:\/\/dalia.dk\/wp-content\/uploads\/2020\/02\/dalia_logo_from_maria.png","width":1034,"height":320,"caption":"Dalia"},"image":{"@id":"https:\/\/dalia.dk\/en\/#\/schema\/logo\/image\/"},"sameAs":["https:\/\/www.facebook.com\/www.dalia.nu"]}]}},"_links":{"self":[{"href":"https:\/\/dalia.dk\/en\/wp-json\/wp\/v2\/pages\/10252","targetHints":{"allow":["GET"]}}],"collection":[{"href":"https:\/\/dalia.dk\/en\/wp-json\/wp\/v2\/pages"}],"about":[{"href":"https:\/\/dalia.dk\/en\/wp-json\/wp\/v2\/types\/page"}],"author":[{"embeddable":true,"href":"https:\/\/dalia.dk\/en\/wp-json\/wp\/v2\/users\/1"}],"replies":[{"embeddable":true,"href":"https:\/\/dalia.dk\/en\/wp-json\/wp\/v2\/comments?post=10252"}],"version-history":[{"count":0,"href":"https:\/\/dalia.dk\/en\/wp-json\/wp\/v2\/pages\/10252\/revisions"}],"wp:attachment":[{"href":"https:\/\/dalia.dk\/en\/wp-json\/wp\/v2\/media?parent=10252"}],"curies":[{"name":"wp","href":"https:\/\/api.w.org\/{rel}","templated":true}]}}