{"id":2323,"date":"2020-07-03T08:47:18","date_gmt":"2020-07-03T08:47:18","guid":{"rendered":"https:\/\/dalia.dk\/product\/knitted-linen-cardigan-21l\/"},"modified":"2025-02-18T14:32:14","modified_gmt":"2025-02-18T14:32:14","slug":"knitted-linen-cardigan-21l","status":"publish","type":"product","link":"https:\/\/dalia.dk\/en\/product\/knitted-linen-cardigan-21l\/","title":{"rendered":"Knitted cardigan in linen (21L)"},"content":{"rendered":"<p>&nbsp;<\/p>\n<p>&nbsp;<\/p>\n<p><strong>Farvekode:<\/strong><\/p>\n<p>2425<\/p>\n<p>Available in more colors.<\/p>\n<p>&nbsp;<\/p>\n<p><strong>Quality:<\/strong><\/p>\n<p>This green cardigan is made from 100% linen and produced in Lithuania, EU.<\/p>\n<p><strong><br \/>\nSt\u00f8rrelser:<\/strong><\/p>\n<p>S &#8211; XXL<\/p>\n","protected":false},"excerpt":{"rendered":"<p>&nbsp;<\/p>\n<p>&nbsp;<\/p>\n<p>A beautifully knitted linen cardigan with horn<br \/>\nbuttons on the front and an elegant and simple slit<br \/>\non the back. A style that can be matched with<br \/>\nboth dresses, a nice blouse or a pair of jeans. <\/p>\n","protected":false},"featured_media":2324,"template":"","meta":{"_acf_changed":false},"product_cat":[40],"product_tag":[188,1189,1190,1104],"class_list":{"0":"post-2323","1":"product","2":"type-product","3":"status-publish","4":"has-post-thumbnail","6":"product_cat-collection-knitwear","7":"product_tag-100-linen-products","8":"product_tag-cardigan-en","9":"product_tag-knit-in-linen","10":"product_tag-top-quality-linen","12":"first","13":"instock","14":"shipping-taxable","15":"product-type-simple"},"acf":[],"yoast_head":"<!-- This site is optimized with the Yoast SEO plugin v25.2 - https:\/\/yoast.com\/wordpress\/plugins\/seo\/ -->\n<title>Linen cardigan | Green | Linen | Sustainable fashion | Slow fashion | Dalia<\/title>\n<meta name=\"description\" content=\"A linen cardigan that can be combined with many styles - dresses, a nice blouse or a pair of jeans. Strong knitted material. Click for more.\" \/>\n<meta name=\"robots\" content=\"index, follow, max-snippet:-1, max-image-preview:large, max-video-preview:-1\" \/>\n<link rel=\"canonical\" href=\"https:\/\/dalia.dk\/en\/product\/knitted-linen-cardigan-21l\/\" \/>\n<meta property=\"og:locale\" content=\"en_US\" \/>\n<meta property=\"og:type\" content=\"article\" \/>\n<meta property=\"og:title\" content=\"Linen cardigan | Green | Linen | Sustainable fashion | Slow fashion | Dalia\" \/>\n<meta property=\"og:description\" content=\"A linen cardigan that can be combined with many styles - dresses, a nice blouse or a pair of jeans. Strong knitted material. Click for more.\" \/>\n<meta property=\"og:url\" content=\"https:\/\/dalia.dk\/en\/product\/knitted-linen-cardigan-21l\/\" \/>\n<meta property=\"og:site_name\" content=\"Dalia\" \/>\n<meta property=\"article:publisher\" content=\"https:\/\/www.facebook.com\/www.dalia.nu\" \/>\n<meta property=\"article:modified_time\" content=\"2025-02-18T14:32:14+00:00\" \/>\n<meta property=\"og:image\" content=\"https:\/\/dalia.dk\/wp-content\/uploads\/2020\/07\/IMG_5135-scaled.jpg\" \/>\n\t<meta property=\"og:image:width\" content=\"1707\" \/>\n\t<meta property=\"og:image:height\" content=\"2560\" \/>\n\t<meta property=\"og:image:type\" content=\"image\/jpeg\" \/>\n<meta name=\"twitter:card\" content=\"summary_large_image\" \/>\n<script type=\"application\/ld+json\" class=\"yoast-schema-graph\">{\"@context\":\"https:\/\/schema.org\",\"@graph\":[{\"@type\":\"WebPage\",\"@id\":\"https:\/\/dalia.dk\/en\/product\/knitted-linen-cardigan-21l\/\",\"url\":\"https:\/\/dalia.dk\/en\/product\/knitted-linen-cardigan-21l\/\",\"name\":\"Linen cardigan | Green | Linen | Sustainable fashion | Slow fashion | Dalia\",\"isPartOf\":{\"@id\":\"https:\/\/dalia.dk\/en\/#website\"},\"primaryImageOfPage\":{\"@id\":\"https:\/\/dalia.dk\/en\/product\/knitted-linen-cardigan-21l\/#primaryimage\"},\"image\":{\"@id\":\"https:\/\/dalia.dk\/en\/product\/knitted-linen-cardigan-21l\/#primaryimage\"},\"thumbnailUrl\":\"https:\/\/dalia.dk\/wp-content\/uploads\/2020\/07\/IMG_5135-scaled.jpg\",\"datePublished\":\"2020-07-03T08:47:18+00:00\",\"dateModified\":\"2025-02-18T14:32:14+00:00\",\"description\":\"A linen cardigan that can be combined with many styles - dresses, a nice blouse or a pair of jeans. Strong knitted material. Click for more.\",\"breadcrumb\":{\"@id\":\"https:\/\/dalia.dk\/en\/product\/knitted-linen-cardigan-21l\/#breadcrumb\"},\"inLanguage\":\"en-US\",\"potentialAction\":[{\"@type\":\"ReadAction\",\"target\":[\"https:\/\/dalia.dk\/en\/product\/knitted-linen-cardigan-21l\/\"]}]},{\"@type\":\"ImageObject\",\"inLanguage\":\"en-US\",\"@id\":\"https:\/\/dalia.dk\/en\/product\/knitted-linen-cardigan-21l\/#primaryimage\",\"url\":\"https:\/\/dalia.dk\/wp-content\/uploads\/2020\/07\/IMG_5135-scaled.jpg\",\"contentUrl\":\"https:\/\/dalia.dk\/wp-content\/uploads\/2020\/07\/IMG_5135-scaled.jpg\",\"width\":1707,\"height\":2560,\"caption\":\"Gr\u00f8n kjole i h\u00f8r\"},{\"@type\":\"BreadcrumbList\",\"@id\":\"https:\/\/dalia.dk\/en\/product\/knitted-linen-cardigan-21l\/#breadcrumb\",\"itemListElement\":[{\"@type\":\"ListItem\",\"position\":1,\"name\":\"Home\",\"item\":\"https:\/\/dalia.dk\/en\/\"},{\"@type\":\"ListItem\",\"position\":2,\"name\":\"Shop\",\"item\":\"https:\/\/dalia.dk\/en\/shop\/\"},{\"@type\":\"ListItem\",\"position\":3,\"name\":\"Knitted cardigan in linen (21L)\"}]},{\"@type\":\"WebSite\",\"@id\":\"https:\/\/dalia.dk\/en\/#website\",\"url\":\"https:\/\/dalia.dk\/en\/\",\"name\":\"Dalia\",\"description\":\"Tidsl\u00f8s og klassisk h\u00f8rt\u00f8j\",\"publisher\":{\"@id\":\"https:\/\/dalia.dk\/en\/#organization\"},\"potentialAction\":[{\"@type\":\"SearchAction\",\"target\":{\"@type\":\"EntryPoint\",\"urlTemplate\":\"https:\/\/dalia.dk\/en\/?s={search_term_string}\"},\"query-input\":{\"@type\":\"PropertyValueSpecification\",\"valueRequired\":true,\"valueName\":\"search_term_string\"}}],\"inLanguage\":\"en-US\"},{\"@type\":\"Organization\",\"@id\":\"https:\/\/dalia.dk\/en\/#organization\",\"name\":\"Dalia\",\"url\":\"https:\/\/dalia.dk\/en\/\",\"logo\":{\"@type\":\"ImageObject\",\"inLanguage\":\"en-US\",\"@id\":\"https:\/\/dalia.dk\/en\/#\/schema\/logo\/image\/\",\"url\":\"https:\/\/dalia.dk\/wp-content\/uploads\/2020\/02\/dalia_logo_from_maria.png\",\"contentUrl\":\"https:\/\/dalia.dk\/wp-content\/uploads\/2020\/02\/dalia_logo_from_maria.png\",\"width\":1034,\"height\":320,\"caption\":\"Dalia\"},\"image\":{\"@id\":\"https:\/\/dalia.dk\/en\/#\/schema\/logo\/image\/\"},\"sameAs\":[\"https:\/\/www.facebook.com\/www.dalia.nu\"]}]}<\/script>\n<!-- \/ Yoast SEO plugin. -->","yoast_head_json":{"title":"Linen cardigan | Green | Linen | Sustainable fashion | Slow fashion | Dalia","description":"A linen cardigan that can be combined with many styles - dresses, a nice blouse or a pair of jeans. Strong knitted material. Click for more.","robots":{"index":"index","follow":"follow","max-snippet":"max-snippet:-1","max-image-preview":"max-image-preview:large","max-video-preview":"max-video-preview:-1"},"canonical":"https:\/\/dalia.dk\/en\/product\/knitted-linen-cardigan-21l\/","og_locale":"en_US","og_type":"article","og_title":"Linen cardigan | Green | Linen | Sustainable fashion | Slow fashion | Dalia","og_description":"A linen cardigan that can be combined with many styles - dresses, a nice blouse or a pair of jeans. Strong knitted material. Click for more.","og_url":"https:\/\/dalia.dk\/en\/product\/knitted-linen-cardigan-21l\/","og_site_name":"Dalia","article_publisher":"https:\/\/www.facebook.com\/www.dalia.nu","article_modified_time":"2025-02-18T14:32:14+00:00","og_image":[{"width":1707,"height":2560,"url":"https:\/\/dalia.dk\/wp-content\/uploads\/2020\/07\/IMG_5135-scaled.jpg","type":"image\/jpeg"}],"twitter_card":"summary_large_image","schema":{"@context":"https:\/\/schema.org","@graph":[{"@type":"WebPage","@id":"https:\/\/dalia.dk\/en\/product\/knitted-linen-cardigan-21l\/","url":"https:\/\/dalia.dk\/en\/product\/knitted-linen-cardigan-21l\/","name":"Linen cardigan | Green | Linen | Sustainable fashion | Slow fashion | Dalia","isPartOf":{"@id":"https:\/\/dalia.dk\/en\/#website"},"primaryImageOfPage":{"@id":"https:\/\/dalia.dk\/en\/product\/knitted-linen-cardigan-21l\/#primaryimage"},"image":{"@id":"https:\/\/dalia.dk\/en\/product\/knitted-linen-cardigan-21l\/#primaryimage"},"thumbnailUrl":"https:\/\/dalia.dk\/wp-content\/uploads\/2020\/07\/IMG_5135-scaled.jpg","datePublished":"2020-07-03T08:47:18+00:00","dateModified":"2025-02-18T14:32:14+00:00","description":"A linen cardigan that can be combined with many styles - dresses, a nice blouse or a pair of jeans. Strong knitted material. Click for more.","breadcrumb":{"@id":"https:\/\/dalia.dk\/en\/product\/knitted-linen-cardigan-21l\/#breadcrumb"},"inLanguage":"en-US","potentialAction":[{"@type":"ReadAction","target":["https:\/\/dalia.dk\/en\/product\/knitted-linen-cardigan-21l\/"]}]},{"@type":"ImageObject","inLanguage":"en-US","@id":"https:\/\/dalia.dk\/en\/product\/knitted-linen-cardigan-21l\/#primaryimage","url":"https:\/\/dalia.dk\/wp-content\/uploads\/2020\/07\/IMG_5135-scaled.jpg","contentUrl":"https:\/\/dalia.dk\/wp-content\/uploads\/2020\/07\/IMG_5135-scaled.jpg","width":1707,"height":2560,"caption":"Gr\u00f8n kjole i h\u00f8r"},{"@type":"BreadcrumbList","@id":"https:\/\/dalia.dk\/en\/product\/knitted-linen-cardigan-21l\/#breadcrumb","itemListElement":[{"@type":"ListItem","position":1,"name":"Home","item":"https:\/\/dalia.dk\/en\/"},{"@type":"ListItem","position":2,"name":"Shop","item":"https:\/\/dalia.dk\/en\/shop\/"},{"@type":"ListItem","position":3,"name":"Knitted cardigan in linen (21L)"}]},{"@type":"WebSite","@id":"https:\/\/dalia.dk\/en\/#website","url":"https:\/\/dalia.dk\/en\/","name":"Dalia","description":"Tidsl\u00f8s og klassisk h\u00f8rt\u00f8j","publisher":{"@id":"https:\/\/dalia.dk\/en\/#organization"},"potentialAction":[{"@type":"SearchAction","target":{"@type":"EntryPoint","urlTemplate":"https:\/\/dalia.dk\/en\/?s={search_term_string}"},"query-input":{"@type":"PropertyValueSpecification","valueRequired":true,"valueName":"search_term_string"}}],"inLanguage":"en-US"},{"@type":"Organization","@id":"https:\/\/dalia.dk\/en\/#organization","name":"Dalia","url":"https:\/\/dalia.dk\/en\/","logo":{"@type":"ImageObject","inLanguage":"en-US","@id":"https:\/\/dalia.dk\/en\/#\/schema\/logo\/image\/","url":"https:\/\/dalia.dk\/wp-content\/uploads\/2020\/02\/dalia_logo_from_maria.png","contentUrl":"https:\/\/dalia.dk\/wp-content\/uploads\/2020\/02\/dalia_logo_from_maria.png","width":1034,"height":320,"caption":"Dalia"},"image":{"@id":"https:\/\/dalia.dk\/en\/#\/schema\/logo\/image\/"},"sameAs":["https:\/\/www.facebook.com\/www.dalia.nu"]}]}},"_links":{"self":[{"href":"https:\/\/dalia.dk\/en\/wp-json\/wp\/v2\/product\/2323","targetHints":{"allow":["GET"]}}],"collection":[{"href":"https:\/\/dalia.dk\/en\/wp-json\/wp\/v2\/product"}],"about":[{"href":"https:\/\/dalia.dk\/en\/wp-json\/wp\/v2\/types\/product"}],"wp:featuredmedia":[{"embeddable":true,"href":"https:\/\/dalia.dk\/en\/wp-json\/wp\/v2\/media\/2324"}],"wp:attachment":[{"href":"https:\/\/dalia.dk\/en\/wp-json\/wp\/v2\/media?parent=2323"}],"wp:term":[{"taxonomy":"product_cat","embeddable":true,"href":"https:\/\/dalia.dk\/en\/wp-json\/wp\/v2\/product_cat?post=2323"},{"taxonomy":"product_tag","embeddable":true,"href":"https:\/\/dalia.dk\/en\/wp-json\/wp\/v2\/product_tag?post=2323"}],"curies":[{"name":"wp","href":"https:\/\/api.w.org\/{rel}","templated":true}]}}