{"id":2395,"date":"2020-07-01T14:59:33","date_gmt":"2020-07-01T14:59:33","guid":{"rendered":"https:\/\/dalia.dk\/product\/long-jacket-in-linen-02-36\/"},"modified":"2025-02-18T14:34:15","modified_gmt":"2025-02-18T14:34:15","slug":"long-jacket-in-linen-02-36","status":"publish","type":"product","link":"https:\/\/dalia.dk\/en\/product\/long-jacket-in-linen-02-36\/","title":{"rendered":"Long linen jacket (02-36)"},"content":{"rendered":"<p>&nbsp;<\/p>\n<p>&nbsp;<\/p>\n<p><strong>Farvekode:<\/strong><\/p>\n<p>2425<\/p>\n<p>Available in more colors.<\/p>\n<p>&nbsp;<\/p>\n<p><strong>Quality:<\/strong><\/p>\n<p>This aqua green linen jacket is made from 100% linen and produced in Lithuania, EU.<\/p>\n<p><strong><br \/>\nSt\u00f8rrelser:<\/strong><\/p>\n<p>36 &#8211; 46<\/p>\n","protected":false},"excerpt":{"rendered":"<p>&nbsp;<\/p>\n<p>&nbsp;<\/p>\n<p>A long linen jacket that is great for chilly days.<br \/>\nThe linen jacket has nice horn buttons and pockets<br \/>\non both sides. The jacket has a relaxed fit<br \/>\nand is made from 100% linen. <\/p>\n","protected":false},"featured_media":2396,"template":"","meta":{"_acf_changed":false},"product_cat":[32],"product_tag":[],"class_list":{"0":"post-2395","1":"product","2":"type-product","3":"status-publish","4":"has-post-thumbnail","6":"product_cat-collection-jackets","8":"first","9":"instock","10":"shipping-taxable","11":"product-type-simple"},"acf":[],"yoast_head":"<!-- This site is optimized with the Yoast SEO plugin v25.2 - https:\/\/yoast.com\/wordpress\/plugins\/seo\/ -->\n<title>Long linen jacket | Jackets | Linen | Sustainable fashion | Dalia<\/title>\n<meta name=\"description\" content=\"The linen jacket that is light and airy. With natural horn buttons and pockets. 100 % linen. Produced in Lithuania, EU. Click for more.\" \/>\n<meta name=\"robots\" content=\"index, follow, max-snippet:-1, max-image-preview:large, max-video-preview:-1\" \/>\n<link rel=\"canonical\" href=\"https:\/\/dalia.dk\/en\/product\/long-jacket-in-linen-02-36\/\" \/>\n<meta property=\"og:locale\" content=\"en_US\" \/>\n<meta property=\"og:type\" content=\"article\" \/>\n<meta property=\"og:title\" content=\"Long linen jacket | Jackets | Linen | Sustainable fashion | Dalia\" \/>\n<meta property=\"og:description\" content=\"The linen jacket that is light and airy. With natural horn buttons and pockets. 100 % linen. Produced in Lithuania, EU. Click for more.\" \/>\n<meta property=\"og:url\" content=\"https:\/\/dalia.dk\/en\/product\/long-jacket-in-linen-02-36\/\" \/>\n<meta property=\"og:site_name\" content=\"Dalia\" \/>\n<meta property=\"article:publisher\" content=\"https:\/\/www.facebook.com\/www.dalia.nu\" \/>\n<meta property=\"article:modified_time\" content=\"2025-02-18T14:34:15+00:00\" \/>\n<meta property=\"og:image\" content=\"https:\/\/dalia.dk\/wp-content\/uploads\/2020\/07\/2017-06-21-17.48.53-scaled.jpg\" \/>\n\t<meta property=\"og:image:width\" content=\"1707\" \/>\n\t<meta property=\"og:image:height\" content=\"2560\" \/>\n\t<meta property=\"og:image:type\" content=\"image\/jpeg\" \/>\n<meta name=\"twitter:card\" content=\"summary_large_image\" \/>\n<script type=\"application\/ld+json\" class=\"yoast-schema-graph\">{\"@context\":\"https:\/\/schema.org\",\"@graph\":[{\"@type\":\"WebPage\",\"@id\":\"https:\/\/dalia.dk\/en\/product\/long-jacket-in-linen-02-36\/\",\"url\":\"https:\/\/dalia.dk\/en\/product\/long-jacket-in-linen-02-36\/\",\"name\":\"Long linen jacket | Jackets | Linen | Sustainable fashion | Dalia\",\"isPartOf\":{\"@id\":\"https:\/\/dalia.dk\/en\/#website\"},\"primaryImageOfPage\":{\"@id\":\"https:\/\/dalia.dk\/en\/product\/long-jacket-in-linen-02-36\/#primaryimage\"},\"image\":{\"@id\":\"https:\/\/dalia.dk\/en\/product\/long-jacket-in-linen-02-36\/#primaryimage\"},\"thumbnailUrl\":\"https:\/\/dalia.dk\/wp-content\/uploads\/2020\/07\/2017-06-21-17.48.53-scaled.jpg\",\"datePublished\":\"2020-07-01T14:59:33+00:00\",\"dateModified\":\"2025-02-18T14:34:15+00:00\",\"description\":\"The linen jacket that is light and airy. With natural horn buttons and pockets. 100 % linen. Produced in Lithuania, EU. Click for more.\",\"breadcrumb\":{\"@id\":\"https:\/\/dalia.dk\/en\/product\/long-jacket-in-linen-02-36\/#breadcrumb\"},\"inLanguage\":\"en-US\",\"potentialAction\":[{\"@type\":\"ReadAction\",\"target\":[\"https:\/\/dalia.dk\/en\/product\/long-jacket-in-linen-02-36\/\"]}]},{\"@type\":\"ImageObject\",\"inLanguage\":\"en-US\",\"@id\":\"https:\/\/dalia.dk\/en\/product\/long-jacket-in-linen-02-36\/#primaryimage\",\"url\":\"https:\/\/dalia.dk\/wp-content\/uploads\/2020\/07\/2017-06-21-17.48.53-scaled.jpg\",\"contentUrl\":\"https:\/\/dalia.dk\/wp-content\/uploads\/2020\/07\/2017-06-21-17.48.53-scaled.jpg\",\"width\":1707,\"height\":2560,\"caption\":\"Kvinde i hvid top og gr\u00f8n h\u00f8rjakke\"},{\"@type\":\"BreadcrumbList\",\"@id\":\"https:\/\/dalia.dk\/en\/product\/long-jacket-in-linen-02-36\/#breadcrumb\",\"itemListElement\":[{\"@type\":\"ListItem\",\"position\":1,\"name\":\"Home\",\"item\":\"https:\/\/dalia.dk\/en\/\"},{\"@type\":\"ListItem\",\"position\":2,\"name\":\"Shop\",\"item\":\"https:\/\/dalia.dk\/en\/shop\/\"},{\"@type\":\"ListItem\",\"position\":3,\"name\":\"Long linen jacket (02-36)\"}]},{\"@type\":\"WebSite\",\"@id\":\"https:\/\/dalia.dk\/en\/#website\",\"url\":\"https:\/\/dalia.dk\/en\/\",\"name\":\"Dalia\",\"description\":\"Tidsl\u00f8s og klassisk h\u00f8rt\u00f8j\",\"publisher\":{\"@id\":\"https:\/\/dalia.dk\/en\/#organization\"},\"potentialAction\":[{\"@type\":\"SearchAction\",\"target\":{\"@type\":\"EntryPoint\",\"urlTemplate\":\"https:\/\/dalia.dk\/en\/?s={search_term_string}\"},\"query-input\":{\"@type\":\"PropertyValueSpecification\",\"valueRequired\":true,\"valueName\":\"search_term_string\"}}],\"inLanguage\":\"en-US\"},{\"@type\":\"Organization\",\"@id\":\"https:\/\/dalia.dk\/en\/#organization\",\"name\":\"Dalia\",\"url\":\"https:\/\/dalia.dk\/en\/\",\"logo\":{\"@type\":\"ImageObject\",\"inLanguage\":\"en-US\",\"@id\":\"https:\/\/dalia.dk\/en\/#\/schema\/logo\/image\/\",\"url\":\"https:\/\/dalia.dk\/wp-content\/uploads\/2020\/02\/dalia_logo_from_maria.png\",\"contentUrl\":\"https:\/\/dalia.dk\/wp-content\/uploads\/2020\/02\/dalia_logo_from_maria.png\",\"width\":1034,\"height\":320,\"caption\":\"Dalia\"},\"image\":{\"@id\":\"https:\/\/dalia.dk\/en\/#\/schema\/logo\/image\/\"},\"sameAs\":[\"https:\/\/www.facebook.com\/www.dalia.nu\"]}]}<\/script>\n<!-- \/ Yoast SEO plugin. -->","yoast_head_json":{"title":"Long linen jacket | Jackets | Linen | Sustainable fashion | Dalia","description":"The linen jacket that is light and airy. With natural horn buttons and pockets. 100 % linen. Produced in Lithuania, EU. Click for more.","robots":{"index":"index","follow":"follow","max-snippet":"max-snippet:-1","max-image-preview":"max-image-preview:large","max-video-preview":"max-video-preview:-1"},"canonical":"https:\/\/dalia.dk\/en\/product\/long-jacket-in-linen-02-36\/","og_locale":"en_US","og_type":"article","og_title":"Long linen jacket | Jackets | Linen | Sustainable fashion | Dalia","og_description":"The linen jacket that is light and airy. With natural horn buttons and pockets. 100 % linen. Produced in Lithuania, EU. Click for more.","og_url":"https:\/\/dalia.dk\/en\/product\/long-jacket-in-linen-02-36\/","og_site_name":"Dalia","article_publisher":"https:\/\/www.facebook.com\/www.dalia.nu","article_modified_time":"2025-02-18T14:34:15+00:00","og_image":[{"width":1707,"height":2560,"url":"https:\/\/dalia.dk\/wp-content\/uploads\/2020\/07\/2017-06-21-17.48.53-scaled.jpg","type":"image\/jpeg"}],"twitter_card":"summary_large_image","schema":{"@context":"https:\/\/schema.org","@graph":[{"@type":"WebPage","@id":"https:\/\/dalia.dk\/en\/product\/long-jacket-in-linen-02-36\/","url":"https:\/\/dalia.dk\/en\/product\/long-jacket-in-linen-02-36\/","name":"Long linen jacket | Jackets | Linen | Sustainable fashion | Dalia","isPartOf":{"@id":"https:\/\/dalia.dk\/en\/#website"},"primaryImageOfPage":{"@id":"https:\/\/dalia.dk\/en\/product\/long-jacket-in-linen-02-36\/#primaryimage"},"image":{"@id":"https:\/\/dalia.dk\/en\/product\/long-jacket-in-linen-02-36\/#primaryimage"},"thumbnailUrl":"https:\/\/dalia.dk\/wp-content\/uploads\/2020\/07\/2017-06-21-17.48.53-scaled.jpg","datePublished":"2020-07-01T14:59:33+00:00","dateModified":"2025-02-18T14:34:15+00:00","description":"The linen jacket that is light and airy. With natural horn buttons and pockets. 100 % linen. Produced in Lithuania, EU. Click for more.","breadcrumb":{"@id":"https:\/\/dalia.dk\/en\/product\/long-jacket-in-linen-02-36\/#breadcrumb"},"inLanguage":"en-US","potentialAction":[{"@type":"ReadAction","target":["https:\/\/dalia.dk\/en\/product\/long-jacket-in-linen-02-36\/"]}]},{"@type":"ImageObject","inLanguage":"en-US","@id":"https:\/\/dalia.dk\/en\/product\/long-jacket-in-linen-02-36\/#primaryimage","url":"https:\/\/dalia.dk\/wp-content\/uploads\/2020\/07\/2017-06-21-17.48.53-scaled.jpg","contentUrl":"https:\/\/dalia.dk\/wp-content\/uploads\/2020\/07\/2017-06-21-17.48.53-scaled.jpg","width":1707,"height":2560,"caption":"Kvinde i hvid top og gr\u00f8n h\u00f8rjakke"},{"@type":"BreadcrumbList","@id":"https:\/\/dalia.dk\/en\/product\/long-jacket-in-linen-02-36\/#breadcrumb","itemListElement":[{"@type":"ListItem","position":1,"name":"Home","item":"https:\/\/dalia.dk\/en\/"},{"@type":"ListItem","position":2,"name":"Shop","item":"https:\/\/dalia.dk\/en\/shop\/"},{"@type":"ListItem","position":3,"name":"Long linen jacket (02-36)"}]},{"@type":"WebSite","@id":"https:\/\/dalia.dk\/en\/#website","url":"https:\/\/dalia.dk\/en\/","name":"Dalia","description":"Tidsl\u00f8s og klassisk h\u00f8rt\u00f8j","publisher":{"@id":"https:\/\/dalia.dk\/en\/#organization"},"potentialAction":[{"@type":"SearchAction","target":{"@type":"EntryPoint","urlTemplate":"https:\/\/dalia.dk\/en\/?s={search_term_string}"},"query-input":{"@type":"PropertyValueSpecification","valueRequired":true,"valueName":"search_term_string"}}],"inLanguage":"en-US"},{"@type":"Organization","@id":"https:\/\/dalia.dk\/en\/#organization","name":"Dalia","url":"https:\/\/dalia.dk\/en\/","logo":{"@type":"ImageObject","inLanguage":"en-US","@id":"https:\/\/dalia.dk\/en\/#\/schema\/logo\/image\/","url":"https:\/\/dalia.dk\/wp-content\/uploads\/2020\/02\/dalia_logo_from_maria.png","contentUrl":"https:\/\/dalia.dk\/wp-content\/uploads\/2020\/02\/dalia_logo_from_maria.png","width":1034,"height":320,"caption":"Dalia"},"image":{"@id":"https:\/\/dalia.dk\/en\/#\/schema\/logo\/image\/"},"sameAs":["https:\/\/www.facebook.com\/www.dalia.nu"]}]}},"_links":{"self":[{"href":"https:\/\/dalia.dk\/en\/wp-json\/wp\/v2\/product\/2395","targetHints":{"allow":["GET"]}}],"collection":[{"href":"https:\/\/dalia.dk\/en\/wp-json\/wp\/v2\/product"}],"about":[{"href":"https:\/\/dalia.dk\/en\/wp-json\/wp\/v2\/types\/product"}],"wp:featuredmedia":[{"embeddable":true,"href":"https:\/\/dalia.dk\/en\/wp-json\/wp\/v2\/media\/2396"}],"wp:attachment":[{"href":"https:\/\/dalia.dk\/en\/wp-json\/wp\/v2\/media?parent=2395"}],"wp:term":[{"taxonomy":"product_cat","embeddable":true,"href":"https:\/\/dalia.dk\/en\/wp-json\/wp\/v2\/product_cat?post=2395"},{"taxonomy":"product_tag","embeddable":true,"href":"https:\/\/dalia.dk\/en\/wp-json\/wp\/v2\/product_tag?post=2395"}],"curies":[{"name":"wp","href":"https:\/\/api.w.org\/{rel}","templated":true}]}}