{"id":4880,"date":"2022-07-24T16:59:36","date_gmt":"2022-07-24T16:59:39","guid":{"rendered":"https:\/\/dalia.dk\/?post_type=product&#038;p=4880"},"modified":"2025-02-18T14:42:38","modified_gmt":"2025-02-18T14:42:38","slug":"linen-dress-in-grey-blue-01-01","status":"publish","type":"product","link":"https:\/\/dalia.dk\/en\/product\/linen-dress-in-grey-blue-01-01\/","title":{"rendered":"Gray blue linen jacket (01-01)"},"content":{"rendered":"<p>&nbsp;<\/p>\n<p>&nbsp;<\/p>\n<p><strong>Farvekode:<\/strong><\/p>\n<p>983<\/p>\n<p>Available in more colors.<\/p>\n<p>&nbsp;<\/p>\n<p><strong>Quality:<\/strong><\/p>\n<p>This gray-blue linen dress is made from 100% linen and produced in Lithuania, EU.<\/p>\n<p><strong><br \/>\nSt\u00f8rrelser:<\/strong><\/p>\n<p>36 &#8211; 46<\/p>\n","protected":false},"excerpt":{"rendered":"<p>&nbsp;<\/p>\n<p>This jacket is a classic for both pants<br \/>\nand dresses. The jacket is 100% linen in a grey<br \/>\nblue color that can be matched with many shades. <\/p>\n<p>&nbsp;<\/p>\n","protected":false},"featured_media":4888,"template":"","meta":{"_acf_changed":false},"product_cat":[32],"product_tag":[1247,211],"class_list":{"0":"post-4880","1":"product","2":"type-product","3":"status-publish","4":"has-post-thumbnail","6":"product_cat-collection-jackets","7":"product_tag-b2b-en","8":"product_tag-frontpage-en","10":"first","11":"instock","12":"shipping-taxable","13":"product-type-simple"},"acf":[],"yoast_head":"<!-- This site is optimized with the Yoast SEO plugin v25.2 - https:\/\/yoast.com\/wordpress\/plugins\/seo\/ -->\n<title>Grey-blue linen jacket for dresses and pants | 100% linen | Linen jackets | Dalia<\/title>\n<meta name=\"description\" content=\"A lovely gray-blue jacket in 100% linen from Dalia. The jacket is great for both dresses and pants. L\u00e6kker og \u00e5ndbar kvalitet. Natural material.\" \/>\n<meta name=\"robots\" content=\"index, follow, max-snippet:-1, max-image-preview:large, max-video-preview:-1\" \/>\n<link rel=\"canonical\" href=\"https:\/\/dalia.dk\/en\/product\/linen-dress-in-grey-blue-01-01\/\" \/>\n<meta property=\"og:locale\" content=\"en_US\" \/>\n<meta property=\"og:type\" content=\"article\" \/>\n<meta property=\"og:title\" content=\"Grey-blue linen jacket for dresses and pants | 100% linen | Linen jackets | Dalia\" \/>\n<meta property=\"og:description\" content=\"A lovely gray-blue jacket in 100% linen from Dalia. The jacket is great for both dresses and pants. L\u00e6kker og \u00e5ndbar kvalitet. Natural material.\" \/>\n<meta property=\"og:url\" content=\"https:\/\/dalia.dk\/en\/product\/linen-dress-in-grey-blue-01-01\/\" \/>\n<meta property=\"og:site_name\" content=\"Dalia\" \/>\n<meta property=\"article:publisher\" content=\"https:\/\/www.facebook.com\/www.dalia.nu\" \/>\n<meta property=\"article:modified_time\" content=\"2025-02-18T14:42:38+00:00\" \/>\n<meta property=\"og:image\" content=\"https:\/\/dalia.dk\/wp-content\/uploads\/2022\/07\/IMG_0431-rotated.jpg\" \/>\n\t<meta property=\"og:image:width\" content=\"1280\" \/>\n\t<meta property=\"og:image:height\" content=\"1920\" \/>\n\t<meta property=\"og:image:type\" content=\"image\/jpeg\" \/>\n<meta name=\"twitter:card\" content=\"summary_large_image\" \/>\n<meta name=\"twitter:label1\" content=\"Est. reading time\" \/>\n\t<meta name=\"twitter:data1\" content=\"1 minute\" \/>\n<script type=\"application\/ld+json\" class=\"yoast-schema-graph\">{\"@context\":\"https:\/\/schema.org\",\"@graph\":[{\"@type\":\"WebPage\",\"@id\":\"https:\/\/dalia.dk\/en\/product\/linen-dress-in-grey-blue-01-01\/\",\"url\":\"https:\/\/dalia.dk\/en\/product\/linen-dress-in-grey-blue-01-01\/\",\"name\":\"Grey-blue linen jacket for dresses and pants | 100% linen | Linen jackets | Dalia\",\"isPartOf\":{\"@id\":\"https:\/\/dalia.dk\/en\/#website\"},\"primaryImageOfPage\":{\"@id\":\"https:\/\/dalia.dk\/en\/product\/linen-dress-in-grey-blue-01-01\/#primaryimage\"},\"image\":{\"@id\":\"https:\/\/dalia.dk\/en\/product\/linen-dress-in-grey-blue-01-01\/#primaryimage\"},\"thumbnailUrl\":\"https:\/\/dalia.dk\/wp-content\/uploads\/2022\/07\/IMG_0431-rotated.jpg\",\"datePublished\":\"2022-07-24T16:59:39+00:00\",\"dateModified\":\"2025-02-18T14:42:38+00:00\",\"description\":\"A lovely gray-blue jacket in 100% linen from Dalia. The jacket is great for both dresses and pants. L\u00e6kker og \u00e5ndbar kvalitet. Natural material.\",\"breadcrumb\":{\"@id\":\"https:\/\/dalia.dk\/en\/product\/linen-dress-in-grey-blue-01-01\/#breadcrumb\"},\"inLanguage\":\"en-US\",\"potentialAction\":[{\"@type\":\"ReadAction\",\"target\":[\"https:\/\/dalia.dk\/en\/product\/linen-dress-in-grey-blue-01-01\/\"]}]},{\"@type\":\"ImageObject\",\"inLanguage\":\"en-US\",\"@id\":\"https:\/\/dalia.dk\/en\/product\/linen-dress-in-grey-blue-01-01\/#primaryimage\",\"url\":\"https:\/\/dalia.dk\/wp-content\/uploads\/2022\/07\/IMG_0431-rotated.jpg\",\"contentUrl\":\"https:\/\/dalia.dk\/wp-content\/uploads\/2022\/07\/IMG_0431-rotated.jpg\",\"width\":1280,\"height\":1920,\"caption\":\"Grey jacket in linen\"},{\"@type\":\"BreadcrumbList\",\"@id\":\"https:\/\/dalia.dk\/en\/product\/linen-dress-in-grey-blue-01-01\/#breadcrumb\",\"itemListElement\":[{\"@type\":\"ListItem\",\"position\":1,\"name\":\"Home\",\"item\":\"https:\/\/dalia.dk\/en\/\"},{\"@type\":\"ListItem\",\"position\":2,\"name\":\"Shop\",\"item\":\"https:\/\/dalia.dk\/en\/shop\/\"},{\"@type\":\"ListItem\",\"position\":3,\"name\":\"Gray blue linen jacket (01-01)\"}]},{\"@type\":\"WebSite\",\"@id\":\"https:\/\/dalia.dk\/en\/#website\",\"url\":\"https:\/\/dalia.dk\/en\/\",\"name\":\"Dalia\",\"description\":\"Tidsl\u00f8s og klassisk h\u00f8rt\u00f8j\",\"publisher\":{\"@id\":\"https:\/\/dalia.dk\/en\/#organization\"},\"potentialAction\":[{\"@type\":\"SearchAction\",\"target\":{\"@type\":\"EntryPoint\",\"urlTemplate\":\"https:\/\/dalia.dk\/en\/?s={search_term_string}\"},\"query-input\":{\"@type\":\"PropertyValueSpecification\",\"valueRequired\":true,\"valueName\":\"search_term_string\"}}],\"inLanguage\":\"en-US\"},{\"@type\":\"Organization\",\"@id\":\"https:\/\/dalia.dk\/en\/#organization\",\"name\":\"Dalia\",\"url\":\"https:\/\/dalia.dk\/en\/\",\"logo\":{\"@type\":\"ImageObject\",\"inLanguage\":\"en-US\",\"@id\":\"https:\/\/dalia.dk\/en\/#\/schema\/logo\/image\/\",\"url\":\"https:\/\/dalia.dk\/wp-content\/uploads\/2020\/02\/dalia_logo_from_maria.png\",\"contentUrl\":\"https:\/\/dalia.dk\/wp-content\/uploads\/2020\/02\/dalia_logo_from_maria.png\",\"width\":1034,\"height\":320,\"caption\":\"Dalia\"},\"image\":{\"@id\":\"https:\/\/dalia.dk\/en\/#\/schema\/logo\/image\/\"},\"sameAs\":[\"https:\/\/www.facebook.com\/www.dalia.nu\"]}]}<\/script>\n<!-- \/ Yoast SEO plugin. -->","yoast_head_json":{"title":"Grey-blue linen jacket for dresses and pants | 100% linen | Linen jackets | Dalia","description":"A lovely gray-blue jacket in 100% linen from Dalia. The jacket is great for both dresses and pants. L\u00e6kker og \u00e5ndbar kvalitet. Natural material.","robots":{"index":"index","follow":"follow","max-snippet":"max-snippet:-1","max-image-preview":"max-image-preview:large","max-video-preview":"max-video-preview:-1"},"canonical":"https:\/\/dalia.dk\/en\/product\/linen-dress-in-grey-blue-01-01\/","og_locale":"en_US","og_type":"article","og_title":"Grey-blue linen jacket for dresses and pants | 100% linen | Linen jackets | Dalia","og_description":"A lovely gray-blue jacket in 100% linen from Dalia. The jacket is great for both dresses and pants. L\u00e6kker og \u00e5ndbar kvalitet. Natural material.","og_url":"https:\/\/dalia.dk\/en\/product\/linen-dress-in-grey-blue-01-01\/","og_site_name":"Dalia","article_publisher":"https:\/\/www.facebook.com\/www.dalia.nu","article_modified_time":"2025-02-18T14:42:38+00:00","og_image":[{"width":1280,"height":1920,"url":"https:\/\/dalia.dk\/wp-content\/uploads\/2022\/07\/IMG_0431-rotated.jpg","type":"image\/jpeg"}],"twitter_card":"summary_large_image","twitter_misc":{"Est. reading time":"1 minute"},"schema":{"@context":"https:\/\/schema.org","@graph":[{"@type":"WebPage","@id":"https:\/\/dalia.dk\/en\/product\/linen-dress-in-grey-blue-01-01\/","url":"https:\/\/dalia.dk\/en\/product\/linen-dress-in-grey-blue-01-01\/","name":"Grey-blue linen jacket for dresses and pants | 100% linen | Linen jackets | Dalia","isPartOf":{"@id":"https:\/\/dalia.dk\/en\/#website"},"primaryImageOfPage":{"@id":"https:\/\/dalia.dk\/en\/product\/linen-dress-in-grey-blue-01-01\/#primaryimage"},"image":{"@id":"https:\/\/dalia.dk\/en\/product\/linen-dress-in-grey-blue-01-01\/#primaryimage"},"thumbnailUrl":"https:\/\/dalia.dk\/wp-content\/uploads\/2022\/07\/IMG_0431-rotated.jpg","datePublished":"2022-07-24T16:59:39+00:00","dateModified":"2025-02-18T14:42:38+00:00","description":"A lovely gray-blue jacket in 100% linen from Dalia. The jacket is great for both dresses and pants. L\u00e6kker og \u00e5ndbar kvalitet. Natural material.","breadcrumb":{"@id":"https:\/\/dalia.dk\/en\/product\/linen-dress-in-grey-blue-01-01\/#breadcrumb"},"inLanguage":"en-US","potentialAction":[{"@type":"ReadAction","target":["https:\/\/dalia.dk\/en\/product\/linen-dress-in-grey-blue-01-01\/"]}]},{"@type":"ImageObject","inLanguage":"en-US","@id":"https:\/\/dalia.dk\/en\/product\/linen-dress-in-grey-blue-01-01\/#primaryimage","url":"https:\/\/dalia.dk\/wp-content\/uploads\/2022\/07\/IMG_0431-rotated.jpg","contentUrl":"https:\/\/dalia.dk\/wp-content\/uploads\/2022\/07\/IMG_0431-rotated.jpg","width":1280,"height":1920,"caption":"Grey jacket in linen"},{"@type":"BreadcrumbList","@id":"https:\/\/dalia.dk\/en\/product\/linen-dress-in-grey-blue-01-01\/#breadcrumb","itemListElement":[{"@type":"ListItem","position":1,"name":"Home","item":"https:\/\/dalia.dk\/en\/"},{"@type":"ListItem","position":2,"name":"Shop","item":"https:\/\/dalia.dk\/en\/shop\/"},{"@type":"ListItem","position":3,"name":"Gray blue linen jacket (01-01)"}]},{"@type":"WebSite","@id":"https:\/\/dalia.dk\/en\/#website","url":"https:\/\/dalia.dk\/en\/","name":"Dalia","description":"Tidsl\u00f8s og klassisk h\u00f8rt\u00f8j","publisher":{"@id":"https:\/\/dalia.dk\/en\/#organization"},"potentialAction":[{"@type":"SearchAction","target":{"@type":"EntryPoint","urlTemplate":"https:\/\/dalia.dk\/en\/?s={search_term_string}"},"query-input":{"@type":"PropertyValueSpecification","valueRequired":true,"valueName":"search_term_string"}}],"inLanguage":"en-US"},{"@type":"Organization","@id":"https:\/\/dalia.dk\/en\/#organization","name":"Dalia","url":"https:\/\/dalia.dk\/en\/","logo":{"@type":"ImageObject","inLanguage":"en-US","@id":"https:\/\/dalia.dk\/en\/#\/schema\/logo\/image\/","url":"https:\/\/dalia.dk\/wp-content\/uploads\/2020\/02\/dalia_logo_from_maria.png","contentUrl":"https:\/\/dalia.dk\/wp-content\/uploads\/2020\/02\/dalia_logo_from_maria.png","width":1034,"height":320,"caption":"Dalia"},"image":{"@id":"https:\/\/dalia.dk\/en\/#\/schema\/logo\/image\/"},"sameAs":["https:\/\/www.facebook.com\/www.dalia.nu"]}]}},"_links":{"self":[{"href":"https:\/\/dalia.dk\/en\/wp-json\/wp\/v2\/product\/4880","targetHints":{"allow":["GET"]}}],"collection":[{"href":"https:\/\/dalia.dk\/en\/wp-json\/wp\/v2\/product"}],"about":[{"href":"https:\/\/dalia.dk\/en\/wp-json\/wp\/v2\/types\/product"}],"wp:featuredmedia":[{"embeddable":true,"href":"https:\/\/dalia.dk\/en\/wp-json\/wp\/v2\/media\/4888"}],"wp:attachment":[{"href":"https:\/\/dalia.dk\/en\/wp-json\/wp\/v2\/media?parent=4880"}],"wp:term":[{"taxonomy":"product_cat","embeddable":true,"href":"https:\/\/dalia.dk\/en\/wp-json\/wp\/v2\/product_cat?post=4880"},{"taxonomy":"product_tag","embeddable":true,"href":"https:\/\/dalia.dk\/en\/wp-json\/wp\/v2\/product_tag?post=4880"}],"curies":[{"name":"wp","href":"https:\/\/api.w.org\/{rel}","templated":true}]}}