{"id":5876,"date":"2024-05-12T20:02:37","date_gmt":"2024-05-12T20:02:38","guid":{"rendered":"https:\/\/dalia.dk\/?post_type=product&#038;p=5876"},"modified":"2025-04-14T14:32:20","modified_gmt":"2025-04-14T14:32:20","slug":"maria-grey-linen-top","status":"publish","type":"product","link":"https:\/\/dalia.dk\/en\/product\/maria-grey-linen-top\/","title":{"rendered":"Maria gray linen blouse"},"content":{"rendered":"<p>&nbsp;<\/p>\n<p>&nbsp;<\/p>\n<p>The model is wearing the gray linen blouse in size 42.<\/p>\n<p>&nbsp;<\/p>\n<p><strong>Quality:<\/strong><\/p>\n<p>This gray linen blouse is made from 100% woven linen. Linen is a natural material with many great qualities.<br \/>\nLinen gets softer and softer the more you use it, and with the right care it will look beautiful and last for many years. <\/p>\n<p>&nbsp;<\/p>\n<p><strong>Hear benefits:<\/strong><\/p>\n<p>&#8211; 30% stronger than cotton<br \/>\n&#8211; Temperature regulating and breathable<br \/>\n&#8211; A strong fiber, making linen products hold their shape<br \/>\n&#8211; Has a smooth and lint-free surface that will never lint<\/p>\n","protected":false},"excerpt":{"rendered":"<p>&nbsp;<\/p>\n<p>&nbsp;<\/p>\n<p>A blouse in a strong and beautiful quality. The<br \/>\ngrey shade can be matched with colorful<br \/>\npants or blue jeans. For summer, the<br \/>\nblue is perfect with a light skirt. The blouse is<br \/>\nin 100% linen. Wear this linen blouse all year round.    <\/p>\n","protected":false},"featured_media":5889,"template":"","meta":{"_acf_changed":false},"product_cat":[39],"product_tag":[1030,1028,1029],"class_list":{"0":"post-5876","1":"product","2":"type-product","3":"status-publish","4":"has-post-thumbnail","6":"product_cat-blouses-and-tops","7":"product_tag-linen-blouse-en-2","8":"product_tag-listen","9":"product_tag-webshop-frontpage-en-2","11":"first","12":"instock","13":"shipping-taxable","14":"purchasable","15":"product-type-variable"},"acf":[],"yoast_head":"<!-- This site is optimized with the Yoast SEO plugin v25.2 - https:\/\/yoast.com\/wordpress\/plugins\/seo\/ -->\n<title>Grey linen blouse | Linen blouse | Women&#039;s linen clothing | Summer clothing | Dalia<\/title>\n<meta name=\"description\" content=\"Gray linen blouse in 100% linen. The blouse is produced in Lithuania, EU. Slow fashion. Find your next summer favorite here. Click for more.\" \/>\n<meta name=\"robots\" content=\"index, follow, max-snippet:-1, max-image-preview:large, max-video-preview:-1\" \/>\n<link rel=\"canonical\" href=\"https:\/\/dalia.dk\/en\/product\/maria-grey-linen-top\/\" \/>\n<meta property=\"og:locale\" content=\"en_US\" \/>\n<meta property=\"og:type\" content=\"article\" \/>\n<meta property=\"og:title\" content=\"Grey linen blouse | Linen blouse | Women&#039;s linen clothing | Summer clothing | Dalia\" \/>\n<meta property=\"og:description\" content=\"Gray linen blouse in 100% linen. The blouse is produced in Lithuania, EU. Slow fashion. Find your next summer favorite here. Click for more.\" \/>\n<meta property=\"og:url\" content=\"https:\/\/dalia.dk\/en\/product\/maria-grey-linen-top\/\" \/>\n<meta property=\"og:site_name\" content=\"Dalia\" \/>\n<meta property=\"article:publisher\" content=\"https:\/\/www.facebook.com\/www.dalia.nu\" \/>\n<meta property=\"article:modified_time\" content=\"2025-04-14T14:32:20+00:00\" \/>\n<meta property=\"og:image\" content=\"https:\/\/dalia.dk\/wp-content\/uploads\/2024\/05\/IMG_0019.jpg\" \/>\n\t<meta property=\"og:image:width\" content=\"1280\" \/>\n\t<meta property=\"og:image:height\" content=\"1920\" \/>\n\t<meta property=\"og:image:type\" content=\"image\/jpeg\" \/>\n<meta name=\"twitter:card\" content=\"summary_large_image\" \/>\n<meta name=\"twitter:label1\" content=\"Est. reading time\" \/>\n\t<meta name=\"twitter:data1\" content=\"1 minute\" \/>\n<script type=\"application\/ld+json\" class=\"yoast-schema-graph\">{\"@context\":\"https:\/\/schema.org\",\"@graph\":[{\"@type\":\"WebPage\",\"@id\":\"https:\/\/dalia.dk\/en\/product\/maria-grey-linen-top\/\",\"url\":\"https:\/\/dalia.dk\/en\/product\/maria-grey-linen-top\/\",\"name\":\"Grey linen blouse | Linen blouse | Women's linen clothing | Summer clothing | Dalia\",\"isPartOf\":{\"@id\":\"https:\/\/dalia.dk\/en\/#website\"},\"primaryImageOfPage\":{\"@id\":\"https:\/\/dalia.dk\/en\/product\/maria-grey-linen-top\/#primaryimage\"},\"image\":{\"@id\":\"https:\/\/dalia.dk\/en\/product\/maria-grey-linen-top\/#primaryimage\"},\"thumbnailUrl\":\"https:\/\/dalia.dk\/wp-content\/uploads\/2024\/05\/IMG_0019.jpg\",\"datePublished\":\"2024-05-12T20:02:38+00:00\",\"dateModified\":\"2025-04-14T14:32:20+00:00\",\"description\":\"Gray linen blouse in 100% linen. The blouse is produced in Lithuania, EU. Slow fashion. Find your next summer favorite here. Click for more.\",\"breadcrumb\":{\"@id\":\"https:\/\/dalia.dk\/en\/product\/maria-grey-linen-top\/#breadcrumb\"},\"inLanguage\":\"en-US\",\"potentialAction\":[{\"@type\":\"ReadAction\",\"target\":[\"https:\/\/dalia.dk\/en\/product\/maria-grey-linen-top\/\"]}]},{\"@type\":\"ImageObject\",\"inLanguage\":\"en-US\",\"@id\":\"https:\/\/dalia.dk\/en\/product\/maria-grey-linen-top\/#primaryimage\",\"url\":\"https:\/\/dalia.dk\/wp-content\/uploads\/2024\/05\/IMG_0019.jpg\",\"contentUrl\":\"https:\/\/dalia.dk\/wp-content\/uploads\/2024\/05\/IMG_0019.jpg\",\"width\":1280,\"height\":1920,\"caption\":\"gr\u00e5 h\u00f8rbluse\"},{\"@type\":\"BreadcrumbList\",\"@id\":\"https:\/\/dalia.dk\/en\/product\/maria-grey-linen-top\/#breadcrumb\",\"itemListElement\":[{\"@type\":\"ListItem\",\"position\":1,\"name\":\"Home\",\"item\":\"https:\/\/dalia.dk\/en\/\"},{\"@type\":\"ListItem\",\"position\":2,\"name\":\"Shop\",\"item\":\"https:\/\/dalia.dk\/en\/shop\/\"},{\"@type\":\"ListItem\",\"position\":3,\"name\":\"Maria gray linen blouse\"}]},{\"@type\":\"WebSite\",\"@id\":\"https:\/\/dalia.dk\/en\/#website\",\"url\":\"https:\/\/dalia.dk\/en\/\",\"name\":\"Dalia\",\"description\":\"Tidsl\u00f8s og klassisk h\u00f8rt\u00f8j\",\"publisher\":{\"@id\":\"https:\/\/dalia.dk\/en\/#organization\"},\"potentialAction\":[{\"@type\":\"SearchAction\",\"target\":{\"@type\":\"EntryPoint\",\"urlTemplate\":\"https:\/\/dalia.dk\/en\/?s={search_term_string}\"},\"query-input\":{\"@type\":\"PropertyValueSpecification\",\"valueRequired\":true,\"valueName\":\"search_term_string\"}}],\"inLanguage\":\"en-US\"},{\"@type\":\"Organization\",\"@id\":\"https:\/\/dalia.dk\/en\/#organization\",\"name\":\"Dalia\",\"url\":\"https:\/\/dalia.dk\/en\/\",\"logo\":{\"@type\":\"ImageObject\",\"inLanguage\":\"en-US\",\"@id\":\"https:\/\/dalia.dk\/en\/#\/schema\/logo\/image\/\",\"url\":\"https:\/\/dalia.dk\/wp-content\/uploads\/2020\/02\/dalia_logo_from_maria.png\",\"contentUrl\":\"https:\/\/dalia.dk\/wp-content\/uploads\/2020\/02\/dalia_logo_from_maria.png\",\"width\":1034,\"height\":320,\"caption\":\"Dalia\"},\"image\":{\"@id\":\"https:\/\/dalia.dk\/en\/#\/schema\/logo\/image\/\"},\"sameAs\":[\"https:\/\/www.facebook.com\/www.dalia.nu\"]}]}<\/script>\n<!-- \/ Yoast SEO plugin. -->","yoast_head_json":{"title":"Grey linen blouse | Linen blouse | Women's linen clothing | Summer clothing | Dalia","description":"Gray linen blouse in 100% linen. The blouse is produced in Lithuania, EU. Slow fashion. Find your next summer favorite here. Click for more.","robots":{"index":"index","follow":"follow","max-snippet":"max-snippet:-1","max-image-preview":"max-image-preview:large","max-video-preview":"max-video-preview:-1"},"canonical":"https:\/\/dalia.dk\/en\/product\/maria-grey-linen-top\/","og_locale":"en_US","og_type":"article","og_title":"Grey linen blouse | Linen blouse | Women's linen clothing | Summer clothing | Dalia","og_description":"Gray linen blouse in 100% linen. The blouse is produced in Lithuania, EU. Slow fashion. Find your next summer favorite here. Click for more.","og_url":"https:\/\/dalia.dk\/en\/product\/maria-grey-linen-top\/","og_site_name":"Dalia","article_publisher":"https:\/\/www.facebook.com\/www.dalia.nu","article_modified_time":"2025-04-14T14:32:20+00:00","og_image":[{"width":1280,"height":1920,"url":"https:\/\/dalia.dk\/wp-content\/uploads\/2024\/05\/IMG_0019.jpg","type":"image\/jpeg"}],"twitter_card":"summary_large_image","twitter_misc":{"Est. reading time":"1 minute"},"schema":{"@context":"https:\/\/schema.org","@graph":[{"@type":"WebPage","@id":"https:\/\/dalia.dk\/en\/product\/maria-grey-linen-top\/","url":"https:\/\/dalia.dk\/en\/product\/maria-grey-linen-top\/","name":"Grey linen blouse | Linen blouse | Women's linen clothing | Summer clothing | Dalia","isPartOf":{"@id":"https:\/\/dalia.dk\/en\/#website"},"primaryImageOfPage":{"@id":"https:\/\/dalia.dk\/en\/product\/maria-grey-linen-top\/#primaryimage"},"image":{"@id":"https:\/\/dalia.dk\/en\/product\/maria-grey-linen-top\/#primaryimage"},"thumbnailUrl":"https:\/\/dalia.dk\/wp-content\/uploads\/2024\/05\/IMG_0019.jpg","datePublished":"2024-05-12T20:02:38+00:00","dateModified":"2025-04-14T14:32:20+00:00","description":"Gray linen blouse in 100% linen. The blouse is produced in Lithuania, EU. Slow fashion. Find your next summer favorite here. Click for more.","breadcrumb":{"@id":"https:\/\/dalia.dk\/en\/product\/maria-grey-linen-top\/#breadcrumb"},"inLanguage":"en-US","potentialAction":[{"@type":"ReadAction","target":["https:\/\/dalia.dk\/en\/product\/maria-grey-linen-top\/"]}]},{"@type":"ImageObject","inLanguage":"en-US","@id":"https:\/\/dalia.dk\/en\/product\/maria-grey-linen-top\/#primaryimage","url":"https:\/\/dalia.dk\/wp-content\/uploads\/2024\/05\/IMG_0019.jpg","contentUrl":"https:\/\/dalia.dk\/wp-content\/uploads\/2024\/05\/IMG_0019.jpg","width":1280,"height":1920,"caption":"gr\u00e5 h\u00f8rbluse"},{"@type":"BreadcrumbList","@id":"https:\/\/dalia.dk\/en\/product\/maria-grey-linen-top\/#breadcrumb","itemListElement":[{"@type":"ListItem","position":1,"name":"Home","item":"https:\/\/dalia.dk\/en\/"},{"@type":"ListItem","position":2,"name":"Shop","item":"https:\/\/dalia.dk\/en\/shop\/"},{"@type":"ListItem","position":3,"name":"Maria gray linen blouse"}]},{"@type":"WebSite","@id":"https:\/\/dalia.dk\/en\/#website","url":"https:\/\/dalia.dk\/en\/","name":"Dalia","description":"Tidsl\u00f8s og klassisk h\u00f8rt\u00f8j","publisher":{"@id":"https:\/\/dalia.dk\/en\/#organization"},"potentialAction":[{"@type":"SearchAction","target":{"@type":"EntryPoint","urlTemplate":"https:\/\/dalia.dk\/en\/?s={search_term_string}"},"query-input":{"@type":"PropertyValueSpecification","valueRequired":true,"valueName":"search_term_string"}}],"inLanguage":"en-US"},{"@type":"Organization","@id":"https:\/\/dalia.dk\/en\/#organization","name":"Dalia","url":"https:\/\/dalia.dk\/en\/","logo":{"@type":"ImageObject","inLanguage":"en-US","@id":"https:\/\/dalia.dk\/en\/#\/schema\/logo\/image\/","url":"https:\/\/dalia.dk\/wp-content\/uploads\/2020\/02\/dalia_logo_from_maria.png","contentUrl":"https:\/\/dalia.dk\/wp-content\/uploads\/2020\/02\/dalia_logo_from_maria.png","width":1034,"height":320,"caption":"Dalia"},"image":{"@id":"https:\/\/dalia.dk\/en\/#\/schema\/logo\/image\/"},"sameAs":["https:\/\/www.facebook.com\/www.dalia.nu"]}]}},"_links":{"self":[{"href":"https:\/\/dalia.dk\/en\/wp-json\/wp\/v2\/product\/5876","targetHints":{"allow":["GET"]}}],"collection":[{"href":"https:\/\/dalia.dk\/en\/wp-json\/wp\/v2\/product"}],"about":[{"href":"https:\/\/dalia.dk\/en\/wp-json\/wp\/v2\/types\/product"}],"wp:featuredmedia":[{"embeddable":true,"href":"https:\/\/dalia.dk\/en\/wp-json\/wp\/v2\/media\/5889"}],"wp:attachment":[{"href":"https:\/\/dalia.dk\/en\/wp-json\/wp\/v2\/media?parent=5876"}],"wp:term":[{"taxonomy":"product_cat","embeddable":true,"href":"https:\/\/dalia.dk\/en\/wp-json\/wp\/v2\/product_cat?post=5876"},{"taxonomy":"product_tag","embeddable":true,"href":"https:\/\/dalia.dk\/en\/wp-json\/wp\/v2\/product_tag?post=5876"}],"curies":[{"name":"wp","href":"https:\/\/api.w.org\/{rel}","templated":true}]}}