{"id":10208,"date":"2024-08-04T09:22:36","date_gmt":"2025-02-18T14:46:30","guid":{"rendered":"https:\/\/dalia.dk\/product\/kjole-i-lin-lang-05-05-1\/"},"modified":"2025-02-18T14:46:30","modified_gmt":"2025-02-18T14:46:30","slug":"kjole-i-lin-lang-05-05-1","status":"publish","type":"product","link":"https:\/\/dalia.dk\/no\/product\/kjole-i-lin-lang-05-05-1\/","title":{"rendered":"Kjole i lin lang (05-05\/1)"},"content":{"rendered":"<p>&nbsp;<\/p>\n<p><strong>Fargekode<\/strong>:<\/p>\n<p>Gr\u00f8nn &#8211; 2100<\/p>\n<p>Bl\u00e5 &#8211; 2999<\/p>\n<p>Tilgjengelig i flere farger.<\/p>\n<p>&nbsp;<\/p>\n<p><strong>Kvalitet<\/strong>:<\/p>\n<p>100 % lin<\/p>\n<p>&nbsp;<\/p>\n<p><strong>St\u00f8rrelser<\/strong>:<\/p>\n<p>34-48<\/p>\n","protected":false},"excerpt":{"rendered":"<p>&nbsp;<\/p>\n<p>Sommerlig linkjole med b\u00e5nd og slisser. Kjolen er laget av 100 % lin og har en behagelig passform samtidig som den er lang og luftig.<\/p>\n","protected":false},"featured_media":10211,"template":"","meta":{"_acf_changed":false},"product_cat":[950],"product_tag":[],"class_list":{"0":"post-10208","1":"product","2":"type-product","3":"status-publish","4":"has-post-thumbnail","6":"product_cat-kolleksjon-kjoler","8":"first","9":"instock","10":"shipping-taxable","11":"product-type-simple"},"acf":[],"yoast_head":"<!-- This site is optimized with the Yoast SEO plugin v25.2 - https:\/\/yoast.com\/wordpress\/plugins\/seo\/ -->\n<title>Lang linkjole i flere farger | Lin | Damemote | Dalia<\/title>\n<meta name=\"description\" content=\"La deg inspirere av v\u00e5r katalog med linkjoler som passer perfekt til b\u00e5de fest og strandferie. Lin kjole laget i Litauen, EU. Se mer her.\" \/>\n<meta name=\"robots\" content=\"index, follow, max-snippet:-1, max-image-preview:large, max-video-preview:-1\" \/>\n<link rel=\"canonical\" href=\"https:\/\/dalia.dk\/no\/product\/kjole-i-lin-lang-05-05-1\/\" \/>\n<meta property=\"og:locale\" content=\"nb_NO\" \/>\n<meta property=\"og:type\" content=\"article\" \/>\n<meta property=\"og:title\" content=\"Lang linkjole i flere farger | Lin | Damemote | Dalia\" \/>\n<meta property=\"og:description\" content=\"La deg inspirere av v\u00e5r katalog med linkjoler som passer perfekt til b\u00e5de fest og strandferie. Lin kjole laget i Litauen, EU. Se mer her.\" \/>\n<meta property=\"og:url\" content=\"https:\/\/dalia.dk\/no\/product\/kjole-i-lin-lang-05-05-1\/\" \/>\n<meta property=\"og:site_name\" content=\"Dalia\" \/>\n<meta property=\"article:publisher\" content=\"https:\/\/www.facebook.com\/www.dalia.nu\" \/>\n<meta property=\"og:image\" content=\"https:\/\/dalia.dk\/wp-content\/uploads\/2024\/08\/IMG_0878.jpg\" \/>\n\t<meta property=\"og:image:width\" content=\"1280\" \/>\n\t<meta property=\"og:image:height\" content=\"1920\" \/>\n\t<meta property=\"og:image:type\" content=\"image\/jpeg\" \/>\n<meta name=\"twitter:card\" content=\"summary_large_image\" \/>\n<script type=\"application\/ld+json\" class=\"yoast-schema-graph\">{\"@context\":\"https:\/\/schema.org\",\"@graph\":[{\"@type\":\"WebPage\",\"@id\":\"https:\/\/dalia.dk\/no\/product\/kjole-i-lin-lang-05-05-1\/\",\"url\":\"https:\/\/dalia.dk\/no\/product\/kjole-i-lin-lang-05-05-1\/\",\"name\":\"Lang linkjole i flere farger | Lin | Damemote | Dalia\",\"isPartOf\":{\"@id\":\"https:\/\/dalia.dk\/no\/#website\"},\"primaryImageOfPage\":{\"@id\":\"https:\/\/dalia.dk\/no\/product\/kjole-i-lin-lang-05-05-1\/#primaryimage\"},\"image\":{\"@id\":\"https:\/\/dalia.dk\/no\/product\/kjole-i-lin-lang-05-05-1\/#primaryimage\"},\"thumbnailUrl\":\"https:\/\/dalia.dk\/wp-content\/uploads\/2024\/08\/IMG_0878.jpg\",\"datePublished\":\"2025-02-18T14:46:30+00:00\",\"description\":\"La deg inspirere av v\u00e5r katalog med linkjoler som passer perfekt til b\u00e5de fest og strandferie. Lin kjole laget i Litauen, EU. Se mer her.\",\"breadcrumb\":{\"@id\":\"https:\/\/dalia.dk\/no\/product\/kjole-i-lin-lang-05-05-1\/#breadcrumb\"},\"inLanguage\":\"nb-NO\",\"potentialAction\":[{\"@type\":\"ReadAction\",\"target\":[\"https:\/\/dalia.dk\/no\/product\/kjole-i-lin-lang-05-05-1\/\"]}]},{\"@type\":\"ImageObject\",\"inLanguage\":\"nb-NO\",\"@id\":\"https:\/\/dalia.dk\/no\/product\/kjole-i-lin-lang-05-05-1\/#primaryimage\",\"url\":\"https:\/\/dalia.dk\/wp-content\/uploads\/2024\/08\/IMG_0878.jpg\",\"contentUrl\":\"https:\/\/dalia.dk\/wp-content\/uploads\/2024\/08\/IMG_0878.jpg\",\"width\":1280,\"height\":1920},{\"@type\":\"BreadcrumbList\",\"@id\":\"https:\/\/dalia.dk\/no\/product\/kjole-i-lin-lang-05-05-1\/#breadcrumb\",\"itemListElement\":[{\"@type\":\"ListItem\",\"position\":1,\"name\":\"Home\",\"item\":\"https:\/\/dalia.dk\/no\/\"},{\"@type\":\"ListItem\",\"position\":2,\"name\":\"Nettbutikk\",\"item\":\"https:\/\/dalia.dk\/no\/nettbutikk\/\"},{\"@type\":\"ListItem\",\"position\":3,\"name\":\"Kjole i lin lang (05-05\/1)\"}]},{\"@type\":\"WebSite\",\"@id\":\"https:\/\/dalia.dk\/no\/#website\",\"url\":\"https:\/\/dalia.dk\/no\/\",\"name\":\"Dalia\",\"description\":\"Tidsl\u00f8s og klassisk h\u00f8rt\u00f8j\",\"publisher\":{\"@id\":\"https:\/\/dalia.dk\/no\/#organization\"},\"potentialAction\":[{\"@type\":\"SearchAction\",\"target\":{\"@type\":\"EntryPoint\",\"urlTemplate\":\"https:\/\/dalia.dk\/no\/?s={search_term_string}\"},\"query-input\":{\"@type\":\"PropertyValueSpecification\",\"valueRequired\":true,\"valueName\":\"search_term_string\"}}],\"inLanguage\":\"nb-NO\"},{\"@type\":\"Organization\",\"@id\":\"https:\/\/dalia.dk\/no\/#organization\",\"name\":\"Dalia\",\"url\":\"https:\/\/dalia.dk\/no\/\",\"logo\":{\"@type\":\"ImageObject\",\"inLanguage\":\"nb-NO\",\"@id\":\"https:\/\/dalia.dk\/no\/#\/schema\/logo\/image\/\",\"url\":\"https:\/\/dalia.dk\/wp-content\/uploads\/2020\/02\/dalia_logo_from_maria.png\",\"contentUrl\":\"https:\/\/dalia.dk\/wp-content\/uploads\/2020\/02\/dalia_logo_from_maria.png\",\"width\":1034,\"height\":320,\"caption\":\"Dalia\"},\"image\":{\"@id\":\"https:\/\/dalia.dk\/no\/#\/schema\/logo\/image\/\"},\"sameAs\":[\"https:\/\/www.facebook.com\/www.dalia.nu\"]}]}<\/script>\n<!-- \/ Yoast SEO plugin. -->","yoast_head_json":{"title":"Lang linkjole i flere farger | Lin | Damemote | Dalia","description":"La deg inspirere av v\u00e5r katalog med linkjoler som passer perfekt til b\u00e5de fest og strandferie. Lin kjole laget i Litauen, EU. Se mer her.","robots":{"index":"index","follow":"follow","max-snippet":"max-snippet:-1","max-image-preview":"max-image-preview:large","max-video-preview":"max-video-preview:-1"},"canonical":"https:\/\/dalia.dk\/no\/product\/kjole-i-lin-lang-05-05-1\/","og_locale":"nb_NO","og_type":"article","og_title":"Lang linkjole i flere farger | Lin | Damemote | Dalia","og_description":"La deg inspirere av v\u00e5r katalog med linkjoler som passer perfekt til b\u00e5de fest og strandferie. Lin kjole laget i Litauen, EU. Se mer her.","og_url":"https:\/\/dalia.dk\/no\/product\/kjole-i-lin-lang-05-05-1\/","og_site_name":"Dalia","article_publisher":"https:\/\/www.facebook.com\/www.dalia.nu","og_image":[{"width":1280,"height":1920,"url":"https:\/\/dalia.dk\/wp-content\/uploads\/2024\/08\/IMG_0878.jpg","type":"image\/jpeg"}],"twitter_card":"summary_large_image","schema":{"@context":"https:\/\/schema.org","@graph":[{"@type":"WebPage","@id":"https:\/\/dalia.dk\/no\/product\/kjole-i-lin-lang-05-05-1\/","url":"https:\/\/dalia.dk\/no\/product\/kjole-i-lin-lang-05-05-1\/","name":"Lang linkjole i flere farger | Lin | Damemote | Dalia","isPartOf":{"@id":"https:\/\/dalia.dk\/no\/#website"},"primaryImageOfPage":{"@id":"https:\/\/dalia.dk\/no\/product\/kjole-i-lin-lang-05-05-1\/#primaryimage"},"image":{"@id":"https:\/\/dalia.dk\/no\/product\/kjole-i-lin-lang-05-05-1\/#primaryimage"},"thumbnailUrl":"https:\/\/dalia.dk\/wp-content\/uploads\/2024\/08\/IMG_0878.jpg","datePublished":"2025-02-18T14:46:30+00:00","description":"La deg inspirere av v\u00e5r katalog med linkjoler som passer perfekt til b\u00e5de fest og strandferie. Lin kjole laget i Litauen, EU. Se mer her.","breadcrumb":{"@id":"https:\/\/dalia.dk\/no\/product\/kjole-i-lin-lang-05-05-1\/#breadcrumb"},"inLanguage":"nb-NO","potentialAction":[{"@type":"ReadAction","target":["https:\/\/dalia.dk\/no\/product\/kjole-i-lin-lang-05-05-1\/"]}]},{"@type":"ImageObject","inLanguage":"nb-NO","@id":"https:\/\/dalia.dk\/no\/product\/kjole-i-lin-lang-05-05-1\/#primaryimage","url":"https:\/\/dalia.dk\/wp-content\/uploads\/2024\/08\/IMG_0878.jpg","contentUrl":"https:\/\/dalia.dk\/wp-content\/uploads\/2024\/08\/IMG_0878.jpg","width":1280,"height":1920},{"@type":"BreadcrumbList","@id":"https:\/\/dalia.dk\/no\/product\/kjole-i-lin-lang-05-05-1\/#breadcrumb","itemListElement":[{"@type":"ListItem","position":1,"name":"Home","item":"https:\/\/dalia.dk\/no\/"},{"@type":"ListItem","position":2,"name":"Nettbutikk","item":"https:\/\/dalia.dk\/no\/nettbutikk\/"},{"@type":"ListItem","position":3,"name":"Kjole i lin lang (05-05\/1)"}]},{"@type":"WebSite","@id":"https:\/\/dalia.dk\/no\/#website","url":"https:\/\/dalia.dk\/no\/","name":"Dalia","description":"Tidsl\u00f8s og klassisk h\u00f8rt\u00f8j","publisher":{"@id":"https:\/\/dalia.dk\/no\/#organization"},"potentialAction":[{"@type":"SearchAction","target":{"@type":"EntryPoint","urlTemplate":"https:\/\/dalia.dk\/no\/?s={search_term_string}"},"query-input":{"@type":"PropertyValueSpecification","valueRequired":true,"valueName":"search_term_string"}}],"inLanguage":"nb-NO"},{"@type":"Organization","@id":"https:\/\/dalia.dk\/no\/#organization","name":"Dalia","url":"https:\/\/dalia.dk\/no\/","logo":{"@type":"ImageObject","inLanguage":"nb-NO","@id":"https:\/\/dalia.dk\/no\/#\/schema\/logo\/image\/","url":"https:\/\/dalia.dk\/wp-content\/uploads\/2020\/02\/dalia_logo_from_maria.png","contentUrl":"https:\/\/dalia.dk\/wp-content\/uploads\/2020\/02\/dalia_logo_from_maria.png","width":1034,"height":320,"caption":"Dalia"},"image":{"@id":"https:\/\/dalia.dk\/no\/#\/schema\/logo\/image\/"},"sameAs":["https:\/\/www.facebook.com\/www.dalia.nu"]}]}},"_links":{"self":[{"href":"https:\/\/dalia.dk\/no\/wp-json\/wp\/v2\/product\/10208","targetHints":{"allow":["GET"]}}],"collection":[{"href":"https:\/\/dalia.dk\/no\/wp-json\/wp\/v2\/product"}],"about":[{"href":"https:\/\/dalia.dk\/no\/wp-json\/wp\/v2\/types\/product"}],"wp:featuredmedia":[{"embeddable":true,"href":"https:\/\/dalia.dk\/no\/wp-json\/wp\/v2\/media\/10211"}],"wp:attachment":[{"href":"https:\/\/dalia.dk\/no\/wp-json\/wp\/v2\/media?parent=10208"}],"wp:term":[{"taxonomy":"product_cat","embeddable":true,"href":"https:\/\/dalia.dk\/no\/wp-json\/wp\/v2\/product_cat?post=10208"},{"taxonomy":"product_tag","embeddable":true,"href":"https:\/\/dalia.dk\/no\/wp-json\/wp\/v2\/product_tag?post=10208"}],"curies":[{"name":"wp","href":"https:\/\/api.w.org\/{rel}","templated":true}]}}