{"id":7742,"date":"2020-07-21T20:13:41","date_gmt":"2025-02-18T14:30:48","guid":{"rendered":"https:\/\/dalia.dk\/product\/lin-kjole-med-v-hals-05-71\/"},"modified":"2025-02-18T14:30:48","modified_gmt":"2025-02-18T14:30:48","slug":"lin-kjole-med-v-hals-05-71","status":"publish","type":"product","link":"https:\/\/dalia.dk\/no\/product\/lin-kjole-med-v-hals-05-71\/","title":{"rendered":"Lin kjole med v-hals (05-71)"},"content":{"rendered":"<p>&nbsp;<\/p>\n<p>&nbsp;<\/p>\n<p><strong>Fargekode:<\/strong><\/p>\n<p>91<\/p>\n<p>Tilgjengelig i flere farger.<\/p>\n<p>&nbsp;<\/p>\n<p><strong>Kvalitet:<\/strong><\/p>\n<p>Denne bl\u00e5-lilla linkjolen er laget av 100 % lin og produsert i Litauen, EU.<\/p>\n<p><strong><br \/>\nSt\u00f8rrelser:<\/strong><\/p>\n<p>36 &#8211; 46<\/p>\n","protected":false},"excerpt":{"rendered":"<p>&nbsp;<\/p>\n<p>&nbsp;<\/p>\n<p>Denne sommerkjolen er b\u00e5de enkel og behagelig. Den fine detaljen foran skaper romslighet samtidig som kjolens form holdes intakt.<\/p>\n<p>Linet er av god kvalitet, og med riktig pleie vil kjolen forbli en sommerfavoritt. <\/p>\n","protected":false},"featured_media":7744,"template":"","meta":{"_acf_changed":false},"product_cat":[950],"product_tag":[1023,1113,1075,1114],"class_list":{"0":"post-7742","1":"product","2":"type-product","3":"status-publish","4":"has-post-thumbnail","6":"product_cat-kolleksjon-kjoler","7":"product_tag-hoere","8":"product_tag-kjole-no","9":"product_tag-skandinavisk-design-no","10":"product_tag-tidevannssluser","12":"first","13":"instock","14":"shipping-taxable","15":"product-type-simple"},"acf":[],"yoast_head":"<!-- This site is optimized with the Yoast SEO plugin v25.2 - https:\/\/yoast.com\/wordpress\/plugins\/seo\/ -->\n<title>Linkjole med V-hals | Lin | 100 % lin | B\u00e6rekraftig mote | Dalia<\/title>\n<meta name=\"description\" content=\"En sommerkjole i lin. Bl\u00e5-lilla farge som er tidl\u00f8s. Kjolen er produsert i Litauen, EU. Klikk her for \u00e5 se mer.\" \/>\n<meta name=\"robots\" content=\"index, follow, max-snippet:-1, max-image-preview:large, max-video-preview:-1\" \/>\n<link rel=\"canonical\" href=\"https:\/\/dalia.dk\/no\/product\/lin-kjole-med-v-hals-05-71\/\" \/>\n<meta property=\"og:locale\" content=\"nb_NO\" \/>\n<meta property=\"og:type\" content=\"article\" \/>\n<meta property=\"og:title\" content=\"Linkjole med V-hals | Lin | 100 % lin | B\u00e6rekraftig mote | Dalia\" \/>\n<meta property=\"og:description\" content=\"En sommerkjole i lin. Bl\u00e5-lilla farge som er tidl\u00f8s. Kjolen er produsert i Litauen, EU. Klikk her for \u00e5 se mer.\" \/>\n<meta property=\"og:url\" content=\"https:\/\/dalia.dk\/no\/product\/lin-kjole-med-v-hals-05-71\/\" \/>\n<meta property=\"og:site_name\" content=\"Dalia\" \/>\n<meta property=\"article:publisher\" content=\"https:\/\/www.facebook.com\/www.dalia.nu\" \/>\n<meta property=\"og:image\" content=\"https:\/\/dalia.dk\/wp-content\/uploads\/2020\/07\/IMG_5522-1-scaled.jpg\" \/>\n\t<meta property=\"og:image:width\" content=\"1707\" \/>\n\t<meta property=\"og:image:height\" content=\"2560\" \/>\n\t<meta property=\"og:image:type\" content=\"image\/jpeg\" \/>\n<meta name=\"twitter:card\" content=\"summary_large_image\" \/>\n<script type=\"application\/ld+json\" class=\"yoast-schema-graph\">{\"@context\":\"https:\/\/schema.org\",\"@graph\":[{\"@type\":\"WebPage\",\"@id\":\"https:\/\/dalia.dk\/no\/product\/lin-kjole-med-v-hals-05-71\/\",\"url\":\"https:\/\/dalia.dk\/no\/product\/lin-kjole-med-v-hals-05-71\/\",\"name\":\"Linkjole med V-hals | Lin | 100 % lin | B\u00e6rekraftig mote | Dalia\",\"isPartOf\":{\"@id\":\"https:\/\/dalia.dk\/no\/#website\"},\"primaryImageOfPage\":{\"@id\":\"https:\/\/dalia.dk\/no\/product\/lin-kjole-med-v-hals-05-71\/#primaryimage\"},\"image\":{\"@id\":\"https:\/\/dalia.dk\/no\/product\/lin-kjole-med-v-hals-05-71\/#primaryimage\"},\"thumbnailUrl\":\"https:\/\/dalia.dk\/wp-content\/uploads\/2020\/07\/IMG_5522-1-scaled.jpg\",\"datePublished\":\"2025-02-18T14:30:48+00:00\",\"description\":\"En sommerkjole i lin. Bl\u00e5-lilla farge som er tidl\u00f8s. Kjolen er produsert i Litauen, EU. Klikk her for \u00e5 se mer.\",\"breadcrumb\":{\"@id\":\"https:\/\/dalia.dk\/no\/product\/lin-kjole-med-v-hals-05-71\/#breadcrumb\"},\"inLanguage\":\"nb-NO\",\"potentialAction\":[{\"@type\":\"ReadAction\",\"target\":[\"https:\/\/dalia.dk\/no\/product\/lin-kjole-med-v-hals-05-71\/\"]}]},{\"@type\":\"ImageObject\",\"inLanguage\":\"nb-NO\",\"@id\":\"https:\/\/dalia.dk\/no\/product\/lin-kjole-med-v-hals-05-71\/#primaryimage\",\"url\":\"https:\/\/dalia.dk\/wp-content\/uploads\/2020\/07\/IMG_5522-1-scaled.jpg\",\"contentUrl\":\"https:\/\/dalia.dk\/wp-content\/uploads\/2020\/07\/IMG_5522-1-scaled.jpg\",\"width\":1707,\"height\":2560},{\"@type\":\"BreadcrumbList\",\"@id\":\"https:\/\/dalia.dk\/no\/product\/lin-kjole-med-v-hals-05-71\/#breadcrumb\",\"itemListElement\":[{\"@type\":\"ListItem\",\"position\":1,\"name\":\"Home\",\"item\":\"https:\/\/dalia.dk\/no\/\"},{\"@type\":\"ListItem\",\"position\":2,\"name\":\"Nettbutikk\",\"item\":\"https:\/\/dalia.dk\/no\/nettbutikk\/\"},{\"@type\":\"ListItem\",\"position\":3,\"name\":\"Lin kjole med v-hals (05-71)\"}]},{\"@type\":\"WebSite\",\"@id\":\"https:\/\/dalia.dk\/no\/#website\",\"url\":\"https:\/\/dalia.dk\/no\/\",\"name\":\"Dalia\",\"description\":\"Tidsl\u00f8s og klassisk h\u00f8rt\u00f8j\",\"publisher\":{\"@id\":\"https:\/\/dalia.dk\/no\/#organization\"},\"potentialAction\":[{\"@type\":\"SearchAction\",\"target\":{\"@type\":\"EntryPoint\",\"urlTemplate\":\"https:\/\/dalia.dk\/no\/?s={search_term_string}\"},\"query-input\":{\"@type\":\"PropertyValueSpecification\",\"valueRequired\":true,\"valueName\":\"search_term_string\"}}],\"inLanguage\":\"nb-NO\"},{\"@type\":\"Organization\",\"@id\":\"https:\/\/dalia.dk\/no\/#organization\",\"name\":\"Dalia\",\"url\":\"https:\/\/dalia.dk\/no\/\",\"logo\":{\"@type\":\"ImageObject\",\"inLanguage\":\"nb-NO\",\"@id\":\"https:\/\/dalia.dk\/no\/#\/schema\/logo\/image\/\",\"url\":\"https:\/\/dalia.dk\/wp-content\/uploads\/2020\/02\/dalia_logo_from_maria.png\",\"contentUrl\":\"https:\/\/dalia.dk\/wp-content\/uploads\/2020\/02\/dalia_logo_from_maria.png\",\"width\":1034,\"height\":320,\"caption\":\"Dalia\"},\"image\":{\"@id\":\"https:\/\/dalia.dk\/no\/#\/schema\/logo\/image\/\"},\"sameAs\":[\"https:\/\/www.facebook.com\/www.dalia.nu\"]}]}<\/script>\n<!-- \/ Yoast SEO plugin. -->","yoast_head_json":{"title":"Linkjole med V-hals | Lin | 100 % lin | B\u00e6rekraftig mote | Dalia","description":"En sommerkjole i lin. Bl\u00e5-lilla farge som er tidl\u00f8s. Kjolen er produsert i Litauen, EU. Klikk her for \u00e5 se mer.","robots":{"index":"index","follow":"follow","max-snippet":"max-snippet:-1","max-image-preview":"max-image-preview:large","max-video-preview":"max-video-preview:-1"},"canonical":"https:\/\/dalia.dk\/no\/product\/lin-kjole-med-v-hals-05-71\/","og_locale":"nb_NO","og_type":"article","og_title":"Linkjole med V-hals | Lin | 100 % lin | B\u00e6rekraftig mote | Dalia","og_description":"En sommerkjole i lin. Bl\u00e5-lilla farge som er tidl\u00f8s. Kjolen er produsert i Litauen, EU. Klikk her for \u00e5 se mer.","og_url":"https:\/\/dalia.dk\/no\/product\/lin-kjole-med-v-hals-05-71\/","og_site_name":"Dalia","article_publisher":"https:\/\/www.facebook.com\/www.dalia.nu","og_image":[{"width":1707,"height":2560,"url":"https:\/\/dalia.dk\/wp-content\/uploads\/2020\/07\/IMG_5522-1-scaled.jpg","type":"image\/jpeg"}],"twitter_card":"summary_large_image","schema":{"@context":"https:\/\/schema.org","@graph":[{"@type":"WebPage","@id":"https:\/\/dalia.dk\/no\/product\/lin-kjole-med-v-hals-05-71\/","url":"https:\/\/dalia.dk\/no\/product\/lin-kjole-med-v-hals-05-71\/","name":"Linkjole med V-hals | Lin | 100 % lin | B\u00e6rekraftig mote | Dalia","isPartOf":{"@id":"https:\/\/dalia.dk\/no\/#website"},"primaryImageOfPage":{"@id":"https:\/\/dalia.dk\/no\/product\/lin-kjole-med-v-hals-05-71\/#primaryimage"},"image":{"@id":"https:\/\/dalia.dk\/no\/product\/lin-kjole-med-v-hals-05-71\/#primaryimage"},"thumbnailUrl":"https:\/\/dalia.dk\/wp-content\/uploads\/2020\/07\/IMG_5522-1-scaled.jpg","datePublished":"2025-02-18T14:30:48+00:00","description":"En sommerkjole i lin. Bl\u00e5-lilla farge som er tidl\u00f8s. Kjolen er produsert i Litauen, EU. Klikk her for \u00e5 se mer.","breadcrumb":{"@id":"https:\/\/dalia.dk\/no\/product\/lin-kjole-med-v-hals-05-71\/#breadcrumb"},"inLanguage":"nb-NO","potentialAction":[{"@type":"ReadAction","target":["https:\/\/dalia.dk\/no\/product\/lin-kjole-med-v-hals-05-71\/"]}]},{"@type":"ImageObject","inLanguage":"nb-NO","@id":"https:\/\/dalia.dk\/no\/product\/lin-kjole-med-v-hals-05-71\/#primaryimage","url":"https:\/\/dalia.dk\/wp-content\/uploads\/2020\/07\/IMG_5522-1-scaled.jpg","contentUrl":"https:\/\/dalia.dk\/wp-content\/uploads\/2020\/07\/IMG_5522-1-scaled.jpg","width":1707,"height":2560},{"@type":"BreadcrumbList","@id":"https:\/\/dalia.dk\/no\/product\/lin-kjole-med-v-hals-05-71\/#breadcrumb","itemListElement":[{"@type":"ListItem","position":1,"name":"Home","item":"https:\/\/dalia.dk\/no\/"},{"@type":"ListItem","position":2,"name":"Nettbutikk","item":"https:\/\/dalia.dk\/no\/nettbutikk\/"},{"@type":"ListItem","position":3,"name":"Lin kjole med v-hals (05-71)"}]},{"@type":"WebSite","@id":"https:\/\/dalia.dk\/no\/#website","url":"https:\/\/dalia.dk\/no\/","name":"Dalia","description":"Tidsl\u00f8s og klassisk h\u00f8rt\u00f8j","publisher":{"@id":"https:\/\/dalia.dk\/no\/#organization"},"potentialAction":[{"@type":"SearchAction","target":{"@type":"EntryPoint","urlTemplate":"https:\/\/dalia.dk\/no\/?s={search_term_string}"},"query-input":{"@type":"PropertyValueSpecification","valueRequired":true,"valueName":"search_term_string"}}],"inLanguage":"nb-NO"},{"@type":"Organization","@id":"https:\/\/dalia.dk\/no\/#organization","name":"Dalia","url":"https:\/\/dalia.dk\/no\/","logo":{"@type":"ImageObject","inLanguage":"nb-NO","@id":"https:\/\/dalia.dk\/no\/#\/schema\/logo\/image\/","url":"https:\/\/dalia.dk\/wp-content\/uploads\/2020\/02\/dalia_logo_from_maria.png","contentUrl":"https:\/\/dalia.dk\/wp-content\/uploads\/2020\/02\/dalia_logo_from_maria.png","width":1034,"height":320,"caption":"Dalia"},"image":{"@id":"https:\/\/dalia.dk\/no\/#\/schema\/logo\/image\/"},"sameAs":["https:\/\/www.facebook.com\/www.dalia.nu"]}]}},"_links":{"self":[{"href":"https:\/\/dalia.dk\/no\/wp-json\/wp\/v2\/product\/7742","targetHints":{"allow":["GET"]}}],"collection":[{"href":"https:\/\/dalia.dk\/no\/wp-json\/wp\/v2\/product"}],"about":[{"href":"https:\/\/dalia.dk\/no\/wp-json\/wp\/v2\/types\/product"}],"wp:featuredmedia":[{"embeddable":true,"href":"https:\/\/dalia.dk\/no\/wp-json\/wp\/v2\/media\/7744"}],"wp:attachment":[{"href":"https:\/\/dalia.dk\/no\/wp-json\/wp\/v2\/media?parent=7742"}],"wp:term":[{"taxonomy":"product_cat","embeddable":true,"href":"https:\/\/dalia.dk\/no\/wp-json\/wp\/v2\/product_cat?post=7742"},{"taxonomy":"product_tag","embeddable":true,"href":"https:\/\/dalia.dk\/no\/wp-json\/wp\/v2\/product_tag?post=7742"}],"curies":[{"name":"wp","href":"https:\/\/api.w.org\/{rel}","templated":true}]}}