{"id":8610,"date":"2023-01-22T15:02:17","date_gmt":"2025-02-18T14:38:05","guid":{"rendered":"https:\/\/dalia.dk\/product\/lett-sommerkjole-05-113\/"},"modified":"2025-02-18T14:38:05","modified_gmt":"2025-02-18T14:38:05","slug":"lett-sommerkjole-05-113","status":"publish","type":"product","link":"https:\/\/dalia.dk\/no\/product\/lett-sommerkjole-05-113\/","title":{"rendered":"Lett sommerkjole (05-113)"},"content":{"rendered":"<div class=\"woocommerce-tabs wc-tabs-wrapper\">\n<div id=\"tab-description\" class=\"woocommerce-Tabs-panel woocommerce-Tabs-panel--description panel entry-content wc-tab\" role=\"tabpanel\" aria-labelledby=\"tab-title-description\">\n<p>&nbsp;<\/p>\n<p><strong>Fargekode:<\/strong><\/p>\n<p>979<\/p>\n<p>Tilgjengelig i flere farger.<\/p>\n<p>&nbsp;<\/p>\n<p><strong>Kvalitet:<\/strong><\/p>\n<p>Denne gr\u00e5 linkjolen er laget av 100 % lin og produsert i Litauen, EU.<\/p>\n<p><strong><br \/>\nSt\u00f8rrelser:<\/strong><\/p>\n<p>36 &#8211; 46<\/p>\n<\/div>\n<\/div>\n<section class=\"related products\"><\/section>\n","protected":false},"excerpt":{"rendered":"<p>&nbsp;<\/p>\n<p>Denne sommerkjolen med sm\u00e5 ermer er laget av 100 % lin.<br \/>\nDen er luftig og har fine knapper langs fronten.<br \/>\nLinet er av sterk kvalitet og n\u00f8ye utvalgt for holdbarhet.  <\/p>\n<p>Kjole med knapper i vevd lin.<\/p>\n<p>S\u00f8m langs knappene gir en ekstra behagelig passform og en fin detalj. Kjolen er laget av 100 % lin og er fin \u00e5 ha p\u00e5 seg i varmen, siden materialet puster godt. <\/p>\n<p>Linkl\u00e6r produseres av de gode systuene som er igjen i Litauen, hvor det tas hensyn til gode arbeidsforhold og kvalitet. Innkj\u00f8p av linmateriale gj\u00f8res fra litauiske produsenter som tilbyr de gode kvalitetene og fargene og ikke vil g\u00e5 p\u00e5 kompromiss med produksjons- og arbeidsforhold.<\/p>\n<p>Det er skr\u00e5lommer p\u00e5 begge sider &#8211; bruk den hele \u00e5ret. Om sommeren kan du bruke den alene, og i de kaldere m\u00e5nedene med et par leggings og en langermet genser eller skjorte under, og\/eller en smart cardigan eller strikkegenser.<\/p>\n<p>Vaskeanvisning: 30-40 grader sk\u00e5nsom vask Strekk i form og heng til t\u00f8rk. Damp heller enn \u00e5 stryke.<br \/>\nHvis du stryker linet for varmt, er det st\u00f8rre sannsynlighet for at stoffet kr\u00f8ller seg. Ikke blek eller renser. <\/p>\n<p>&nbsp;<\/p>\n","protected":false},"featured_media":8612,"template":"","meta":{"_acf_changed":false},"product_cat":[950],"product_tag":[],"class_list":{"0":"post-8610","1":"product","2":"type-product","3":"status-publish","4":"has-post-thumbnail","6":"product_cat-kolleksjon-kjoler","8":"first","9":"instock","10":"shipping-taxable","11":"product-type-simple"},"acf":[],"yoast_head":"<!-- This site is optimized with the Yoast SEO plugin v25.2 - https:\/\/yoast.com\/wordpress\/plugins\/seo\/ -->\n<title>Lett linkjole til sommeren | Sterk lin kvalitet | Linkl\u00e6r | Dalia<\/title>\n<meta name=\"description\" content=\"La deg inspirere av v\u00e5r katalog med linkjoler som passer perfekt til b\u00e5de fest og strandferie. Lin kjole laget i Litauen. Se mer her.\" \/>\n<meta name=\"robots\" content=\"index, follow, max-snippet:-1, max-image-preview:large, max-video-preview:-1\" \/>\n<link rel=\"canonical\" href=\"https:\/\/dalia.dk\/no\/product\/lett-sommerkjole-05-113\/\" \/>\n<meta property=\"og:locale\" content=\"nb_NO\" \/>\n<meta property=\"og:type\" content=\"article\" \/>\n<meta property=\"og:title\" content=\"Lett linkjole til sommeren | Sterk lin kvalitet | Linkl\u00e6r | Dalia\" \/>\n<meta property=\"og:description\" content=\"La deg inspirere av v\u00e5r katalog med linkjoler som passer perfekt til b\u00e5de fest og strandferie. Lin kjole laget i Litauen. Se mer her.\" \/>\n<meta property=\"og:url\" content=\"https:\/\/dalia.dk\/no\/product\/lett-sommerkjole-05-113\/\" \/>\n<meta property=\"og:site_name\" content=\"Dalia\" \/>\n<meta property=\"article:publisher\" content=\"https:\/\/www.facebook.com\/www.dalia.nu\" \/>\n<meta property=\"og:image\" content=\"https:\/\/dalia.dk\/wp-content\/uploads\/2021\/12\/IMG_8975-rotated.jpg\" \/>\n\t<meta property=\"og:image:width\" content=\"1280\" \/>\n\t<meta property=\"og:image:height\" content=\"1920\" \/>\n\t<meta property=\"og:image:type\" content=\"image\/jpeg\" \/>\n<meta name=\"twitter:card\" content=\"summary_large_image\" \/>\n<script type=\"application\/ld+json\" class=\"yoast-schema-graph\">{\"@context\":\"https:\/\/schema.org\",\"@graph\":[{\"@type\":\"WebPage\",\"@id\":\"https:\/\/dalia.dk\/no\/product\/lett-sommerkjole-05-113\/\",\"url\":\"https:\/\/dalia.dk\/no\/product\/lett-sommerkjole-05-113\/\",\"name\":\"Lett linkjole til sommeren | Sterk lin kvalitet | Linkl\u00e6r | Dalia\",\"isPartOf\":{\"@id\":\"https:\/\/dalia.dk\/no\/#website\"},\"primaryImageOfPage\":{\"@id\":\"https:\/\/dalia.dk\/no\/product\/lett-sommerkjole-05-113\/#primaryimage\"},\"image\":{\"@id\":\"https:\/\/dalia.dk\/no\/product\/lett-sommerkjole-05-113\/#primaryimage\"},\"thumbnailUrl\":\"https:\/\/dalia.dk\/wp-content\/uploads\/2021\/12\/IMG_8975-rotated.jpg\",\"datePublished\":\"2025-02-18T14:38:05+00:00\",\"description\":\"La deg inspirere av v\u00e5r katalog med linkjoler som passer perfekt til b\u00e5de fest og strandferie. Lin kjole laget i Litauen. Se mer her.\",\"breadcrumb\":{\"@id\":\"https:\/\/dalia.dk\/no\/product\/lett-sommerkjole-05-113\/#breadcrumb\"},\"inLanguage\":\"nb-NO\",\"potentialAction\":[{\"@type\":\"ReadAction\",\"target\":[\"https:\/\/dalia.dk\/no\/product\/lett-sommerkjole-05-113\/\"]}]},{\"@type\":\"ImageObject\",\"inLanguage\":\"nb-NO\",\"@id\":\"https:\/\/dalia.dk\/no\/product\/lett-sommerkjole-05-113\/#primaryimage\",\"url\":\"https:\/\/dalia.dk\/wp-content\/uploads\/2021\/12\/IMG_8975-rotated.jpg\",\"contentUrl\":\"https:\/\/dalia.dk\/wp-content\/uploads\/2021\/12\/IMG_8975-rotated.jpg\",\"width\":1280,\"height\":1920},{\"@type\":\"BreadcrumbList\",\"@id\":\"https:\/\/dalia.dk\/no\/product\/lett-sommerkjole-05-113\/#breadcrumb\",\"itemListElement\":[{\"@type\":\"ListItem\",\"position\":1,\"name\":\"Home\",\"item\":\"https:\/\/dalia.dk\/no\/\"},{\"@type\":\"ListItem\",\"position\":2,\"name\":\"Nettbutikk\",\"item\":\"https:\/\/dalia.dk\/no\/nettbutikk\/\"},{\"@type\":\"ListItem\",\"position\":3,\"name\":\"Lett sommerkjole (05-113)\"}]},{\"@type\":\"WebSite\",\"@id\":\"https:\/\/dalia.dk\/no\/#website\",\"url\":\"https:\/\/dalia.dk\/no\/\",\"name\":\"Dalia\",\"description\":\"Tidsl\u00f8s og klassisk h\u00f8rt\u00f8j\",\"publisher\":{\"@id\":\"https:\/\/dalia.dk\/no\/#organization\"},\"potentialAction\":[{\"@type\":\"SearchAction\",\"target\":{\"@type\":\"EntryPoint\",\"urlTemplate\":\"https:\/\/dalia.dk\/no\/?s={search_term_string}\"},\"query-input\":{\"@type\":\"PropertyValueSpecification\",\"valueRequired\":true,\"valueName\":\"search_term_string\"}}],\"inLanguage\":\"nb-NO\"},{\"@type\":\"Organization\",\"@id\":\"https:\/\/dalia.dk\/no\/#organization\",\"name\":\"Dalia\",\"url\":\"https:\/\/dalia.dk\/no\/\",\"logo\":{\"@type\":\"ImageObject\",\"inLanguage\":\"nb-NO\",\"@id\":\"https:\/\/dalia.dk\/no\/#\/schema\/logo\/image\/\",\"url\":\"https:\/\/dalia.dk\/wp-content\/uploads\/2020\/02\/dalia_logo_from_maria.png\",\"contentUrl\":\"https:\/\/dalia.dk\/wp-content\/uploads\/2020\/02\/dalia_logo_from_maria.png\",\"width\":1034,\"height\":320,\"caption\":\"Dalia\"},\"image\":{\"@id\":\"https:\/\/dalia.dk\/no\/#\/schema\/logo\/image\/\"},\"sameAs\":[\"https:\/\/www.facebook.com\/www.dalia.nu\"]}]}<\/script>\n<!-- \/ Yoast SEO plugin. -->","yoast_head_json":{"title":"Lett linkjole til sommeren | Sterk lin kvalitet | Linkl\u00e6r | Dalia","description":"La deg inspirere av v\u00e5r katalog med linkjoler som passer perfekt til b\u00e5de fest og strandferie. Lin kjole laget i Litauen. Se mer her.","robots":{"index":"index","follow":"follow","max-snippet":"max-snippet:-1","max-image-preview":"max-image-preview:large","max-video-preview":"max-video-preview:-1"},"canonical":"https:\/\/dalia.dk\/no\/product\/lett-sommerkjole-05-113\/","og_locale":"nb_NO","og_type":"article","og_title":"Lett linkjole til sommeren | Sterk lin kvalitet | Linkl\u00e6r | Dalia","og_description":"La deg inspirere av v\u00e5r katalog med linkjoler som passer perfekt til b\u00e5de fest og strandferie. Lin kjole laget i Litauen. Se mer her.","og_url":"https:\/\/dalia.dk\/no\/product\/lett-sommerkjole-05-113\/","og_site_name":"Dalia","article_publisher":"https:\/\/www.facebook.com\/www.dalia.nu","og_image":[{"width":1280,"height":1920,"url":"https:\/\/dalia.dk\/wp-content\/uploads\/2021\/12\/IMG_8975-rotated.jpg","type":"image\/jpeg"}],"twitter_card":"summary_large_image","schema":{"@context":"https:\/\/schema.org","@graph":[{"@type":"WebPage","@id":"https:\/\/dalia.dk\/no\/product\/lett-sommerkjole-05-113\/","url":"https:\/\/dalia.dk\/no\/product\/lett-sommerkjole-05-113\/","name":"Lett linkjole til sommeren | Sterk lin kvalitet | Linkl\u00e6r | Dalia","isPartOf":{"@id":"https:\/\/dalia.dk\/no\/#website"},"primaryImageOfPage":{"@id":"https:\/\/dalia.dk\/no\/product\/lett-sommerkjole-05-113\/#primaryimage"},"image":{"@id":"https:\/\/dalia.dk\/no\/product\/lett-sommerkjole-05-113\/#primaryimage"},"thumbnailUrl":"https:\/\/dalia.dk\/wp-content\/uploads\/2021\/12\/IMG_8975-rotated.jpg","datePublished":"2025-02-18T14:38:05+00:00","description":"La deg inspirere av v\u00e5r katalog med linkjoler som passer perfekt til b\u00e5de fest og strandferie. Lin kjole laget i Litauen. Se mer her.","breadcrumb":{"@id":"https:\/\/dalia.dk\/no\/product\/lett-sommerkjole-05-113\/#breadcrumb"},"inLanguage":"nb-NO","potentialAction":[{"@type":"ReadAction","target":["https:\/\/dalia.dk\/no\/product\/lett-sommerkjole-05-113\/"]}]},{"@type":"ImageObject","inLanguage":"nb-NO","@id":"https:\/\/dalia.dk\/no\/product\/lett-sommerkjole-05-113\/#primaryimage","url":"https:\/\/dalia.dk\/wp-content\/uploads\/2021\/12\/IMG_8975-rotated.jpg","contentUrl":"https:\/\/dalia.dk\/wp-content\/uploads\/2021\/12\/IMG_8975-rotated.jpg","width":1280,"height":1920},{"@type":"BreadcrumbList","@id":"https:\/\/dalia.dk\/no\/product\/lett-sommerkjole-05-113\/#breadcrumb","itemListElement":[{"@type":"ListItem","position":1,"name":"Home","item":"https:\/\/dalia.dk\/no\/"},{"@type":"ListItem","position":2,"name":"Nettbutikk","item":"https:\/\/dalia.dk\/no\/nettbutikk\/"},{"@type":"ListItem","position":3,"name":"Lett sommerkjole (05-113)"}]},{"@type":"WebSite","@id":"https:\/\/dalia.dk\/no\/#website","url":"https:\/\/dalia.dk\/no\/","name":"Dalia","description":"Tidsl\u00f8s og klassisk h\u00f8rt\u00f8j","publisher":{"@id":"https:\/\/dalia.dk\/no\/#organization"},"potentialAction":[{"@type":"SearchAction","target":{"@type":"EntryPoint","urlTemplate":"https:\/\/dalia.dk\/no\/?s={search_term_string}"},"query-input":{"@type":"PropertyValueSpecification","valueRequired":true,"valueName":"search_term_string"}}],"inLanguage":"nb-NO"},{"@type":"Organization","@id":"https:\/\/dalia.dk\/no\/#organization","name":"Dalia","url":"https:\/\/dalia.dk\/no\/","logo":{"@type":"ImageObject","inLanguage":"nb-NO","@id":"https:\/\/dalia.dk\/no\/#\/schema\/logo\/image\/","url":"https:\/\/dalia.dk\/wp-content\/uploads\/2020\/02\/dalia_logo_from_maria.png","contentUrl":"https:\/\/dalia.dk\/wp-content\/uploads\/2020\/02\/dalia_logo_from_maria.png","width":1034,"height":320,"caption":"Dalia"},"image":{"@id":"https:\/\/dalia.dk\/no\/#\/schema\/logo\/image\/"},"sameAs":["https:\/\/www.facebook.com\/www.dalia.nu"]}]}},"_links":{"self":[{"href":"https:\/\/dalia.dk\/no\/wp-json\/wp\/v2\/product\/8610","targetHints":{"allow":["GET"]}}],"collection":[{"href":"https:\/\/dalia.dk\/no\/wp-json\/wp\/v2\/product"}],"about":[{"href":"https:\/\/dalia.dk\/no\/wp-json\/wp\/v2\/types\/product"}],"wp:featuredmedia":[{"embeddable":true,"href":"https:\/\/dalia.dk\/no\/wp-json\/wp\/v2\/media\/8612"}],"wp:attachment":[{"href":"https:\/\/dalia.dk\/no\/wp-json\/wp\/v2\/media?parent=8610"}],"wp:term":[{"taxonomy":"product_cat","embeddable":true,"href":"https:\/\/dalia.dk\/no\/wp-json\/wp\/v2\/product_cat?post=8610"},{"taxonomy":"product_tag","embeddable":true,"href":"https:\/\/dalia.dk\/no\/wp-json\/wp\/v2\/product_tag?post=8610"}],"curies":[{"name":"wp","href":"https:\/\/api.w.org\/{rel}","templated":true}]}}