{"id":8781,"date":"2021-06-30T10:09:34","date_gmt":"2025-02-18T14:38:51","guid":{"rendered":"https:\/\/dalia.dk\/product\/lisa-lin-kjole-i-petrol\/"},"modified":"2025-02-18T14:38:51","modified_gmt":"2025-02-18T14:38:51","slug":"lisa-lin-kjole-i-petrol","status":"publish","type":"product","link":"https:\/\/dalia.dk\/no\/product\/lisa-lin-kjole-i-petrol\/","title":{"rendered":"Lisa lin kjole i petrol"},"content":{"rendered":"<p>&nbsp;<\/p>\n<p>&nbsp;<\/p>\n<p>Modellen har p\u00e5 seg linkjolen i st\u00f8rrelse 42.<\/p>\n<p>&nbsp;<\/p>\n<p><strong>Kvalitet:<\/strong><\/p>\n<p>Denne linkjolen er laget av 100 % lin.<br \/>\nLin er et naturmateriale med mange gode egenskaper. Lin blir mykere og mykere jo mer du bruker det, og med riktig pleie vil det se vakkert ut og vare i mange \u00e5r. <\/p>\n<p>&nbsp;<\/p>\n<p><strong>H\u00f8r fordelene:<\/strong><\/p>\n<p>&#8211; 30 % sterkere enn bomull &#8211; Temperaturregulerende og pustende &#8211; En sterk fiber som gj\u00f8r at linprodukter holder formen &#8211; Milj\u00f8vennlig, da det kun trengs sm\u00e5 mengder vann for \u00e5 dyrke lin &#8211; Har en glatt og lofri overflate som aldri vil fnugge<\/p>\n<p>&nbsp;<\/p>\n","protected":false},"excerpt":{"rendered":"<p>&nbsp;<\/p>\n<p>En fin kjole til sommer og festlige anledninger. Kjolen er i en petrolfarget nyanse som lett kan matches med mange ulike m\u00f8rke og lyse farger. Kjolen er 100 % lin, i en myk og deilig kvalitet. Som en praktisk detalj har kjolen skjulte lommer p\u00e5 begge sider.<\/p>\n<p>&nbsp;<\/p>\n","protected":false},"featured_media":8786,"template":"","meta":{"_acf_changed":false},"product_cat":[989],"product_tag":[],"class_list":{"0":"post-8781","1":"product","2":"type-product","3":"status-publish","4":"has-post-thumbnail","6":"product_cat-kjoler","8":"first","9":"instock","10":"shipping-taxable","11":"purchasable","12":"product-type-variable"},"acf":[],"yoast_head":"<!-- This site is optimized with the Yoast SEO plugin v25.2 - https:\/\/yoast.com\/wordpress\/plugins\/seo\/ -->\n<title>Lisa linkjole i petrol | Linkjoler | 100% lin | Sommerkjoler | Dalia<\/title>\n<meta name=\"description\" content=\"Linkjole som er perfekt for sommervarmen. Kjolen er laget av 100 % lin, faller vakkert og har en god passform. Mykt lin i en kraftig kvalitet.\" \/>\n<meta name=\"robots\" content=\"index, follow, max-snippet:-1, max-image-preview:large, max-video-preview:-1\" \/>\n<link rel=\"canonical\" href=\"https:\/\/dalia.dk\/no\/product\/lisa-lin-kjole-i-petrol\/\" \/>\n<meta property=\"og:locale\" content=\"nb_NO\" \/>\n<meta property=\"og:type\" content=\"article\" \/>\n<meta property=\"og:title\" content=\"Lisa linkjole i petrol | Linkjoler | 100% lin | Sommerkjoler | Dalia\" \/>\n<meta property=\"og:description\" content=\"Linkjole som er perfekt for sommervarmen. Kjolen er laget av 100 % lin, faller vakkert og har en god passform. Mykt lin i en kraftig kvalitet.\" \/>\n<meta property=\"og:url\" content=\"https:\/\/dalia.dk\/no\/product\/lisa-lin-kjole-i-petrol\/\" \/>\n<meta property=\"og:site_name\" content=\"Dalia\" \/>\n<meta property=\"article:publisher\" content=\"https:\/\/www.facebook.com\/www.dalia.nu\" \/>\n<meta property=\"og:image\" content=\"https:\/\/dalia.dk\/wp-content\/uploads\/2021\/06\/IMG_7985-scaled.jpg\" \/>\n\t<meta property=\"og:image:width\" content=\"1707\" \/>\n\t<meta property=\"og:image:height\" content=\"2560\" \/>\n\t<meta property=\"og:image:type\" content=\"image\/jpeg\" \/>\n<meta name=\"twitter:card\" content=\"summary_large_image\" \/>\n<script type=\"application\/ld+json\" class=\"yoast-schema-graph\">{\"@context\":\"https:\/\/schema.org\",\"@graph\":[{\"@type\":\"WebPage\",\"@id\":\"https:\/\/dalia.dk\/no\/product\/lisa-lin-kjole-i-petrol\/\",\"url\":\"https:\/\/dalia.dk\/no\/product\/lisa-lin-kjole-i-petrol\/\",\"name\":\"Lisa linkjole i petrol | Linkjoler | 100% lin | Sommerkjoler | Dalia\",\"isPartOf\":{\"@id\":\"https:\/\/dalia.dk\/no\/#website\"},\"primaryImageOfPage\":{\"@id\":\"https:\/\/dalia.dk\/no\/product\/lisa-lin-kjole-i-petrol\/#primaryimage\"},\"image\":{\"@id\":\"https:\/\/dalia.dk\/no\/product\/lisa-lin-kjole-i-petrol\/#primaryimage\"},\"thumbnailUrl\":\"https:\/\/dalia.dk\/wp-content\/uploads\/2021\/06\/IMG_7985-scaled.jpg\",\"datePublished\":\"2025-02-18T14:38:51+00:00\",\"description\":\"Linkjole som er perfekt for sommervarmen. Kjolen er laget av 100 % lin, faller vakkert og har en god passform. Mykt lin i en kraftig kvalitet.\",\"breadcrumb\":{\"@id\":\"https:\/\/dalia.dk\/no\/product\/lisa-lin-kjole-i-petrol\/#breadcrumb\"},\"inLanguage\":\"nb-NO\",\"potentialAction\":[{\"@type\":\"ReadAction\",\"target\":[\"https:\/\/dalia.dk\/no\/product\/lisa-lin-kjole-i-petrol\/\"]}]},{\"@type\":\"ImageObject\",\"inLanguage\":\"nb-NO\",\"@id\":\"https:\/\/dalia.dk\/no\/product\/lisa-lin-kjole-i-petrol\/#primaryimage\",\"url\":\"https:\/\/dalia.dk\/wp-content\/uploads\/2021\/06\/IMG_7985-scaled.jpg\",\"contentUrl\":\"https:\/\/dalia.dk\/wp-content\/uploads\/2021\/06\/IMG_7985-scaled.jpg\",\"width\":1707,\"height\":2560},{\"@type\":\"BreadcrumbList\",\"@id\":\"https:\/\/dalia.dk\/no\/product\/lisa-lin-kjole-i-petrol\/#breadcrumb\",\"itemListElement\":[{\"@type\":\"ListItem\",\"position\":1,\"name\":\"Home\",\"item\":\"https:\/\/dalia.dk\/no\/\"},{\"@type\":\"ListItem\",\"position\":2,\"name\":\"Nettbutikk\",\"item\":\"https:\/\/dalia.dk\/no\/nettbutikk\/\"},{\"@type\":\"ListItem\",\"position\":3,\"name\":\"Lisa lin kjole i petrol\"}]},{\"@type\":\"WebSite\",\"@id\":\"https:\/\/dalia.dk\/no\/#website\",\"url\":\"https:\/\/dalia.dk\/no\/\",\"name\":\"Dalia\",\"description\":\"Tidsl\u00f8s og klassisk h\u00f8rt\u00f8j\",\"publisher\":{\"@id\":\"https:\/\/dalia.dk\/no\/#organization\"},\"potentialAction\":[{\"@type\":\"SearchAction\",\"target\":{\"@type\":\"EntryPoint\",\"urlTemplate\":\"https:\/\/dalia.dk\/no\/?s={search_term_string}\"},\"query-input\":{\"@type\":\"PropertyValueSpecification\",\"valueRequired\":true,\"valueName\":\"search_term_string\"}}],\"inLanguage\":\"nb-NO\"},{\"@type\":\"Organization\",\"@id\":\"https:\/\/dalia.dk\/no\/#organization\",\"name\":\"Dalia\",\"url\":\"https:\/\/dalia.dk\/no\/\",\"logo\":{\"@type\":\"ImageObject\",\"inLanguage\":\"nb-NO\",\"@id\":\"https:\/\/dalia.dk\/no\/#\/schema\/logo\/image\/\",\"url\":\"https:\/\/dalia.dk\/wp-content\/uploads\/2020\/02\/dalia_logo_from_maria.png\",\"contentUrl\":\"https:\/\/dalia.dk\/wp-content\/uploads\/2020\/02\/dalia_logo_from_maria.png\",\"width\":1034,\"height\":320,\"caption\":\"Dalia\"},\"image\":{\"@id\":\"https:\/\/dalia.dk\/no\/#\/schema\/logo\/image\/\"},\"sameAs\":[\"https:\/\/www.facebook.com\/www.dalia.nu\"]}]}<\/script>\n<!-- \/ Yoast SEO plugin. -->","yoast_head_json":{"title":"Lisa linkjole i petrol | Linkjoler | 100% lin | Sommerkjoler | Dalia","description":"Linkjole som er perfekt for sommervarmen. Kjolen er laget av 100 % lin, faller vakkert og har en god passform. Mykt lin i en kraftig kvalitet.","robots":{"index":"index","follow":"follow","max-snippet":"max-snippet:-1","max-image-preview":"max-image-preview:large","max-video-preview":"max-video-preview:-1"},"canonical":"https:\/\/dalia.dk\/no\/product\/lisa-lin-kjole-i-petrol\/","og_locale":"nb_NO","og_type":"article","og_title":"Lisa linkjole i petrol | Linkjoler | 100% lin | Sommerkjoler | Dalia","og_description":"Linkjole som er perfekt for sommervarmen. Kjolen er laget av 100 % lin, faller vakkert og har en god passform. Mykt lin i en kraftig kvalitet.","og_url":"https:\/\/dalia.dk\/no\/product\/lisa-lin-kjole-i-petrol\/","og_site_name":"Dalia","article_publisher":"https:\/\/www.facebook.com\/www.dalia.nu","og_image":[{"width":1707,"height":2560,"url":"https:\/\/dalia.dk\/wp-content\/uploads\/2021\/06\/IMG_7985-scaled.jpg","type":"image\/jpeg"}],"twitter_card":"summary_large_image","schema":{"@context":"https:\/\/schema.org","@graph":[{"@type":"WebPage","@id":"https:\/\/dalia.dk\/no\/product\/lisa-lin-kjole-i-petrol\/","url":"https:\/\/dalia.dk\/no\/product\/lisa-lin-kjole-i-petrol\/","name":"Lisa linkjole i petrol | Linkjoler | 100% lin | Sommerkjoler | Dalia","isPartOf":{"@id":"https:\/\/dalia.dk\/no\/#website"},"primaryImageOfPage":{"@id":"https:\/\/dalia.dk\/no\/product\/lisa-lin-kjole-i-petrol\/#primaryimage"},"image":{"@id":"https:\/\/dalia.dk\/no\/product\/lisa-lin-kjole-i-petrol\/#primaryimage"},"thumbnailUrl":"https:\/\/dalia.dk\/wp-content\/uploads\/2021\/06\/IMG_7985-scaled.jpg","datePublished":"2025-02-18T14:38:51+00:00","description":"Linkjole som er perfekt for sommervarmen. Kjolen er laget av 100 % lin, faller vakkert og har en god passform. Mykt lin i en kraftig kvalitet.","breadcrumb":{"@id":"https:\/\/dalia.dk\/no\/product\/lisa-lin-kjole-i-petrol\/#breadcrumb"},"inLanguage":"nb-NO","potentialAction":[{"@type":"ReadAction","target":["https:\/\/dalia.dk\/no\/product\/lisa-lin-kjole-i-petrol\/"]}]},{"@type":"ImageObject","inLanguage":"nb-NO","@id":"https:\/\/dalia.dk\/no\/product\/lisa-lin-kjole-i-petrol\/#primaryimage","url":"https:\/\/dalia.dk\/wp-content\/uploads\/2021\/06\/IMG_7985-scaled.jpg","contentUrl":"https:\/\/dalia.dk\/wp-content\/uploads\/2021\/06\/IMG_7985-scaled.jpg","width":1707,"height":2560},{"@type":"BreadcrumbList","@id":"https:\/\/dalia.dk\/no\/product\/lisa-lin-kjole-i-petrol\/#breadcrumb","itemListElement":[{"@type":"ListItem","position":1,"name":"Home","item":"https:\/\/dalia.dk\/no\/"},{"@type":"ListItem","position":2,"name":"Nettbutikk","item":"https:\/\/dalia.dk\/no\/nettbutikk\/"},{"@type":"ListItem","position":3,"name":"Lisa lin kjole i petrol"}]},{"@type":"WebSite","@id":"https:\/\/dalia.dk\/no\/#website","url":"https:\/\/dalia.dk\/no\/","name":"Dalia","description":"Tidsl\u00f8s og klassisk h\u00f8rt\u00f8j","publisher":{"@id":"https:\/\/dalia.dk\/no\/#organization"},"potentialAction":[{"@type":"SearchAction","target":{"@type":"EntryPoint","urlTemplate":"https:\/\/dalia.dk\/no\/?s={search_term_string}"},"query-input":{"@type":"PropertyValueSpecification","valueRequired":true,"valueName":"search_term_string"}}],"inLanguage":"nb-NO"},{"@type":"Organization","@id":"https:\/\/dalia.dk\/no\/#organization","name":"Dalia","url":"https:\/\/dalia.dk\/no\/","logo":{"@type":"ImageObject","inLanguage":"nb-NO","@id":"https:\/\/dalia.dk\/no\/#\/schema\/logo\/image\/","url":"https:\/\/dalia.dk\/wp-content\/uploads\/2020\/02\/dalia_logo_from_maria.png","contentUrl":"https:\/\/dalia.dk\/wp-content\/uploads\/2020\/02\/dalia_logo_from_maria.png","width":1034,"height":320,"caption":"Dalia"},"image":{"@id":"https:\/\/dalia.dk\/no\/#\/schema\/logo\/image\/"},"sameAs":["https:\/\/www.facebook.com\/www.dalia.nu"]}]}},"_links":{"self":[{"href":"https:\/\/dalia.dk\/no\/wp-json\/wp\/v2\/product\/8781","targetHints":{"allow":["GET"]}}],"collection":[{"href":"https:\/\/dalia.dk\/no\/wp-json\/wp\/v2\/product"}],"about":[{"href":"https:\/\/dalia.dk\/no\/wp-json\/wp\/v2\/types\/product"}],"wp:featuredmedia":[{"embeddable":true,"href":"https:\/\/dalia.dk\/no\/wp-json\/wp\/v2\/media\/8786"}],"wp:attachment":[{"href":"https:\/\/dalia.dk\/no\/wp-json\/wp\/v2\/media?parent=8781"}],"wp:term":[{"taxonomy":"product_cat","embeddable":true,"href":"https:\/\/dalia.dk\/no\/wp-json\/wp\/v2\/product_cat?post=8781"},{"taxonomy":"product_tag","embeddable":true,"href":"https:\/\/dalia.dk\/no\/wp-json\/wp\/v2\/product_tag?post=8781"}],"curies":[{"name":"wp","href":"https:\/\/api.w.org\/{rel}","templated":true}]}}