{"id":9244,"date":"2024-01-20T16:59:12","date_gmt":"2025-02-18T14:41:19","guid":{"rendered":"https:\/\/dalia.dk\/product\/kjole-i-merinoull\/"},"modified":"2025-02-18T14:41:19","modified_gmt":"2025-02-18T14:41:19","slug":"kjole-i-merinoull","status":"publish","type":"product","link":"https:\/\/dalia.dk\/no\/product\/kjole-i-merinoull\/","title":{"rendered":"Kjole i merinoull"},"content":{"rendered":"<p>&nbsp;<\/p>\n<p><b>Fargekode:<\/b><\/p>\n<p>22053<\/p>\n<p>Tilgjengelig i flere farger.<\/p>\n<p>&nbsp;<\/p>\n<p><strong>Kvalitet:<\/strong><\/p>\n<p>100 % merinoull<\/p>\n<p>&nbsp;<\/p>\n<p><strong>St\u00f8rrelser<\/strong>:<\/p>\n<p>36 &#8211; 46<\/p>\n<p>&nbsp;<\/p>\n","protected":false},"excerpt":{"rendered":"<p>&nbsp;<\/p>\n<p>Gr\u00f8nn kjole i myk merinoull med lange ermer. Kjolen har rund hals og et enkelt design i en avslappet passform.<br \/>\nKjolen er perfekt til h\u00f8st og vinter med et par kule boots. <\/p>\n<p>&nbsp;<\/p>\n","protected":false},"featured_media":9246,"template":"","meta":{"_acf_changed":false},"product_cat":[950],"product_tag":[],"class_list":{"0":"post-9244","1":"product","2":"type-product","3":"status-publish","4":"has-post-thumbnail","6":"product_cat-kolleksjon-kjoler","8":"first","9":"instock","10":"shipping-taxable","11":"product-type-simple"},"acf":[],"yoast_head":"<!-- This site is optimized with the Yoast SEO plugin v25.2 - https:\/\/yoast.com\/wordpress\/plugins\/seo\/ -->\n<title>Gr\u00f8nn ullkjole | Myk merinoull | Kjoler | Damemote | Dalia<\/title>\n<meta name=\"description\" content=\"Kj\u00f8p Dalia ullkjoler! Naturlige og myke kvaliteter som holder p\u00e5 farge og form. Enkle og fine detaljer skaper en klassisk look.\" \/>\n<meta name=\"robots\" content=\"index, follow, max-snippet:-1, max-image-preview:large, max-video-preview:-1\" \/>\n<link rel=\"canonical\" href=\"https:\/\/dalia.dk\/no\/product\/kjole-i-merinoull\/\" \/>\n<meta property=\"og:locale\" content=\"nb_NO\" \/>\n<meta property=\"og:type\" content=\"article\" \/>\n<meta property=\"og:title\" content=\"Gr\u00f8nn ullkjole | Myk merinoull | Kjoler | Damemote | Dalia\" \/>\n<meta property=\"og:description\" content=\"Kj\u00f8p Dalia ullkjoler! Naturlige og myke kvaliteter som holder p\u00e5 farge og form. Enkle og fine detaljer skaper en klassisk look.\" \/>\n<meta property=\"og:url\" content=\"https:\/\/dalia.dk\/no\/product\/kjole-i-merinoull\/\" \/>\n<meta property=\"og:site_name\" content=\"Dalia\" \/>\n<meta property=\"article:publisher\" content=\"https:\/\/www.facebook.com\/www.dalia.nu\" \/>\n<meta property=\"og:image\" content=\"https:\/\/dalia.dk\/wp-content\/uploads\/2024\/01\/MNM10017-22053_1-scaled.jpg\" \/>\n\t<meta property=\"og:image:width\" content=\"1707\" \/>\n\t<meta property=\"og:image:height\" content=\"2560\" \/>\n\t<meta property=\"og:image:type\" content=\"image\/jpeg\" \/>\n<meta name=\"twitter:card\" content=\"summary_large_image\" \/>\n<script type=\"application\/ld+json\" class=\"yoast-schema-graph\">{\"@context\":\"https:\/\/schema.org\",\"@graph\":[{\"@type\":\"WebPage\",\"@id\":\"https:\/\/dalia.dk\/no\/product\/kjole-i-merinoull\/\",\"url\":\"https:\/\/dalia.dk\/no\/product\/kjole-i-merinoull\/\",\"name\":\"Gr\u00f8nn ullkjole | Myk merinoull | Kjoler | Damemote | Dalia\",\"isPartOf\":{\"@id\":\"https:\/\/dalia.dk\/no\/#website\"},\"primaryImageOfPage\":{\"@id\":\"https:\/\/dalia.dk\/no\/product\/kjole-i-merinoull\/#primaryimage\"},\"image\":{\"@id\":\"https:\/\/dalia.dk\/no\/product\/kjole-i-merinoull\/#primaryimage\"},\"thumbnailUrl\":\"https:\/\/dalia.dk\/wp-content\/uploads\/2024\/01\/MNM10017-22053_1-scaled.jpg\",\"datePublished\":\"2025-02-18T14:41:19+00:00\",\"description\":\"Kj\u00f8p Dalia ullkjoler! Naturlige og myke kvaliteter som holder p\u00e5 farge og form. Enkle og fine detaljer skaper en klassisk look.\",\"breadcrumb\":{\"@id\":\"https:\/\/dalia.dk\/no\/product\/kjole-i-merinoull\/#breadcrumb\"},\"inLanguage\":\"nb-NO\",\"potentialAction\":[{\"@type\":\"ReadAction\",\"target\":[\"https:\/\/dalia.dk\/no\/product\/kjole-i-merinoull\/\"]}]},{\"@type\":\"ImageObject\",\"inLanguage\":\"nb-NO\",\"@id\":\"https:\/\/dalia.dk\/no\/product\/kjole-i-merinoull\/#primaryimage\",\"url\":\"https:\/\/dalia.dk\/wp-content\/uploads\/2024\/01\/MNM10017-22053_1-scaled.jpg\",\"contentUrl\":\"https:\/\/dalia.dk\/wp-content\/uploads\/2024\/01\/MNM10017-22053_1-scaled.jpg\",\"width\":1707,\"height\":2560},{\"@type\":\"BreadcrumbList\",\"@id\":\"https:\/\/dalia.dk\/no\/product\/kjole-i-merinoull\/#breadcrumb\",\"itemListElement\":[{\"@type\":\"ListItem\",\"position\":1,\"name\":\"Home\",\"item\":\"https:\/\/dalia.dk\/no\/\"},{\"@type\":\"ListItem\",\"position\":2,\"name\":\"Nettbutikk\",\"item\":\"https:\/\/dalia.dk\/no\/nettbutikk\/\"},{\"@type\":\"ListItem\",\"position\":3,\"name\":\"Kjole i merinoull\"}]},{\"@type\":\"WebSite\",\"@id\":\"https:\/\/dalia.dk\/no\/#website\",\"url\":\"https:\/\/dalia.dk\/no\/\",\"name\":\"Dalia\",\"description\":\"Tidsl\u00f8s og klassisk h\u00f8rt\u00f8j\",\"publisher\":{\"@id\":\"https:\/\/dalia.dk\/no\/#organization\"},\"potentialAction\":[{\"@type\":\"SearchAction\",\"target\":{\"@type\":\"EntryPoint\",\"urlTemplate\":\"https:\/\/dalia.dk\/no\/?s={search_term_string}\"},\"query-input\":{\"@type\":\"PropertyValueSpecification\",\"valueRequired\":true,\"valueName\":\"search_term_string\"}}],\"inLanguage\":\"nb-NO\"},{\"@type\":\"Organization\",\"@id\":\"https:\/\/dalia.dk\/no\/#organization\",\"name\":\"Dalia\",\"url\":\"https:\/\/dalia.dk\/no\/\",\"logo\":{\"@type\":\"ImageObject\",\"inLanguage\":\"nb-NO\",\"@id\":\"https:\/\/dalia.dk\/no\/#\/schema\/logo\/image\/\",\"url\":\"https:\/\/dalia.dk\/wp-content\/uploads\/2020\/02\/dalia_logo_from_maria.png\",\"contentUrl\":\"https:\/\/dalia.dk\/wp-content\/uploads\/2020\/02\/dalia_logo_from_maria.png\",\"width\":1034,\"height\":320,\"caption\":\"Dalia\"},\"image\":{\"@id\":\"https:\/\/dalia.dk\/no\/#\/schema\/logo\/image\/\"},\"sameAs\":[\"https:\/\/www.facebook.com\/www.dalia.nu\"]}]}<\/script>\n<!-- \/ Yoast SEO plugin. -->","yoast_head_json":{"title":"Gr\u00f8nn ullkjole | Myk merinoull | Kjoler | Damemote | Dalia","description":"Kj\u00f8p Dalia ullkjoler! Naturlige og myke kvaliteter som holder p\u00e5 farge og form. Enkle og fine detaljer skaper en klassisk look.","robots":{"index":"index","follow":"follow","max-snippet":"max-snippet:-1","max-image-preview":"max-image-preview:large","max-video-preview":"max-video-preview:-1"},"canonical":"https:\/\/dalia.dk\/no\/product\/kjole-i-merinoull\/","og_locale":"nb_NO","og_type":"article","og_title":"Gr\u00f8nn ullkjole | Myk merinoull | Kjoler | Damemote | Dalia","og_description":"Kj\u00f8p Dalia ullkjoler! Naturlige og myke kvaliteter som holder p\u00e5 farge og form. Enkle og fine detaljer skaper en klassisk look.","og_url":"https:\/\/dalia.dk\/no\/product\/kjole-i-merinoull\/","og_site_name":"Dalia","article_publisher":"https:\/\/www.facebook.com\/www.dalia.nu","og_image":[{"width":1707,"height":2560,"url":"https:\/\/dalia.dk\/wp-content\/uploads\/2024\/01\/MNM10017-22053_1-scaled.jpg","type":"image\/jpeg"}],"twitter_card":"summary_large_image","schema":{"@context":"https:\/\/schema.org","@graph":[{"@type":"WebPage","@id":"https:\/\/dalia.dk\/no\/product\/kjole-i-merinoull\/","url":"https:\/\/dalia.dk\/no\/product\/kjole-i-merinoull\/","name":"Gr\u00f8nn ullkjole | Myk merinoull | Kjoler | Damemote | Dalia","isPartOf":{"@id":"https:\/\/dalia.dk\/no\/#website"},"primaryImageOfPage":{"@id":"https:\/\/dalia.dk\/no\/product\/kjole-i-merinoull\/#primaryimage"},"image":{"@id":"https:\/\/dalia.dk\/no\/product\/kjole-i-merinoull\/#primaryimage"},"thumbnailUrl":"https:\/\/dalia.dk\/wp-content\/uploads\/2024\/01\/MNM10017-22053_1-scaled.jpg","datePublished":"2025-02-18T14:41:19+00:00","description":"Kj\u00f8p Dalia ullkjoler! Naturlige og myke kvaliteter som holder p\u00e5 farge og form. Enkle og fine detaljer skaper en klassisk look.","breadcrumb":{"@id":"https:\/\/dalia.dk\/no\/product\/kjole-i-merinoull\/#breadcrumb"},"inLanguage":"nb-NO","potentialAction":[{"@type":"ReadAction","target":["https:\/\/dalia.dk\/no\/product\/kjole-i-merinoull\/"]}]},{"@type":"ImageObject","inLanguage":"nb-NO","@id":"https:\/\/dalia.dk\/no\/product\/kjole-i-merinoull\/#primaryimage","url":"https:\/\/dalia.dk\/wp-content\/uploads\/2024\/01\/MNM10017-22053_1-scaled.jpg","contentUrl":"https:\/\/dalia.dk\/wp-content\/uploads\/2024\/01\/MNM10017-22053_1-scaled.jpg","width":1707,"height":2560},{"@type":"BreadcrumbList","@id":"https:\/\/dalia.dk\/no\/product\/kjole-i-merinoull\/#breadcrumb","itemListElement":[{"@type":"ListItem","position":1,"name":"Home","item":"https:\/\/dalia.dk\/no\/"},{"@type":"ListItem","position":2,"name":"Nettbutikk","item":"https:\/\/dalia.dk\/no\/nettbutikk\/"},{"@type":"ListItem","position":3,"name":"Kjole i merinoull"}]},{"@type":"WebSite","@id":"https:\/\/dalia.dk\/no\/#website","url":"https:\/\/dalia.dk\/no\/","name":"Dalia","description":"Tidsl\u00f8s og klassisk h\u00f8rt\u00f8j","publisher":{"@id":"https:\/\/dalia.dk\/no\/#organization"},"potentialAction":[{"@type":"SearchAction","target":{"@type":"EntryPoint","urlTemplate":"https:\/\/dalia.dk\/no\/?s={search_term_string}"},"query-input":{"@type":"PropertyValueSpecification","valueRequired":true,"valueName":"search_term_string"}}],"inLanguage":"nb-NO"},{"@type":"Organization","@id":"https:\/\/dalia.dk\/no\/#organization","name":"Dalia","url":"https:\/\/dalia.dk\/no\/","logo":{"@type":"ImageObject","inLanguage":"nb-NO","@id":"https:\/\/dalia.dk\/no\/#\/schema\/logo\/image\/","url":"https:\/\/dalia.dk\/wp-content\/uploads\/2020\/02\/dalia_logo_from_maria.png","contentUrl":"https:\/\/dalia.dk\/wp-content\/uploads\/2020\/02\/dalia_logo_from_maria.png","width":1034,"height":320,"caption":"Dalia"},"image":{"@id":"https:\/\/dalia.dk\/no\/#\/schema\/logo\/image\/"},"sameAs":["https:\/\/www.facebook.com\/www.dalia.nu"]}]}},"_links":{"self":[{"href":"https:\/\/dalia.dk\/no\/wp-json\/wp\/v2\/product\/9244","targetHints":{"allow":["GET"]}}],"collection":[{"href":"https:\/\/dalia.dk\/no\/wp-json\/wp\/v2\/product"}],"about":[{"href":"https:\/\/dalia.dk\/no\/wp-json\/wp\/v2\/types\/product"}],"wp:featuredmedia":[{"embeddable":true,"href":"https:\/\/dalia.dk\/no\/wp-json\/wp\/v2\/media\/9246"}],"wp:attachment":[{"href":"https:\/\/dalia.dk\/no\/wp-json\/wp\/v2\/media?parent=9244"}],"wp:term":[{"taxonomy":"product_cat","embeddable":true,"href":"https:\/\/dalia.dk\/no\/wp-json\/wp\/v2\/product_cat?post=9244"},{"taxonomy":"product_tag","embeddable":true,"href":"https:\/\/dalia.dk\/no\/wp-json\/wp\/v2\/product_tag?post=9244"}],"curies":[{"name":"wp","href":"https:\/\/api.w.org\/{rel}","templated":true}]}}