{"id":9672,"date":"2024-05-05T09:31:14","date_gmt":"2025-02-18T14:43:50","guid":{"rendered":"https:\/\/dalia.dk\/product\/eli-skjortekjole\/"},"modified":"2025-02-18T14:43:50","modified_gmt":"2025-02-18T14:43:50","slug":"eli-skjortekjole","status":"publish","type":"product","link":"https:\/\/dalia.dk\/no\/product\/eli-skjortekjole\/","title":{"rendered":"Eli skjortekjole"},"content":{"rendered":"<p>&nbsp;<\/p>\n<p>&nbsp;<\/p>\n<p>Modellen har p\u00e5 seg den turkisgr\u00f8nne kjolen i st\u00f8rrelse XL.<\/p>\n<p>&nbsp;<\/p>\n<p><strong>Kvalitet:<\/strong><\/p>\n<p>Denne skjortekjolen er laget av 100 % vevd lin.<br \/>\nLin er et naturmateriale med mange gode egenskaper. Lin blir mykere og mykere jo mer du bruker det, og med riktig pleie vil det se vakkert ut og vare i mange \u00e5r.<\/p>\n<p>&nbsp;<\/p>\n<p><strong>H\u00f8r fordelene:<\/strong><\/p>\n<p>&#8211; 30 % sterkere enn bomull &#8211; Temperaturregulerende og pustende &#8211; En sterk fiber som gj\u00f8r at linprodukter holder formen &#8211; Milj\u00f8vennlig, da det kun trengs sm\u00e5 mengder vann for \u00e5 dyrke lin &#8211; Har en glatt og lofri overflate som aldri vil fnugge<\/p>\n","protected":false},"excerpt":{"rendered":"<p>&nbsp;<\/p>\n<p>Fin og enkel kjole med en behagelig og avslappet passform.<br \/>\nKjolen har 3\/4 ermer som gj\u00f8r at du kan bruke den hele \u00e5ret.<br \/>\nLinkjolen er laget av 100 % lin &#8211; i en kraftig kvalitet.  <\/p>\n","protected":false},"featured_media":9673,"template":"","meta":{"_acf_changed":false},"product_cat":[989],"product_tag":[],"class_list":{"0":"post-9672","1":"product","2":"type-product","3":"status-publish","4":"has-post-thumbnail","6":"product_cat-kjoler","8":"first","9":"instock","10":"shipping-taxable","11":"purchasable","12":"product-type-variable"},"acf":[],"yoast_head":"<!-- This site is optimized with the Yoast SEO plugin v25.2 - https:\/\/yoast.com\/wordpress\/plugins\/seo\/ -->\n<title>Gr\u00f8nn lin kjole | Lin kjoler | Sterk kvalitet | Slow fashion | Dalia<\/title>\n<meta name=\"description\" content=\"Gr\u00f8nn kjole i lin. Kjole i 100 % lin. Naturlige kvaliteter for kvinner. Laget i Litauen, EU. Linkl\u00e6r for kvinner.\" \/>\n<meta name=\"robots\" content=\"index, follow, max-snippet:-1, max-image-preview:large, max-video-preview:-1\" \/>\n<link rel=\"canonical\" href=\"https:\/\/dalia.dk\/no\/product\/eli-skjortekjole\/\" \/>\n<meta property=\"og:locale\" content=\"nb_NO\" \/>\n<meta property=\"og:type\" content=\"article\" \/>\n<meta property=\"og:title\" content=\"Gr\u00f8nn lin kjole | Lin kjoler | Sterk kvalitet | Slow fashion | Dalia\" \/>\n<meta property=\"og:description\" content=\"Gr\u00f8nn kjole i lin. Kjole i 100 % lin. Naturlige kvaliteter for kvinner. Laget i Litauen, EU. Linkl\u00e6r for kvinner.\" \/>\n<meta property=\"og:url\" content=\"https:\/\/dalia.dk\/no\/product\/eli-skjortekjole\/\" \/>\n<meta property=\"og:site_name\" content=\"Dalia\" \/>\n<meta property=\"article:publisher\" content=\"https:\/\/www.facebook.com\/www.dalia.nu\" \/>\n<meta property=\"og:image\" content=\"https:\/\/dalia.dk\/wp-content\/uploads\/2024\/05\/IMG_0483.jpg\" \/>\n\t<meta property=\"og:image:width\" content=\"1280\" \/>\n\t<meta property=\"og:image:height\" content=\"1920\" \/>\n\t<meta property=\"og:image:type\" content=\"image\/jpeg\" \/>\n<meta name=\"twitter:card\" content=\"summary_large_image\" \/>\n<meta name=\"twitter:label1\" content=\"Est. reading time\" \/>\n\t<meta name=\"twitter:data1\" content=\"1 minute\" \/>\n<script type=\"application\/ld+json\" class=\"yoast-schema-graph\">{\"@context\":\"https:\/\/schema.org\",\"@graph\":[{\"@type\":\"WebPage\",\"@id\":\"https:\/\/dalia.dk\/no\/product\/eli-skjortekjole\/\",\"url\":\"https:\/\/dalia.dk\/no\/product\/eli-skjortekjole\/\",\"name\":\"Gr\u00f8nn lin kjole | Lin kjoler | Sterk kvalitet | Slow fashion | Dalia\",\"isPartOf\":{\"@id\":\"https:\/\/dalia.dk\/no\/#website\"},\"primaryImageOfPage\":{\"@id\":\"https:\/\/dalia.dk\/no\/product\/eli-skjortekjole\/#primaryimage\"},\"image\":{\"@id\":\"https:\/\/dalia.dk\/no\/product\/eli-skjortekjole\/#primaryimage\"},\"thumbnailUrl\":\"https:\/\/dalia.dk\/wp-content\/uploads\/2024\/05\/IMG_0483.jpg\",\"datePublished\":\"2025-02-18T14:43:50+00:00\",\"description\":\"Gr\u00f8nn kjole i lin. Kjole i 100 % lin. Naturlige kvaliteter for kvinner. Laget i Litauen, EU. Linkl\u00e6r for kvinner.\",\"breadcrumb\":{\"@id\":\"https:\/\/dalia.dk\/no\/product\/eli-skjortekjole\/#breadcrumb\"},\"inLanguage\":\"nb-NO\",\"potentialAction\":[{\"@type\":\"ReadAction\",\"target\":[\"https:\/\/dalia.dk\/no\/product\/eli-skjortekjole\/\"]}]},{\"@type\":\"ImageObject\",\"inLanguage\":\"nb-NO\",\"@id\":\"https:\/\/dalia.dk\/no\/product\/eli-skjortekjole\/#primaryimage\",\"url\":\"https:\/\/dalia.dk\/wp-content\/uploads\/2024\/05\/IMG_0483.jpg\",\"contentUrl\":\"https:\/\/dalia.dk\/wp-content\/uploads\/2024\/05\/IMG_0483.jpg\",\"width\":1280,\"height\":1920},{\"@type\":\"BreadcrumbList\",\"@id\":\"https:\/\/dalia.dk\/no\/product\/eli-skjortekjole\/#breadcrumb\",\"itemListElement\":[{\"@type\":\"ListItem\",\"position\":1,\"name\":\"Home\",\"item\":\"https:\/\/dalia.dk\/no\/\"},{\"@type\":\"ListItem\",\"position\":2,\"name\":\"Nettbutikk\",\"item\":\"https:\/\/dalia.dk\/no\/nettbutikk\/\"},{\"@type\":\"ListItem\",\"position\":3,\"name\":\"Eli skjortekjole\"}]},{\"@type\":\"WebSite\",\"@id\":\"https:\/\/dalia.dk\/no\/#website\",\"url\":\"https:\/\/dalia.dk\/no\/\",\"name\":\"Dalia\",\"description\":\"Tidsl\u00f8s og klassisk h\u00f8rt\u00f8j\",\"publisher\":{\"@id\":\"https:\/\/dalia.dk\/no\/#organization\"},\"potentialAction\":[{\"@type\":\"SearchAction\",\"target\":{\"@type\":\"EntryPoint\",\"urlTemplate\":\"https:\/\/dalia.dk\/no\/?s={search_term_string}\"},\"query-input\":{\"@type\":\"PropertyValueSpecification\",\"valueRequired\":true,\"valueName\":\"search_term_string\"}}],\"inLanguage\":\"nb-NO\"},{\"@type\":\"Organization\",\"@id\":\"https:\/\/dalia.dk\/no\/#organization\",\"name\":\"Dalia\",\"url\":\"https:\/\/dalia.dk\/no\/\",\"logo\":{\"@type\":\"ImageObject\",\"inLanguage\":\"nb-NO\",\"@id\":\"https:\/\/dalia.dk\/no\/#\/schema\/logo\/image\/\",\"url\":\"https:\/\/dalia.dk\/wp-content\/uploads\/2020\/02\/dalia_logo_from_maria.png\",\"contentUrl\":\"https:\/\/dalia.dk\/wp-content\/uploads\/2020\/02\/dalia_logo_from_maria.png\",\"width\":1034,\"height\":320,\"caption\":\"Dalia\"},\"image\":{\"@id\":\"https:\/\/dalia.dk\/no\/#\/schema\/logo\/image\/\"},\"sameAs\":[\"https:\/\/www.facebook.com\/www.dalia.nu\"]}]}<\/script>\n<!-- \/ Yoast SEO plugin. -->","yoast_head_json":{"title":"Gr\u00f8nn lin kjole | Lin kjoler | Sterk kvalitet | Slow fashion | Dalia","description":"Gr\u00f8nn kjole i lin. Kjole i 100 % lin. Naturlige kvaliteter for kvinner. Laget i Litauen, EU. Linkl\u00e6r for kvinner.","robots":{"index":"index","follow":"follow","max-snippet":"max-snippet:-1","max-image-preview":"max-image-preview:large","max-video-preview":"max-video-preview:-1"},"canonical":"https:\/\/dalia.dk\/no\/product\/eli-skjortekjole\/","og_locale":"nb_NO","og_type":"article","og_title":"Gr\u00f8nn lin kjole | Lin kjoler | Sterk kvalitet | Slow fashion | Dalia","og_description":"Gr\u00f8nn kjole i lin. Kjole i 100 % lin. Naturlige kvaliteter for kvinner. Laget i Litauen, EU. Linkl\u00e6r for kvinner.","og_url":"https:\/\/dalia.dk\/no\/product\/eli-skjortekjole\/","og_site_name":"Dalia","article_publisher":"https:\/\/www.facebook.com\/www.dalia.nu","og_image":[{"width":1280,"height":1920,"url":"https:\/\/dalia.dk\/wp-content\/uploads\/2024\/05\/IMG_0483.jpg","type":"image\/jpeg"}],"twitter_card":"summary_large_image","twitter_misc":{"Est. reading time":"1 minute"},"schema":{"@context":"https:\/\/schema.org","@graph":[{"@type":"WebPage","@id":"https:\/\/dalia.dk\/no\/product\/eli-skjortekjole\/","url":"https:\/\/dalia.dk\/no\/product\/eli-skjortekjole\/","name":"Gr\u00f8nn lin kjole | Lin kjoler | Sterk kvalitet | Slow fashion | Dalia","isPartOf":{"@id":"https:\/\/dalia.dk\/no\/#website"},"primaryImageOfPage":{"@id":"https:\/\/dalia.dk\/no\/product\/eli-skjortekjole\/#primaryimage"},"image":{"@id":"https:\/\/dalia.dk\/no\/product\/eli-skjortekjole\/#primaryimage"},"thumbnailUrl":"https:\/\/dalia.dk\/wp-content\/uploads\/2024\/05\/IMG_0483.jpg","datePublished":"2025-02-18T14:43:50+00:00","description":"Gr\u00f8nn kjole i lin. Kjole i 100 % lin. Naturlige kvaliteter for kvinner. Laget i Litauen, EU. Linkl\u00e6r for kvinner.","breadcrumb":{"@id":"https:\/\/dalia.dk\/no\/product\/eli-skjortekjole\/#breadcrumb"},"inLanguage":"nb-NO","potentialAction":[{"@type":"ReadAction","target":["https:\/\/dalia.dk\/no\/product\/eli-skjortekjole\/"]}]},{"@type":"ImageObject","inLanguage":"nb-NO","@id":"https:\/\/dalia.dk\/no\/product\/eli-skjortekjole\/#primaryimage","url":"https:\/\/dalia.dk\/wp-content\/uploads\/2024\/05\/IMG_0483.jpg","contentUrl":"https:\/\/dalia.dk\/wp-content\/uploads\/2024\/05\/IMG_0483.jpg","width":1280,"height":1920},{"@type":"BreadcrumbList","@id":"https:\/\/dalia.dk\/no\/product\/eli-skjortekjole\/#breadcrumb","itemListElement":[{"@type":"ListItem","position":1,"name":"Home","item":"https:\/\/dalia.dk\/no\/"},{"@type":"ListItem","position":2,"name":"Nettbutikk","item":"https:\/\/dalia.dk\/no\/nettbutikk\/"},{"@type":"ListItem","position":3,"name":"Eli skjortekjole"}]},{"@type":"WebSite","@id":"https:\/\/dalia.dk\/no\/#website","url":"https:\/\/dalia.dk\/no\/","name":"Dalia","description":"Tidsl\u00f8s og klassisk h\u00f8rt\u00f8j","publisher":{"@id":"https:\/\/dalia.dk\/no\/#organization"},"potentialAction":[{"@type":"SearchAction","target":{"@type":"EntryPoint","urlTemplate":"https:\/\/dalia.dk\/no\/?s={search_term_string}"},"query-input":{"@type":"PropertyValueSpecification","valueRequired":true,"valueName":"search_term_string"}}],"inLanguage":"nb-NO"},{"@type":"Organization","@id":"https:\/\/dalia.dk\/no\/#organization","name":"Dalia","url":"https:\/\/dalia.dk\/no\/","logo":{"@type":"ImageObject","inLanguage":"nb-NO","@id":"https:\/\/dalia.dk\/no\/#\/schema\/logo\/image\/","url":"https:\/\/dalia.dk\/wp-content\/uploads\/2020\/02\/dalia_logo_from_maria.png","contentUrl":"https:\/\/dalia.dk\/wp-content\/uploads\/2020\/02\/dalia_logo_from_maria.png","width":1034,"height":320,"caption":"Dalia"},"image":{"@id":"https:\/\/dalia.dk\/no\/#\/schema\/logo\/image\/"},"sameAs":["https:\/\/www.facebook.com\/www.dalia.nu"]}]}},"_links":{"self":[{"href":"https:\/\/dalia.dk\/no\/wp-json\/wp\/v2\/product\/9672","targetHints":{"allow":["GET"]}}],"collection":[{"href":"https:\/\/dalia.dk\/no\/wp-json\/wp\/v2\/product"}],"about":[{"href":"https:\/\/dalia.dk\/no\/wp-json\/wp\/v2\/types\/product"}],"wp:featuredmedia":[{"embeddable":true,"href":"https:\/\/dalia.dk\/no\/wp-json\/wp\/v2\/media\/9673"}],"wp:attachment":[{"href":"https:\/\/dalia.dk\/no\/wp-json\/wp\/v2\/media?parent=9672"}],"wp:term":[{"taxonomy":"product_cat","embeddable":true,"href":"https:\/\/dalia.dk\/no\/wp-json\/wp\/v2\/product_cat?post=9672"},{"taxonomy":"product_tag","embeddable":true,"href":"https:\/\/dalia.dk\/no\/wp-json\/wp\/v2\/product_tag?post=9672"}],"curies":[{"name":"wp","href":"https:\/\/api.w.org\/{rel}","templated":true}]}}