{"id":10005,"date":"2024-08-18T14:22:41","date_gmt":"2025-02-18T14:45:32","guid":{"rendered":"https:\/\/dalia.dk\/product\/laang-klaenning-i-linne-i-svart-05-17\/"},"modified":"2025-02-18T14:45:32","modified_gmt":"2025-02-18T14:45:32","slug":"laang-klaenning-i-linne-i-svart-05-17","status":"publish","type":"product","link":"https:\/\/dalia.dk\/sv\/product\/laang-klaenning-i-linne-i-svart-05-17\/","title":{"rendered":"L\u00e5ng kl\u00e4nning i linne i svart (05-17)"},"content":{"rendered":"<p>&nbsp;<\/p>\n<p>&nbsp;<\/p>\n<p><strong>F\u00e4rgkod:<\/strong><\/p>\n<p>Variationsrikedom<\/p>\n<p>Finns i flera olika f\u00e4rger.<\/p>\n<p>&nbsp;<\/p>\n<p><strong>Kvalitet:<\/strong><\/p>\n<p>Denna svarta linnekl\u00e4nning \u00e4r tillverkad av 100% linne och producerad i Litauen, EU.<\/p>\n<p><strong><br \/>\nStorlekar:<\/strong><\/p>\n<p>36-46<\/p>\n","protected":false},"excerpt":{"rendered":"<p>&nbsp;<\/p>\n<p>&nbsp;<\/p>\n<p>Den h\u00e4r linnekl\u00e4nningen \u00e4r elegant till b\u00e5de vardag och fest.<\/p>\n<p>Den har en enkel design och ett bra snitt. I en kvalitet som linne kommer kl\u00e4nningen att h\u00e5lla sig vacker i m\u00e5nga \u00e5r. <\/p>\n","protected":false},"featured_media":10007,"template":"","meta":{"_acf_changed":false},"product_cat":[951],"product_tag":[1087,1155,1070],"class_list":{"0":"post-10005","1":"product","2":"type-product","3":"status-publish","4":"has-post-thumbnail","6":"product_cat-kollektion-klaenningar","7":"product_tag-design-sv","8":"product_tag-hora","9":"product_tag-skandinavisk-design-sv","11":"first","12":"instock","13":"shipping-taxable","14":"product-type-simple"},"acf":[],"yoast_head":"<!-- This site is optimized with the Yoast SEO plugin v25.2 - https:\/\/yoast.com\/wordpress\/plugins\/seo\/ -->\n<title>Svart l\u00e5ngkl\u00e4nning | Linnekl\u00e4nning | Linnekl\u00e4der f\u00f6r kvinnor | Slow fashion | Dalia<\/title>\n<meta name=\"description\" content=\"En kl\u00e4nning i en enkel och elegant design med bra passform och l\u00e4ngd. Tillverkad av 100% starkt linne. Klicka h\u00e4r f\u00f6r att se mer.\" \/>\n<meta name=\"robots\" content=\"index, follow, max-snippet:-1, max-image-preview:large, max-video-preview:-1\" \/>\n<link rel=\"canonical\" href=\"https:\/\/dalia.dk\/sv\/product\/laang-klaenning-i-linne-i-svart-05-17\/\" \/>\n<meta property=\"og:locale\" content=\"sv_SE\" \/>\n<meta property=\"og:type\" content=\"article\" \/>\n<meta property=\"og:title\" content=\"Svart l\u00e5ngkl\u00e4nning | Linnekl\u00e4nning | Linnekl\u00e4der f\u00f6r kvinnor | Slow fashion | Dalia\" \/>\n<meta property=\"og:description\" content=\"En kl\u00e4nning i en enkel och elegant design med bra passform och l\u00e4ngd. Tillverkad av 100% starkt linne. Klicka h\u00e4r f\u00f6r att se mer.\" \/>\n<meta property=\"og:url\" content=\"https:\/\/dalia.dk\/sv\/product\/laang-klaenning-i-linne-i-svart-05-17\/\" \/>\n<meta property=\"og:site_name\" content=\"Dalia\" \/>\n<meta property=\"article:publisher\" content=\"https:\/\/www.facebook.com\/www.dalia.nu\" \/>\n<meta property=\"og:image\" content=\"https:\/\/dalia.dk\/wp-content\/uploads\/2024\/08\/IMG_0597.jpg\" \/>\n\t<meta property=\"og:image:width\" content=\"1280\" \/>\n\t<meta property=\"og:image:height\" content=\"1920\" \/>\n\t<meta property=\"og:image:type\" content=\"image\/jpeg\" \/>\n<meta name=\"twitter:card\" content=\"summary_large_image\" \/>\n<script type=\"application\/ld+json\" class=\"yoast-schema-graph\">{\"@context\":\"https:\/\/schema.org\",\"@graph\":[{\"@type\":\"WebPage\",\"@id\":\"https:\/\/dalia.dk\/sv\/product\/laang-klaenning-i-linne-i-svart-05-17\/\",\"url\":\"https:\/\/dalia.dk\/sv\/product\/laang-klaenning-i-linne-i-svart-05-17\/\",\"name\":\"Svart l\u00e5ngkl\u00e4nning | Linnekl\u00e4nning | Linnekl\u00e4der f\u00f6r kvinnor | Slow fashion | Dalia\",\"isPartOf\":{\"@id\":\"https:\/\/dalia.dk\/sv\/#website\"},\"primaryImageOfPage\":{\"@id\":\"https:\/\/dalia.dk\/sv\/product\/laang-klaenning-i-linne-i-svart-05-17\/#primaryimage\"},\"image\":{\"@id\":\"https:\/\/dalia.dk\/sv\/product\/laang-klaenning-i-linne-i-svart-05-17\/#primaryimage\"},\"thumbnailUrl\":\"https:\/\/dalia.dk\/wp-content\/uploads\/2024\/08\/IMG_0597.jpg\",\"datePublished\":\"2025-02-18T14:45:32+00:00\",\"description\":\"En kl\u00e4nning i en enkel och elegant design med bra passform och l\u00e4ngd. Tillverkad av 100% starkt linne. Klicka h\u00e4r f\u00f6r att se mer.\",\"breadcrumb\":{\"@id\":\"https:\/\/dalia.dk\/sv\/product\/laang-klaenning-i-linne-i-svart-05-17\/#breadcrumb\"},\"inLanguage\":\"sv-SE\",\"potentialAction\":[{\"@type\":\"ReadAction\",\"target\":[\"https:\/\/dalia.dk\/sv\/product\/laang-klaenning-i-linne-i-svart-05-17\/\"]}]},{\"@type\":\"ImageObject\",\"inLanguage\":\"sv-SE\",\"@id\":\"https:\/\/dalia.dk\/sv\/product\/laang-klaenning-i-linne-i-svart-05-17\/#primaryimage\",\"url\":\"https:\/\/dalia.dk\/wp-content\/uploads\/2024\/08\/IMG_0597.jpg\",\"contentUrl\":\"https:\/\/dalia.dk\/wp-content\/uploads\/2024\/08\/IMG_0597.jpg\",\"width\":1280,\"height\":1920},{\"@type\":\"BreadcrumbList\",\"@id\":\"https:\/\/dalia.dk\/sv\/product\/laang-klaenning-i-linne-i-svart-05-17\/#breadcrumb\",\"itemListElement\":[{\"@type\":\"ListItem\",\"position\":1,\"name\":\"Home\",\"item\":\"https:\/\/dalia.dk\/sv\/\"},{\"@type\":\"ListItem\",\"position\":2,\"name\":\"Webbshop\",\"item\":\"https:\/\/dalia.dk\/sv\/webbshop\/\"},{\"@type\":\"ListItem\",\"position\":3,\"name\":\"L\u00e5ng kl\u00e4nning i linne i svart (05-17)\"}]},{\"@type\":\"WebSite\",\"@id\":\"https:\/\/dalia.dk\/sv\/#website\",\"url\":\"https:\/\/dalia.dk\/sv\/\",\"name\":\"Dalia\",\"description\":\"Tidsl\u00f8s og klassisk h\u00f8rt\u00f8j\",\"publisher\":{\"@id\":\"https:\/\/dalia.dk\/sv\/#organization\"},\"potentialAction\":[{\"@type\":\"SearchAction\",\"target\":{\"@type\":\"EntryPoint\",\"urlTemplate\":\"https:\/\/dalia.dk\/sv\/?s={search_term_string}\"},\"query-input\":{\"@type\":\"PropertyValueSpecification\",\"valueRequired\":true,\"valueName\":\"search_term_string\"}}],\"inLanguage\":\"sv-SE\"},{\"@type\":\"Organization\",\"@id\":\"https:\/\/dalia.dk\/sv\/#organization\",\"name\":\"Dalia\",\"url\":\"https:\/\/dalia.dk\/sv\/\",\"logo\":{\"@type\":\"ImageObject\",\"inLanguage\":\"sv-SE\",\"@id\":\"https:\/\/dalia.dk\/sv\/#\/schema\/logo\/image\/\",\"url\":\"https:\/\/dalia.dk\/wp-content\/uploads\/2020\/02\/dalia_logo_from_maria.png\",\"contentUrl\":\"https:\/\/dalia.dk\/wp-content\/uploads\/2020\/02\/dalia_logo_from_maria.png\",\"width\":1034,\"height\":320,\"caption\":\"Dalia\"},\"image\":{\"@id\":\"https:\/\/dalia.dk\/sv\/#\/schema\/logo\/image\/\"},\"sameAs\":[\"https:\/\/www.facebook.com\/www.dalia.nu\"]}]}<\/script>\n<!-- \/ Yoast SEO plugin. -->","yoast_head_json":{"title":"Svart l\u00e5ngkl\u00e4nning | Linnekl\u00e4nning | Linnekl\u00e4der f\u00f6r kvinnor | Slow fashion | Dalia","description":"En kl\u00e4nning i en enkel och elegant design med bra passform och l\u00e4ngd. Tillverkad av 100% starkt linne. Klicka h\u00e4r f\u00f6r att se mer.","robots":{"index":"index","follow":"follow","max-snippet":"max-snippet:-1","max-image-preview":"max-image-preview:large","max-video-preview":"max-video-preview:-1"},"canonical":"https:\/\/dalia.dk\/sv\/product\/laang-klaenning-i-linne-i-svart-05-17\/","og_locale":"sv_SE","og_type":"article","og_title":"Svart l\u00e5ngkl\u00e4nning | Linnekl\u00e4nning | Linnekl\u00e4der f\u00f6r kvinnor | Slow fashion | Dalia","og_description":"En kl\u00e4nning i en enkel och elegant design med bra passform och l\u00e4ngd. Tillverkad av 100% starkt linne. Klicka h\u00e4r f\u00f6r att se mer.","og_url":"https:\/\/dalia.dk\/sv\/product\/laang-klaenning-i-linne-i-svart-05-17\/","og_site_name":"Dalia","article_publisher":"https:\/\/www.facebook.com\/www.dalia.nu","og_image":[{"width":1280,"height":1920,"url":"https:\/\/dalia.dk\/wp-content\/uploads\/2024\/08\/IMG_0597.jpg","type":"image\/jpeg"}],"twitter_card":"summary_large_image","schema":{"@context":"https:\/\/schema.org","@graph":[{"@type":"WebPage","@id":"https:\/\/dalia.dk\/sv\/product\/laang-klaenning-i-linne-i-svart-05-17\/","url":"https:\/\/dalia.dk\/sv\/product\/laang-klaenning-i-linne-i-svart-05-17\/","name":"Svart l\u00e5ngkl\u00e4nning | Linnekl\u00e4nning | Linnekl\u00e4der f\u00f6r kvinnor | Slow fashion | Dalia","isPartOf":{"@id":"https:\/\/dalia.dk\/sv\/#website"},"primaryImageOfPage":{"@id":"https:\/\/dalia.dk\/sv\/product\/laang-klaenning-i-linne-i-svart-05-17\/#primaryimage"},"image":{"@id":"https:\/\/dalia.dk\/sv\/product\/laang-klaenning-i-linne-i-svart-05-17\/#primaryimage"},"thumbnailUrl":"https:\/\/dalia.dk\/wp-content\/uploads\/2024\/08\/IMG_0597.jpg","datePublished":"2025-02-18T14:45:32+00:00","description":"En kl\u00e4nning i en enkel och elegant design med bra passform och l\u00e4ngd. Tillverkad av 100% starkt linne. Klicka h\u00e4r f\u00f6r att se mer.","breadcrumb":{"@id":"https:\/\/dalia.dk\/sv\/product\/laang-klaenning-i-linne-i-svart-05-17\/#breadcrumb"},"inLanguage":"sv-SE","potentialAction":[{"@type":"ReadAction","target":["https:\/\/dalia.dk\/sv\/product\/laang-klaenning-i-linne-i-svart-05-17\/"]}]},{"@type":"ImageObject","inLanguage":"sv-SE","@id":"https:\/\/dalia.dk\/sv\/product\/laang-klaenning-i-linne-i-svart-05-17\/#primaryimage","url":"https:\/\/dalia.dk\/wp-content\/uploads\/2024\/08\/IMG_0597.jpg","contentUrl":"https:\/\/dalia.dk\/wp-content\/uploads\/2024\/08\/IMG_0597.jpg","width":1280,"height":1920},{"@type":"BreadcrumbList","@id":"https:\/\/dalia.dk\/sv\/product\/laang-klaenning-i-linne-i-svart-05-17\/#breadcrumb","itemListElement":[{"@type":"ListItem","position":1,"name":"Home","item":"https:\/\/dalia.dk\/sv\/"},{"@type":"ListItem","position":2,"name":"Webbshop","item":"https:\/\/dalia.dk\/sv\/webbshop\/"},{"@type":"ListItem","position":3,"name":"L\u00e5ng kl\u00e4nning i linne i svart (05-17)"}]},{"@type":"WebSite","@id":"https:\/\/dalia.dk\/sv\/#website","url":"https:\/\/dalia.dk\/sv\/","name":"Dalia","description":"Tidsl\u00f8s og klassisk h\u00f8rt\u00f8j","publisher":{"@id":"https:\/\/dalia.dk\/sv\/#organization"},"potentialAction":[{"@type":"SearchAction","target":{"@type":"EntryPoint","urlTemplate":"https:\/\/dalia.dk\/sv\/?s={search_term_string}"},"query-input":{"@type":"PropertyValueSpecification","valueRequired":true,"valueName":"search_term_string"}}],"inLanguage":"sv-SE"},{"@type":"Organization","@id":"https:\/\/dalia.dk\/sv\/#organization","name":"Dalia","url":"https:\/\/dalia.dk\/sv\/","logo":{"@type":"ImageObject","inLanguage":"sv-SE","@id":"https:\/\/dalia.dk\/sv\/#\/schema\/logo\/image\/","url":"https:\/\/dalia.dk\/wp-content\/uploads\/2020\/02\/dalia_logo_from_maria.png","contentUrl":"https:\/\/dalia.dk\/wp-content\/uploads\/2020\/02\/dalia_logo_from_maria.png","width":1034,"height":320,"caption":"Dalia"},"image":{"@id":"https:\/\/dalia.dk\/sv\/#\/schema\/logo\/image\/"},"sameAs":["https:\/\/www.facebook.com\/www.dalia.nu"]}]}},"_links":{"self":[{"href":"https:\/\/dalia.dk\/sv\/wp-json\/wp\/v2\/product\/10005","targetHints":{"allow":["GET"]}}],"collection":[{"href":"https:\/\/dalia.dk\/sv\/wp-json\/wp\/v2\/product"}],"about":[{"href":"https:\/\/dalia.dk\/sv\/wp-json\/wp\/v2\/types\/product"}],"wp:featuredmedia":[{"embeddable":true,"href":"https:\/\/dalia.dk\/sv\/wp-json\/wp\/v2\/media\/10007"}],"wp:attachment":[{"href":"https:\/\/dalia.dk\/sv\/wp-json\/wp\/v2\/media?parent=10005"}],"wp:term":[{"taxonomy":"product_cat","embeddable":true,"href":"https:\/\/dalia.dk\/sv\/wp-json\/wp\/v2\/product_cat?post=10005"},{"taxonomy":"product_tag","embeddable":true,"href":"https:\/\/dalia.dk\/sv\/wp-json\/wp\/v2\/product_tag?post=10005"}],"curies":[{"name":"wp","href":"https:\/\/api.w.org\/{rel}","templated":true}]}}