{"id":7197,"date":"2021-04-11T12:06:28","date_gmt":"2025-02-18T14:28:42","guid":{"rendered":"https:\/\/dalia.dk\/product\/laang-jacka-i-flera-faerger\/"},"modified":"2025-02-18T14:28:42","modified_gmt":"2025-02-18T14:28:42","slug":"laang-jacka-i-flera-faerger","status":"publish","type":"product","link":"https:\/\/dalia.dk\/sv\/product\/laang-jacka-i-flera-faerger\/","title":{"rendered":"L\u00e5ng jacka i flera f\u00e4rger"},"content":{"rendered":"<p>&nbsp;<\/p>\n<p>&nbsp;<\/p>\n<p>Modellen b\u00e4r denna linnejacka i storlek 40.<\/p>\n<p>&nbsp;<\/p>\n<p>K<strong>valitet:<\/strong> Denna linnejacka \u00e4r tillverkad av 100% linne.<br \/>\nLinne \u00e4r ett naturligt material med m\u00e5nga fantastiska egenskaper. Linne blir mjukare och mjukare ju mer du anv\u00e4nder det, och med r\u00e4tt sk\u00f6tsel kommer det att se vackert ut och h\u00e5lla i m\u00e5nga \u00e5r. <\/p>\n<p>&nbsp;<\/p>\n<p><strong>H\u00f6r f\u00f6rdelarna:<\/strong><\/p>\n<p>&#8211; 30% starkare \u00e4n bomull &#8211; Temperaturreglerande och andas &#8211; En stark fiber som g\u00f6r att linneprodukter h\u00e5ller formen &#8211; Har en sl\u00e4t och luddfri yta som aldrig luddar<\/p>\n<p>&nbsp;<\/p>\n","protected":false},"excerpt":{"rendered":"<p>&nbsp;<\/p>\n<p>&nbsp;<\/p>\n<p>Med den h\u00e4r jackan \u00e4r du v\u00e4lkl\u00e4dd f\u00f6r de kyliga sommardagarna.<\/p>\n<p>Den naturliga looken kan matchas med den f\u00e4rgglada garderoben och kvaliteten \u00e4r h\u00f6g. <\/p>\n<p>&nbsp;<\/p>\n","protected":false},"featured_media":7202,"template":"","meta":{"_acf_changed":false},"product_cat":[987],"product_tag":[],"class_list":{"0":"post-7197","1":"product","2":"type-product","3":"status-publish","4":"has-post-thumbnail","6":"product_cat-jackor","8":"first","9":"instock","10":"shipping-taxable","11":"purchasable","12":"product-type-variable"},"acf":[],"yoast_head":"<!-- This site is optimized with the Yoast SEO plugin v25.2 - https:\/\/yoast.com\/wordpress\/plugins\/seo\/ -->\n<title>Linnejacka | Fler f\u00e4rger | Linnekl\u00e4der | Slow fashion | Dalia<\/title>\n<meta name=\"description\" content=\"En l\u00e4ttviktsjacka med enkla detaljer. En linnejacka som passar utm\u00e4rkt f\u00f6r sommaren. Kan anv\u00e4ndas som en strandkl\u00e4nning. Finns i flera olika f\u00e4rger. Se mer h\u00e4r.\" \/>\n<meta name=\"robots\" content=\"index, follow, max-snippet:-1, max-image-preview:large, max-video-preview:-1\" \/>\n<link rel=\"canonical\" href=\"https:\/\/dalia.dk\/sv\/product\/laang-jacka-i-flera-faerger\/\" \/>\n<meta property=\"og:locale\" content=\"sv_SE\" \/>\n<meta property=\"og:type\" content=\"article\" \/>\n<meta property=\"og:title\" content=\"Linnejacka | Fler f\u00e4rger | Linnekl\u00e4der | Slow fashion | Dalia\" \/>\n<meta property=\"og:description\" content=\"En l\u00e4ttviktsjacka med enkla detaljer. En linnejacka som passar utm\u00e4rkt f\u00f6r sommaren. Kan anv\u00e4ndas som en strandkl\u00e4nning. Finns i flera olika f\u00e4rger. Se mer h\u00e4r.\" \/>\n<meta property=\"og:url\" content=\"https:\/\/dalia.dk\/sv\/product\/laang-jacka-i-flera-faerger\/\" \/>\n<meta property=\"og:site_name\" content=\"Dalia\" \/>\n<meta property=\"article:publisher\" content=\"https:\/\/www.facebook.com\/www.dalia.nu\" \/>\n<meta property=\"og:image\" content=\"https:\/\/dalia.dk\/wp-content\/uploads\/2021\/04\/IMG_0279.jpg\" \/>\n\t<meta property=\"og:image:width\" content=\"1280\" \/>\n\t<meta property=\"og:image:height\" content=\"1920\" \/>\n\t<meta property=\"og:image:type\" content=\"image\/jpeg\" \/>\n<meta name=\"twitter:card\" content=\"summary_large_image\" \/>\n<script type=\"application\/ld+json\" class=\"yoast-schema-graph\">{\"@context\":\"https:\/\/schema.org\",\"@graph\":[{\"@type\":\"WebPage\",\"@id\":\"https:\/\/dalia.dk\/sv\/product\/laang-jacka-i-flera-faerger\/\",\"url\":\"https:\/\/dalia.dk\/sv\/product\/laang-jacka-i-flera-faerger\/\",\"name\":\"Linnejacka | Fler f\u00e4rger | Linnekl\u00e4der | Slow fashion | Dalia\",\"isPartOf\":{\"@id\":\"https:\/\/dalia.dk\/sv\/#website\"},\"primaryImageOfPage\":{\"@id\":\"https:\/\/dalia.dk\/sv\/product\/laang-jacka-i-flera-faerger\/#primaryimage\"},\"image\":{\"@id\":\"https:\/\/dalia.dk\/sv\/product\/laang-jacka-i-flera-faerger\/#primaryimage\"},\"thumbnailUrl\":\"https:\/\/dalia.dk\/wp-content\/uploads\/2021\/04\/IMG_0279.jpg\",\"datePublished\":\"2025-02-18T14:28:42+00:00\",\"description\":\"En l\u00e4ttviktsjacka med enkla detaljer. En linnejacka som passar utm\u00e4rkt f\u00f6r sommaren. Kan anv\u00e4ndas som en strandkl\u00e4nning. Finns i flera olika f\u00e4rger. Se mer h\u00e4r.\",\"breadcrumb\":{\"@id\":\"https:\/\/dalia.dk\/sv\/product\/laang-jacka-i-flera-faerger\/#breadcrumb\"},\"inLanguage\":\"sv-SE\",\"potentialAction\":[{\"@type\":\"ReadAction\",\"target\":[\"https:\/\/dalia.dk\/sv\/product\/laang-jacka-i-flera-faerger\/\"]}]},{\"@type\":\"ImageObject\",\"inLanguage\":\"sv-SE\",\"@id\":\"https:\/\/dalia.dk\/sv\/product\/laang-jacka-i-flera-faerger\/#primaryimage\",\"url\":\"https:\/\/dalia.dk\/wp-content\/uploads\/2021\/04\/IMG_0279.jpg\",\"contentUrl\":\"https:\/\/dalia.dk\/wp-content\/uploads\/2021\/04\/IMG_0279.jpg\",\"width\":1280,\"height\":1920},{\"@type\":\"BreadcrumbList\",\"@id\":\"https:\/\/dalia.dk\/sv\/product\/laang-jacka-i-flera-faerger\/#breadcrumb\",\"itemListElement\":[{\"@type\":\"ListItem\",\"position\":1,\"name\":\"Home\",\"item\":\"https:\/\/dalia.dk\/sv\/\"},{\"@type\":\"ListItem\",\"position\":2,\"name\":\"Webbshop\",\"item\":\"https:\/\/dalia.dk\/sv\/webbshop\/\"},{\"@type\":\"ListItem\",\"position\":3,\"name\":\"L\u00e5ng jacka i flera f\u00e4rger\"}]},{\"@type\":\"WebSite\",\"@id\":\"https:\/\/dalia.dk\/sv\/#website\",\"url\":\"https:\/\/dalia.dk\/sv\/\",\"name\":\"Dalia\",\"description\":\"Tidsl\u00f8s og klassisk h\u00f8rt\u00f8j\",\"publisher\":{\"@id\":\"https:\/\/dalia.dk\/sv\/#organization\"},\"potentialAction\":[{\"@type\":\"SearchAction\",\"target\":{\"@type\":\"EntryPoint\",\"urlTemplate\":\"https:\/\/dalia.dk\/sv\/?s={search_term_string}\"},\"query-input\":{\"@type\":\"PropertyValueSpecification\",\"valueRequired\":true,\"valueName\":\"search_term_string\"}}],\"inLanguage\":\"sv-SE\"},{\"@type\":\"Organization\",\"@id\":\"https:\/\/dalia.dk\/sv\/#organization\",\"name\":\"Dalia\",\"url\":\"https:\/\/dalia.dk\/sv\/\",\"logo\":{\"@type\":\"ImageObject\",\"inLanguage\":\"sv-SE\",\"@id\":\"https:\/\/dalia.dk\/sv\/#\/schema\/logo\/image\/\",\"url\":\"https:\/\/dalia.dk\/wp-content\/uploads\/2020\/02\/dalia_logo_from_maria.png\",\"contentUrl\":\"https:\/\/dalia.dk\/wp-content\/uploads\/2020\/02\/dalia_logo_from_maria.png\",\"width\":1034,\"height\":320,\"caption\":\"Dalia\"},\"image\":{\"@id\":\"https:\/\/dalia.dk\/sv\/#\/schema\/logo\/image\/\"},\"sameAs\":[\"https:\/\/www.facebook.com\/www.dalia.nu\"]}]}<\/script>\n<!-- \/ Yoast SEO plugin. -->","yoast_head_json":{"title":"Linnejacka | Fler f\u00e4rger | Linnekl\u00e4der | Slow fashion | Dalia","description":"En l\u00e4ttviktsjacka med enkla detaljer. En linnejacka som passar utm\u00e4rkt f\u00f6r sommaren. Kan anv\u00e4ndas som en strandkl\u00e4nning. Finns i flera olika f\u00e4rger. Se mer h\u00e4r.","robots":{"index":"index","follow":"follow","max-snippet":"max-snippet:-1","max-image-preview":"max-image-preview:large","max-video-preview":"max-video-preview:-1"},"canonical":"https:\/\/dalia.dk\/sv\/product\/laang-jacka-i-flera-faerger\/","og_locale":"sv_SE","og_type":"article","og_title":"Linnejacka | Fler f\u00e4rger | Linnekl\u00e4der | Slow fashion | Dalia","og_description":"En l\u00e4ttviktsjacka med enkla detaljer. En linnejacka som passar utm\u00e4rkt f\u00f6r sommaren. Kan anv\u00e4ndas som en strandkl\u00e4nning. Finns i flera olika f\u00e4rger. Se mer h\u00e4r.","og_url":"https:\/\/dalia.dk\/sv\/product\/laang-jacka-i-flera-faerger\/","og_site_name":"Dalia","article_publisher":"https:\/\/www.facebook.com\/www.dalia.nu","og_image":[{"width":1280,"height":1920,"url":"https:\/\/dalia.dk\/wp-content\/uploads\/2021\/04\/IMG_0279.jpg","type":"image\/jpeg"}],"twitter_card":"summary_large_image","schema":{"@context":"https:\/\/schema.org","@graph":[{"@type":"WebPage","@id":"https:\/\/dalia.dk\/sv\/product\/laang-jacka-i-flera-faerger\/","url":"https:\/\/dalia.dk\/sv\/product\/laang-jacka-i-flera-faerger\/","name":"Linnejacka | Fler f\u00e4rger | Linnekl\u00e4der | Slow fashion | Dalia","isPartOf":{"@id":"https:\/\/dalia.dk\/sv\/#website"},"primaryImageOfPage":{"@id":"https:\/\/dalia.dk\/sv\/product\/laang-jacka-i-flera-faerger\/#primaryimage"},"image":{"@id":"https:\/\/dalia.dk\/sv\/product\/laang-jacka-i-flera-faerger\/#primaryimage"},"thumbnailUrl":"https:\/\/dalia.dk\/wp-content\/uploads\/2021\/04\/IMG_0279.jpg","datePublished":"2025-02-18T14:28:42+00:00","description":"En l\u00e4ttviktsjacka med enkla detaljer. En linnejacka som passar utm\u00e4rkt f\u00f6r sommaren. Kan anv\u00e4ndas som en strandkl\u00e4nning. Finns i flera olika f\u00e4rger. Se mer h\u00e4r.","breadcrumb":{"@id":"https:\/\/dalia.dk\/sv\/product\/laang-jacka-i-flera-faerger\/#breadcrumb"},"inLanguage":"sv-SE","potentialAction":[{"@type":"ReadAction","target":["https:\/\/dalia.dk\/sv\/product\/laang-jacka-i-flera-faerger\/"]}]},{"@type":"ImageObject","inLanguage":"sv-SE","@id":"https:\/\/dalia.dk\/sv\/product\/laang-jacka-i-flera-faerger\/#primaryimage","url":"https:\/\/dalia.dk\/wp-content\/uploads\/2021\/04\/IMG_0279.jpg","contentUrl":"https:\/\/dalia.dk\/wp-content\/uploads\/2021\/04\/IMG_0279.jpg","width":1280,"height":1920},{"@type":"BreadcrumbList","@id":"https:\/\/dalia.dk\/sv\/product\/laang-jacka-i-flera-faerger\/#breadcrumb","itemListElement":[{"@type":"ListItem","position":1,"name":"Home","item":"https:\/\/dalia.dk\/sv\/"},{"@type":"ListItem","position":2,"name":"Webbshop","item":"https:\/\/dalia.dk\/sv\/webbshop\/"},{"@type":"ListItem","position":3,"name":"L\u00e5ng jacka i flera f\u00e4rger"}]},{"@type":"WebSite","@id":"https:\/\/dalia.dk\/sv\/#website","url":"https:\/\/dalia.dk\/sv\/","name":"Dalia","description":"Tidsl\u00f8s og klassisk h\u00f8rt\u00f8j","publisher":{"@id":"https:\/\/dalia.dk\/sv\/#organization"},"potentialAction":[{"@type":"SearchAction","target":{"@type":"EntryPoint","urlTemplate":"https:\/\/dalia.dk\/sv\/?s={search_term_string}"},"query-input":{"@type":"PropertyValueSpecification","valueRequired":true,"valueName":"search_term_string"}}],"inLanguage":"sv-SE"},{"@type":"Organization","@id":"https:\/\/dalia.dk\/sv\/#organization","name":"Dalia","url":"https:\/\/dalia.dk\/sv\/","logo":{"@type":"ImageObject","inLanguage":"sv-SE","@id":"https:\/\/dalia.dk\/sv\/#\/schema\/logo\/image\/","url":"https:\/\/dalia.dk\/wp-content\/uploads\/2020\/02\/dalia_logo_from_maria.png","contentUrl":"https:\/\/dalia.dk\/wp-content\/uploads\/2020\/02\/dalia_logo_from_maria.png","width":1034,"height":320,"caption":"Dalia"},"image":{"@id":"https:\/\/dalia.dk\/sv\/#\/schema\/logo\/image\/"},"sameAs":["https:\/\/www.facebook.com\/www.dalia.nu"]}]}},"_links":{"self":[{"href":"https:\/\/dalia.dk\/sv\/wp-json\/wp\/v2\/product\/7197","targetHints":{"allow":["GET"]}}],"collection":[{"href":"https:\/\/dalia.dk\/sv\/wp-json\/wp\/v2\/product"}],"about":[{"href":"https:\/\/dalia.dk\/sv\/wp-json\/wp\/v2\/types\/product"}],"wp:featuredmedia":[{"embeddable":true,"href":"https:\/\/dalia.dk\/sv\/wp-json\/wp\/v2\/media\/7202"}],"wp:attachment":[{"href":"https:\/\/dalia.dk\/sv\/wp-json\/wp\/v2\/media?parent=7197"}],"wp:term":[{"taxonomy":"product_cat","embeddable":true,"href":"https:\/\/dalia.dk\/sv\/wp-json\/wp\/v2\/product_cat?post=7197"},{"taxonomy":"product_tag","embeddable":true,"href":"https:\/\/dalia.dk\/sv\/wp-json\/wp\/v2\/product_tag?post=7197"}],"curies":[{"name":"wp","href":"https:\/\/api.w.org\/{rel}","templated":true}]}}