{"id":7573,"date":"2021-02-28T11:13:18","date_gmt":"2025-02-18T14:30:09","guid":{"rendered":"https:\/\/dalia.dk\/product\/caroline-graa-linneklaenning\/"},"modified":"2025-02-18T14:30:09","modified_gmt":"2025-02-18T14:30:09","slug":"caroline-graa-linneklaenning","status":"publish","type":"product","link":"https:\/\/dalia.dk\/sv\/product\/caroline-graa-linneklaenning\/","title":{"rendered":"Caroline gr\u00e5 linnekl\u00e4nning"},"content":{"rendered":"<p>&nbsp;<\/p>\n<p>&nbsp;<\/p>\n<p>Modellen b\u00e4r Karoline linnekl\u00e4nning i gr\u00e5tt i storlek 38.<\/p>\n<p>&nbsp;<\/p>\n<p><strong>Kvalitet:<\/strong><\/p>\n<p>Denna gr\u00e5 kl\u00e4nning i linne \u00e4r tillverkad av 100% linne.<br \/>\nLinne \u00e4r ett naturmaterial med m\u00e5nga fantastiska egenskaper. Linne blir mjukare och mjukare ju mer du anv\u00e4nder det, och med r\u00e4tt sk\u00f6tsel kommer det att se vackert ut och h\u00e5lla i m\u00e5nga \u00e5r. <\/p>\n<p>&nbsp;<\/p>\n<p><strong>H\u00f6r f\u00f6rdelarna:<\/strong><\/p>\n<p>&#8211; 30% starkare \u00e4n bomull &#8211; Temperaturreglerande och andas &#8211; En stark fiber som g\u00f6r att linneprodukter h\u00e5ller formen &#8211; Milj\u00f6v\u00e4nligt eftersom endast sm\u00e5 m\u00e4ngder vatten beh\u00f6vs f\u00f6r att odla linne &#8211; Har en sl\u00e4t och luddfri yta som aldrig luddar<\/p>\n","protected":false},"excerpt":{"rendered":"<p>&nbsp;<\/p>\n<p>Den h\u00e4r gr\u00e5 linnekl\u00e4nningen har en minimalistisk design. Kl\u00e4nningen passar utm\u00e4rkt till b\u00e5de vardagssneakers och med ett par klackar till fest.<\/p>\n","protected":false},"featured_media":7575,"template":"","meta":{"_acf_changed":false},"product_cat":[990],"product_tag":[1056],"class_list":{"0":"post-7573","1":"product","2":"type-product","3":"status-publish","4":"has-post-thumbnail","6":"product_cat-klaenningar","7":"product_tag-webbshopens-startsida","9":"first","10":"instock","11":"shipping-taxable","12":"purchasable","13":"product-type-variable"},"acf":[],"yoast_head":"<!-- This site is optimized with the Yoast SEO plugin v25.2 - https:\/\/yoast.com\/wordpress\/plugins\/seo\/ -->\n<title>Gr\u00e5 linnekl\u00e4nning | Kl\u00e4nningar | Sommarkl\u00e4der | Linnekl\u00e4der | Slow fashion | Dalia<\/title>\n<meta name=\"description\" content=\"En underbar gr\u00e5 linnekl\u00e4nning i en stark linnekvalitet. 100% linne. Linnekl\u00e4nningar och sommarkl\u00e4nningar f\u00f6r alla tillf\u00e4llen. Mode med omsorg - f\u00f6r kvinnor.\" \/>\n<meta name=\"robots\" content=\"index, follow, max-snippet:-1, max-image-preview:large, max-video-preview:-1\" \/>\n<link rel=\"canonical\" href=\"https:\/\/dalia.dk\/sv\/product\/caroline-graa-linneklaenning\/\" \/>\n<meta property=\"og:locale\" content=\"sv_SE\" \/>\n<meta property=\"og:type\" content=\"article\" \/>\n<meta property=\"og:title\" content=\"Gr\u00e5 linnekl\u00e4nning | Kl\u00e4nningar | Sommarkl\u00e4der | Linnekl\u00e4der | Slow fashion | Dalia\" \/>\n<meta property=\"og:description\" content=\"En underbar gr\u00e5 linnekl\u00e4nning i en stark linnekvalitet. 100% linne. Linnekl\u00e4nningar och sommarkl\u00e4nningar f\u00f6r alla tillf\u00e4llen. Mode med omsorg - f\u00f6r kvinnor.\" \/>\n<meta property=\"og:url\" content=\"https:\/\/dalia.dk\/sv\/product\/caroline-graa-linneklaenning\/\" \/>\n<meta property=\"og:site_name\" content=\"Dalia\" \/>\n<meta property=\"article:publisher\" content=\"https:\/\/www.facebook.com\/www.dalia.nu\" \/>\n<meta property=\"og:image\" content=\"https:\/\/dalia.dk\/wp-content\/uploads\/2021\/02\/IMG_6496-scaled.jpg\" \/>\n\t<meta property=\"og:image:width\" content=\"1707\" \/>\n\t<meta property=\"og:image:height\" content=\"2560\" \/>\n\t<meta property=\"og:image:type\" content=\"image\/jpeg\" \/>\n<meta name=\"twitter:card\" content=\"summary_large_image\" \/>\n<meta name=\"twitter:label1\" content=\"Est. reading time\" \/>\n\t<meta name=\"twitter:data1\" content=\"1 minute\" \/>\n<script type=\"application\/ld+json\" class=\"yoast-schema-graph\">{\"@context\":\"https:\/\/schema.org\",\"@graph\":[{\"@type\":\"WebPage\",\"@id\":\"https:\/\/dalia.dk\/sv\/product\/caroline-graa-linneklaenning\/\",\"url\":\"https:\/\/dalia.dk\/sv\/product\/caroline-graa-linneklaenning\/\",\"name\":\"Gr\u00e5 linnekl\u00e4nning | Kl\u00e4nningar | Sommarkl\u00e4der | Linnekl\u00e4der | Slow fashion | Dalia\",\"isPartOf\":{\"@id\":\"https:\/\/dalia.dk\/sv\/#website\"},\"primaryImageOfPage\":{\"@id\":\"https:\/\/dalia.dk\/sv\/product\/caroline-graa-linneklaenning\/#primaryimage\"},\"image\":{\"@id\":\"https:\/\/dalia.dk\/sv\/product\/caroline-graa-linneklaenning\/#primaryimage\"},\"thumbnailUrl\":\"https:\/\/dalia.dk\/wp-content\/uploads\/2021\/02\/IMG_6496-scaled.jpg\",\"datePublished\":\"2025-02-18T14:30:09+00:00\",\"description\":\"En underbar gr\u00e5 linnekl\u00e4nning i en stark linnekvalitet. 100% linne. Linnekl\u00e4nningar och sommarkl\u00e4nningar f\u00f6r alla tillf\u00e4llen. Mode med omsorg - f\u00f6r kvinnor.\",\"breadcrumb\":{\"@id\":\"https:\/\/dalia.dk\/sv\/product\/caroline-graa-linneklaenning\/#breadcrumb\"},\"inLanguage\":\"sv-SE\",\"potentialAction\":[{\"@type\":\"ReadAction\",\"target\":[\"https:\/\/dalia.dk\/sv\/product\/caroline-graa-linneklaenning\/\"]}]},{\"@type\":\"ImageObject\",\"inLanguage\":\"sv-SE\",\"@id\":\"https:\/\/dalia.dk\/sv\/product\/caroline-graa-linneklaenning\/#primaryimage\",\"url\":\"https:\/\/dalia.dk\/wp-content\/uploads\/2021\/02\/IMG_6496-scaled.jpg\",\"contentUrl\":\"https:\/\/dalia.dk\/wp-content\/uploads\/2021\/02\/IMG_6496-scaled.jpg\",\"width\":1707,\"height\":2560},{\"@type\":\"BreadcrumbList\",\"@id\":\"https:\/\/dalia.dk\/sv\/product\/caroline-graa-linneklaenning\/#breadcrumb\",\"itemListElement\":[{\"@type\":\"ListItem\",\"position\":1,\"name\":\"Home\",\"item\":\"https:\/\/dalia.dk\/sv\/\"},{\"@type\":\"ListItem\",\"position\":2,\"name\":\"Webbshop\",\"item\":\"https:\/\/dalia.dk\/sv\/webbshop\/\"},{\"@type\":\"ListItem\",\"position\":3,\"name\":\"Caroline gr\u00e5 linnekl\u00e4nning\"}]},{\"@type\":\"WebSite\",\"@id\":\"https:\/\/dalia.dk\/sv\/#website\",\"url\":\"https:\/\/dalia.dk\/sv\/\",\"name\":\"Dalia\",\"description\":\"Tidsl\u00f8s og klassisk h\u00f8rt\u00f8j\",\"publisher\":{\"@id\":\"https:\/\/dalia.dk\/sv\/#organization\"},\"potentialAction\":[{\"@type\":\"SearchAction\",\"target\":{\"@type\":\"EntryPoint\",\"urlTemplate\":\"https:\/\/dalia.dk\/sv\/?s={search_term_string}\"},\"query-input\":{\"@type\":\"PropertyValueSpecification\",\"valueRequired\":true,\"valueName\":\"search_term_string\"}}],\"inLanguage\":\"sv-SE\"},{\"@type\":\"Organization\",\"@id\":\"https:\/\/dalia.dk\/sv\/#organization\",\"name\":\"Dalia\",\"url\":\"https:\/\/dalia.dk\/sv\/\",\"logo\":{\"@type\":\"ImageObject\",\"inLanguage\":\"sv-SE\",\"@id\":\"https:\/\/dalia.dk\/sv\/#\/schema\/logo\/image\/\",\"url\":\"https:\/\/dalia.dk\/wp-content\/uploads\/2020\/02\/dalia_logo_from_maria.png\",\"contentUrl\":\"https:\/\/dalia.dk\/wp-content\/uploads\/2020\/02\/dalia_logo_from_maria.png\",\"width\":1034,\"height\":320,\"caption\":\"Dalia\"},\"image\":{\"@id\":\"https:\/\/dalia.dk\/sv\/#\/schema\/logo\/image\/\"},\"sameAs\":[\"https:\/\/www.facebook.com\/www.dalia.nu\"]}]}<\/script>\n<!-- \/ Yoast SEO plugin. -->","yoast_head_json":{"title":"Gr\u00e5 linnekl\u00e4nning | Kl\u00e4nningar | Sommarkl\u00e4der | Linnekl\u00e4der | Slow fashion | Dalia","description":"En underbar gr\u00e5 linnekl\u00e4nning i en stark linnekvalitet. 100% linne. Linnekl\u00e4nningar och sommarkl\u00e4nningar f\u00f6r alla tillf\u00e4llen. Mode med omsorg - f\u00f6r kvinnor.","robots":{"index":"index","follow":"follow","max-snippet":"max-snippet:-1","max-image-preview":"max-image-preview:large","max-video-preview":"max-video-preview:-1"},"canonical":"https:\/\/dalia.dk\/sv\/product\/caroline-graa-linneklaenning\/","og_locale":"sv_SE","og_type":"article","og_title":"Gr\u00e5 linnekl\u00e4nning | Kl\u00e4nningar | Sommarkl\u00e4der | Linnekl\u00e4der | Slow fashion | Dalia","og_description":"En underbar gr\u00e5 linnekl\u00e4nning i en stark linnekvalitet. 100% linne. Linnekl\u00e4nningar och sommarkl\u00e4nningar f\u00f6r alla tillf\u00e4llen. Mode med omsorg - f\u00f6r kvinnor.","og_url":"https:\/\/dalia.dk\/sv\/product\/caroline-graa-linneklaenning\/","og_site_name":"Dalia","article_publisher":"https:\/\/www.facebook.com\/www.dalia.nu","og_image":[{"width":1707,"height":2560,"url":"https:\/\/dalia.dk\/wp-content\/uploads\/2021\/02\/IMG_6496-scaled.jpg","type":"image\/jpeg"}],"twitter_card":"summary_large_image","twitter_misc":{"Est. reading time":"1 minute"},"schema":{"@context":"https:\/\/schema.org","@graph":[{"@type":"WebPage","@id":"https:\/\/dalia.dk\/sv\/product\/caroline-graa-linneklaenning\/","url":"https:\/\/dalia.dk\/sv\/product\/caroline-graa-linneklaenning\/","name":"Gr\u00e5 linnekl\u00e4nning | Kl\u00e4nningar | Sommarkl\u00e4der | Linnekl\u00e4der | Slow fashion | Dalia","isPartOf":{"@id":"https:\/\/dalia.dk\/sv\/#website"},"primaryImageOfPage":{"@id":"https:\/\/dalia.dk\/sv\/product\/caroline-graa-linneklaenning\/#primaryimage"},"image":{"@id":"https:\/\/dalia.dk\/sv\/product\/caroline-graa-linneklaenning\/#primaryimage"},"thumbnailUrl":"https:\/\/dalia.dk\/wp-content\/uploads\/2021\/02\/IMG_6496-scaled.jpg","datePublished":"2025-02-18T14:30:09+00:00","description":"En underbar gr\u00e5 linnekl\u00e4nning i en stark linnekvalitet. 100% linne. Linnekl\u00e4nningar och sommarkl\u00e4nningar f\u00f6r alla tillf\u00e4llen. Mode med omsorg - f\u00f6r kvinnor.","breadcrumb":{"@id":"https:\/\/dalia.dk\/sv\/product\/caroline-graa-linneklaenning\/#breadcrumb"},"inLanguage":"sv-SE","potentialAction":[{"@type":"ReadAction","target":["https:\/\/dalia.dk\/sv\/product\/caroline-graa-linneklaenning\/"]}]},{"@type":"ImageObject","inLanguage":"sv-SE","@id":"https:\/\/dalia.dk\/sv\/product\/caroline-graa-linneklaenning\/#primaryimage","url":"https:\/\/dalia.dk\/wp-content\/uploads\/2021\/02\/IMG_6496-scaled.jpg","contentUrl":"https:\/\/dalia.dk\/wp-content\/uploads\/2021\/02\/IMG_6496-scaled.jpg","width":1707,"height":2560},{"@type":"BreadcrumbList","@id":"https:\/\/dalia.dk\/sv\/product\/caroline-graa-linneklaenning\/#breadcrumb","itemListElement":[{"@type":"ListItem","position":1,"name":"Home","item":"https:\/\/dalia.dk\/sv\/"},{"@type":"ListItem","position":2,"name":"Webbshop","item":"https:\/\/dalia.dk\/sv\/webbshop\/"},{"@type":"ListItem","position":3,"name":"Caroline gr\u00e5 linnekl\u00e4nning"}]},{"@type":"WebSite","@id":"https:\/\/dalia.dk\/sv\/#website","url":"https:\/\/dalia.dk\/sv\/","name":"Dalia","description":"Tidsl\u00f8s og klassisk h\u00f8rt\u00f8j","publisher":{"@id":"https:\/\/dalia.dk\/sv\/#organization"},"potentialAction":[{"@type":"SearchAction","target":{"@type":"EntryPoint","urlTemplate":"https:\/\/dalia.dk\/sv\/?s={search_term_string}"},"query-input":{"@type":"PropertyValueSpecification","valueRequired":true,"valueName":"search_term_string"}}],"inLanguage":"sv-SE"},{"@type":"Organization","@id":"https:\/\/dalia.dk\/sv\/#organization","name":"Dalia","url":"https:\/\/dalia.dk\/sv\/","logo":{"@type":"ImageObject","inLanguage":"sv-SE","@id":"https:\/\/dalia.dk\/sv\/#\/schema\/logo\/image\/","url":"https:\/\/dalia.dk\/wp-content\/uploads\/2020\/02\/dalia_logo_from_maria.png","contentUrl":"https:\/\/dalia.dk\/wp-content\/uploads\/2020\/02\/dalia_logo_from_maria.png","width":1034,"height":320,"caption":"Dalia"},"image":{"@id":"https:\/\/dalia.dk\/sv\/#\/schema\/logo\/image\/"},"sameAs":["https:\/\/www.facebook.com\/www.dalia.nu"]}]}},"_links":{"self":[{"href":"https:\/\/dalia.dk\/sv\/wp-json\/wp\/v2\/product\/7573","targetHints":{"allow":["GET"]}}],"collection":[{"href":"https:\/\/dalia.dk\/sv\/wp-json\/wp\/v2\/product"}],"about":[{"href":"https:\/\/dalia.dk\/sv\/wp-json\/wp\/v2\/types\/product"}],"wp:featuredmedia":[{"embeddable":true,"href":"https:\/\/dalia.dk\/sv\/wp-json\/wp\/v2\/media\/7575"}],"wp:attachment":[{"href":"https:\/\/dalia.dk\/sv\/wp-json\/wp\/v2\/media?parent=7573"}],"wp:term":[{"taxonomy":"product_cat","embeddable":true,"href":"https:\/\/dalia.dk\/sv\/wp-json\/wp\/v2\/product_cat?post=7573"},{"taxonomy":"product_tag","embeddable":true,"href":"https:\/\/dalia.dk\/sv\/wp-json\/wp\/v2\/product_tag?post=7573"}],"curies":[{"name":"wp","href":"https:\/\/api.w.org\/{rel}","templated":true}]}}