{"id":7763,"date":"2020-07-17T14:35:28","date_gmt":"2025-02-18T14:31:02","guid":{"rendered":"https:\/\/dalia.dk\/product\/klaenning-i-ljusblaatt-linne-05-32\/"},"modified":"2025-02-18T14:31:02","modified_gmt":"2025-02-18T14:31:02","slug":"klaenning-i-ljusblaatt-linne-05-32","status":"publish","type":"product","link":"https:\/\/dalia.dk\/sv\/product\/klaenning-i-ljusblaatt-linne-05-32\/","title":{"rendered":"Kl\u00e4nning i ljusbl\u00e5tt linne (05-32)"},"content":{"rendered":"<p>&nbsp;<\/p>\n<p>&nbsp;<\/p>\n<p><strong>F\u00e4rgkod:<\/strong><\/p>\n<p>90<\/p>\n<p>Finns i flera olika f\u00e4rger.<\/p>\n<p>&nbsp;<\/p>\n<p><strong>Kvalitet:<\/strong><\/p>\n<p>Denna ljusbl\u00e5 linnekl\u00e4nning \u00e4r tillverkad av 100% linne och producerad i Litauen, EU.<\/p>\n<p><strong><br \/>\nStorlekar:<\/strong><\/p>\n<p>36 &#8211; 46<\/p>\n","protected":false},"excerpt":{"rendered":"<p>&nbsp;<\/p>\n<p>&nbsp;<\/p>\n<p>En ljusbl\u00e5 kl\u00e4nning med fina detaljer och bra passform.<\/p>\n<p>Kl\u00e4nningen \u00e4r v\u00e4l genomt\u00e4nkt s\u00e5 att den b\u00e5de \u00e4r rymlig och omfamnar formen och figuren. <\/p>\n","protected":false},"featured_media":7765,"template":"","meta":{"_acf_changed":false},"product_cat":[951],"product_tag":[],"class_list":{"0":"post-7763","1":"product","2":"type-product","3":"status-publish","4":"has-post-thumbnail","6":"product_cat-kollektion-klaenningar","8":"first","9":"instock","10":"shipping-taxable","11":"product-type-simple"},"acf":[],"yoast_head":"<!-- This site is optimized with the Yoast SEO plugin v25.2 - https:\/\/yoast.com\/wordpress\/plugins\/seo\/ -->\n<title>Ljusbl\u00e5 linnekl\u00e4nning | Linnekl\u00e4nning | H\u00e5llbart mode | Slow fashion | Dalia<\/title>\n<meta name=\"description\" content=\"En h\u00e4rlig linnekl\u00e4nning f\u00f6r sommaren i en ljusbl\u00e5 f\u00e4rg som g\u00f6r sig bra i solen. Kl\u00e4nningen \u00e4r tillverkad av 100% linne. Naturligt material. Se mer h\u00e4r.\" \/>\n<meta name=\"robots\" content=\"index, follow, max-snippet:-1, max-image-preview:large, max-video-preview:-1\" \/>\n<link rel=\"canonical\" href=\"https:\/\/dalia.dk\/sv\/product\/klaenning-i-ljusblaatt-linne-05-32\/\" \/>\n<meta property=\"og:locale\" content=\"sv_SE\" \/>\n<meta property=\"og:type\" content=\"article\" \/>\n<meta property=\"og:title\" content=\"Ljusbl\u00e5 linnekl\u00e4nning | Linnekl\u00e4nning | H\u00e5llbart mode | Slow fashion | Dalia\" \/>\n<meta property=\"og:description\" content=\"En h\u00e4rlig linnekl\u00e4nning f\u00f6r sommaren i en ljusbl\u00e5 f\u00e4rg som g\u00f6r sig bra i solen. Kl\u00e4nningen \u00e4r tillverkad av 100% linne. Naturligt material. Se mer h\u00e4r.\" \/>\n<meta property=\"og:url\" content=\"https:\/\/dalia.dk\/sv\/product\/klaenning-i-ljusblaatt-linne-05-32\/\" \/>\n<meta property=\"og:site_name\" content=\"Dalia\" \/>\n<meta property=\"article:publisher\" content=\"https:\/\/www.facebook.com\/www.dalia.nu\" \/>\n<meta property=\"og:image\" content=\"https:\/\/dalia.dk\/wp-content\/uploads\/2020\/07\/IMG_5574-scaled.jpg\" \/>\n\t<meta property=\"og:image:width\" content=\"1707\" \/>\n\t<meta property=\"og:image:height\" content=\"2560\" \/>\n\t<meta property=\"og:image:type\" content=\"image\/jpeg\" \/>\n<meta name=\"twitter:card\" content=\"summary_large_image\" \/>\n<script type=\"application\/ld+json\" class=\"yoast-schema-graph\">{\"@context\":\"https:\/\/schema.org\",\"@graph\":[{\"@type\":\"WebPage\",\"@id\":\"https:\/\/dalia.dk\/sv\/product\/klaenning-i-ljusblaatt-linne-05-32\/\",\"url\":\"https:\/\/dalia.dk\/sv\/product\/klaenning-i-ljusblaatt-linne-05-32\/\",\"name\":\"Ljusbl\u00e5 linnekl\u00e4nning | Linnekl\u00e4nning | H\u00e5llbart mode | Slow fashion | Dalia\",\"isPartOf\":{\"@id\":\"https:\/\/dalia.dk\/sv\/#website\"},\"primaryImageOfPage\":{\"@id\":\"https:\/\/dalia.dk\/sv\/product\/klaenning-i-ljusblaatt-linne-05-32\/#primaryimage\"},\"image\":{\"@id\":\"https:\/\/dalia.dk\/sv\/product\/klaenning-i-ljusblaatt-linne-05-32\/#primaryimage\"},\"thumbnailUrl\":\"https:\/\/dalia.dk\/wp-content\/uploads\/2020\/07\/IMG_5574-scaled.jpg\",\"datePublished\":\"2025-02-18T14:31:02+00:00\",\"description\":\"En h\u00e4rlig linnekl\u00e4nning f\u00f6r sommaren i en ljusbl\u00e5 f\u00e4rg som g\u00f6r sig bra i solen. Kl\u00e4nningen \u00e4r tillverkad av 100% linne. Naturligt material. Se mer h\u00e4r.\",\"breadcrumb\":{\"@id\":\"https:\/\/dalia.dk\/sv\/product\/klaenning-i-ljusblaatt-linne-05-32\/#breadcrumb\"},\"inLanguage\":\"sv-SE\",\"potentialAction\":[{\"@type\":\"ReadAction\",\"target\":[\"https:\/\/dalia.dk\/sv\/product\/klaenning-i-ljusblaatt-linne-05-32\/\"]}]},{\"@type\":\"ImageObject\",\"inLanguage\":\"sv-SE\",\"@id\":\"https:\/\/dalia.dk\/sv\/product\/klaenning-i-ljusblaatt-linne-05-32\/#primaryimage\",\"url\":\"https:\/\/dalia.dk\/wp-content\/uploads\/2020\/07\/IMG_5574-scaled.jpg\",\"contentUrl\":\"https:\/\/dalia.dk\/wp-content\/uploads\/2020\/07\/IMG_5574-scaled.jpg\",\"width\":1707,\"height\":2560},{\"@type\":\"BreadcrumbList\",\"@id\":\"https:\/\/dalia.dk\/sv\/product\/klaenning-i-ljusblaatt-linne-05-32\/#breadcrumb\",\"itemListElement\":[{\"@type\":\"ListItem\",\"position\":1,\"name\":\"Home\",\"item\":\"https:\/\/dalia.dk\/sv\/\"},{\"@type\":\"ListItem\",\"position\":2,\"name\":\"Webbshop\",\"item\":\"https:\/\/dalia.dk\/sv\/webbshop\/\"},{\"@type\":\"ListItem\",\"position\":3,\"name\":\"Kl\u00e4nning i ljusbl\u00e5tt linne (05-32)\"}]},{\"@type\":\"WebSite\",\"@id\":\"https:\/\/dalia.dk\/sv\/#website\",\"url\":\"https:\/\/dalia.dk\/sv\/\",\"name\":\"Dalia\",\"description\":\"Tidsl\u00f8s og klassisk h\u00f8rt\u00f8j\",\"publisher\":{\"@id\":\"https:\/\/dalia.dk\/sv\/#organization\"},\"potentialAction\":[{\"@type\":\"SearchAction\",\"target\":{\"@type\":\"EntryPoint\",\"urlTemplate\":\"https:\/\/dalia.dk\/sv\/?s={search_term_string}\"},\"query-input\":{\"@type\":\"PropertyValueSpecification\",\"valueRequired\":true,\"valueName\":\"search_term_string\"}}],\"inLanguage\":\"sv-SE\"},{\"@type\":\"Organization\",\"@id\":\"https:\/\/dalia.dk\/sv\/#organization\",\"name\":\"Dalia\",\"url\":\"https:\/\/dalia.dk\/sv\/\",\"logo\":{\"@type\":\"ImageObject\",\"inLanguage\":\"sv-SE\",\"@id\":\"https:\/\/dalia.dk\/sv\/#\/schema\/logo\/image\/\",\"url\":\"https:\/\/dalia.dk\/wp-content\/uploads\/2020\/02\/dalia_logo_from_maria.png\",\"contentUrl\":\"https:\/\/dalia.dk\/wp-content\/uploads\/2020\/02\/dalia_logo_from_maria.png\",\"width\":1034,\"height\":320,\"caption\":\"Dalia\"},\"image\":{\"@id\":\"https:\/\/dalia.dk\/sv\/#\/schema\/logo\/image\/\"},\"sameAs\":[\"https:\/\/www.facebook.com\/www.dalia.nu\"]}]}<\/script>\n<!-- \/ Yoast SEO plugin. -->","yoast_head_json":{"title":"Ljusbl\u00e5 linnekl\u00e4nning | Linnekl\u00e4nning | H\u00e5llbart mode | Slow fashion | Dalia","description":"En h\u00e4rlig linnekl\u00e4nning f\u00f6r sommaren i en ljusbl\u00e5 f\u00e4rg som g\u00f6r sig bra i solen. Kl\u00e4nningen \u00e4r tillverkad av 100% linne. Naturligt material. Se mer h\u00e4r.","robots":{"index":"index","follow":"follow","max-snippet":"max-snippet:-1","max-image-preview":"max-image-preview:large","max-video-preview":"max-video-preview:-1"},"canonical":"https:\/\/dalia.dk\/sv\/product\/klaenning-i-ljusblaatt-linne-05-32\/","og_locale":"sv_SE","og_type":"article","og_title":"Ljusbl\u00e5 linnekl\u00e4nning | Linnekl\u00e4nning | H\u00e5llbart mode | Slow fashion | Dalia","og_description":"En h\u00e4rlig linnekl\u00e4nning f\u00f6r sommaren i en ljusbl\u00e5 f\u00e4rg som g\u00f6r sig bra i solen. Kl\u00e4nningen \u00e4r tillverkad av 100% linne. Naturligt material. Se mer h\u00e4r.","og_url":"https:\/\/dalia.dk\/sv\/product\/klaenning-i-ljusblaatt-linne-05-32\/","og_site_name":"Dalia","article_publisher":"https:\/\/www.facebook.com\/www.dalia.nu","og_image":[{"width":1707,"height":2560,"url":"https:\/\/dalia.dk\/wp-content\/uploads\/2020\/07\/IMG_5574-scaled.jpg","type":"image\/jpeg"}],"twitter_card":"summary_large_image","schema":{"@context":"https:\/\/schema.org","@graph":[{"@type":"WebPage","@id":"https:\/\/dalia.dk\/sv\/product\/klaenning-i-ljusblaatt-linne-05-32\/","url":"https:\/\/dalia.dk\/sv\/product\/klaenning-i-ljusblaatt-linne-05-32\/","name":"Ljusbl\u00e5 linnekl\u00e4nning | Linnekl\u00e4nning | H\u00e5llbart mode | Slow fashion | Dalia","isPartOf":{"@id":"https:\/\/dalia.dk\/sv\/#website"},"primaryImageOfPage":{"@id":"https:\/\/dalia.dk\/sv\/product\/klaenning-i-ljusblaatt-linne-05-32\/#primaryimage"},"image":{"@id":"https:\/\/dalia.dk\/sv\/product\/klaenning-i-ljusblaatt-linne-05-32\/#primaryimage"},"thumbnailUrl":"https:\/\/dalia.dk\/wp-content\/uploads\/2020\/07\/IMG_5574-scaled.jpg","datePublished":"2025-02-18T14:31:02+00:00","description":"En h\u00e4rlig linnekl\u00e4nning f\u00f6r sommaren i en ljusbl\u00e5 f\u00e4rg som g\u00f6r sig bra i solen. Kl\u00e4nningen \u00e4r tillverkad av 100% linne. Naturligt material. Se mer h\u00e4r.","breadcrumb":{"@id":"https:\/\/dalia.dk\/sv\/product\/klaenning-i-ljusblaatt-linne-05-32\/#breadcrumb"},"inLanguage":"sv-SE","potentialAction":[{"@type":"ReadAction","target":["https:\/\/dalia.dk\/sv\/product\/klaenning-i-ljusblaatt-linne-05-32\/"]}]},{"@type":"ImageObject","inLanguage":"sv-SE","@id":"https:\/\/dalia.dk\/sv\/product\/klaenning-i-ljusblaatt-linne-05-32\/#primaryimage","url":"https:\/\/dalia.dk\/wp-content\/uploads\/2020\/07\/IMG_5574-scaled.jpg","contentUrl":"https:\/\/dalia.dk\/wp-content\/uploads\/2020\/07\/IMG_5574-scaled.jpg","width":1707,"height":2560},{"@type":"BreadcrumbList","@id":"https:\/\/dalia.dk\/sv\/product\/klaenning-i-ljusblaatt-linne-05-32\/#breadcrumb","itemListElement":[{"@type":"ListItem","position":1,"name":"Home","item":"https:\/\/dalia.dk\/sv\/"},{"@type":"ListItem","position":2,"name":"Webbshop","item":"https:\/\/dalia.dk\/sv\/webbshop\/"},{"@type":"ListItem","position":3,"name":"Kl\u00e4nning i ljusbl\u00e5tt linne (05-32)"}]},{"@type":"WebSite","@id":"https:\/\/dalia.dk\/sv\/#website","url":"https:\/\/dalia.dk\/sv\/","name":"Dalia","description":"Tidsl\u00f8s og klassisk h\u00f8rt\u00f8j","publisher":{"@id":"https:\/\/dalia.dk\/sv\/#organization"},"potentialAction":[{"@type":"SearchAction","target":{"@type":"EntryPoint","urlTemplate":"https:\/\/dalia.dk\/sv\/?s={search_term_string}"},"query-input":{"@type":"PropertyValueSpecification","valueRequired":true,"valueName":"search_term_string"}}],"inLanguage":"sv-SE"},{"@type":"Organization","@id":"https:\/\/dalia.dk\/sv\/#organization","name":"Dalia","url":"https:\/\/dalia.dk\/sv\/","logo":{"@type":"ImageObject","inLanguage":"sv-SE","@id":"https:\/\/dalia.dk\/sv\/#\/schema\/logo\/image\/","url":"https:\/\/dalia.dk\/wp-content\/uploads\/2020\/02\/dalia_logo_from_maria.png","contentUrl":"https:\/\/dalia.dk\/wp-content\/uploads\/2020\/02\/dalia_logo_from_maria.png","width":1034,"height":320,"caption":"Dalia"},"image":{"@id":"https:\/\/dalia.dk\/sv\/#\/schema\/logo\/image\/"},"sameAs":["https:\/\/www.facebook.com\/www.dalia.nu"]}]}},"_links":{"self":[{"href":"https:\/\/dalia.dk\/sv\/wp-json\/wp\/v2\/product\/7763","targetHints":{"allow":["GET"]}}],"collection":[{"href":"https:\/\/dalia.dk\/sv\/wp-json\/wp\/v2\/product"}],"about":[{"href":"https:\/\/dalia.dk\/sv\/wp-json\/wp\/v2\/types\/product"}],"wp:featuredmedia":[{"embeddable":true,"href":"https:\/\/dalia.dk\/sv\/wp-json\/wp\/v2\/media\/7765"}],"wp:attachment":[{"href":"https:\/\/dalia.dk\/sv\/wp-json\/wp\/v2\/media?parent=7763"}],"wp:term":[{"taxonomy":"product_cat","embeddable":true,"href":"https:\/\/dalia.dk\/sv\/wp-json\/wp\/v2\/product_cat?post=7763"},{"taxonomy":"product_tag","embeddable":true,"href":"https:\/\/dalia.dk\/sv\/wp-json\/wp\/v2\/product_tag?post=7763"}],"curies":[{"name":"wp","href":"https:\/\/api.w.org\/{rel}","templated":true}]}}