{"id":7861,"date":"2020-07-03T08:52:58","date_gmt":"2025-02-18T14:32:09","guid":{"rendered":"https:\/\/dalia.dk\/product\/stickad-linnetroeja-i-blaatt-123\/"},"modified":"2025-02-18T14:32:09","modified_gmt":"2025-02-18T14:32:09","slug":"stickad-linnetroeja-i-blaatt-123","status":"publish","type":"product","link":"https:\/\/dalia.dk\/sv\/product\/stickad-linnetroeja-i-blaatt-123\/","title":{"rendered":"Stickad linnetr\u00f6ja i bl\u00e5tt (123)"},"content":{"rendered":"<p>&nbsp;<\/p>\n<p>&nbsp;<\/p>\n<p><strong>F\u00e4rgkod:<\/strong><\/p>\n<p>70<\/p>\n<p>Finns i flera olika f\u00e4rger.<\/p>\n<p>&nbsp;<\/p>\n<p><strong>Kvalitet:<\/strong><\/p>\n<p>Denna bl\u00e5 linnetr\u00f6ja \u00e4r tillverkad av 100% linne och producerad i Litauen, EU.<\/p>\n<p><strong><br \/>\nStorlekar:<\/strong><\/p>\n<p>1, 2<\/p>\n<p>&nbsp;<\/p>\n","protected":false},"excerpt":{"rendered":"<p>&nbsp;<\/p>\n<p>&nbsp;<\/p>\n<p>En h\u00e4rlig och bekv\u00e4m linnetr\u00f6ja med l\u00e5nga \u00e4rmar. En modell som kan b\u00e4ras till b\u00e5de kl\u00e4nning, byxa och kjol.<br \/>\nTr\u00f6jan faller snyggt och luddar inte d\u00e5 den \u00e4r tillverkad av linne. <\/p>\n","protected":false},"featured_media":7806,"template":"","meta":{"_acf_changed":false},"product_cat":[957],"product_tag":[1132],"class_list":{"0":"post-7861","1":"product","2":"type-product","3":"status-publish","4":"has-post-thumbnail","6":"product_cat-kollektion-stickat","7":"product_tag-foerstasida","9":"first","10":"instock","11":"shipping-taxable","12":"product-type-simple"},"acf":[],"yoast_head":"<!-- This site is optimized with the Yoast SEO plugin v25.2 - https:\/\/yoast.com\/wordpress\/plugins\/seo\/ -->\n<title>Bl\u00e5 linnetr\u00f6ja | Stickat linne | Linnekl\u00e4der | H\u00e5llbara kl\u00e4der | Dalia<\/title>\n<meta name=\"description\" content=\"En bl\u00e5 linnetr\u00f6ja som kan b\u00e4ras \u00f6ver en kl\u00e4nning, till en kjol eller ett par byxor. Finns i flera olika f\u00e4rger. Klicka h\u00e4r f\u00f6r att se mer.\" \/>\n<meta name=\"robots\" content=\"index, follow, max-snippet:-1, max-image-preview:large, max-video-preview:-1\" \/>\n<link rel=\"canonical\" href=\"https:\/\/dalia.dk\/sv\/product\/stickad-linnetroeja-i-blaatt-123\/\" \/>\n<meta property=\"og:locale\" content=\"sv_SE\" \/>\n<meta property=\"og:type\" content=\"article\" \/>\n<meta property=\"og:title\" content=\"Bl\u00e5 linnetr\u00f6ja | Stickat linne | Linnekl\u00e4der | H\u00e5llbara kl\u00e4der | Dalia\" \/>\n<meta property=\"og:description\" content=\"En bl\u00e5 linnetr\u00f6ja som kan b\u00e4ras \u00f6ver en kl\u00e4nning, till en kjol eller ett par byxor. Finns i flera olika f\u00e4rger. Klicka h\u00e4r f\u00f6r att se mer.\" \/>\n<meta property=\"og:url\" content=\"https:\/\/dalia.dk\/sv\/product\/stickad-linnetroeja-i-blaatt-123\/\" \/>\n<meta property=\"og:site_name\" content=\"Dalia\" \/>\n<meta property=\"article:publisher\" content=\"https:\/\/www.facebook.com\/www.dalia.nu\" \/>\n<meta property=\"og:image\" content=\"https:\/\/dalia.dk\/wp-content\/uploads\/2020\/07\/IMG_5007-scaled.jpg\" \/>\n\t<meta property=\"og:image:width\" content=\"1707\" \/>\n\t<meta property=\"og:image:height\" content=\"2560\" \/>\n\t<meta property=\"og:image:type\" content=\"image\/jpeg\" \/>\n<meta name=\"twitter:card\" content=\"summary_large_image\" \/>\n<script type=\"application\/ld+json\" class=\"yoast-schema-graph\">{\"@context\":\"https:\/\/schema.org\",\"@graph\":[{\"@type\":\"WebPage\",\"@id\":\"https:\/\/dalia.dk\/sv\/product\/stickad-linnetroeja-i-blaatt-123\/\",\"url\":\"https:\/\/dalia.dk\/sv\/product\/stickad-linnetroeja-i-blaatt-123\/\",\"name\":\"Bl\u00e5 linnetr\u00f6ja | Stickat linne | Linnekl\u00e4der | H\u00e5llbara kl\u00e4der | Dalia\",\"isPartOf\":{\"@id\":\"https:\/\/dalia.dk\/sv\/#website\"},\"primaryImageOfPage\":{\"@id\":\"https:\/\/dalia.dk\/sv\/product\/stickad-linnetroeja-i-blaatt-123\/#primaryimage\"},\"image\":{\"@id\":\"https:\/\/dalia.dk\/sv\/product\/stickad-linnetroeja-i-blaatt-123\/#primaryimage\"},\"thumbnailUrl\":\"https:\/\/dalia.dk\/wp-content\/uploads\/2020\/07\/IMG_5007-scaled.jpg\",\"datePublished\":\"2025-02-18T14:32:09+00:00\",\"description\":\"En bl\u00e5 linnetr\u00f6ja som kan b\u00e4ras \u00f6ver en kl\u00e4nning, till en kjol eller ett par byxor. Finns i flera olika f\u00e4rger. Klicka h\u00e4r f\u00f6r att se mer.\",\"breadcrumb\":{\"@id\":\"https:\/\/dalia.dk\/sv\/product\/stickad-linnetroeja-i-blaatt-123\/#breadcrumb\"},\"inLanguage\":\"sv-SE\",\"potentialAction\":[{\"@type\":\"ReadAction\",\"target\":[\"https:\/\/dalia.dk\/sv\/product\/stickad-linnetroeja-i-blaatt-123\/\"]}]},{\"@type\":\"ImageObject\",\"inLanguage\":\"sv-SE\",\"@id\":\"https:\/\/dalia.dk\/sv\/product\/stickad-linnetroeja-i-blaatt-123\/#primaryimage\",\"url\":\"https:\/\/dalia.dk\/wp-content\/uploads\/2020\/07\/IMG_5007-scaled.jpg\",\"contentUrl\":\"https:\/\/dalia.dk\/wp-content\/uploads\/2020\/07\/IMG_5007-scaled.jpg\",\"width\":1707,\"height\":2560},{\"@type\":\"BreadcrumbList\",\"@id\":\"https:\/\/dalia.dk\/sv\/product\/stickad-linnetroeja-i-blaatt-123\/#breadcrumb\",\"itemListElement\":[{\"@type\":\"ListItem\",\"position\":1,\"name\":\"Home\",\"item\":\"https:\/\/dalia.dk\/sv\/\"},{\"@type\":\"ListItem\",\"position\":2,\"name\":\"Webbshop\",\"item\":\"https:\/\/dalia.dk\/sv\/webbshop\/\"},{\"@type\":\"ListItem\",\"position\":3,\"name\":\"Stickad linnetr\u00f6ja i bl\u00e5tt (123)\"}]},{\"@type\":\"WebSite\",\"@id\":\"https:\/\/dalia.dk\/sv\/#website\",\"url\":\"https:\/\/dalia.dk\/sv\/\",\"name\":\"Dalia\",\"description\":\"Tidsl\u00f8s og klassisk h\u00f8rt\u00f8j\",\"publisher\":{\"@id\":\"https:\/\/dalia.dk\/sv\/#organization\"},\"potentialAction\":[{\"@type\":\"SearchAction\",\"target\":{\"@type\":\"EntryPoint\",\"urlTemplate\":\"https:\/\/dalia.dk\/sv\/?s={search_term_string}\"},\"query-input\":{\"@type\":\"PropertyValueSpecification\",\"valueRequired\":true,\"valueName\":\"search_term_string\"}}],\"inLanguage\":\"sv-SE\"},{\"@type\":\"Organization\",\"@id\":\"https:\/\/dalia.dk\/sv\/#organization\",\"name\":\"Dalia\",\"url\":\"https:\/\/dalia.dk\/sv\/\",\"logo\":{\"@type\":\"ImageObject\",\"inLanguage\":\"sv-SE\",\"@id\":\"https:\/\/dalia.dk\/sv\/#\/schema\/logo\/image\/\",\"url\":\"https:\/\/dalia.dk\/wp-content\/uploads\/2020\/02\/dalia_logo_from_maria.png\",\"contentUrl\":\"https:\/\/dalia.dk\/wp-content\/uploads\/2020\/02\/dalia_logo_from_maria.png\",\"width\":1034,\"height\":320,\"caption\":\"Dalia\"},\"image\":{\"@id\":\"https:\/\/dalia.dk\/sv\/#\/schema\/logo\/image\/\"},\"sameAs\":[\"https:\/\/www.facebook.com\/www.dalia.nu\"]}]}<\/script>\n<!-- \/ Yoast SEO plugin. -->","yoast_head_json":{"title":"Bl\u00e5 linnetr\u00f6ja | Stickat linne | Linnekl\u00e4der | H\u00e5llbara kl\u00e4der | Dalia","description":"En bl\u00e5 linnetr\u00f6ja som kan b\u00e4ras \u00f6ver en kl\u00e4nning, till en kjol eller ett par byxor. Finns i flera olika f\u00e4rger. Klicka h\u00e4r f\u00f6r att se mer.","robots":{"index":"index","follow":"follow","max-snippet":"max-snippet:-1","max-image-preview":"max-image-preview:large","max-video-preview":"max-video-preview:-1"},"canonical":"https:\/\/dalia.dk\/sv\/product\/stickad-linnetroeja-i-blaatt-123\/","og_locale":"sv_SE","og_type":"article","og_title":"Bl\u00e5 linnetr\u00f6ja | Stickat linne | Linnekl\u00e4der | H\u00e5llbara kl\u00e4der | Dalia","og_description":"En bl\u00e5 linnetr\u00f6ja som kan b\u00e4ras \u00f6ver en kl\u00e4nning, till en kjol eller ett par byxor. Finns i flera olika f\u00e4rger. Klicka h\u00e4r f\u00f6r att se mer.","og_url":"https:\/\/dalia.dk\/sv\/product\/stickad-linnetroeja-i-blaatt-123\/","og_site_name":"Dalia","article_publisher":"https:\/\/www.facebook.com\/www.dalia.nu","og_image":[{"width":1707,"height":2560,"url":"https:\/\/dalia.dk\/wp-content\/uploads\/2020\/07\/IMG_5007-scaled.jpg","type":"image\/jpeg"}],"twitter_card":"summary_large_image","schema":{"@context":"https:\/\/schema.org","@graph":[{"@type":"WebPage","@id":"https:\/\/dalia.dk\/sv\/product\/stickad-linnetroeja-i-blaatt-123\/","url":"https:\/\/dalia.dk\/sv\/product\/stickad-linnetroeja-i-blaatt-123\/","name":"Bl\u00e5 linnetr\u00f6ja | Stickat linne | Linnekl\u00e4der | H\u00e5llbara kl\u00e4der | Dalia","isPartOf":{"@id":"https:\/\/dalia.dk\/sv\/#website"},"primaryImageOfPage":{"@id":"https:\/\/dalia.dk\/sv\/product\/stickad-linnetroeja-i-blaatt-123\/#primaryimage"},"image":{"@id":"https:\/\/dalia.dk\/sv\/product\/stickad-linnetroeja-i-blaatt-123\/#primaryimage"},"thumbnailUrl":"https:\/\/dalia.dk\/wp-content\/uploads\/2020\/07\/IMG_5007-scaled.jpg","datePublished":"2025-02-18T14:32:09+00:00","description":"En bl\u00e5 linnetr\u00f6ja som kan b\u00e4ras \u00f6ver en kl\u00e4nning, till en kjol eller ett par byxor. Finns i flera olika f\u00e4rger. Klicka h\u00e4r f\u00f6r att se mer.","breadcrumb":{"@id":"https:\/\/dalia.dk\/sv\/product\/stickad-linnetroeja-i-blaatt-123\/#breadcrumb"},"inLanguage":"sv-SE","potentialAction":[{"@type":"ReadAction","target":["https:\/\/dalia.dk\/sv\/product\/stickad-linnetroeja-i-blaatt-123\/"]}]},{"@type":"ImageObject","inLanguage":"sv-SE","@id":"https:\/\/dalia.dk\/sv\/product\/stickad-linnetroeja-i-blaatt-123\/#primaryimage","url":"https:\/\/dalia.dk\/wp-content\/uploads\/2020\/07\/IMG_5007-scaled.jpg","contentUrl":"https:\/\/dalia.dk\/wp-content\/uploads\/2020\/07\/IMG_5007-scaled.jpg","width":1707,"height":2560},{"@type":"BreadcrumbList","@id":"https:\/\/dalia.dk\/sv\/product\/stickad-linnetroeja-i-blaatt-123\/#breadcrumb","itemListElement":[{"@type":"ListItem","position":1,"name":"Home","item":"https:\/\/dalia.dk\/sv\/"},{"@type":"ListItem","position":2,"name":"Webbshop","item":"https:\/\/dalia.dk\/sv\/webbshop\/"},{"@type":"ListItem","position":3,"name":"Stickad linnetr\u00f6ja i bl\u00e5tt (123)"}]},{"@type":"WebSite","@id":"https:\/\/dalia.dk\/sv\/#website","url":"https:\/\/dalia.dk\/sv\/","name":"Dalia","description":"Tidsl\u00f8s og klassisk h\u00f8rt\u00f8j","publisher":{"@id":"https:\/\/dalia.dk\/sv\/#organization"},"potentialAction":[{"@type":"SearchAction","target":{"@type":"EntryPoint","urlTemplate":"https:\/\/dalia.dk\/sv\/?s={search_term_string}"},"query-input":{"@type":"PropertyValueSpecification","valueRequired":true,"valueName":"search_term_string"}}],"inLanguage":"sv-SE"},{"@type":"Organization","@id":"https:\/\/dalia.dk\/sv\/#organization","name":"Dalia","url":"https:\/\/dalia.dk\/sv\/","logo":{"@type":"ImageObject","inLanguage":"sv-SE","@id":"https:\/\/dalia.dk\/sv\/#\/schema\/logo\/image\/","url":"https:\/\/dalia.dk\/wp-content\/uploads\/2020\/02\/dalia_logo_from_maria.png","contentUrl":"https:\/\/dalia.dk\/wp-content\/uploads\/2020\/02\/dalia_logo_from_maria.png","width":1034,"height":320,"caption":"Dalia"},"image":{"@id":"https:\/\/dalia.dk\/sv\/#\/schema\/logo\/image\/"},"sameAs":["https:\/\/www.facebook.com\/www.dalia.nu"]}]}},"_links":{"self":[{"href":"https:\/\/dalia.dk\/sv\/wp-json\/wp\/v2\/product\/7861","targetHints":{"allow":["GET"]}}],"collection":[{"href":"https:\/\/dalia.dk\/sv\/wp-json\/wp\/v2\/product"}],"about":[{"href":"https:\/\/dalia.dk\/sv\/wp-json\/wp\/v2\/types\/product"}],"wp:featuredmedia":[{"embeddable":true,"href":"https:\/\/dalia.dk\/sv\/wp-json\/wp\/v2\/media\/7806"}],"wp:attachment":[{"href":"https:\/\/dalia.dk\/sv\/wp-json\/wp\/v2\/media?parent=7861"}],"wp:term":[{"taxonomy":"product_cat","embeddable":true,"href":"https:\/\/dalia.dk\/sv\/wp-json\/wp\/v2\/product_cat?post=7861"},{"taxonomy":"product_tag","embeddable":true,"href":"https:\/\/dalia.dk\/sv\/wp-json\/wp\/v2\/product_tag?post=7861"}],"curies":[{"name":"wp","href":"https:\/\/api.w.org\/{rel}","templated":true}]}}