{"id":7971,"date":"2020-07-02T13:07:31","date_gmt":"2025-02-18T14:33:09","guid":{"rendered":"https:\/\/dalia.dk\/product\/groen-klaenning-i-linne-med-stickad-livstycke-05-23\/"},"modified":"2025-02-18T14:33:09","modified_gmt":"2025-02-18T14:33:09","slug":"groen-klaenning-i-linne-med-stickad-livstycke-05-23","status":"publish","type":"product","link":"https:\/\/dalia.dk\/sv\/product\/groen-klaenning-i-linne-med-stickad-livstycke-05-23\/","title":{"rendered":"Gr\u00f6n kl\u00e4nning i linne med stickad livstycke (05-23)"},"content":{"rendered":"<p>&nbsp;<\/p>\n<p>&nbsp;<\/p>\n<p><strong>F\u00e4rgkod:<\/strong><\/p>\n<p>418<\/p>\n<p>Finns i flera olika f\u00e4rger.<\/p>\n<p>&nbsp;<\/p>\n<p><strong>Kvalitet:<\/strong><\/p>\n<p>Denna gr\u00f6na linnekl\u00e4nning \u00e4r tillverkad av 100% linne och producerad i Litauen, EU.<\/p>\n<p><strong><br \/>\nStorlekar:<\/strong><\/p>\n<p>36 &#8211; 48<\/p>\n","protected":false},"excerpt":{"rendered":"<p>&nbsp;<\/p>\n<p>&nbsp;<\/p>\n<p>En fin och klassisk linnekl\u00e4nning som har en perfekt passform tack vare den stickade och flexibla \u00f6verdelen.<\/p>\n<p>Kombinationen av v\u00e4vt och stickat linne skapar en unik kl\u00e4nning. <\/p>\n","protected":false},"featured_media":7972,"template":"","meta":{"_acf_changed":false},"product_cat":[951],"product_tag":[],"class_list":{"0":"post-7971","1":"product","2":"type-product","3":"status-publish","4":"has-post-thumbnail","6":"product_cat-kollektion-klaenningar","8":"first","9":"instock","10":"shipping-taxable","11":"product-type-simple"},"acf":[],"yoast_head":"<!-- This site is optimized with the Yoast SEO plugin v25.2 - https:\/\/yoast.com\/wordpress\/plugins\/seo\/ -->\n<title>Gr\u00f6n linnekl\u00e4nning med stickat livstycke | Linne | H\u00e5llbart mode | Dalia<\/title>\n<meta name=\"description\" content=\"Den perfekta kl\u00e4nningen som \u00e4r b\u00e5de rymlig och vacker. En klassisk men \u00e4nd\u00e5 unik design med v\u00e4vt och stickat linne. Klicka h\u00e4r f\u00f6r mer inspiration.\" \/>\n<meta name=\"robots\" content=\"index, follow, max-snippet:-1, max-image-preview:large, max-video-preview:-1\" \/>\n<link rel=\"canonical\" href=\"https:\/\/dalia.dk\/sv\/product\/groen-klaenning-i-linne-med-stickad-livstycke-05-23\/\" \/>\n<meta property=\"og:locale\" content=\"sv_SE\" \/>\n<meta property=\"og:type\" content=\"article\" \/>\n<meta property=\"og:title\" content=\"Gr\u00f6n linnekl\u00e4nning med stickat livstycke | Linne | H\u00e5llbart mode | Dalia\" \/>\n<meta property=\"og:description\" content=\"Den perfekta kl\u00e4nningen som \u00e4r b\u00e5de rymlig och vacker. En klassisk men \u00e4nd\u00e5 unik design med v\u00e4vt och stickat linne. Klicka h\u00e4r f\u00f6r mer inspiration.\" \/>\n<meta property=\"og:url\" content=\"https:\/\/dalia.dk\/sv\/product\/groen-klaenning-i-linne-med-stickad-livstycke-05-23\/\" \/>\n<meta property=\"og:site_name\" content=\"Dalia\" \/>\n<meta property=\"article:publisher\" content=\"https:\/\/www.facebook.com\/www.dalia.nu\" \/>\n<meta property=\"og:image\" content=\"https:\/\/dalia.dk\/wp-content\/uploads\/2020\/07\/2017-06-21-17.20.07-scaled.jpg\" \/>\n\t<meta property=\"og:image:width\" content=\"1707\" \/>\n\t<meta property=\"og:image:height\" content=\"2560\" \/>\n\t<meta property=\"og:image:type\" content=\"image\/jpeg\" \/>\n<meta name=\"twitter:card\" content=\"summary_large_image\" \/>\n<script type=\"application\/ld+json\" class=\"yoast-schema-graph\">{\"@context\":\"https:\/\/schema.org\",\"@graph\":[{\"@type\":\"WebPage\",\"@id\":\"https:\/\/dalia.dk\/sv\/product\/groen-klaenning-i-linne-med-stickad-livstycke-05-23\/\",\"url\":\"https:\/\/dalia.dk\/sv\/product\/groen-klaenning-i-linne-med-stickad-livstycke-05-23\/\",\"name\":\"Gr\u00f6n linnekl\u00e4nning med stickat livstycke | Linne | H\u00e5llbart mode | Dalia\",\"isPartOf\":{\"@id\":\"https:\/\/dalia.dk\/sv\/#website\"},\"primaryImageOfPage\":{\"@id\":\"https:\/\/dalia.dk\/sv\/product\/groen-klaenning-i-linne-med-stickad-livstycke-05-23\/#primaryimage\"},\"image\":{\"@id\":\"https:\/\/dalia.dk\/sv\/product\/groen-klaenning-i-linne-med-stickad-livstycke-05-23\/#primaryimage\"},\"thumbnailUrl\":\"https:\/\/dalia.dk\/wp-content\/uploads\/2020\/07\/2017-06-21-17.20.07-scaled.jpg\",\"datePublished\":\"2025-02-18T14:33:09+00:00\",\"description\":\"Den perfekta kl\u00e4nningen som \u00e4r b\u00e5de rymlig och vacker. En klassisk men \u00e4nd\u00e5 unik design med v\u00e4vt och stickat linne. Klicka h\u00e4r f\u00f6r mer inspiration.\",\"breadcrumb\":{\"@id\":\"https:\/\/dalia.dk\/sv\/product\/groen-klaenning-i-linne-med-stickad-livstycke-05-23\/#breadcrumb\"},\"inLanguage\":\"sv-SE\",\"potentialAction\":[{\"@type\":\"ReadAction\",\"target\":[\"https:\/\/dalia.dk\/sv\/product\/groen-klaenning-i-linne-med-stickad-livstycke-05-23\/\"]}]},{\"@type\":\"ImageObject\",\"inLanguage\":\"sv-SE\",\"@id\":\"https:\/\/dalia.dk\/sv\/product\/groen-klaenning-i-linne-med-stickad-livstycke-05-23\/#primaryimage\",\"url\":\"https:\/\/dalia.dk\/wp-content\/uploads\/2020\/07\/2017-06-21-17.20.07-scaled.jpg\",\"contentUrl\":\"https:\/\/dalia.dk\/wp-content\/uploads\/2020\/07\/2017-06-21-17.20.07-scaled.jpg\",\"width\":1707,\"height\":2560},{\"@type\":\"BreadcrumbList\",\"@id\":\"https:\/\/dalia.dk\/sv\/product\/groen-klaenning-i-linne-med-stickad-livstycke-05-23\/#breadcrumb\",\"itemListElement\":[{\"@type\":\"ListItem\",\"position\":1,\"name\":\"Home\",\"item\":\"https:\/\/dalia.dk\/sv\/\"},{\"@type\":\"ListItem\",\"position\":2,\"name\":\"Webbshop\",\"item\":\"https:\/\/dalia.dk\/sv\/webbshop\/\"},{\"@type\":\"ListItem\",\"position\":3,\"name\":\"Gr\u00f6n kl\u00e4nning i linne med stickad livstycke (05-23)\"}]},{\"@type\":\"WebSite\",\"@id\":\"https:\/\/dalia.dk\/sv\/#website\",\"url\":\"https:\/\/dalia.dk\/sv\/\",\"name\":\"Dalia\",\"description\":\"Tidsl\u00f8s og klassisk h\u00f8rt\u00f8j\",\"publisher\":{\"@id\":\"https:\/\/dalia.dk\/sv\/#organization\"},\"potentialAction\":[{\"@type\":\"SearchAction\",\"target\":{\"@type\":\"EntryPoint\",\"urlTemplate\":\"https:\/\/dalia.dk\/sv\/?s={search_term_string}\"},\"query-input\":{\"@type\":\"PropertyValueSpecification\",\"valueRequired\":true,\"valueName\":\"search_term_string\"}}],\"inLanguage\":\"sv-SE\"},{\"@type\":\"Organization\",\"@id\":\"https:\/\/dalia.dk\/sv\/#organization\",\"name\":\"Dalia\",\"url\":\"https:\/\/dalia.dk\/sv\/\",\"logo\":{\"@type\":\"ImageObject\",\"inLanguage\":\"sv-SE\",\"@id\":\"https:\/\/dalia.dk\/sv\/#\/schema\/logo\/image\/\",\"url\":\"https:\/\/dalia.dk\/wp-content\/uploads\/2020\/02\/dalia_logo_from_maria.png\",\"contentUrl\":\"https:\/\/dalia.dk\/wp-content\/uploads\/2020\/02\/dalia_logo_from_maria.png\",\"width\":1034,\"height\":320,\"caption\":\"Dalia\"},\"image\":{\"@id\":\"https:\/\/dalia.dk\/sv\/#\/schema\/logo\/image\/\"},\"sameAs\":[\"https:\/\/www.facebook.com\/www.dalia.nu\"]}]}<\/script>\n<!-- \/ Yoast SEO plugin. -->","yoast_head_json":{"title":"Gr\u00f6n linnekl\u00e4nning med stickat livstycke | Linne | H\u00e5llbart mode | Dalia","description":"Den perfekta kl\u00e4nningen som \u00e4r b\u00e5de rymlig och vacker. En klassisk men \u00e4nd\u00e5 unik design med v\u00e4vt och stickat linne. Klicka h\u00e4r f\u00f6r mer inspiration.","robots":{"index":"index","follow":"follow","max-snippet":"max-snippet:-1","max-image-preview":"max-image-preview:large","max-video-preview":"max-video-preview:-1"},"canonical":"https:\/\/dalia.dk\/sv\/product\/groen-klaenning-i-linne-med-stickad-livstycke-05-23\/","og_locale":"sv_SE","og_type":"article","og_title":"Gr\u00f6n linnekl\u00e4nning med stickat livstycke | Linne | H\u00e5llbart mode | Dalia","og_description":"Den perfekta kl\u00e4nningen som \u00e4r b\u00e5de rymlig och vacker. En klassisk men \u00e4nd\u00e5 unik design med v\u00e4vt och stickat linne. Klicka h\u00e4r f\u00f6r mer inspiration.","og_url":"https:\/\/dalia.dk\/sv\/product\/groen-klaenning-i-linne-med-stickad-livstycke-05-23\/","og_site_name":"Dalia","article_publisher":"https:\/\/www.facebook.com\/www.dalia.nu","og_image":[{"width":1707,"height":2560,"url":"https:\/\/dalia.dk\/wp-content\/uploads\/2020\/07\/2017-06-21-17.20.07-scaled.jpg","type":"image\/jpeg"}],"twitter_card":"summary_large_image","schema":{"@context":"https:\/\/schema.org","@graph":[{"@type":"WebPage","@id":"https:\/\/dalia.dk\/sv\/product\/groen-klaenning-i-linne-med-stickad-livstycke-05-23\/","url":"https:\/\/dalia.dk\/sv\/product\/groen-klaenning-i-linne-med-stickad-livstycke-05-23\/","name":"Gr\u00f6n linnekl\u00e4nning med stickat livstycke | Linne | H\u00e5llbart mode | Dalia","isPartOf":{"@id":"https:\/\/dalia.dk\/sv\/#website"},"primaryImageOfPage":{"@id":"https:\/\/dalia.dk\/sv\/product\/groen-klaenning-i-linne-med-stickad-livstycke-05-23\/#primaryimage"},"image":{"@id":"https:\/\/dalia.dk\/sv\/product\/groen-klaenning-i-linne-med-stickad-livstycke-05-23\/#primaryimage"},"thumbnailUrl":"https:\/\/dalia.dk\/wp-content\/uploads\/2020\/07\/2017-06-21-17.20.07-scaled.jpg","datePublished":"2025-02-18T14:33:09+00:00","description":"Den perfekta kl\u00e4nningen som \u00e4r b\u00e5de rymlig och vacker. En klassisk men \u00e4nd\u00e5 unik design med v\u00e4vt och stickat linne. Klicka h\u00e4r f\u00f6r mer inspiration.","breadcrumb":{"@id":"https:\/\/dalia.dk\/sv\/product\/groen-klaenning-i-linne-med-stickad-livstycke-05-23\/#breadcrumb"},"inLanguage":"sv-SE","potentialAction":[{"@type":"ReadAction","target":["https:\/\/dalia.dk\/sv\/product\/groen-klaenning-i-linne-med-stickad-livstycke-05-23\/"]}]},{"@type":"ImageObject","inLanguage":"sv-SE","@id":"https:\/\/dalia.dk\/sv\/product\/groen-klaenning-i-linne-med-stickad-livstycke-05-23\/#primaryimage","url":"https:\/\/dalia.dk\/wp-content\/uploads\/2020\/07\/2017-06-21-17.20.07-scaled.jpg","contentUrl":"https:\/\/dalia.dk\/wp-content\/uploads\/2020\/07\/2017-06-21-17.20.07-scaled.jpg","width":1707,"height":2560},{"@type":"BreadcrumbList","@id":"https:\/\/dalia.dk\/sv\/product\/groen-klaenning-i-linne-med-stickad-livstycke-05-23\/#breadcrumb","itemListElement":[{"@type":"ListItem","position":1,"name":"Home","item":"https:\/\/dalia.dk\/sv\/"},{"@type":"ListItem","position":2,"name":"Webbshop","item":"https:\/\/dalia.dk\/sv\/webbshop\/"},{"@type":"ListItem","position":3,"name":"Gr\u00f6n kl\u00e4nning i linne med stickad livstycke (05-23)"}]},{"@type":"WebSite","@id":"https:\/\/dalia.dk\/sv\/#website","url":"https:\/\/dalia.dk\/sv\/","name":"Dalia","description":"Tidsl\u00f8s og klassisk h\u00f8rt\u00f8j","publisher":{"@id":"https:\/\/dalia.dk\/sv\/#organization"},"potentialAction":[{"@type":"SearchAction","target":{"@type":"EntryPoint","urlTemplate":"https:\/\/dalia.dk\/sv\/?s={search_term_string}"},"query-input":{"@type":"PropertyValueSpecification","valueRequired":true,"valueName":"search_term_string"}}],"inLanguage":"sv-SE"},{"@type":"Organization","@id":"https:\/\/dalia.dk\/sv\/#organization","name":"Dalia","url":"https:\/\/dalia.dk\/sv\/","logo":{"@type":"ImageObject","inLanguage":"sv-SE","@id":"https:\/\/dalia.dk\/sv\/#\/schema\/logo\/image\/","url":"https:\/\/dalia.dk\/wp-content\/uploads\/2020\/02\/dalia_logo_from_maria.png","contentUrl":"https:\/\/dalia.dk\/wp-content\/uploads\/2020\/02\/dalia_logo_from_maria.png","width":1034,"height":320,"caption":"Dalia"},"image":{"@id":"https:\/\/dalia.dk\/sv\/#\/schema\/logo\/image\/"},"sameAs":["https:\/\/www.facebook.com\/www.dalia.nu"]}]}},"_links":{"self":[{"href":"https:\/\/dalia.dk\/sv\/wp-json\/wp\/v2\/product\/7971","targetHints":{"allow":["GET"]}}],"collection":[{"href":"https:\/\/dalia.dk\/sv\/wp-json\/wp\/v2\/product"}],"about":[{"href":"https:\/\/dalia.dk\/sv\/wp-json\/wp\/v2\/types\/product"}],"wp:featuredmedia":[{"embeddable":true,"href":"https:\/\/dalia.dk\/sv\/wp-json\/wp\/v2\/media\/7972"}],"wp:attachment":[{"href":"https:\/\/dalia.dk\/sv\/wp-json\/wp\/v2\/media?parent=7971"}],"wp:term":[{"taxonomy":"product_cat","embeddable":true,"href":"https:\/\/dalia.dk\/sv\/wp-json\/wp\/v2\/product_cat?post=7971"},{"taxonomy":"product_tag","embeddable":true,"href":"https:\/\/dalia.dk\/sv\/wp-json\/wp\/v2\/product_tag?post=7971"}],"curies":[{"name":"wp","href":"https:\/\/api.w.org\/{rel}","templated":true}]}}