{"id":9322,"date":"2023-06-09T08:31:29","date_gmt":"2025-02-18T14:41:55","guid":{"rendered":"https:\/\/dalia.dk\/product\/blis-linneklaenning-i-sand\/"},"modified":"2025-02-18T14:41:55","modified_gmt":"2025-02-18T14:41:55","slug":"blis-linneklaenning-i-sand","status":"publish","type":"product","link":"https:\/\/dalia.dk\/sv\/product\/blis-linneklaenning-i-sand\/","title":{"rendered":"Blis linnekl\u00e4nning i sand"},"content":{"rendered":"<p>&nbsp;<\/p>\n<p>&nbsp;<\/p>\n<p>Modellen b\u00e4r linnekl\u00e4nningen i storlek 40.<\/p>\n<p>&nbsp;<\/p>\n<p><strong>Kvalitet:<\/strong><\/p>\n<p>Den h\u00e4r linnekl\u00e4nningen \u00e4r tillverkad av 100% linne.<br \/>\nLinne \u00e4r ett naturligt material med m\u00e5nga fantastiska egenskaper. Linne blir mjukare och mjukare ju mer du anv\u00e4nder det, och med r\u00e4tt sk\u00f6tsel kommer det att se vackert ut och h\u00e5lla i m\u00e5nga \u00e5r. <\/p>\n<p>&nbsp;<\/p>\n<p><strong>H\u00f6r f\u00f6rdelarna:<\/strong><\/p>\n<p>&#8211; 30% starkare \u00e4n bomull &#8211; Temperaturreglerande och andas &#8211; En stark fiber som g\u00f6r att linneprodukter h\u00e5ller formen &#8211; Milj\u00f6v\u00e4nligt eftersom endast sm\u00e5 m\u00e4ngder vatten beh\u00f6vs f\u00f6r att odla linne &#8211; Har en sl\u00e4t och luddfri yta som aldrig luddar<\/p>\n","protected":false},"excerpt":{"rendered":"<p>&nbsp;<\/p>\n<p>En kl\u00e4nning som kombinerar stickat och v\u00e4vt linne.<\/p>\n<p>Stickningen i sidorna skapar en extra bekv\u00e4m passform och \u00e4r samtidigt en fin detalj. Kl\u00e4nningen \u00e4r tillverkad i 100% linne och passar utm\u00e4rkt att b\u00e4ra i v\u00e4rmen eftersom materialet andas. <\/p>\n<p>Kvaliteten \u00e4r uts\u00f6kt och det h\u00f6gsta vi kan erbjuda i linne Tyget \u00e4r 195 gram tjockt, h\u00e4rligt mjukt och kommer fr\u00e5n Litauen.<\/p>\n<p>Det produceras av de bra s\u00f6mnadsfabriker som finns kvar i Litauen, d\u00e4r man tar h\u00e4nsyn till goda arbetsvillkor och kvalitet. Linneink\u00f6pen g\u00f6rs av bra litauiska tillverkare som hj\u00e4lper oss att hitta bra kvaliteter och f\u00e4rger och inte kompromissar med kvalitet och arbetsvillkor.<\/p>\n<p>H\u00e5llbarhet kan vara m\u00e5nga saker och har m\u00e5nga nyanser. F\u00f6r oss \u00e4r h\u00e5llbarhet naturliga material, h\u00e5llbarhet, ansvarsfull produktion, transporter och goda arbetsf\u00f6rh\u00e5llanden. <\/p>\n<p>Linne \u00e4r f\u00f6rtv\u00e4ttat fr\u00e5n systugan i 40 grader. Minimal krympning \u00e4r att f\u00f6rv\u00e4nta om du tv\u00e4ttar det i h\u00f6gre temperaturer \u00e4n 40 grader.<\/p>\n<p>Tv\u00e4ttr\u00e5d: 30-40 grader fintv\u00e4tt Str\u00e4ck i form och h\u00e4ng torrt. \u00c5nga hellre \u00e4n att stryka.<br \/>\nOm du stryker ditt linne f\u00f6r varmt \u00e4r det mer sannolikt att tyget skrynklar sig. Blek inte eller kemtv\u00e4tt. <\/p>\n<p>&nbsp;<\/p>\n","protected":false},"featured_media":9326,"template":"","meta":{"_acf_changed":false},"product_cat":[990],"product_tag":[],"class_list":{"0":"post-9322","1":"product","2":"type-product","3":"status-publish","4":"has-post-thumbnail","6":"product_cat-klaenningar","8":"first","9":"instock","10":"shipping-taxable","11":"purchasable","12":"product-type-variable"},"acf":[],"yoast_head":"<!-- This site is optimized with the Yoast SEO plugin v25.2 - https:\/\/yoast.com\/wordpress\/plugins\/seo\/ -->\n<title>L\u00e4tt linnekl\u00e4nning i sand | linnekl\u00e4der f\u00f6r kvinnor | l\u00e4tt linne | Dalia<\/title>\n<meta name=\"description\" content=\"Denna linnekl\u00e4nning \u00e4r i en naturlig och stark kvalitet. 100% mjukt linne. Hitta din n\u00e4sta sommarkl\u00e4nning h\u00e4r. Klicka f\u00f6r att se mer. Linnekl\u00e4nning kombineras\" \/>\n<meta name=\"robots\" content=\"index, follow, max-snippet:-1, max-image-preview:large, max-video-preview:-1\" \/>\n<link rel=\"canonical\" href=\"https:\/\/dalia.dk\/sv\/product\/blis-linneklaenning-i-sand\/\" \/>\n<meta property=\"og:locale\" content=\"sv_SE\" \/>\n<meta property=\"og:type\" content=\"article\" \/>\n<meta property=\"og:title\" content=\"L\u00e4tt linnekl\u00e4nning i sand | linnekl\u00e4der f\u00f6r kvinnor | l\u00e4tt linne | Dalia\" \/>\n<meta property=\"og:description\" content=\"Denna linnekl\u00e4nning \u00e4r i en naturlig och stark kvalitet. 100% mjukt linne. Hitta din n\u00e4sta sommarkl\u00e4nning h\u00e4r. Klicka f\u00f6r att se mer. Linnekl\u00e4nning kombineras\" \/>\n<meta property=\"og:url\" content=\"https:\/\/dalia.dk\/sv\/product\/blis-linneklaenning-i-sand\/\" \/>\n<meta property=\"og:site_name\" content=\"Dalia\" \/>\n<meta property=\"article:publisher\" content=\"https:\/\/www.facebook.com\/www.dalia.nu\" \/>\n<meta property=\"og:image\" content=\"https:\/\/dalia.dk\/wp-content\/uploads\/2023\/06\/IMG_8070-scaled.jpg\" \/>\n\t<meta property=\"og:image:width\" content=\"1707\" \/>\n\t<meta property=\"og:image:height\" content=\"2560\" \/>\n\t<meta property=\"og:image:type\" content=\"image\/jpeg\" \/>\n<meta name=\"twitter:card\" content=\"summary_large_image\" \/>\n<meta name=\"twitter:label1\" content=\"Est. reading time\" \/>\n\t<meta name=\"twitter:data1\" content=\"1 minute\" \/>\n<script type=\"application\/ld+json\" class=\"yoast-schema-graph\">{\"@context\":\"https:\/\/schema.org\",\"@graph\":[{\"@type\":\"WebPage\",\"@id\":\"https:\/\/dalia.dk\/sv\/product\/blis-linneklaenning-i-sand\/\",\"url\":\"https:\/\/dalia.dk\/sv\/product\/blis-linneklaenning-i-sand\/\",\"name\":\"L\u00e4tt linnekl\u00e4nning i sand | linnekl\u00e4der f\u00f6r kvinnor | l\u00e4tt linne | Dalia\",\"isPartOf\":{\"@id\":\"https:\/\/dalia.dk\/sv\/#website\"},\"primaryImageOfPage\":{\"@id\":\"https:\/\/dalia.dk\/sv\/product\/blis-linneklaenning-i-sand\/#primaryimage\"},\"image\":{\"@id\":\"https:\/\/dalia.dk\/sv\/product\/blis-linneklaenning-i-sand\/#primaryimage\"},\"thumbnailUrl\":\"https:\/\/dalia.dk\/wp-content\/uploads\/2023\/06\/IMG_8070-scaled.jpg\",\"datePublished\":\"2025-02-18T14:41:55+00:00\",\"description\":\"Denna linnekl\u00e4nning \u00e4r i en naturlig och stark kvalitet. 100% mjukt linne. Hitta din n\u00e4sta sommarkl\u00e4nning h\u00e4r. Klicka f\u00f6r att se mer. Linnekl\u00e4nning kombineras\",\"breadcrumb\":{\"@id\":\"https:\/\/dalia.dk\/sv\/product\/blis-linneklaenning-i-sand\/#breadcrumb\"},\"inLanguage\":\"sv-SE\",\"potentialAction\":[{\"@type\":\"ReadAction\",\"target\":[\"https:\/\/dalia.dk\/sv\/product\/blis-linneklaenning-i-sand\/\"]}]},{\"@type\":\"ImageObject\",\"inLanguage\":\"sv-SE\",\"@id\":\"https:\/\/dalia.dk\/sv\/product\/blis-linneklaenning-i-sand\/#primaryimage\",\"url\":\"https:\/\/dalia.dk\/wp-content\/uploads\/2023\/06\/IMG_8070-scaled.jpg\",\"contentUrl\":\"https:\/\/dalia.dk\/wp-content\/uploads\/2023\/06\/IMG_8070-scaled.jpg\",\"width\":1707,\"height\":2560},{\"@type\":\"BreadcrumbList\",\"@id\":\"https:\/\/dalia.dk\/sv\/product\/blis-linneklaenning-i-sand\/#breadcrumb\",\"itemListElement\":[{\"@type\":\"ListItem\",\"position\":1,\"name\":\"Home\",\"item\":\"https:\/\/dalia.dk\/sv\/\"},{\"@type\":\"ListItem\",\"position\":2,\"name\":\"Webbshop\",\"item\":\"https:\/\/dalia.dk\/sv\/webbshop\/\"},{\"@type\":\"ListItem\",\"position\":3,\"name\":\"Blis linnekl\u00e4nning i sand\"}]},{\"@type\":\"WebSite\",\"@id\":\"https:\/\/dalia.dk\/sv\/#website\",\"url\":\"https:\/\/dalia.dk\/sv\/\",\"name\":\"Dalia\",\"description\":\"Tidsl\u00f8s og klassisk h\u00f8rt\u00f8j\",\"publisher\":{\"@id\":\"https:\/\/dalia.dk\/sv\/#organization\"},\"potentialAction\":[{\"@type\":\"SearchAction\",\"target\":{\"@type\":\"EntryPoint\",\"urlTemplate\":\"https:\/\/dalia.dk\/sv\/?s={search_term_string}\"},\"query-input\":{\"@type\":\"PropertyValueSpecification\",\"valueRequired\":true,\"valueName\":\"search_term_string\"}}],\"inLanguage\":\"sv-SE\"},{\"@type\":\"Organization\",\"@id\":\"https:\/\/dalia.dk\/sv\/#organization\",\"name\":\"Dalia\",\"url\":\"https:\/\/dalia.dk\/sv\/\",\"logo\":{\"@type\":\"ImageObject\",\"inLanguage\":\"sv-SE\",\"@id\":\"https:\/\/dalia.dk\/sv\/#\/schema\/logo\/image\/\",\"url\":\"https:\/\/dalia.dk\/wp-content\/uploads\/2020\/02\/dalia_logo_from_maria.png\",\"contentUrl\":\"https:\/\/dalia.dk\/wp-content\/uploads\/2020\/02\/dalia_logo_from_maria.png\",\"width\":1034,\"height\":320,\"caption\":\"Dalia\"},\"image\":{\"@id\":\"https:\/\/dalia.dk\/sv\/#\/schema\/logo\/image\/\"},\"sameAs\":[\"https:\/\/www.facebook.com\/www.dalia.nu\"]}]}<\/script>\n<!-- \/ Yoast SEO plugin. -->","yoast_head_json":{"title":"L\u00e4tt linnekl\u00e4nning i sand | linnekl\u00e4der f\u00f6r kvinnor | l\u00e4tt linne | Dalia","description":"Denna linnekl\u00e4nning \u00e4r i en naturlig och stark kvalitet. 100% mjukt linne. Hitta din n\u00e4sta sommarkl\u00e4nning h\u00e4r. Klicka f\u00f6r att se mer. Linnekl\u00e4nning kombineras","robots":{"index":"index","follow":"follow","max-snippet":"max-snippet:-1","max-image-preview":"max-image-preview:large","max-video-preview":"max-video-preview:-1"},"canonical":"https:\/\/dalia.dk\/sv\/product\/blis-linneklaenning-i-sand\/","og_locale":"sv_SE","og_type":"article","og_title":"L\u00e4tt linnekl\u00e4nning i sand | linnekl\u00e4der f\u00f6r kvinnor | l\u00e4tt linne | Dalia","og_description":"Denna linnekl\u00e4nning \u00e4r i en naturlig och stark kvalitet. 100% mjukt linne. Hitta din n\u00e4sta sommarkl\u00e4nning h\u00e4r. Klicka f\u00f6r att se mer. Linnekl\u00e4nning kombineras","og_url":"https:\/\/dalia.dk\/sv\/product\/blis-linneklaenning-i-sand\/","og_site_name":"Dalia","article_publisher":"https:\/\/www.facebook.com\/www.dalia.nu","og_image":[{"width":1707,"height":2560,"url":"https:\/\/dalia.dk\/wp-content\/uploads\/2023\/06\/IMG_8070-scaled.jpg","type":"image\/jpeg"}],"twitter_card":"summary_large_image","twitter_misc":{"Est. reading time":"1 minute"},"schema":{"@context":"https:\/\/schema.org","@graph":[{"@type":"WebPage","@id":"https:\/\/dalia.dk\/sv\/product\/blis-linneklaenning-i-sand\/","url":"https:\/\/dalia.dk\/sv\/product\/blis-linneklaenning-i-sand\/","name":"L\u00e4tt linnekl\u00e4nning i sand | linnekl\u00e4der f\u00f6r kvinnor | l\u00e4tt linne | Dalia","isPartOf":{"@id":"https:\/\/dalia.dk\/sv\/#website"},"primaryImageOfPage":{"@id":"https:\/\/dalia.dk\/sv\/product\/blis-linneklaenning-i-sand\/#primaryimage"},"image":{"@id":"https:\/\/dalia.dk\/sv\/product\/blis-linneklaenning-i-sand\/#primaryimage"},"thumbnailUrl":"https:\/\/dalia.dk\/wp-content\/uploads\/2023\/06\/IMG_8070-scaled.jpg","datePublished":"2025-02-18T14:41:55+00:00","description":"Denna linnekl\u00e4nning \u00e4r i en naturlig och stark kvalitet. 100% mjukt linne. Hitta din n\u00e4sta sommarkl\u00e4nning h\u00e4r. Klicka f\u00f6r att se mer. Linnekl\u00e4nning kombineras","breadcrumb":{"@id":"https:\/\/dalia.dk\/sv\/product\/blis-linneklaenning-i-sand\/#breadcrumb"},"inLanguage":"sv-SE","potentialAction":[{"@type":"ReadAction","target":["https:\/\/dalia.dk\/sv\/product\/blis-linneklaenning-i-sand\/"]}]},{"@type":"ImageObject","inLanguage":"sv-SE","@id":"https:\/\/dalia.dk\/sv\/product\/blis-linneklaenning-i-sand\/#primaryimage","url":"https:\/\/dalia.dk\/wp-content\/uploads\/2023\/06\/IMG_8070-scaled.jpg","contentUrl":"https:\/\/dalia.dk\/wp-content\/uploads\/2023\/06\/IMG_8070-scaled.jpg","width":1707,"height":2560},{"@type":"BreadcrumbList","@id":"https:\/\/dalia.dk\/sv\/product\/blis-linneklaenning-i-sand\/#breadcrumb","itemListElement":[{"@type":"ListItem","position":1,"name":"Home","item":"https:\/\/dalia.dk\/sv\/"},{"@type":"ListItem","position":2,"name":"Webbshop","item":"https:\/\/dalia.dk\/sv\/webbshop\/"},{"@type":"ListItem","position":3,"name":"Blis linnekl\u00e4nning i sand"}]},{"@type":"WebSite","@id":"https:\/\/dalia.dk\/sv\/#website","url":"https:\/\/dalia.dk\/sv\/","name":"Dalia","description":"Tidsl\u00f8s og klassisk h\u00f8rt\u00f8j","publisher":{"@id":"https:\/\/dalia.dk\/sv\/#organization"},"potentialAction":[{"@type":"SearchAction","target":{"@type":"EntryPoint","urlTemplate":"https:\/\/dalia.dk\/sv\/?s={search_term_string}"},"query-input":{"@type":"PropertyValueSpecification","valueRequired":true,"valueName":"search_term_string"}}],"inLanguage":"sv-SE"},{"@type":"Organization","@id":"https:\/\/dalia.dk\/sv\/#organization","name":"Dalia","url":"https:\/\/dalia.dk\/sv\/","logo":{"@type":"ImageObject","inLanguage":"sv-SE","@id":"https:\/\/dalia.dk\/sv\/#\/schema\/logo\/image\/","url":"https:\/\/dalia.dk\/wp-content\/uploads\/2020\/02\/dalia_logo_from_maria.png","contentUrl":"https:\/\/dalia.dk\/wp-content\/uploads\/2020\/02\/dalia_logo_from_maria.png","width":1034,"height":320,"caption":"Dalia"},"image":{"@id":"https:\/\/dalia.dk\/sv\/#\/schema\/logo\/image\/"},"sameAs":["https:\/\/www.facebook.com\/www.dalia.nu"]}]}},"_links":{"self":[{"href":"https:\/\/dalia.dk\/sv\/wp-json\/wp\/v2\/product\/9322","targetHints":{"allow":["GET"]}}],"collection":[{"href":"https:\/\/dalia.dk\/sv\/wp-json\/wp\/v2\/product"}],"about":[{"href":"https:\/\/dalia.dk\/sv\/wp-json\/wp\/v2\/types\/product"}],"wp:featuredmedia":[{"embeddable":true,"href":"https:\/\/dalia.dk\/sv\/wp-json\/wp\/v2\/media\/9326"}],"wp:attachment":[{"href":"https:\/\/dalia.dk\/sv\/wp-json\/wp\/v2\/media?parent=9322"}],"wp:term":[{"taxonomy":"product_cat","embeddable":true,"href":"https:\/\/dalia.dk\/sv\/wp-json\/wp\/v2\/product_cat?post=9322"},{"taxonomy":"product_tag","embeddable":true,"href":"https:\/\/dalia.dk\/sv\/wp-json\/wp\/v2\/product_tag?post=9322"}],"curies":[{"name":"wp","href":"https:\/\/api.w.org\/{rel}","templated":true}]}}