{"id":9398,"date":"2023-03-05T10:58:31","date_gmt":"2025-02-18T14:42:20","guid":{"rendered":"https:\/\/dalia.dk\/product\/alice-linneklanning-i-blagratt\/"},"modified":"2025-02-18T14:42:20","modified_gmt":"2025-02-18T14:42:20","slug":"alice-linneklanning-i-blagratt","status":"publish","type":"product","link":"https:\/\/dalia.dk\/sv\/product\/alice-linneklanning-i-blagratt\/","title":{"rendered":"Alice linnekl\u00e4nning i bl\u00e5gr\u00e5tt"},"content":{"rendered":"<p>&nbsp;<\/p>\n<p>&nbsp;<\/p>\n<p>Modellen b\u00e4r linnekl\u00e4nningen i storlek 38.<\/p>\n<p>&nbsp;<\/p>\n<p><strong>Kvalitet:<\/strong><\/p>\n<p>Den h\u00e4r linnekl\u00e4nningen \u00e4r tillverkad av 100% linne.<br \/>\nLinne \u00e4r ett naturligt material med m\u00e5nga fantastiska egenskaper. Linne blir mjukare och mjukare ju mer du anv\u00e4nder det, och med r\u00e4tt sk\u00f6tsel kommer det att se vackert ut och h\u00e5lla i m\u00e5nga \u00e5r. <\/p>\n<p>&nbsp;<\/p>\n<p><strong>H\u00f6r f\u00f6rdelarna:<\/strong><\/p>\n<p>&#8211; 30% starkare \u00e4n bomull &#8211; Temperaturreglerande och andas &#8211; En stark fiber som g\u00f6r att linneprodukter h\u00e5ller formen &#8211; Milj\u00f6v\u00e4nligt eftersom endast sm\u00e5 m\u00e4ngder vatten beh\u00f6vs f\u00f6r att odla linne &#8211; Har en sl\u00e4t och luddfri yta som aldrig luddar<\/p>\n","protected":false},"excerpt":{"rendered":"<p>&nbsp;<\/p>\n<p>&nbsp;<\/p>\n","protected":false},"featured_media":8606,"template":"","meta":{"_acf_changed":false},"product_cat":[990],"product_tag":[],"class_list":{"0":"post-9398","1":"product","2":"type-product","3":"status-publish","4":"has-post-thumbnail","6":"product_cat-klaenningar","8":"first","9":"instock","10":"shipping-taxable","11":"purchasable","12":"product-type-variable"},"acf":[],"yoast_head":"<!-- This site is optimized with the Yoast SEO plugin v25.2 - https:\/\/yoast.com\/wordpress\/plugins\/seo\/ -->\n<title>Alice linnekl\u00e4nning i bl\u00e5gr\u00e5tt | Linnekl\u00e4nning | Linnekl\u00e4der | Slow fashion | Dalia<\/title>\n<meta name=\"description\" content=\"Denna linnekl\u00e4nning \u00e4r i en naturlig och stark kvalitet. 100% mjukt linne. Hitta din n\u00e4sta sommarkl\u00e4nning h\u00e4r. Klicka f\u00f6r att se mer.\" \/>\n<meta name=\"robots\" content=\"index, follow, max-snippet:-1, max-image-preview:large, max-video-preview:-1\" \/>\n<link rel=\"canonical\" href=\"https:\/\/dalia.dk\/sv\/product\/alice-linneklanning-i-blagratt\/\" \/>\n<meta property=\"og:locale\" content=\"sv_SE\" \/>\n<meta property=\"og:type\" content=\"article\" \/>\n<meta property=\"og:title\" content=\"Alice linnekl\u00e4nning i bl\u00e5gr\u00e5tt | Linnekl\u00e4nning | Linnekl\u00e4der | Slow fashion | Dalia\" \/>\n<meta property=\"og:description\" content=\"Denna linnekl\u00e4nning \u00e4r i en naturlig och stark kvalitet. 100% mjukt linne. Hitta din n\u00e4sta sommarkl\u00e4nning h\u00e4r. Klicka f\u00f6r att se mer.\" \/>\n<meta property=\"og:url\" content=\"https:\/\/dalia.dk\/sv\/product\/alice-linneklanning-i-blagratt\/\" \/>\n<meta property=\"og:site_name\" content=\"Dalia\" \/>\n<meta property=\"article:publisher\" content=\"https:\/\/www.facebook.com\/www.dalia.nu\" \/>\n<meta property=\"og:image\" content=\"https:\/\/dalia.dk\/wp-content\/uploads\/2021\/12\/IMG_8976-rotated.jpg\" \/>\n\t<meta property=\"og:image:width\" content=\"1280\" \/>\n\t<meta property=\"og:image:height\" content=\"1920\" \/>\n\t<meta property=\"og:image:type\" content=\"image\/jpeg\" \/>\n<meta name=\"twitter:card\" content=\"summary_large_image\" \/>\n<meta name=\"twitter:label1\" content=\"Est. reading time\" \/>\n\t<meta name=\"twitter:data1\" content=\"1 minute\" \/>\n<script type=\"application\/ld+json\" class=\"yoast-schema-graph\">{\"@context\":\"https:\/\/schema.org\",\"@graph\":[{\"@type\":\"WebPage\",\"@id\":\"https:\/\/dalia.dk\/sv\/product\/alice-linneklanning-i-blagratt\/\",\"url\":\"https:\/\/dalia.dk\/sv\/product\/alice-linneklanning-i-blagratt\/\",\"name\":\"Alice linnekl\u00e4nning i bl\u00e5gr\u00e5tt | Linnekl\u00e4nning | Linnekl\u00e4der | Slow fashion | Dalia\",\"isPartOf\":{\"@id\":\"https:\/\/dalia.dk\/sv\/#website\"},\"primaryImageOfPage\":{\"@id\":\"https:\/\/dalia.dk\/sv\/product\/alice-linneklanning-i-blagratt\/#primaryimage\"},\"image\":{\"@id\":\"https:\/\/dalia.dk\/sv\/product\/alice-linneklanning-i-blagratt\/#primaryimage\"},\"thumbnailUrl\":\"https:\/\/dalia.dk\/wp-content\/uploads\/2021\/12\/IMG_8976-rotated.jpg\",\"datePublished\":\"2025-02-18T14:42:20+00:00\",\"description\":\"Denna linnekl\u00e4nning \u00e4r i en naturlig och stark kvalitet. 100% mjukt linne. Hitta din n\u00e4sta sommarkl\u00e4nning h\u00e4r. Klicka f\u00f6r att se mer.\",\"breadcrumb\":{\"@id\":\"https:\/\/dalia.dk\/sv\/product\/alice-linneklanning-i-blagratt\/#breadcrumb\"},\"inLanguage\":\"sv-SE\",\"potentialAction\":[{\"@type\":\"ReadAction\",\"target\":[\"https:\/\/dalia.dk\/sv\/product\/alice-linneklanning-i-blagratt\/\"]}]},{\"@type\":\"ImageObject\",\"inLanguage\":\"sv-SE\",\"@id\":\"https:\/\/dalia.dk\/sv\/product\/alice-linneklanning-i-blagratt\/#primaryimage\",\"url\":\"https:\/\/dalia.dk\/wp-content\/uploads\/2021\/12\/IMG_8976-rotated.jpg\",\"contentUrl\":\"https:\/\/dalia.dk\/wp-content\/uploads\/2021\/12\/IMG_8976-rotated.jpg\",\"width\":1280,\"height\":1920},{\"@type\":\"BreadcrumbList\",\"@id\":\"https:\/\/dalia.dk\/sv\/product\/alice-linneklanning-i-blagratt\/#breadcrumb\",\"itemListElement\":[{\"@type\":\"ListItem\",\"position\":1,\"name\":\"Home\",\"item\":\"https:\/\/dalia.dk\/sv\/\"},{\"@type\":\"ListItem\",\"position\":2,\"name\":\"Webbshop\",\"item\":\"https:\/\/dalia.dk\/sv\/webbshop\/\"},{\"@type\":\"ListItem\",\"position\":3,\"name\":\"Alice linnekl\u00e4nning i bl\u00e5gr\u00e5tt\"}]},{\"@type\":\"WebSite\",\"@id\":\"https:\/\/dalia.dk\/sv\/#website\",\"url\":\"https:\/\/dalia.dk\/sv\/\",\"name\":\"Dalia\",\"description\":\"Tidsl\u00f8s og klassisk h\u00f8rt\u00f8j\",\"publisher\":{\"@id\":\"https:\/\/dalia.dk\/sv\/#organization\"},\"potentialAction\":[{\"@type\":\"SearchAction\",\"target\":{\"@type\":\"EntryPoint\",\"urlTemplate\":\"https:\/\/dalia.dk\/sv\/?s={search_term_string}\"},\"query-input\":{\"@type\":\"PropertyValueSpecification\",\"valueRequired\":true,\"valueName\":\"search_term_string\"}}],\"inLanguage\":\"sv-SE\"},{\"@type\":\"Organization\",\"@id\":\"https:\/\/dalia.dk\/sv\/#organization\",\"name\":\"Dalia\",\"url\":\"https:\/\/dalia.dk\/sv\/\",\"logo\":{\"@type\":\"ImageObject\",\"inLanguage\":\"sv-SE\",\"@id\":\"https:\/\/dalia.dk\/sv\/#\/schema\/logo\/image\/\",\"url\":\"https:\/\/dalia.dk\/wp-content\/uploads\/2020\/02\/dalia_logo_from_maria.png\",\"contentUrl\":\"https:\/\/dalia.dk\/wp-content\/uploads\/2020\/02\/dalia_logo_from_maria.png\",\"width\":1034,\"height\":320,\"caption\":\"Dalia\"},\"image\":{\"@id\":\"https:\/\/dalia.dk\/sv\/#\/schema\/logo\/image\/\"},\"sameAs\":[\"https:\/\/www.facebook.com\/www.dalia.nu\"]}]}<\/script>\n<!-- \/ Yoast SEO plugin. -->","yoast_head_json":{"title":"Alice linnekl\u00e4nning i bl\u00e5gr\u00e5tt | Linnekl\u00e4nning | Linnekl\u00e4der | Slow fashion | Dalia","description":"Denna linnekl\u00e4nning \u00e4r i en naturlig och stark kvalitet. 100% mjukt linne. Hitta din n\u00e4sta sommarkl\u00e4nning h\u00e4r. Klicka f\u00f6r att se mer.","robots":{"index":"index","follow":"follow","max-snippet":"max-snippet:-1","max-image-preview":"max-image-preview:large","max-video-preview":"max-video-preview:-1"},"canonical":"https:\/\/dalia.dk\/sv\/product\/alice-linneklanning-i-blagratt\/","og_locale":"sv_SE","og_type":"article","og_title":"Alice linnekl\u00e4nning i bl\u00e5gr\u00e5tt | Linnekl\u00e4nning | Linnekl\u00e4der | Slow fashion | Dalia","og_description":"Denna linnekl\u00e4nning \u00e4r i en naturlig och stark kvalitet. 100% mjukt linne. Hitta din n\u00e4sta sommarkl\u00e4nning h\u00e4r. Klicka f\u00f6r att se mer.","og_url":"https:\/\/dalia.dk\/sv\/product\/alice-linneklanning-i-blagratt\/","og_site_name":"Dalia","article_publisher":"https:\/\/www.facebook.com\/www.dalia.nu","og_image":[{"width":1280,"height":1920,"url":"https:\/\/dalia.dk\/wp-content\/uploads\/2021\/12\/IMG_8976-rotated.jpg","type":"image\/jpeg"}],"twitter_card":"summary_large_image","twitter_misc":{"Est. reading time":"1 minute"},"schema":{"@context":"https:\/\/schema.org","@graph":[{"@type":"WebPage","@id":"https:\/\/dalia.dk\/sv\/product\/alice-linneklanning-i-blagratt\/","url":"https:\/\/dalia.dk\/sv\/product\/alice-linneklanning-i-blagratt\/","name":"Alice linnekl\u00e4nning i bl\u00e5gr\u00e5tt | Linnekl\u00e4nning | Linnekl\u00e4der | Slow fashion | Dalia","isPartOf":{"@id":"https:\/\/dalia.dk\/sv\/#website"},"primaryImageOfPage":{"@id":"https:\/\/dalia.dk\/sv\/product\/alice-linneklanning-i-blagratt\/#primaryimage"},"image":{"@id":"https:\/\/dalia.dk\/sv\/product\/alice-linneklanning-i-blagratt\/#primaryimage"},"thumbnailUrl":"https:\/\/dalia.dk\/wp-content\/uploads\/2021\/12\/IMG_8976-rotated.jpg","datePublished":"2025-02-18T14:42:20+00:00","description":"Denna linnekl\u00e4nning \u00e4r i en naturlig och stark kvalitet. 100% mjukt linne. Hitta din n\u00e4sta sommarkl\u00e4nning h\u00e4r. Klicka f\u00f6r att se mer.","breadcrumb":{"@id":"https:\/\/dalia.dk\/sv\/product\/alice-linneklanning-i-blagratt\/#breadcrumb"},"inLanguage":"sv-SE","potentialAction":[{"@type":"ReadAction","target":["https:\/\/dalia.dk\/sv\/product\/alice-linneklanning-i-blagratt\/"]}]},{"@type":"ImageObject","inLanguage":"sv-SE","@id":"https:\/\/dalia.dk\/sv\/product\/alice-linneklanning-i-blagratt\/#primaryimage","url":"https:\/\/dalia.dk\/wp-content\/uploads\/2021\/12\/IMG_8976-rotated.jpg","contentUrl":"https:\/\/dalia.dk\/wp-content\/uploads\/2021\/12\/IMG_8976-rotated.jpg","width":1280,"height":1920},{"@type":"BreadcrumbList","@id":"https:\/\/dalia.dk\/sv\/product\/alice-linneklanning-i-blagratt\/#breadcrumb","itemListElement":[{"@type":"ListItem","position":1,"name":"Home","item":"https:\/\/dalia.dk\/sv\/"},{"@type":"ListItem","position":2,"name":"Webbshop","item":"https:\/\/dalia.dk\/sv\/webbshop\/"},{"@type":"ListItem","position":3,"name":"Alice linnekl\u00e4nning i bl\u00e5gr\u00e5tt"}]},{"@type":"WebSite","@id":"https:\/\/dalia.dk\/sv\/#website","url":"https:\/\/dalia.dk\/sv\/","name":"Dalia","description":"Tidsl\u00f8s og klassisk h\u00f8rt\u00f8j","publisher":{"@id":"https:\/\/dalia.dk\/sv\/#organization"},"potentialAction":[{"@type":"SearchAction","target":{"@type":"EntryPoint","urlTemplate":"https:\/\/dalia.dk\/sv\/?s={search_term_string}"},"query-input":{"@type":"PropertyValueSpecification","valueRequired":true,"valueName":"search_term_string"}}],"inLanguage":"sv-SE"},{"@type":"Organization","@id":"https:\/\/dalia.dk\/sv\/#organization","name":"Dalia","url":"https:\/\/dalia.dk\/sv\/","logo":{"@type":"ImageObject","inLanguage":"sv-SE","@id":"https:\/\/dalia.dk\/sv\/#\/schema\/logo\/image\/","url":"https:\/\/dalia.dk\/wp-content\/uploads\/2020\/02\/dalia_logo_from_maria.png","contentUrl":"https:\/\/dalia.dk\/wp-content\/uploads\/2020\/02\/dalia_logo_from_maria.png","width":1034,"height":320,"caption":"Dalia"},"image":{"@id":"https:\/\/dalia.dk\/sv\/#\/schema\/logo\/image\/"},"sameAs":["https:\/\/www.facebook.com\/www.dalia.nu"]}]}},"_links":{"self":[{"href":"https:\/\/dalia.dk\/sv\/wp-json\/wp\/v2\/product\/9398","targetHints":{"allow":["GET"]}}],"collection":[{"href":"https:\/\/dalia.dk\/sv\/wp-json\/wp\/v2\/product"}],"about":[{"href":"https:\/\/dalia.dk\/sv\/wp-json\/wp\/v2\/types\/product"}],"wp:featuredmedia":[{"embeddable":true,"href":"https:\/\/dalia.dk\/sv\/wp-json\/wp\/v2\/media\/8606"}],"wp:attachment":[{"href":"https:\/\/dalia.dk\/sv\/wp-json\/wp\/v2\/media?parent=9398"}],"wp:term":[{"taxonomy":"product_cat","embeddable":true,"href":"https:\/\/dalia.dk\/sv\/wp-json\/wp\/v2\/product_cat?post=9398"},{"taxonomy":"product_tag","embeddable":true,"href":"https:\/\/dalia.dk\/sv\/wp-json\/wp\/v2\/product_tag?post=9398"}],"curies":[{"name":"wp","href":"https:\/\/api.w.org\/{rel}","templated":true}]}}