{"id":9415,"date":"2022-07-24T16:59:36","date_gmt":"2025-02-18T14:42:35","guid":{"rendered":"https:\/\/dalia.dk\/product\/graablaa-linnekavaj-01-01\/"},"modified":"2025-02-18T14:42:35","modified_gmt":"2025-02-18T14:42:35","slug":"graablaa-linnekavaj-01-01","status":"publish","type":"product","link":"https:\/\/dalia.dk\/sv\/product\/graablaa-linnekavaj-01-01\/","title":{"rendered":"Gr\u00e5bl\u00e5 linnekavaj (01-01)"},"content":{"rendered":"<p>&nbsp;<\/p>\n<p>&nbsp;<\/p>\n<p><strong>F\u00e4rgkod:<\/strong><\/p>\n<p>983<\/p>\n<p>Finns i flera olika f\u00e4rger.<\/p>\n<p>&nbsp;<\/p>\n<p><strong>Kvalitet:<\/strong><\/p>\n<p>Denna gr\u00e5bl\u00e5 linnekl\u00e4nning \u00e4r tillverkad av 100% linne och producerad i Litauen, EU.<\/p>\n<p><strong><br \/>\nStorlekar:<\/strong><\/p>\n<p>36 &#8211; 46<\/p>\n","protected":false},"excerpt":{"rendered":"<p>&nbsp;<\/p>\n<p>Den h\u00e4r kavajen \u00e4r en klassiker till b\u00e5de byxor och kl\u00e4nningar.<br \/>\nJackan \u00e4r tillverkad av 100% linne i en gr\u00e5bl\u00e5 f\u00e4rg som kan matchas med m\u00e5nga nyanser. <\/p>\n<p>&nbsp;<\/p>\n","protected":false},"featured_media":9417,"template":"","meta":{"_acf_changed":false},"product_cat":[948],"product_tag":[1245,1132],"class_list":{"0":"post-9415","1":"product","2":"type-product","3":"status-publish","4":"has-post-thumbnail","6":"product_cat-kollektion-jackor","7":"product_tag-b2b-sv","8":"product_tag-foerstasida","10":"first","11":"instock","12":"shipping-taxable","13":"product-type-simple"},"acf":[],"yoast_head":"<!-- This site is optimized with the Yoast SEO plugin v25.2 - https:\/\/yoast.com\/wordpress\/plugins\/seo\/ -->\n<title>Gr\u00e5bl\u00e5 linnejacka till kl\u00e4nning och byxa | 100% linne | Jackor i linne | Dalia<\/title>\n<meta name=\"description\" content=\"En h\u00e4rlig gr\u00e5bl\u00e5 jacka i 100% linne fr\u00e5n Dalia. Kavajen passar utm\u00e4rkt till b\u00e5de kl\u00e4nning och byxa. Snygg och ventilerande kvalitet. Naturmaterial.\" \/>\n<meta name=\"robots\" content=\"index, follow, max-snippet:-1, max-image-preview:large, max-video-preview:-1\" \/>\n<link rel=\"canonical\" href=\"https:\/\/dalia.dk\/sv\/product\/graablaa-linnekavaj-01-01\/\" \/>\n<meta property=\"og:locale\" content=\"sv_SE\" \/>\n<meta property=\"og:type\" content=\"article\" \/>\n<meta property=\"og:title\" content=\"Gr\u00e5bl\u00e5 linnejacka till kl\u00e4nning och byxa | 100% linne | Jackor i linne | Dalia\" \/>\n<meta property=\"og:description\" content=\"En h\u00e4rlig gr\u00e5bl\u00e5 jacka i 100% linne fr\u00e5n Dalia. Kavajen passar utm\u00e4rkt till b\u00e5de kl\u00e4nning och byxa. Snygg och ventilerande kvalitet. Naturmaterial.\" \/>\n<meta property=\"og:url\" content=\"https:\/\/dalia.dk\/sv\/product\/graablaa-linnekavaj-01-01\/\" \/>\n<meta property=\"og:site_name\" content=\"Dalia\" \/>\n<meta property=\"article:publisher\" content=\"https:\/\/www.facebook.com\/www.dalia.nu\" \/>\n<meta property=\"og:image\" content=\"https:\/\/dalia.dk\/wp-content\/uploads\/2022\/07\/IMG_0431-rotated.jpg\" \/>\n\t<meta property=\"og:image:width\" content=\"1280\" \/>\n\t<meta property=\"og:image:height\" content=\"1920\" \/>\n\t<meta property=\"og:image:type\" content=\"image\/jpeg\" \/>\n<meta name=\"twitter:card\" content=\"summary_large_image\" \/>\n<script type=\"application\/ld+json\" class=\"yoast-schema-graph\">{\"@context\":\"https:\/\/schema.org\",\"@graph\":[{\"@type\":\"WebPage\",\"@id\":\"https:\/\/dalia.dk\/sv\/product\/graablaa-linnekavaj-01-01\/\",\"url\":\"https:\/\/dalia.dk\/sv\/product\/graablaa-linnekavaj-01-01\/\",\"name\":\"Gr\u00e5bl\u00e5 linnejacka till kl\u00e4nning och byxa | 100% linne | Jackor i linne | Dalia\",\"isPartOf\":{\"@id\":\"https:\/\/dalia.dk\/sv\/#website\"},\"primaryImageOfPage\":{\"@id\":\"https:\/\/dalia.dk\/sv\/product\/graablaa-linnekavaj-01-01\/#primaryimage\"},\"image\":{\"@id\":\"https:\/\/dalia.dk\/sv\/product\/graablaa-linnekavaj-01-01\/#primaryimage\"},\"thumbnailUrl\":\"https:\/\/dalia.dk\/wp-content\/uploads\/2022\/07\/IMG_0431-rotated.jpg\",\"datePublished\":\"2025-02-18T14:42:35+00:00\",\"description\":\"En h\u00e4rlig gr\u00e5bl\u00e5 jacka i 100% linne fr\u00e5n Dalia. Kavajen passar utm\u00e4rkt till b\u00e5de kl\u00e4nning och byxa. Snygg och ventilerande kvalitet. Naturmaterial.\",\"breadcrumb\":{\"@id\":\"https:\/\/dalia.dk\/sv\/product\/graablaa-linnekavaj-01-01\/#breadcrumb\"},\"inLanguage\":\"sv-SE\",\"potentialAction\":[{\"@type\":\"ReadAction\",\"target\":[\"https:\/\/dalia.dk\/sv\/product\/graablaa-linnekavaj-01-01\/\"]}]},{\"@type\":\"ImageObject\",\"inLanguage\":\"sv-SE\",\"@id\":\"https:\/\/dalia.dk\/sv\/product\/graablaa-linnekavaj-01-01\/#primaryimage\",\"url\":\"https:\/\/dalia.dk\/wp-content\/uploads\/2022\/07\/IMG_0431-rotated.jpg\",\"contentUrl\":\"https:\/\/dalia.dk\/wp-content\/uploads\/2022\/07\/IMG_0431-rotated.jpg\",\"width\":1280,\"height\":1920},{\"@type\":\"BreadcrumbList\",\"@id\":\"https:\/\/dalia.dk\/sv\/product\/graablaa-linnekavaj-01-01\/#breadcrumb\",\"itemListElement\":[{\"@type\":\"ListItem\",\"position\":1,\"name\":\"Home\",\"item\":\"https:\/\/dalia.dk\/sv\/\"},{\"@type\":\"ListItem\",\"position\":2,\"name\":\"Webbshop\",\"item\":\"https:\/\/dalia.dk\/sv\/webbshop\/\"},{\"@type\":\"ListItem\",\"position\":3,\"name\":\"Gr\u00e5bl\u00e5 linnekavaj (01-01)\"}]},{\"@type\":\"WebSite\",\"@id\":\"https:\/\/dalia.dk\/sv\/#website\",\"url\":\"https:\/\/dalia.dk\/sv\/\",\"name\":\"Dalia\",\"description\":\"Tidsl\u00f8s og klassisk h\u00f8rt\u00f8j\",\"publisher\":{\"@id\":\"https:\/\/dalia.dk\/sv\/#organization\"},\"potentialAction\":[{\"@type\":\"SearchAction\",\"target\":{\"@type\":\"EntryPoint\",\"urlTemplate\":\"https:\/\/dalia.dk\/sv\/?s={search_term_string}\"},\"query-input\":{\"@type\":\"PropertyValueSpecification\",\"valueRequired\":true,\"valueName\":\"search_term_string\"}}],\"inLanguage\":\"sv-SE\"},{\"@type\":\"Organization\",\"@id\":\"https:\/\/dalia.dk\/sv\/#organization\",\"name\":\"Dalia\",\"url\":\"https:\/\/dalia.dk\/sv\/\",\"logo\":{\"@type\":\"ImageObject\",\"inLanguage\":\"sv-SE\",\"@id\":\"https:\/\/dalia.dk\/sv\/#\/schema\/logo\/image\/\",\"url\":\"https:\/\/dalia.dk\/wp-content\/uploads\/2020\/02\/dalia_logo_from_maria.png\",\"contentUrl\":\"https:\/\/dalia.dk\/wp-content\/uploads\/2020\/02\/dalia_logo_from_maria.png\",\"width\":1034,\"height\":320,\"caption\":\"Dalia\"},\"image\":{\"@id\":\"https:\/\/dalia.dk\/sv\/#\/schema\/logo\/image\/\"},\"sameAs\":[\"https:\/\/www.facebook.com\/www.dalia.nu\"]}]}<\/script>\n<!-- \/ Yoast SEO plugin. -->","yoast_head_json":{"title":"Gr\u00e5bl\u00e5 linnejacka till kl\u00e4nning och byxa | 100% linne | Jackor i linne | Dalia","description":"En h\u00e4rlig gr\u00e5bl\u00e5 jacka i 100% linne fr\u00e5n Dalia. Kavajen passar utm\u00e4rkt till b\u00e5de kl\u00e4nning och byxa. Snygg och ventilerande kvalitet. Naturmaterial.","robots":{"index":"index","follow":"follow","max-snippet":"max-snippet:-1","max-image-preview":"max-image-preview:large","max-video-preview":"max-video-preview:-1"},"canonical":"https:\/\/dalia.dk\/sv\/product\/graablaa-linnekavaj-01-01\/","og_locale":"sv_SE","og_type":"article","og_title":"Gr\u00e5bl\u00e5 linnejacka till kl\u00e4nning och byxa | 100% linne | Jackor i linne | Dalia","og_description":"En h\u00e4rlig gr\u00e5bl\u00e5 jacka i 100% linne fr\u00e5n Dalia. Kavajen passar utm\u00e4rkt till b\u00e5de kl\u00e4nning och byxa. Snygg och ventilerande kvalitet. Naturmaterial.","og_url":"https:\/\/dalia.dk\/sv\/product\/graablaa-linnekavaj-01-01\/","og_site_name":"Dalia","article_publisher":"https:\/\/www.facebook.com\/www.dalia.nu","og_image":[{"width":1280,"height":1920,"url":"https:\/\/dalia.dk\/wp-content\/uploads\/2022\/07\/IMG_0431-rotated.jpg","type":"image\/jpeg"}],"twitter_card":"summary_large_image","schema":{"@context":"https:\/\/schema.org","@graph":[{"@type":"WebPage","@id":"https:\/\/dalia.dk\/sv\/product\/graablaa-linnekavaj-01-01\/","url":"https:\/\/dalia.dk\/sv\/product\/graablaa-linnekavaj-01-01\/","name":"Gr\u00e5bl\u00e5 linnejacka till kl\u00e4nning och byxa | 100% linne | Jackor i linne | Dalia","isPartOf":{"@id":"https:\/\/dalia.dk\/sv\/#website"},"primaryImageOfPage":{"@id":"https:\/\/dalia.dk\/sv\/product\/graablaa-linnekavaj-01-01\/#primaryimage"},"image":{"@id":"https:\/\/dalia.dk\/sv\/product\/graablaa-linnekavaj-01-01\/#primaryimage"},"thumbnailUrl":"https:\/\/dalia.dk\/wp-content\/uploads\/2022\/07\/IMG_0431-rotated.jpg","datePublished":"2025-02-18T14:42:35+00:00","description":"En h\u00e4rlig gr\u00e5bl\u00e5 jacka i 100% linne fr\u00e5n Dalia. Kavajen passar utm\u00e4rkt till b\u00e5de kl\u00e4nning och byxa. Snygg och ventilerande kvalitet. Naturmaterial.","breadcrumb":{"@id":"https:\/\/dalia.dk\/sv\/product\/graablaa-linnekavaj-01-01\/#breadcrumb"},"inLanguage":"sv-SE","potentialAction":[{"@type":"ReadAction","target":["https:\/\/dalia.dk\/sv\/product\/graablaa-linnekavaj-01-01\/"]}]},{"@type":"ImageObject","inLanguage":"sv-SE","@id":"https:\/\/dalia.dk\/sv\/product\/graablaa-linnekavaj-01-01\/#primaryimage","url":"https:\/\/dalia.dk\/wp-content\/uploads\/2022\/07\/IMG_0431-rotated.jpg","contentUrl":"https:\/\/dalia.dk\/wp-content\/uploads\/2022\/07\/IMG_0431-rotated.jpg","width":1280,"height":1920},{"@type":"BreadcrumbList","@id":"https:\/\/dalia.dk\/sv\/product\/graablaa-linnekavaj-01-01\/#breadcrumb","itemListElement":[{"@type":"ListItem","position":1,"name":"Home","item":"https:\/\/dalia.dk\/sv\/"},{"@type":"ListItem","position":2,"name":"Webbshop","item":"https:\/\/dalia.dk\/sv\/webbshop\/"},{"@type":"ListItem","position":3,"name":"Gr\u00e5bl\u00e5 linnekavaj (01-01)"}]},{"@type":"WebSite","@id":"https:\/\/dalia.dk\/sv\/#website","url":"https:\/\/dalia.dk\/sv\/","name":"Dalia","description":"Tidsl\u00f8s og klassisk h\u00f8rt\u00f8j","publisher":{"@id":"https:\/\/dalia.dk\/sv\/#organization"},"potentialAction":[{"@type":"SearchAction","target":{"@type":"EntryPoint","urlTemplate":"https:\/\/dalia.dk\/sv\/?s={search_term_string}"},"query-input":{"@type":"PropertyValueSpecification","valueRequired":true,"valueName":"search_term_string"}}],"inLanguage":"sv-SE"},{"@type":"Organization","@id":"https:\/\/dalia.dk\/sv\/#organization","name":"Dalia","url":"https:\/\/dalia.dk\/sv\/","logo":{"@type":"ImageObject","inLanguage":"sv-SE","@id":"https:\/\/dalia.dk\/sv\/#\/schema\/logo\/image\/","url":"https:\/\/dalia.dk\/wp-content\/uploads\/2020\/02\/dalia_logo_from_maria.png","contentUrl":"https:\/\/dalia.dk\/wp-content\/uploads\/2020\/02\/dalia_logo_from_maria.png","width":1034,"height":320,"caption":"Dalia"},"image":{"@id":"https:\/\/dalia.dk\/sv\/#\/schema\/logo\/image\/"},"sameAs":["https:\/\/www.facebook.com\/www.dalia.nu"]}]}},"_links":{"self":[{"href":"https:\/\/dalia.dk\/sv\/wp-json\/wp\/v2\/product\/9415","targetHints":{"allow":["GET"]}}],"collection":[{"href":"https:\/\/dalia.dk\/sv\/wp-json\/wp\/v2\/product"}],"about":[{"href":"https:\/\/dalia.dk\/sv\/wp-json\/wp\/v2\/types\/product"}],"wp:featuredmedia":[{"embeddable":true,"href":"https:\/\/dalia.dk\/sv\/wp-json\/wp\/v2\/media\/9417"}],"wp:attachment":[{"href":"https:\/\/dalia.dk\/sv\/wp-json\/wp\/v2\/media?parent=9415"}],"wp:term":[{"taxonomy":"product_cat","embeddable":true,"href":"https:\/\/dalia.dk\/sv\/wp-json\/wp\/v2\/product_cat?post=9415"},{"taxonomy":"product_tag","embeddable":true,"href":"https:\/\/dalia.dk\/sv\/wp-json\/wp\/v2\/product_tag?post=9415"}],"curies":[{"name":"wp","href":"https:\/\/api.w.org\/{rel}","templated":true}]}}